{"id":3881,"date":"2021-07-27T09:33:59","date_gmt":"2021-07-27T06:33:59","guid":{"rendered":"https:\/\/allu.net\/?page_id=3881"},"modified":"2024-09-05T16:21:48","modified_gmt":"2024-09-05T13:21:48","slug":"karriar","status":"publish","type":"page","link":"https:\/\/allu.net\/sv\/karriar\/","title":{"rendered":"Karri\u00e4r"},"content":{"rendered":"<?xml encoding=\"utf-8\" ?><section class=\"block block-jumbotron block-padding-top-0 block-padding-bottom-2\">\r\n\t\t<div class=\"jumbotron-container d-flex align-items-end justify-content-center jumbotron-container-basic\" style=\"background-image: url('https:\/\/allu.net\/wp-content\/uploads\/2021\/07\/ALLU-Tracker-horizontal-scaled.avif');\">\r\n\t\t\t<div class=\"jumbotron-content container align-items-top justify-content-center\">\r\n\t\t\t\t<div class=\"row\">\r\n\t\t\t\t\t<div class=\"col-12 col-md jumbotron-title text-center text-md-end align-self-center\">\r\n\t\t\t\t\t\t<h1 class=\"text-uppercase\">Karri&auml;r<\/h1>\r\n\t\t\t\t\t<\/div>\r\n\t\t\t\t\t<div class=\"col-auto jumbotron-divider\"><\/div>\r\n\t\t\t\t\t<div class=\"col-12 col-md jumbotron-content text-center text-md-start align-self-center\">\r\n\t\t\t\t\t\t<div class=\"jumbotron-text\">ALLU is a Global family-owned company that offers a world of opportunities for both professionals and graduates<\/div>\r\n\t\t\t\t\t\t\t\t\t\t\t<\/div>\r\n\t\t\t\t<\/div>\r\n\t\t\t<\/div>\r\n\t\t<\/div>\r\n\t\t<div class=\"cp-jumbotron__breadcrumbs\">\r\n\t\t\t\t\t<\/div>\r\n\t<\/section><div class=\"wp-block-group uk-container uk-container-small\"><div class=\"wp-block-group__inner-container is-layout-flow wp-block-group-is-layout-flow container\">\n<div style=\"height:30px\" aria-hidden=\"true\" class=\"wp-block-spacer\"><\/div>\n\n\n\n<h2 class=\"wp-block-heading has-text-align-center\">G&aring; med i Allu familjen<\/h2>\n\n\n\n<p class=\"has-text-align-center uk-text-large has-text-color\" style=\"color:#5a5a5a\">ALLU &auml;r en globalt familjef&ouml;retag som erbjuder en v&auml;rld av m&ouml;jligheter f&ouml;r s&aring;v&auml;l etablerade som studenter. Du kan v&auml;nta dig utm&auml;rkt utbildning och support, m&ouml;jligheten att n&aring; din fulla potential samt ett program f&ouml;r bel&ouml;ning och f&ouml;rm&aring;ner som vi tror &auml;r sv&aring;rslaget.<\/p>\n\n\n\n<div style=\"height:60px\" aria-hidden=\"true\" class=\"wp-block-spacer\"><\/div>\n<\/div><\/div><div class=\"wp-block-group has-white-color has-text-color has-background\" style=\"background-color:#41413f\"><div class=\"wp-block-group__inner-container is-layout-flow wp-block-group-is-layout-flow container\">\n<div class=\"wp-block-group uk-container\"><div class=\"wp-block-group__inner-container is-layout-flow wp-block-group-is-layout-flow\">\n<div style=\"height:60px\" aria-hidden=\"true\" class=\"wp-block-spacer\"><\/div>\n\n\n\n<h3 class=\"wp-block-heading uk-margin-remove-top has-white-color has-text-color\">Skicka oss ditt CV<\/h3>\n\n\n\n<p class=\"max-width-750 links-color-primary links-underline has-white-color has-text-color\">Vi letar st&auml;ndigt efter talangfulla personer till v&aring;rt team. S&aring; om du inte finner ett passande jobb i v&aring;r lista p&aring; lediga jobb, skicka oss ett mail med ditt CV och personliga brev till <a href=\"mailto:rekrytointi@allu.com\">rekrytointi@allu.com<\/a>. Vi &aring;terkommer till dig n&auml;r m&ouml;jligheten uppst&aring;r.<\/p>\n\n\n\n<div style=\"height:41px\" aria-hidden=\"true\" class=\"wp-block-spacer\"><\/div>\n<\/div><\/div>\n<\/div><\/div>\n","protected":false},"excerpt":{"rendered":"<p>G&aring; med i Allu familjen ALLU &auml;r en globalt familjef&ouml;retag som erbjuder en v&auml;rld av m&ouml;jligheter f&ouml;r s&aring;v&auml;l etablerade som studenter. Du kan v&auml;nta dig utm&auml;rkt utbildning och support, m&ouml;jligheten att n&aring; din fulla potential samt ett program f&ouml;r bel&ouml;ning och f&ouml;rm&aring;ner som vi tror &auml;r sv&aring;rslaget. Skicka oss ditt CV Vi letar st&auml;ndigt efter [&hellip;]<\/p>\n","protected":false},"author":4,"featured_media":0,"parent":0,"menu_order":0,"comment_status":"closed","ping_status":"closed","template":"","meta":{"_acf_changed":false,"footnotes":""},"class_list":["post-3881","page","type-page","status-publish","hentry"],"acf":[],"yoast_head":"<!-- This site is optimized with the Yoast SEO Premium plugin v27.2 (Yoast SEO v27.2) - https:\/\/yoast.com\/product\/yoast-seo-premium-wordpress\/ -->\n<title>Karri\u00e4r - ALLU Sverige<\/title>\n<meta name=\"description\" content=\"V\u00e4lkommen till ALLU familjen, ett globalt familjef\u00f6retag! Hitta din n\u00e4sta m\u00f6jlighet under lediga jobb eller skicka oss din spontanans\u00f6kan nu!\" \/>\n<meta name=\"robots\" content=\"index, follow, max-snippet:-1, max-image-preview:large, max-video-preview:-1\" \/>\n<link rel=\"canonical\" href=\"https:\/\/allu.net\/sv\/karriar\/\" \/>\n<meta property=\"og:locale\" content=\"sv_SE\" \/>\n<meta property=\"og:type\" content=\"article\" \/>\n<meta property=\"og:title\" content=\"Karri\u00e4r - ALLU Sverige\" \/>\n<meta property=\"og:description\" content=\"V\u00e4lkommen till ALLU familjen, ett globalt familjef\u00f6retag! Hitta din n\u00e4sta m\u00f6jlighet under lediga jobb eller skicka oss din spontanans\u00f6kan nu!\" \/>\n<meta property=\"og:url\" content=\"https:\/\/allu.net\/sv\/karriar\/\" \/>\n<meta property=\"og:site_name\" content=\"ALLU Sverige\" \/>\n<meta property=\"article:publisher\" content=\"https:\/\/www.facebook.com\/ALLUGLOBAL\/\" \/>\n<meta property=\"article:modified_time\" content=\"2024-09-05T13:21:48+00:00\" \/>\n<meta property=\"og:image\" content=\"https:\/\/allu.net\/wp-content\/uploads\/ALLU-Website-slide-for-Screening-bucket-and-crushing-scaled.avif\" \/>\n\t<meta property=\"og:image:width\" content=\"2560\" \/>\n\t<meta property=\"og:image:height\" content=\"1231\" \/>\n\t<meta property=\"og:image:type\" content=\"image\/jpeg\" \/>\n<meta name=\"twitter:card\" content=\"summary_large_image\" \/>\n<meta name=\"twitter:site\" content=\"@AlluGroup\" \/>\n<meta name=\"twitter:label1\" content=\"Ber\u00e4knad l\u00e4stid\" \/>\n\t<meta name=\"twitter:data1\" content=\"1 minut\" \/>\n<script type=\"application\/ld+json\" class=\"yoast-schema-graph\">{\"@context\":\"https:\/\/schema.org\",\"@graph\":[{\"@type\":\"WebPage\",\"@id\":\"https:\/\/allu.net\/sv\/karriar\/\",\"url\":\"https:\/\/allu.net\/sv\/karriar\/\",\"name\":\"Karri\u00e4r - ALLU Sverige\",\"isPartOf\":{\"@id\":\"https:\/\/allu.net\/sv\/#website\"},\"datePublished\":\"2021-07-27T06:33:59+00:00\",\"dateModified\":\"2024-09-05T13:21:48+00:00\",\"description\":\"V\u00e4lkommen till ALLU familjen, ett globalt familjef\u00f6retag! Hitta din n\u00e4sta m\u00f6jlighet under lediga jobb eller skicka oss din spontanans\u00f6kan nu!\",\"breadcrumb\":{\"@id\":\"https:\/\/allu.net\/sv\/karriar\/#breadcrumb\"},\"inLanguage\":\"sv-SE\",\"potentialAction\":[{\"@type\":\"ReadAction\",\"target\":[\"https:\/\/allu.net\/sv\/karriar\/\"]}]},{\"@type\":\"BreadcrumbList\",\"@id\":\"https:\/\/allu.net\/sv\/karriar\/#breadcrumb\",\"itemListElement\":[{\"@type\":\"ListItem\",\"position\":1,\"name\":\"ALLU\",\"item\":\"https:\/\/allu.net\/sv\/\"},{\"@type\":\"ListItem\",\"position\":2,\"name\":\"Karri\u00e4r\"}]},{\"@type\":\"WebSite\",\"@id\":\"https:\/\/allu.net\/sv\/#website\",\"url\":\"https:\/\/allu.net\/sv\/\",\"name\":\"ALLU\",\"description\":\"One Step Ahead\",\"publisher\":{\"@id\":\"https:\/\/allu.net\/sv\/#organization\"},\"potentialAction\":[{\"@type\":\"SearchAction\",\"target\":{\"@type\":\"EntryPoint\",\"urlTemplate\":\"https:\/\/allu.net\/sv\/?s={search_term_string}\"},\"query-input\":{\"@type\":\"PropertyValueSpecification\",\"valueRequired\":true,\"valueName\":\"search_term_string\"}}],\"inLanguage\":\"sv-SE\"},{\"@type\":\"Organization\",\"@id\":\"https:\/\/allu.net\/sv\/#organization\",\"name\":\"ALLU Group\",\"url\":\"https:\/\/allu.net\/sv\/\",\"logo\":{\"@type\":\"ImageObject\",\"inLanguage\":\"sv-SE\",\"@id\":\"https:\/\/allu.net\/sv\/#\/schema\/logo\/image\/\",\"url\":\"https:\/\/allu.net\/wp-content\/uploads\/ALLU-Logo-black-web.png\",\"contentUrl\":\"https:\/\/allu.net\/wp-content\/uploads\/ALLU-Logo-black-web.png\",\"width\":1723,\"height\":677,\"caption\":\"ALLU Group\"},\"image\":{\"@id\":\"https:\/\/allu.net\/sv\/#\/schema\/logo\/image\/\"},\"sameAs\":[\"https:\/\/www.facebook.com\/ALLUGLOBAL\/\",\"https:\/\/x.com\/AlluGroup\"]}]}<\/script>\n<!-- \/ Yoast SEO Premium plugin. -->","yoast_head_json":{"title":"Karri\u00e4r - ALLU Sverige","description":"V\u00e4lkommen till ALLU familjen, ett globalt familjef\u00f6retag! Hitta din n\u00e4sta m\u00f6jlighet under lediga jobb eller skicka oss din spontanans\u00f6kan nu!","robots":{"index":"index","follow":"follow","max-snippet":"max-snippet:-1","max-image-preview":"max-image-preview:large","max-video-preview":"max-video-preview:-1"},"canonical":"https:\/\/allu.net\/sv\/karriar\/","og_locale":"sv_SE","og_type":"article","og_title":"Karri\u00e4r - ALLU Sverige","og_description":"V\u00e4lkommen till ALLU familjen, ett globalt familjef\u00f6retag! Hitta din n\u00e4sta m\u00f6jlighet under lediga jobb eller skicka oss din spontanans\u00f6kan nu!","og_url":"https:\/\/allu.net\/sv\/karriar\/","og_site_name":"ALLU Sverige","article_publisher":"https:\/\/www.facebook.com\/ALLUGLOBAL\/","article_modified_time":"2024-09-05T13:21:48+00:00","og_image":[{"width":2560,"height":1231,"url":"https:\/\/allu.net\/wp-content\/uploads\/ALLU-Website-slide-for-Screening-bucket-and-crushing-scaled.avif","type":"image\/jpeg"}],"twitter_card":"summary_large_image","twitter_site":"@AlluGroup","twitter_misc":{"Ber\u00e4knad l\u00e4stid":"1 minut"},"schema":{"@context":"https:\/\/schema.org","@graph":[{"@type":"WebPage","@id":"https:\/\/allu.net\/sv\/karriar\/","url":"https:\/\/allu.net\/sv\/karriar\/","name":"Karri\u00e4r - ALLU Sverige","isPartOf":{"@id":"https:\/\/allu.net\/sv\/#website"},"datePublished":"2021-07-27T06:33:59+00:00","dateModified":"2024-09-05T13:21:48+00:00","description":"V\u00e4lkommen till ALLU familjen, ett globalt familjef\u00f6retag! Hitta din n\u00e4sta m\u00f6jlighet under lediga jobb eller skicka oss din spontanans\u00f6kan nu!","breadcrumb":{"@id":"https:\/\/allu.net\/sv\/karriar\/#breadcrumb"},"inLanguage":"sv-SE","potentialAction":[{"@type":"ReadAction","target":["https:\/\/allu.net\/sv\/karriar\/"]}]},{"@type":"BreadcrumbList","@id":"https:\/\/allu.net\/sv\/karriar\/#breadcrumb","itemListElement":[{"@type":"ListItem","position":1,"name":"ALLU","item":"https:\/\/allu.net\/sv\/"},{"@type":"ListItem","position":2,"name":"Karri\u00e4r"}]},{"@type":"WebSite","@id":"https:\/\/allu.net\/sv\/#website","url":"https:\/\/allu.net\/sv\/","name":"ALLU","description":"One Step Ahead","publisher":{"@id":"https:\/\/allu.net\/sv\/#organization"},"potentialAction":[{"@type":"SearchAction","target":{"@type":"EntryPoint","urlTemplate":"https:\/\/allu.net\/sv\/?s={search_term_string}"},"query-input":{"@type":"PropertyValueSpecification","valueRequired":true,"valueName":"search_term_string"}}],"inLanguage":"sv-SE"},{"@type":"Organization","@id":"https:\/\/allu.net\/sv\/#organization","name":"ALLU Group","url":"https:\/\/allu.net\/sv\/","logo":{"@type":"ImageObject","inLanguage":"sv-SE","@id":"https:\/\/allu.net\/sv\/#\/schema\/logo\/image\/","url":"https:\/\/allu.net\/wp-content\/uploads\/ALLU-Logo-black-web.png","contentUrl":"https:\/\/allu.net\/wp-content\/uploads\/ALLU-Logo-black-web.png","width":1723,"height":677,"caption":"ALLU Group"},"image":{"@id":"https:\/\/allu.net\/sv\/#\/schema\/logo\/image\/"},"sameAs":["https:\/\/www.facebook.com\/ALLUGLOBAL\/","https:\/\/x.com\/AlluGroup"]}]}},"_links":{"self":[{"href":"https:\/\/allu.net\/sv\/wp-json\/wp\/v2\/pages\/3881","targetHints":{"allow":["GET"]}}],"collection":[{"href":"https:\/\/allu.net\/sv\/wp-json\/wp\/v2\/pages"}],"about":[{"href":"https:\/\/allu.net\/sv\/wp-json\/wp\/v2\/types\/page"}],"author":[{"embeddable":true,"href":"https:\/\/allu.net\/sv\/wp-json\/wp\/v2\/users\/4"}],"replies":[{"embeddable":true,"href":"https:\/\/allu.net\/sv\/wp-json\/wp\/v2\/comments?post=3881"}],"version-history":[{"count":0,"href":"https:\/\/allu.net\/sv\/wp-json\/wp\/v2\/pages\/3881\/revisions"}],"wp:attachment":[{"href":"https:\/\/allu.net\/sv\/wp-json\/wp\/v2\/media?parent=3881"}],"curies":[{"name":"wp","href":"https:\/\/api.w.org\/{rel}","templated":true}]}}