{"id":1498,"date":"2021-02-19T07:34:55","date_gmt":"2021-02-19T05:34:55","guid":{"rendered":"http:\/\/allu.nipro.pro-linuxpl.com\/?page_id=1498"},"modified":"2025-09-15T18:24:40","modified_gmt":"2025-09-15T15:24:40","slug":"support","status":"publish","type":"page","link":"https:\/\/allu.net\/sv\/support\/","title":{"rendered":"Support och reservdelar"},"content":{"rendered":"<?xml encoding=\"utf-8\" ?><section>\r\n\t\t<div class=\"yt-embed position-relative d-flex flex-column align-items-center justify-content-center\" style=\"background-size: cover; background-position: center center;\">\r\n\r\n\t\t\t\t\t\t<video class=\"jumbo-video\" muted autoplay loop webkit-playsinline playsinline>\r\n\t\t\t\t<source src=\"https:\/\/allu.net\/wp-content\/uploads\/ALLU-Betoni-Support_Tyhja.mp4\" type=\"video\/webm\">\r\n\t\t\t\t<source src=\"https:\/\/allu.net\/wp-content\/uploads\/ALLU-Betoni-Support_Tyhja.mp4\" type=\"video\/mp4\">\r\n\t\t\t\tYour browser does not support the video tag.\r\n\t\t\t<\/source><\/source><\/video>\r\n\t\t\t\t\t\t<div class=\"yt-embed-overlay\"><\/div>\r\n\r\n\t\t\t<div class=\"jumbotron-container-video-outer mt-auto\">\r\n\t\t\t\t<div class=\"jumbotron-content container position-relative d-flex align-items-end justify-content-center jumbotron-container-video\">\r\n\t\t\t\t\t<div class=\"row\">\r\n\t\t\t\t\t\t<div class=\"col-12 col-md jumbotron-title text-center text-md-end align-self-center\">\r\n\t\t\t\t\t\t\t<h1 class=\"text-uppercase\">Support och reservdelar<\/h1>\r\n\t\t\t\t\t\t<\/div>\r\n\t\t\t\t\t\t<div class=\"col-auto jumbotron-divider\"><\/div>\r\n\t\t\t\t\t\t<div class=\"col-12 col-md jumbotron-content text-center text-md-start align-self-center\">\r\n\t\t\t\t\t\t\t<div class=\"jumbotron-text\">ALLU Support tillhandah&aring;ller originalreservdelar globalt med utm&auml;rkt tillg&auml;nglighet av delar med snabb leveranstid f&ouml;r att s&auml;kerst&auml;lla maximal produktivitet.<\/div>\r\n\t\t\t\t\t\t\t\t\t\t\t\t\t\t\t<div class=\"jumbotron-buttons mt-4\">\r\n\t\t\t\t\t\t\t\t\t\t\t\t\t\t\t\t\t\t\t\t\t\t\t\t\t\t\t\t\t<a href=\"https:\/\/allu.net\/sv\/hjalp-och-vanliga-fragor\/\" class=\"btn me-2 mb-2 btn-primary btn-lg\">Hj&auml;lp och vanliga fr&aring;gor<\/a>\r\n\t\t\t\t\t\t\t\t\t\t\t\t\t\t\t\t\t\t\t\t\t\t\t\t\t\t\t\t\t<a href=\"https:\/\/allu.net\/sv\/allu-produkter\/\" class=\"btn me-2 mb-2 btn-outline-primary btn-lg\">Visa produkter<\/a>\r\n\t\t\t\t\t\t\t\t\t\t\t\t\t\t\t\t\t<\/div>\r\n\t\t\t\t\t\t\t\t\t\t\t\t\t<\/div>\r\n\t\t\t\t\t<\/div>\r\n\t\t\t\t<\/div>\r\n\t\t\t<\/div>\r\n\r\n\t\t<\/div>\r\n\t<\/section><div style=\"height:60px\" aria-hidden=\"true\" class=\"wp-block-spacer\"><\/div><div class=\"wp-block-group\"><div class=\"wp-block-group__inner-container is-layout-constrained wp-block-group-is-layout-constrained container\">\n<div class=\"wp-block-columns is-layout-flex wp-container-core-columns-is-layout-9d6595d7 wp-block-columns-is-layout-flex\">\n<div class=\"wp-block-column margin-medium-bottom is-layout-flow wp-block-column-is-layout-flow\" style=\"flex-basis:66.66%\">\n<h2 class=\"wp-block-heading\" id=\"h-allu-support\">ALLU Support<\/h2>\n\n\n\n<p>V&aring;rt globala team finns till hands f&ouml;r att erbjuda all den hj&auml;lp du beh&ouml;ver. N&auml;r det g&auml;ller att f&aring; ut mesta m&ouml;jliga av din utrustning och dina reservdelar &auml;r vi bara ett telefonsamtal eller ett e-postmeddelande bort. <\/p>\n\n\n\n<p>Fyll i formul&auml;ret nedan eller kontakta oss direkt f&ouml;r din supportfr&aring;ga. Ange modell och serienummer f&ouml;r din ALLU-maskin i ditt meddelande s&aring; att vi snabbt kan hitta r&auml;tt delar eller instruktioner till dig.<\/p>\n<\/div>\n\n\n\n<div class=\"wp-block-column text-start text-md-end is-layout-flow wp-block-column-is-layout-flow\" style=\"flex-basis:33.33%\">\n<h3 class=\"wp-block-heading\" id=\"h-kontaktuppgifter\">Kontaktuppgifter<\/h3>\n\n\n\n<p class=\"allu-contact-paragraph m-text-left\"><a href=\"mailto:support@allu.net\">support@allu.net<\/a><br>Ring ALLU Support<br>(GMT+2, 8&ndash;16) &nbsp;<br><a href=\"tel:+358%2040%20840%207400\">+358 40 840 7400<\/a><\/p>\n\n\n\n<p class=\"allu-contact-paragraph m-text-left\">Support f&ouml;r Nord- och Sydamerika<br>(Eastern standard time, 8&ndash;20) <br><a href=\"tel:+358%2040%20840%207400\">+<\/a><a href=\"tel:+%201-201-310-3282\">1-201-310-3282<\/a><\/p>\n<\/div>\n<\/div>\n\n\n\n<div style=\"height:5px\" aria-hidden=\"true\" class=\"wp-block-spacer\"><\/div>\n\n\n\n<div class=\"wpcf7 no-js\" id=\"wpcf7-f1778-o1\" lang=\"sv-SE\" dir=\"ltr\" data-wpcf7-id=\"1778\">\n<div class=\"screen-reader-response\"><p role=\"status\" aria-live=\"polite\" aria-atomic=\"true\"><\/p> <ul><\/ul><\/div>\n<form action=\"\/sv\/wp-json\/wp\/v2\/pages\/1498#wpcf7-f1778-o1\" method=\"post\" class=\"wpcf7-form init\" aria-label=\"Kontaktformul\u00e4r\" novalidate=\"novalidate\" data-status=\"init\">\n<fieldset class=\"hidden-fields-container\"><input type=\"hidden\" name=\"_wpcf7\" value=\"1778\" \/><input type=\"hidden\" name=\"_wpcf7_version\" value=\"6.1.5\" \/><input type=\"hidden\" name=\"_wpcf7_locale\" value=\"sv_SE\" \/><input type=\"hidden\" name=\"_wpcf7_unit_tag\" value=\"wpcf7-f1778-o1\" \/><input type=\"hidden\" name=\"_wpcf7_container_post\" value=\"0\" \/><input type=\"hidden\" name=\"_wpcf7_posted_data_hash\" value=\"\" \/><input type=\"hidden\" name=\"_wpcf7_recaptcha_response\" value=\"\" \/>\n<\/fieldset>\n<div class=\"bg-allu-lightgray p-4\">\n\t<div class=\"cp-page-support-item\">\n\t\t<h3>Reservdelar\n\t\t<\/h3>\n\t\t<div class=\"cp-page-contact-item__field allu-label-field\">\n\t\t\t<p><label for=\"your-name\">F\u00f6r och efternamn*<\/label><span class=\"wpcf7-form-control-wrap\" data-name=\"your-name\"><input size=\"40\" maxlength=\"400\" class=\"wpcf7-form-control wpcf7-text wpcf7-validates-as-required uk-input\" id=\"your-name\" aria-required=\"true\" aria-invalid=\"false\" value=\"\" type=\"text\" name=\"your-name\" \/><\/span>\n\t\t\t<\/p>\n\t\t<\/div>\n\t\t<div class=\"cp-page-contact-item__field allu-label-field\">\n\t\t\t<p><label for=\"email\">Epost*<\/label><span class=\"wpcf7-form-control-wrap\" data-name=\"your-email\"><input size=\"40\" maxlength=\"400\" class=\"wpcf7-form-control wpcf7-email wpcf7-validates-as-required wpcf7-text wpcf7-validates-as-email uk-input\" id=\"email\" aria-required=\"true\" aria-invalid=\"false\" value=\"\" type=\"email\" name=\"your-email\" \/><\/span>\n\t\t\t<\/p>\n\t\t<\/div>\n\t\t<div class=\"cp-page-contact-item__field allu-label-field\">\n\t\t\t<p><label for=\"phone\">Telefonnummer<\/label><span class=\"wpcf7-form-control-wrap\" data-name=\"phone\"><input size=\"40\" maxlength=\"400\" class=\"wpcf7-form-control wpcf7-text uk-input\" id=\"phone\" aria-invalid=\"false\" value=\"\" type=\"text\" name=\"phone\" \/><\/span>\n\t\t\t<\/p>\n\t\t<\/div>\n\t\t<div class=\"cp-page-contact-item__field allu-label-field\">\n\t\t\t<p><label for=\"country\">Land*<\/label><br \/>\n<span class=\"wpcf7-form-control-wrap\" data-name=\"Country\"><select class=\"wpcf7-form-control wpcf7-select wpcf7-validates-as-required uk-input\" aria-required=\"true\" aria-invalid=\"false\" name=\"Country\"><option value=\"\u2013 V\u00e4lj ett alternativ \u2013\">\u2013 V\u00e4lj ett alternativ \u2013<\/option><option value=\"Argentina\">Argentina<\/option><option value=\"Australien\">Australien<\/option><option value=\"\u00d6sterrike\">\u00d6sterrike<\/option><option value=\"Vitryssland\">Vitryssland<\/option><option value=\"Belgien\">Belgien<\/option><option value=\"Brasilien\">Brasilien<\/option><option value=\"Bulgarien\">Bulgarien<\/option><option value=\"Kanada\">Kanada<\/option><option value=\"Kina\">Kina<\/option><option value=\"Colombia\">Colombia<\/option><option value=\"Tjeckien\">Tjeckien<\/option><option value=\"Danmark\">Danmark<\/option><option value=\"Estland\">Estland<\/option><option value=\"Finland\">Finland<\/option><option value=\"Frankrike\">Frankrike<\/option><option value=\"Georgien\">Georgien<\/option><option value=\"Tyskland\">Tyskland<\/option><option value=\"Grekland\">Grekland<\/option><option value=\"Ungern\">Ungern<\/option><option value=\"Island\">Island<\/option><option value=\"Indonesien\">Indonesien<\/option><option value=\"Irland\">Irland<\/option><option value=\"Israel\">Israel<\/option><option value=\"Italien\">Italien<\/option><option value=\"Japan\">Japan<\/option><option value=\"Lettland\">Lettland<\/option><option value=\"Litauen\">Litauen<\/option><option value=\"Malaysia\">Malaysia<\/option><option value=\"Nederl\u00e4nderna\">Nederl\u00e4nderna<\/option><option value=\"Nya Zeeland\">Nya Zeeland<\/option><option value=\"Norge\">Norge<\/option><option value=\"Oman\">Oman<\/option><option value=\"Peru\">Peru<\/option><option value=\"Filippinerna\">Filippinerna<\/option><option value=\"Polen\">Polen<\/option><option value=\"Portugal\">Portugal<\/option><option value=\"Rum\u00e4nien\">Rum\u00e4nien<\/option><option value=\"Ryssland\">Ryssland<\/option><option value=\"Saudiarabien\">Saudiarabien<\/option><option value=\"Singapore\">Singapore<\/option><option value=\"Slovakien\">Slovakien<\/option><option value=\"Slovenien\">Slovenien<\/option><option value=\"Sydafrika\">Sydafrika<\/option><option value=\"Sydkorea\">Sydkorea<\/option><option value=\"Spanien\">Spanien<\/option><option value=\"Sverige\">Sverige<\/option><option value=\"Schweiz\">Schweiz<\/option><option value=\"Taiwan\">Taiwan<\/option><option value=\"Thailand\">Thailand<\/option><option value=\"Turkiet\">Turkiet<\/option><option value=\"Ukraina\">Ukraina<\/option><option value=\"Storbritannien\">Storbritannien<\/option><option value=\"USA\">USA<\/option><option value=\"Vietnam\">Vietnam<\/option><option value=\"Annat\">Annat<\/option><\/select><\/span>\n\t\t\t<\/p>\n\t\t<\/div>\n\t<\/div>\n\t<div class=\"cp-page-support-item\">\n\t\t<h3>Message\n\t\t<\/h3>\n\t\t<div class=\"cp-page-contact-item__field allu-label-field\">\n\t\t\t<p><label for=\"your-message\">Hur kan vi hj\u00e4lpa dig?<\/label><span class=\"wpcf7-form-control-wrap\" data-name=\"your-message\"><textarea cols=\"100\" rows=\"3\" maxlength=\"2000\" class=\"wpcf7-form-control wpcf7-textarea uk-textarea\" id=\"your-message\" aria-invalid=\"false\" name=\"your-message\"><\/textarea><\/span>\n\t\t\t<\/p>\n\t\t<\/div>\n\t<\/div>\n\t<div class=\"cp-page-support__bottom\">\n\t\t<legend class=\"uk-legend\">*Obligatoriska f\u00e4lt\n\t\t<\/legend>\n\t\t<div class=\"cp-page-support__submit\">\n\t\t\t<p><input class=\"wpcf7-form-control wpcf7-submit has-spinner uk-button uk-button-primary\" type=\"submit\" value=\"Skicka\" \/>\n\t\t\t<\/p>\n\t\t<\/div>\n\t<\/div>\n<\/div><div class=\"wpcf7-response-output\" aria-hidden=\"true\"><\/div>\n<\/form>\n<\/div>\n\n\n\n\n<div style=\"height:75px\" aria-hidden=\"true\" class=\"wp-block-spacer\"><\/div>\n\n\n\n<h3 class=\"wp-block-heading\" id=\"h-reservdelar\">Reservdelar<\/h3>\n\n\n\n<p>ALLU Support tillhandah&aring;ller originalreservdelar globalt med utm&auml;rkt tillg&auml;nglighet av delar med snabb leveranstid f&ouml;r att s&auml;kerst&auml;lla maximal produktivitet.<br><\/p>\n\n\n\n<h3 class=\"wp-block-heading\" id=\"h-service-och-underhall\">Service och underh&aring;ll<\/h3>\n\n\n\n<p>H&aring;ll din ALLU-utrustning i toppskick och redo f&ouml;r arbete. ALLU och dess &aring;terf&ouml;rs&auml;ljarn&auml;tverk kan tillhandah&aring;lla snabb och professionell service f&ouml;r planerat underh&aring;ll och ov&auml;ntade reparationer.<br><\/p>\n\n\n\n<h3 class=\"wp-block-heading\" id=\"h-teknisk-support\">Teknisk support<\/h3>\n\n\n\n<p>Hj&auml;lper till i tekniska fr&aring;gor &ndash; det &auml;r viktigt att kunden f&aring;r hj&auml;lp med eventuella problem snabbt och professionellt.<br><\/p>\n\n\n\n<h3 class=\"wp-block-heading\" id=\"h-utbildning\">Utbildning<\/h3>\n\n\n\n<p>Ditt f&ouml;retags framg&aring;ng beror p&aring; dina operat&ouml;rers f&ouml;rm&aring;gor. Bra operat&ouml;rer bearbetar maximala m&auml;ngder material p&aring; kortast m&ouml;jliga tid. De anv&auml;nder maskinerna p&aring; ett s&auml;kert s&auml;tt och vet hur de kan minska on&ouml;digt slitage. L&auml;r dig tips och tekniker f&ouml;r att b&auml;ttre underh&aring;lla din utrustning och hur du p&aring; ett s&auml;kert och effektivt s&auml;tt kan utf&ouml;ra planerade underh&aring;llsuppgifter.<\/p>\n\n\n\n<div style=\"height:80px\" aria-hidden=\"true\" class=\"wp-block-spacer\"><\/div>\n<\/div><\/div>\n","protected":false},"excerpt":{"rendered":"<p>ALLU Support V&aring;rt globala team finns till hands f&ouml;r att erbjuda all den hj&auml;lp du beh&ouml;ver. N&auml;r det g&auml;ller att f&aring; ut mesta m&ouml;jliga av din utrustning och dina reservdelar &auml;r vi bara ett telefonsamtal eller ett e-postmeddelande bort. Fyll i formul&auml;ret nedan eller kontakta oss direkt f&ouml;r din supportfr&aring;ga. Ange modell och serienummer f&ouml;r [&hellip;]<\/p>\n","protected":false},"author":4,"featured_media":0,"parent":0,"menu_order":0,"comment_status":"closed","ping_status":"closed","template":"","meta":{"_acf_changed":false,"footnotes":""},"class_list":["post-1498","page","type-page","status-publish","hentry"],"acf":[],"yoast_head":"<!-- This site is optimized with the Yoast SEO Premium plugin v27.2 (Yoast SEO v27.2) - https:\/\/yoast.com\/product\/yoast-seo-premium-wordpress\/ -->\n<title>Support och reservdelar - ALLU Sverige<\/title>\n<meta name=\"description\" content=\"Vi p\u00e5 ALLU vill s\u00e4kerst\u00e4lla att du kan f\u00e5 ut alla f\u00f6rdelar av din ALLU-utrustning och dina ALLU-reservdelar. Originalreservdelar och tillbeh\u00f6r. Kontakta oss!\" \/>\n<meta name=\"robots\" content=\"index, follow, max-snippet:-1, max-image-preview:large, max-video-preview:-1\" \/>\n<link rel=\"canonical\" href=\"https:\/\/allu.net\/sv\/support\/\" \/>\n<meta property=\"og:locale\" content=\"sv_SE\" \/>\n<meta property=\"og:type\" content=\"article\" \/>\n<meta property=\"og:title\" content=\"Support och reservdelar - ALLU Sverige\" \/>\n<meta property=\"og:description\" content=\"Vi p\u00e5 ALLU vill s\u00e4kerst\u00e4lla att du kan f\u00e5 ut alla f\u00f6rdelar av din ALLU-utrustning och dina ALLU-reservdelar. Originalreservdelar och tillbeh\u00f6r. Kontakta oss!\" \/>\n<meta property=\"og:url\" content=\"https:\/\/allu.net\/sv\/support\/\" \/>\n<meta property=\"og:site_name\" content=\"ALLU Sverige\" \/>\n<meta property=\"article:publisher\" content=\"https:\/\/www.facebook.com\/ALLUGLOBAL\/\" \/>\n<meta property=\"article:modified_time\" content=\"2025-09-15T15:24:40+00:00\" \/>\n<meta property=\"og:image\" content=\"https:\/\/allu.net\/wp-content\/uploads\/ALLU-Website-slide-for-Screening-bucket-and-crushing-scaled.avif\" \/>\n\t<meta property=\"og:image:width\" content=\"2560\" \/>\n\t<meta property=\"og:image:height\" content=\"1231\" \/>\n\t<meta property=\"og:image:type\" content=\"image\/jpeg\" \/>\n<meta name=\"twitter:card\" content=\"summary_large_image\" \/>\n<meta name=\"twitter:site\" content=\"@AlluGroup\" \/>\n<meta name=\"twitter:label1\" content=\"Ber\u00e4knad l\u00e4stid\" \/>\n\t<meta name=\"twitter:data1\" content=\"1 minut\" \/>\n<script type=\"application\/ld+json\" class=\"yoast-schema-graph\">{\"@context\":\"https:\/\/schema.org\",\"@graph\":[{\"@type\":\"WebPage\",\"@id\":\"https:\/\/allu.net\/sv\/support\/\",\"url\":\"https:\/\/allu.net\/sv\/support\/\",\"name\":\"Support och reservdelar - ALLU Sverige\",\"isPartOf\":{\"@id\":\"https:\/\/allu.net\/sv\/#website\"},\"datePublished\":\"2021-02-19T05:34:55+00:00\",\"dateModified\":\"2025-09-15T15:24:40+00:00\",\"description\":\"Vi p\u00e5 ALLU vill s\u00e4kerst\u00e4lla att du kan f\u00e5 ut alla f\u00f6rdelar av din ALLU-utrustning och dina ALLU-reservdelar. Originalreservdelar och tillbeh\u00f6r. Kontakta oss!\",\"breadcrumb\":{\"@id\":\"https:\/\/allu.net\/sv\/support\/#breadcrumb\"},\"inLanguage\":\"sv-SE\",\"potentialAction\":[{\"@type\":\"ReadAction\",\"target\":[\"https:\/\/allu.net\/sv\/support\/\"]}]},{\"@type\":\"BreadcrumbList\",\"@id\":\"https:\/\/allu.net\/sv\/support\/#breadcrumb\",\"itemListElement\":[{\"@type\":\"ListItem\",\"position\":1,\"name\":\"ALLU\",\"item\":\"https:\/\/allu.net\/sv\/\"},{\"@type\":\"ListItem\",\"position\":2,\"name\":\"Support och reservdelar\"}]},{\"@type\":\"WebSite\",\"@id\":\"https:\/\/allu.net\/sv\/#website\",\"url\":\"https:\/\/allu.net\/sv\/\",\"name\":\"ALLU\",\"description\":\"One Step Ahead\",\"publisher\":{\"@id\":\"https:\/\/allu.net\/sv\/#organization\"},\"potentialAction\":[{\"@type\":\"SearchAction\",\"target\":{\"@type\":\"EntryPoint\",\"urlTemplate\":\"https:\/\/allu.net\/sv\/?s={search_term_string}\"},\"query-input\":{\"@type\":\"PropertyValueSpecification\",\"valueRequired\":true,\"valueName\":\"search_term_string\"}}],\"inLanguage\":\"sv-SE\"},{\"@type\":\"Organization\",\"@id\":\"https:\/\/allu.net\/sv\/#organization\",\"name\":\"ALLU Group\",\"url\":\"https:\/\/allu.net\/sv\/\",\"logo\":{\"@type\":\"ImageObject\",\"inLanguage\":\"sv-SE\",\"@id\":\"https:\/\/allu.net\/sv\/#\/schema\/logo\/image\/\",\"url\":\"https:\/\/allu.net\/wp-content\/uploads\/ALLU-Logo-black-web.png\",\"contentUrl\":\"https:\/\/allu.net\/wp-content\/uploads\/ALLU-Logo-black-web.png\",\"width\":1723,\"height\":677,\"caption\":\"ALLU Group\"},\"image\":{\"@id\":\"https:\/\/allu.net\/sv\/#\/schema\/logo\/image\/\"},\"sameAs\":[\"https:\/\/www.facebook.com\/ALLUGLOBAL\/\",\"https:\/\/x.com\/AlluGroup\"]}]}<\/script>\n<!-- \/ Yoast SEO Premium plugin. -->","yoast_head_json":{"title":"Support och reservdelar - ALLU Sverige","description":"Vi p\u00e5 ALLU vill s\u00e4kerst\u00e4lla att du kan f\u00e5 ut alla f\u00f6rdelar av din ALLU-utrustning och dina ALLU-reservdelar. Originalreservdelar och tillbeh\u00f6r. Kontakta oss!","robots":{"index":"index","follow":"follow","max-snippet":"max-snippet:-1","max-image-preview":"max-image-preview:large","max-video-preview":"max-video-preview:-1"},"canonical":"https:\/\/allu.net\/sv\/support\/","og_locale":"sv_SE","og_type":"article","og_title":"Support och reservdelar - ALLU Sverige","og_description":"Vi p\u00e5 ALLU vill s\u00e4kerst\u00e4lla att du kan f\u00e5 ut alla f\u00f6rdelar av din ALLU-utrustning och dina ALLU-reservdelar. Originalreservdelar och tillbeh\u00f6r. Kontakta oss!","og_url":"https:\/\/allu.net\/sv\/support\/","og_site_name":"ALLU Sverige","article_publisher":"https:\/\/www.facebook.com\/ALLUGLOBAL\/","article_modified_time":"2025-09-15T15:24:40+00:00","og_image":[{"width":2560,"height":1231,"url":"https:\/\/allu.net\/wp-content\/uploads\/ALLU-Website-slide-for-Screening-bucket-and-crushing-scaled.avif","type":"image\/jpeg"}],"twitter_card":"summary_large_image","twitter_site":"@AlluGroup","twitter_misc":{"Ber\u00e4knad l\u00e4stid":"1 minut"},"schema":{"@context":"https:\/\/schema.org","@graph":[{"@type":"WebPage","@id":"https:\/\/allu.net\/sv\/support\/","url":"https:\/\/allu.net\/sv\/support\/","name":"Support och reservdelar - ALLU Sverige","isPartOf":{"@id":"https:\/\/allu.net\/sv\/#website"},"datePublished":"2021-02-19T05:34:55+00:00","dateModified":"2025-09-15T15:24:40+00:00","description":"Vi p\u00e5 ALLU vill s\u00e4kerst\u00e4lla att du kan f\u00e5 ut alla f\u00f6rdelar av din ALLU-utrustning och dina ALLU-reservdelar. Originalreservdelar och tillbeh\u00f6r. Kontakta oss!","breadcrumb":{"@id":"https:\/\/allu.net\/sv\/support\/#breadcrumb"},"inLanguage":"sv-SE","potentialAction":[{"@type":"ReadAction","target":["https:\/\/allu.net\/sv\/support\/"]}]},{"@type":"BreadcrumbList","@id":"https:\/\/allu.net\/sv\/support\/#breadcrumb","itemListElement":[{"@type":"ListItem","position":1,"name":"ALLU","item":"https:\/\/allu.net\/sv\/"},{"@type":"ListItem","position":2,"name":"Support och reservdelar"}]},{"@type":"WebSite","@id":"https:\/\/allu.net\/sv\/#website","url":"https:\/\/allu.net\/sv\/","name":"ALLU","description":"One Step Ahead","publisher":{"@id":"https:\/\/allu.net\/sv\/#organization"},"potentialAction":[{"@type":"SearchAction","target":{"@type":"EntryPoint","urlTemplate":"https:\/\/allu.net\/sv\/?s={search_term_string}"},"query-input":{"@type":"PropertyValueSpecification","valueRequired":true,"valueName":"search_term_string"}}],"inLanguage":"sv-SE"},{"@type":"Organization","@id":"https:\/\/allu.net\/sv\/#organization","name":"ALLU Group","url":"https:\/\/allu.net\/sv\/","logo":{"@type":"ImageObject","inLanguage":"sv-SE","@id":"https:\/\/allu.net\/sv\/#\/schema\/logo\/image\/","url":"https:\/\/allu.net\/wp-content\/uploads\/ALLU-Logo-black-web.png","contentUrl":"https:\/\/allu.net\/wp-content\/uploads\/ALLU-Logo-black-web.png","width":1723,"height":677,"caption":"ALLU Group"},"image":{"@id":"https:\/\/allu.net\/sv\/#\/schema\/logo\/image\/"},"sameAs":["https:\/\/www.facebook.com\/ALLUGLOBAL\/","https:\/\/x.com\/AlluGroup"]}]}},"_links":{"self":[{"href":"https:\/\/allu.net\/sv\/wp-json\/wp\/v2\/pages\/1498","targetHints":{"allow":["GET"]}}],"collection":[{"href":"https:\/\/allu.net\/sv\/wp-json\/wp\/v2\/pages"}],"about":[{"href":"https:\/\/allu.net\/sv\/wp-json\/wp\/v2\/types\/page"}],"author":[{"embeddable":true,"href":"https:\/\/allu.net\/sv\/wp-json\/wp\/v2\/users\/4"}],"replies":[{"embeddable":true,"href":"https:\/\/allu.net\/sv\/wp-json\/wp\/v2\/comments?post=1498"}],"version-history":[{"count":12,"href":"https:\/\/allu.net\/sv\/wp-json\/wp\/v2\/pages\/1498\/revisions"}],"predecessor-version":[{"id":28780,"href":"https:\/\/allu.net\/sv\/wp-json\/wp\/v2\/pages\/1498\/revisions\/28780"}],"wp:attachment":[{"href":"https:\/\/allu.net\/sv\/wp-json\/wp\/v2\/media?parent=1498"}],"curies":[{"name":"wp","href":"https:\/\/api.w.org\/{rel}","templated":true}]}}