{"id":1494,"date":"2024-08-30T12:57:23","date_gmt":"2024-08-30T09:57:23","guid":{"rendered":"http:\/\/allu.nipro.pro-linuxpl.com\/?page_id=1494"},"modified":"2025-05-06T14:54:01","modified_gmt":"2025-05-06T11:54:01","slug":"foretag","status":"publish","type":"page","link":"https:\/\/allu.net\/sv\/foretag\/","title":{"rendered":"F\u00f6retag"},"content":{"rendered":"<?xml encoding=\"utf-8\" ?><section class=\"block block-jumbotron block-padding-top-0 block-padding-bottom-2\">\r\n\t\t<div class=\"jumbotron-container d-flex align-items-end justify-content-center jumbotron-container-basic\" style=\"background-image: url('https:\/\/allu.net\/wp-content\/uploads\/ALLU-company-scaled.avif');\">\r\n\t\t\t<div class=\"jumbotron-content container align-items-top justify-content-center\">\r\n\t\t\t\t<div class=\"row\">\r\n\t\t\t\t\t<div class=\"col-12 col-md jumbotron-title text-center text-md-end align-self-center\">\r\n\t\t\t\t\t\t<h1 class=\"text-uppercase\">F&ouml;retag<\/h1>\r\n\t\t\t\t\t<\/div>\r\n\t\t\t\t\t<div class=\"col-auto jumbotron-divider\"><\/div>\r\n\t\t\t\t\t<div class=\"col-12 col-md jumbotron-content text-center text-md-start align-self-center\">\r\n\t\t\t\t\t\t<div class=\"jumbotron-text\">ALLU, d&auml;r innovation och spetskompetens m&ouml;ts f&ouml;r att ge dig l&ouml;sningen p&aring; dina projektbehov.<\/div>\r\n\t\t\t\t\t\t\t\t\t\t\t<\/div>\r\n\t\t\t\t<\/div>\r\n\t\t\t<\/div>\r\n\t\t<\/div>\r\n\t\t<div class=\"cp-jumbotron__breadcrumbs\">\r\n\t\t\t\t\t<\/div>\r\n\t<\/section><div style=\"height:100px\" aria-hidden=\"true\" class=\"wp-block-spacer\"><\/div><div class=\"wp-block-group uk-container\"><div class=\"wp-block-group__inner-container is-layout-flow wp-block-group-is-layout-flow container\">\n<div class=\"wp-block-columns m-reverse-columns is-layout-flex wp-container-core-columns-is-layout-9d6595d7 wp-block-columns-is-layout-flex\">\n<div class=\"wp-block-column is-vertically-aligned-center m-text-center is-layout-flow wp-block-column-is-layout-flow\" style=\"flex-basis:50%\">\n<p>ALLU utvecklar, tillverkar och s&auml;ljer produkter som skapar merv&auml;rde f&ouml;r kunderna i m&aring;nga olika applikationer inom bearbetning, separering, sortering, blandning och krossning av material.<\/p>\n\n\n\n<p>Typiska applikationer inkluderar &aring;tervinning av jord och avfallsmaterial, bearbeting av f&ouml;rorenad jord och omvandling av avfall till anv&auml;ndbara material.<\/p>\n\n\n\n<p>Drivet av kundernas behov s&aring; har f&ouml;retaget f&ouml;rnyat metoderna och utrustningen f&ouml;r att omvandla kundernas processer och verksamheter.<\/p>\n\n\n\n<p>ALLUs n&auml;tverk utg&ouml;rs idag av egna dotterbolag och &aring;terf&ouml;rs&auml;ljare i mer &auml;n 30 l&auml;nder.&nbsp;<\/p>\n<\/div>\n\n\n\n<div class=\"wp-block-column is-layout-flow wp-block-column-is-layout-flow\" style=\"flex-basis:50%\">\n<figure class=\"wp-block-embed is-type-video is-provider-youtube wp-block-embed-youtube wp-embed-aspect-16-9 wp-has-aspect-ratio\"><div class=\"wp-block-embed__wrapper\">\n<iframe loading=\"lazy\" title=\"ALLU - ONE STEP AHEAD\" width=\"640\" height=\"360\" src=\"https:\/\/www.youtube.com\/embed\/9ttIPykXevA?feature=oembed\" frameborder=\"0\" allow=\"accelerometer; autoplay; clipboard-write; encrypted-media; gyroscope; picture-in-picture; web-share\" referrerpolicy=\"strict-origin-when-cross-origin\" allowfullscreen><\/iframe>\n<\/div><\/figure>\n<\/div>\n<\/div>\n\n\n\n<div class=\"wp-block-columns m-reverse-columns is-layout-flex wp-container-core-columns-is-layout-9d6595d7 wp-block-columns-is-layout-flex\">\n<div class=\"wp-block-column is-vertically-aligned-center is-layout-flow wp-block-column-is-layout-flow\" style=\"flex-basis:50%\"><div class=\"wp-block-image\">\n<figure class=\"alignleft size-large\"><img decoding=\"async\" src=\"https:\/\/www.allu.net\/wp-content\/uploads\/2021\/07\/img2-2.jpg\" alt=\"\" style=\"object-fit:cover\" loading=\"lazy\"><\/figure>\n<\/div><\/div>\n\n\n\n<div class=\"wp-block-column is-vertically-aligned-center m-text-center is-layout-flow wp-block-column-is-layout-flow\" style=\"flex-basis:50%\">\n<p>ALLU &auml;r ett familjef&ouml;retag som designar och tillverkar produkter f&ouml;r bearbetning, separering, sortering, blandning och krossning av material. Vanliga applikationer inkluderar jord- och avfalls&aring;tervinning, bearbetning av f&ouml;rorenad jord samt omvandling av avfall till anv&auml;ndbart material.<\/p>\n\n\n\n<p>I mer &auml;n 35 &aring;r har v&aring;rt anseende definierats av att placera v&aring;ra kunders behov f&ouml;rst. Med innovativ utveckling av metoder och utrustning som omvandlar kundernas processer och verksamhet till &ouml;kad effektivitet och l&ouml;nsamhet. Med huvudkontor i Finland arbetar vi globalt med &ouml;ver 100 lokala &aring;terf&ouml;rs&auml;ljare i mer &auml;n 30 l&auml;nder.<\/p>\n\n\n\n<p><\/p>\n<\/div>\n<\/div>\n<\/div><\/div><div style=\"height:70px\" aria-hidden=\"true\" class=\"wp-block-spacer\"><\/div><div id=\"mission-and-vision\" class=\"wp-block-group has-background\" style=\"background-color:#ffd500\"><div class=\"wp-block-group__inner-container is-layout-flow wp-block-group-is-layout-flow container\">\n<div style=\"height:100px\" aria-hidden=\"true\" class=\"wp-block-spacer\"><\/div>\n\n\n\n<div class=\"wp-block-group uk-container\"><div class=\"wp-block-group__inner-container is-layout-flow wp-block-group-is-layout-flow\">\n<div class=\"wp-block-columns is-layout-flex wp-container-core-columns-is-layout-9d6595d7 wp-block-columns-is-layout-flex\">\n<div class=\"wp-block-column is-layout-flow wp-block-column-is-layout-flow\">\n<h2 class=\"wp-block-heading\" id=\"h-uppdrag\">Uppdrag<\/h2>\n\n\n\n<p class=\"uk-text-large\">ALLU &auml;r en erfaren ledare inom sitt omr&aring;de. Tack vare v&aring;rt tekniska kunnande, smidighet, passion och stolthet kan vi f&ouml;rnya, utveckla, tillverka, s&auml;lja och st&ouml;dja h&ouml;gkvalitativa h&ouml;gpresterande tillbeh&ouml;r f&ouml;r varje gr&auml;vmaskin och hjullastare.<\/p>\n\n\n\n<div style=\"height:30px\" aria-hidden=\"true\" class=\"wp-block-spacer\"><\/div>\n<\/div>\n\n\n\n<div class=\"wp-block-column is-layout-flow wp-block-column-is-layout-flow\">\n<h2 class=\"wp-block-heading\" id=\"h-vision\">Vision<\/h2>\n\n\n\n<p class=\"uk-text-large\">ALLU &auml;r ledende i att erbjuda unika l&ouml;sningar i v&auml;rldsklass genom att m&ouml;jligg&ouml;ra den ultimata upplevelsen och ge merv&auml;rde f&ouml;r varje kund.<\/p>\n\n\n\n<div style=\"height:30px\" aria-hidden=\"true\" class=\"wp-block-spacer\"><\/div>\n<\/div>\n\n\n\n<div class=\"wp-block-column is-vertically-aligned-bottom is-layout-flow wp-block-column-is-layout-flow\">\n<div class=\"wp-block-buttons is-content-justification-left is-layout-flex wp-container-core-buttons-is-layout-fdcfc74e wp-block-buttons-is-layout-flex\">\n<div class=\"wp-block-button btn-outline uk-text-right is-style-outline is-style-outline--1\"><a class=\"wp-block-button__link wp-element-button\" href=\"https:\/\/allu.net\/wp-content\/uploads\/ALLU-Internal-Code-of-Conduct-02-2025.pdf\" target=\"_blank\" rel=\"noreferrer noopener\">V&aring;r uppf&ouml;randekod<\/a><\/div>\n<\/div>\n\n\n\n<div style=\"height:50px\" aria-hidden=\"true\" class=\"wp-block-spacer\"><\/div>\n\n\n\n<div class=\"wp-block-buttons is-layout-flex wp-block-buttons-is-layout-flex\">\n<div class=\"wp-block-button btn-outline uk-text-right is-style-outline is-style-outline--2\"><a class=\"wp-block-button__link wp-element-button\" href=\"https:\/\/allu.net\/wp-content\/uploads\/ALLU-Business-Partner-Code-of-Conduct-16-11-2023.pdf\" target=\"_blank\" rel=\"noreferrer noopener\">Uppf&ouml;randekod f&ouml;r aff&auml;rspartner<\/a><\/div>\n<\/div>\n<\/div>\n<\/div>\n<\/div><\/div>\n\n\n\n<div style=\"height:50px\" aria-hidden=\"true\" class=\"wp-block-spacer\"><\/div>\n<\/div><\/div><div style=\"height:100px\" aria-hidden=\"true\" class=\"wp-block-spacer\"><\/div><div id=\"code-of-conduct\" class=\"wp-block-group has-background\" style=\"background-color:#1d1d1c\"><div class=\"wp-block-group__inner-container is-layout-flow wp-block-group-is-layout-flow container\">\n<div style=\"height:70px\" aria-hidden=\"true\" class=\"wp-block-spacer\"><\/div>\n\n\n\n<h2 class=\"wp-block-heading has-text-align-center uk-margin-large-bottom has-white-color has-text-color\" id=\"h-varderingarna-som-driver-oss\">V&auml;rderingarna som driver oss<\/h2>\n\n\n\n<div class=\"wp-block-group uk-container\"><div class=\"wp-block-group__inner-container is-layout-flow wp-block-group-is-layout-flow\">\n<div class=\"wp-block-columns is-layout-flex wp-container-core-columns-is-layout-9d6595d7 wp-block-columns-is-layout-flex\">\n<div class=\"wp-block-column is-layout-flow wp-block-column-is-layout-flow\"><div class=\"wp-block-image\">\n<figure class=\"aligncenter size-large\"><img decoding=\"async\" src=\"https:\/\/www.allu.net\/wp-content\/uploads\/2021\/07\/icon-company-value-1-svg.png\" alt=\"\" loading=\"lazy\"><\/figure>\n<\/div>\n\n\n<h2 class=\"wp-block-heading has-text-align-center uk-text-normal uk-margin-small-top has-text-color\" id=\"h-kund\" style=\"color:#ffd500\">Kund<\/h2>\n\n\n\n<p class=\"has-text-align-center has-white-color has-text-color\">Vi v&auml;rdes&auml;tter v&aring;ra kunders behov. Deras framg&aring;ng &auml;r det centrala i v&aring;rt dagliga beslutsfattande.<\/p>\n\n\n\n<div style=\"height:30px\" aria-hidden=\"true\" class=\"wp-block-spacer\"><\/div>\n<\/div>\n\n\n\n<div class=\"wp-block-column is-layout-flow wp-block-column-is-layout-flow\"><div class=\"wp-block-image\">\n<figure class=\"aligncenter size-large\"><img decoding=\"async\" src=\"https:\/\/www.allu.net\/wp-content\/uploads\/2021\/07\/icon-company-value-2-svg.png\" alt=\"\" loading=\"lazy\"><\/figure>\n<\/div>\n\n\n<h2 class=\"wp-block-heading has-text-align-center uk-text-normal uk-margin-small-top has-text-color\" id=\"h-sakerhet\" style=\"color:#ffd500\">S&auml;kerhet<\/h2>\n\n\n\n<p class=\"has-text-align-center has-white-color has-text-color\">Vi agerar medvetet varje dag f&ouml;r att skydda oss sj&auml;lva och v&aring;ra partners.<\/p>\n\n\n\n<div style=\"height:30px\" aria-hidden=\"true\" class=\"wp-block-spacer\"><\/div>\n<\/div>\n\n\n\n<div class=\"wp-block-column is-vertically-aligned-top is-layout-flow wp-block-column-is-layout-flow\"><div class=\"wp-block-image\">\n<figure class=\"aligncenter size-full\"><img decoding=\"async\" width=\"150\" height=\"150\" src=\"https:\/\/allu.net\/wp-content\/uploads\/Together-icon.png\" alt=\"\" class=\"wp-image-6638\" loading=\"lazy\"><\/figure>\n<\/div>\n\n\n<h2 class=\"wp-block-heading has-text-align-center uk-text-normal uk-margin-small-top has-text-color\" id=\"h-tillsammans\" style=\"color:#ffd500\">Tillsammans<\/h2>\n\n\n\n<p class=\"has-text-align-center has-white-color has-text-color\">Vi &auml;r &ouml;ppna, tydliga och flexibla. Partnerskap &auml;r v&aring;rt s&auml;tt att arbeta.<\/p>\n\n\n\n<div style=\"height:50px\" aria-hidden=\"true\" class=\"wp-block-spacer\"><\/div>\n<\/div>\n<\/div>\n<\/div><\/div>\n\n\n\n<div style=\"height:50px\" aria-hidden=\"true\" class=\"wp-block-spacer\"><\/div>\n<\/div><\/div><div style=\"height:100px\" aria-hidden=\"true\" class=\"wp-block-spacer\"><\/div><div id=\"carrers\" class=\"wp-block-group has-background\" style=\"background-color:#ffd500\"><div class=\"wp-block-group__inner-container is-layout-flow wp-block-group-is-layout-flow container\">\n<div style=\"height:100px\" aria-hidden=\"true\" class=\"wp-block-spacer\"><\/div>\n\n\n\n<div class=\"wp-block-group uk-container\"><div class=\"wp-block-group__inner-container is-layout-flow wp-block-group-is-layout-flow\">\n<div class=\"wp-block-columns is-layout-flex wp-container-core-columns-is-layout-9d6595d7 wp-block-columns-is-layout-flex\">\n<div class=\"wp-block-column is-layout-flow wp-block-column-is-layout-flow\">\n<h2 class=\"wp-block-heading\" id=\"h-allu-karriar\">Allu karri&auml;r<\/h2>\n\n\n\n<p>Hos ALLU &auml;r v&aring;r personal en familj. V&aring;ra anst&auml;llda &auml;r inspirerade och de skapar en &rdquo;One Team&rdquo; k&auml;nsla i arbetet, vilket f&aring;r fram det b&auml;sta fr&aring;n v&aring;ra team medlemmar. Vi har skapat en v&auml;lkomnande arbetsplats med bra kultur som &auml;r lag- och prestationsdriven med kunderna i centrum i allt vi g&ouml;r.<\/p>\n\n\n\n<div style=\"height:10px\" aria-hidden=\"true\" class=\"wp-block-spacer\"><\/div>\n\n\n\n<div class=\"wp-block-buttons is-layout-flex wp-block-buttons-is-layout-flex\">\n<div class=\"wp-block-button btn-outline is-style-outline is-style-outline--3\"><a class=\"wp-block-button__link wp-element-button\" href=\"https:\/\/allu.net\/sv\/karriar\/\">Se lediga jobb<\/a><\/div>\n<\/div>\n\n\n\n<div style=\"height:30px\" aria-hidden=\"true\" class=\"wp-block-spacer\"><\/div>\n<\/div>\n\n\n\n<div class=\"wp-block-column is-layout-flow wp-block-column-is-layout-flow\"><div class=\"wp-block-image\">\n<figure class=\"aligncenter size-large is-resized\"><img decoding=\"async\" src=\"https:\/\/www.allu.net\/wp-content\/uploads\/2021\/03\/Using_ALLU_App-scaled.jpg\" alt=\"\" style=\"width:318px;height:436px\" loading=\"lazy\"><\/figure>\n<\/div><\/div>\n<\/div>\n<\/div><\/div>\n\n\n\n<div style=\"height:50px\" aria-hidden=\"true\" class=\"wp-block-spacer\"><\/div>\n<\/div><\/div>\n","protected":false},"excerpt":{"rendered":"<p>ALLU utvecklar, tillverkar och s&auml;ljer produkter som skapar merv&auml;rde f&ouml;r kunderna i m&aring;nga olika applikationer inom bearbetning, separering, sortering, blandning och krossning av material. Typiska applikationer inkluderar &aring;tervinning av jord och avfallsmaterial, bearbeting av f&ouml;rorenad jord och omvandling av avfall till anv&auml;ndbara material. Drivet av kundernas behov s&aring; har f&ouml;retaget f&ouml;rnyat metoderna och utrustningen f&ouml;r [&hellip;]<\/p>\n","protected":false},"author":4,"featured_media":161,"parent":0,"menu_order":0,"comment_status":"closed","ping_status":"closed","template":"","meta":{"_acf_changed":false,"footnotes":""},"class_list":["post-1494","page","type-page","status-publish","has-post-thumbnail","hentry"],"acf":[],"yoast_head":"<!-- This site is optimized with the Yoast SEO Premium plugin v27.2 (Yoast SEO v27.2) - https:\/\/yoast.com\/product\/yoast-seo-premium-wordpress\/ -->\n<title>F\u00f6retag - ALLU Sverige<\/title>\n<meta name=\"description\" content=\"ALLU utvecklar, tillverkar och s\u00e4ljer produkter som ger kunderna merv\u00e4rde. F\u00f6r ALLU \u00e4r v\u00e5ra v\u00e4rderingar grundstenen. G\u00f6r karri\u00e4r hos ALLU.\" \/>\n<meta name=\"robots\" content=\"index, follow, max-snippet:-1, max-image-preview:large, max-video-preview:-1\" \/>\n<link rel=\"canonical\" href=\"https:\/\/allu.net\/sv\/foretag\/\" \/>\n<meta property=\"og:locale\" content=\"sv_SE\" \/>\n<meta property=\"og:type\" content=\"article\" \/>\n<meta property=\"og:title\" content=\"F\u00f6retag - ALLU Sverige\" \/>\n<meta property=\"og:description\" content=\"ALLU utvecklar, tillverkar och s\u00e4ljer produkter som ger kunderna merv\u00e4rde. F\u00f6r ALLU \u00e4r v\u00e5ra v\u00e4rderingar grundstenen. G\u00f6r karri\u00e4r hos ALLU.\" \/>\n<meta property=\"og:url\" content=\"https:\/\/allu.net\/sv\/foretag\/\" \/>\n<meta property=\"og:site_name\" content=\"ALLU Sverige\" \/>\n<meta property=\"article:publisher\" content=\"https:\/\/www.facebook.com\/ALLUGLOBAL\/\" \/>\n<meta property=\"article:modified_time\" content=\"2025-05-06T11:54:01+00:00\" \/>\n<meta property=\"og:image\" content=\"https:\/\/allu.net\/wp-content\/uploads\/2021\/02\/page-company-1-jpg.avif\" \/>\n\t<meta property=\"og:image:width\" content=\"500\" \/>\n\t<meta property=\"og:image:height\" content=\"500\" \/>\n\t<meta property=\"og:image:type\" content=\"image\/jpeg\" \/>\n<meta name=\"twitter:card\" content=\"summary_large_image\" \/>\n<meta name=\"twitter:site\" content=\"@AlluGroup\" \/>\n<meta name=\"twitter:label1\" content=\"Ber\u00e4knad l\u00e4stid\" \/>\n\t<meta name=\"twitter:data1\" content=\"3 minut\" \/>\n<script type=\"application\/ld+json\" class=\"yoast-schema-graph\">{\"@context\":\"https:\/\/schema.org\",\"@graph\":[{\"@type\":\"WebPage\",\"@id\":\"https:\/\/allu.net\/sv\/foretag\/\",\"url\":\"https:\/\/allu.net\/sv\/foretag\/\",\"name\":\"F\u00f6retag - ALLU Sverige\",\"isPartOf\":{\"@id\":\"https:\/\/allu.net\/sv\/#website\"},\"primaryImageOfPage\":{\"@id\":\"https:\/\/allu.net\/sv\/foretag\/#primaryimage\"},\"image\":{\"@id\":\"https:\/\/allu.net\/sv\/foretag\/#primaryimage\"},\"thumbnailUrl\":\"https:\/\/allu.net\/wp-content\/uploads\/2021\/02\/page-company-1-jpg.avif\",\"datePublished\":\"2024-08-30T09:57:23+00:00\",\"dateModified\":\"2025-05-06T11:54:01+00:00\",\"description\":\"ALLU utvecklar, tillverkar och s\u00e4ljer produkter som ger kunderna merv\u00e4rde. F\u00f6r ALLU \u00e4r v\u00e5ra v\u00e4rderingar grundstenen. G\u00f6r karri\u00e4r hos ALLU.\",\"breadcrumb\":{\"@id\":\"https:\/\/allu.net\/sv\/foretag\/#breadcrumb\"},\"inLanguage\":\"sv-SE\",\"potentialAction\":[{\"@type\":\"ReadAction\",\"target\":[\"https:\/\/allu.net\/sv\/foretag\/\"]}]},{\"@type\":\"ImageObject\",\"inLanguage\":\"sv-SE\",\"@id\":\"https:\/\/allu.net\/sv\/foretag\/#primaryimage\",\"url\":\"https:\/\/allu.net\/wp-content\/uploads\/2021\/02\/page-company-1-jpg.avif\",\"contentUrl\":\"https:\/\/allu.net\/wp-content\/uploads\/2021\/02\/page-company-1-jpg.avif\",\"width\":500,\"height\":500},{\"@type\":\"BreadcrumbList\",\"@id\":\"https:\/\/allu.net\/sv\/foretag\/#breadcrumb\",\"itemListElement\":[{\"@type\":\"ListItem\",\"position\":1,\"name\":\"ALLU\",\"item\":\"https:\/\/allu.net\/sv\/\"},{\"@type\":\"ListItem\",\"position\":2,\"name\":\"F\u00f6retag\"}]},{\"@type\":\"WebSite\",\"@id\":\"https:\/\/allu.net\/sv\/#website\",\"url\":\"https:\/\/allu.net\/sv\/\",\"name\":\"ALLU\",\"description\":\"One Step Ahead\",\"publisher\":{\"@id\":\"https:\/\/allu.net\/sv\/#organization\"},\"potentialAction\":[{\"@type\":\"SearchAction\",\"target\":{\"@type\":\"EntryPoint\",\"urlTemplate\":\"https:\/\/allu.net\/sv\/?s={search_term_string}\"},\"query-input\":{\"@type\":\"PropertyValueSpecification\",\"valueRequired\":true,\"valueName\":\"search_term_string\"}}],\"inLanguage\":\"sv-SE\"},{\"@type\":\"Organization\",\"@id\":\"https:\/\/allu.net\/sv\/#organization\",\"name\":\"ALLU Group\",\"url\":\"https:\/\/allu.net\/sv\/\",\"logo\":{\"@type\":\"ImageObject\",\"inLanguage\":\"sv-SE\",\"@id\":\"https:\/\/allu.net\/sv\/#\/schema\/logo\/image\/\",\"url\":\"https:\/\/allu.net\/wp-content\/uploads\/ALLU-Logo-black-web.png\",\"contentUrl\":\"https:\/\/allu.net\/wp-content\/uploads\/ALLU-Logo-black-web.png\",\"width\":1723,\"height\":677,\"caption\":\"ALLU Group\"},\"image\":{\"@id\":\"https:\/\/allu.net\/sv\/#\/schema\/logo\/image\/\"},\"sameAs\":[\"https:\/\/www.facebook.com\/ALLUGLOBAL\/\",\"https:\/\/x.com\/AlluGroup\"]}]}<\/script>\n<!-- \/ Yoast SEO Premium plugin. -->","yoast_head_json":{"title":"F\u00f6retag - ALLU Sverige","description":"ALLU utvecklar, tillverkar och s\u00e4ljer produkter som ger kunderna merv\u00e4rde. F\u00f6r ALLU \u00e4r v\u00e5ra v\u00e4rderingar grundstenen. G\u00f6r karri\u00e4r hos ALLU.","robots":{"index":"index","follow":"follow","max-snippet":"max-snippet:-1","max-image-preview":"max-image-preview:large","max-video-preview":"max-video-preview:-1"},"canonical":"https:\/\/allu.net\/sv\/foretag\/","og_locale":"sv_SE","og_type":"article","og_title":"F\u00f6retag - ALLU Sverige","og_description":"ALLU utvecklar, tillverkar och s\u00e4ljer produkter som ger kunderna merv\u00e4rde. F\u00f6r ALLU \u00e4r v\u00e5ra v\u00e4rderingar grundstenen. G\u00f6r karri\u00e4r hos ALLU.","og_url":"https:\/\/allu.net\/sv\/foretag\/","og_site_name":"ALLU Sverige","article_publisher":"https:\/\/www.facebook.com\/ALLUGLOBAL\/","article_modified_time":"2025-05-06T11:54:01+00:00","og_image":[{"width":500,"height":500,"url":"https:\/\/allu.net\/wp-content\/uploads\/2021\/02\/page-company-1-jpg.avif","type":"image\/jpeg"}],"twitter_card":"summary_large_image","twitter_site":"@AlluGroup","twitter_misc":{"Ber\u00e4knad l\u00e4stid":"3 minut"},"schema":{"@context":"https:\/\/schema.org","@graph":[{"@type":"WebPage","@id":"https:\/\/allu.net\/sv\/foretag\/","url":"https:\/\/allu.net\/sv\/foretag\/","name":"F\u00f6retag - ALLU Sverige","isPartOf":{"@id":"https:\/\/allu.net\/sv\/#website"},"primaryImageOfPage":{"@id":"https:\/\/allu.net\/sv\/foretag\/#primaryimage"},"image":{"@id":"https:\/\/allu.net\/sv\/foretag\/#primaryimage"},"thumbnailUrl":"https:\/\/allu.net\/wp-content\/uploads\/2021\/02\/page-company-1-jpg.avif","datePublished":"2024-08-30T09:57:23+00:00","dateModified":"2025-05-06T11:54:01+00:00","description":"ALLU utvecklar, tillverkar och s\u00e4ljer produkter som ger kunderna merv\u00e4rde. F\u00f6r ALLU \u00e4r v\u00e5ra v\u00e4rderingar grundstenen. G\u00f6r karri\u00e4r hos ALLU.","breadcrumb":{"@id":"https:\/\/allu.net\/sv\/foretag\/#breadcrumb"},"inLanguage":"sv-SE","potentialAction":[{"@type":"ReadAction","target":["https:\/\/allu.net\/sv\/foretag\/"]}]},{"@type":"ImageObject","inLanguage":"sv-SE","@id":"https:\/\/allu.net\/sv\/foretag\/#primaryimage","url":"https:\/\/allu.net\/wp-content\/uploads\/2021\/02\/page-company-1-jpg.avif","contentUrl":"https:\/\/allu.net\/wp-content\/uploads\/2021\/02\/page-company-1-jpg.avif","width":500,"height":500},{"@type":"BreadcrumbList","@id":"https:\/\/allu.net\/sv\/foretag\/#breadcrumb","itemListElement":[{"@type":"ListItem","position":1,"name":"ALLU","item":"https:\/\/allu.net\/sv\/"},{"@type":"ListItem","position":2,"name":"F\u00f6retag"}]},{"@type":"WebSite","@id":"https:\/\/allu.net\/sv\/#website","url":"https:\/\/allu.net\/sv\/","name":"ALLU","description":"One Step Ahead","publisher":{"@id":"https:\/\/allu.net\/sv\/#organization"},"potentialAction":[{"@type":"SearchAction","target":{"@type":"EntryPoint","urlTemplate":"https:\/\/allu.net\/sv\/?s={search_term_string}"},"query-input":{"@type":"PropertyValueSpecification","valueRequired":true,"valueName":"search_term_string"}}],"inLanguage":"sv-SE"},{"@type":"Organization","@id":"https:\/\/allu.net\/sv\/#organization","name":"ALLU Group","url":"https:\/\/allu.net\/sv\/","logo":{"@type":"ImageObject","inLanguage":"sv-SE","@id":"https:\/\/allu.net\/sv\/#\/schema\/logo\/image\/","url":"https:\/\/allu.net\/wp-content\/uploads\/ALLU-Logo-black-web.png","contentUrl":"https:\/\/allu.net\/wp-content\/uploads\/ALLU-Logo-black-web.png","width":1723,"height":677,"caption":"ALLU Group"},"image":{"@id":"https:\/\/allu.net\/sv\/#\/schema\/logo\/image\/"},"sameAs":["https:\/\/www.facebook.com\/ALLUGLOBAL\/","https:\/\/x.com\/AlluGroup"]}]}},"_links":{"self":[{"href":"https:\/\/allu.net\/sv\/wp-json\/wp\/v2\/pages\/1494","targetHints":{"allow":["GET"]}}],"collection":[{"href":"https:\/\/allu.net\/sv\/wp-json\/wp\/v2\/pages"}],"about":[{"href":"https:\/\/allu.net\/sv\/wp-json\/wp\/v2\/types\/page"}],"author":[{"embeddable":true,"href":"https:\/\/allu.net\/sv\/wp-json\/wp\/v2\/users\/4"}],"replies":[{"embeddable":true,"href":"https:\/\/allu.net\/sv\/wp-json\/wp\/v2\/comments?post=1494"}],"version-history":[{"count":8,"href":"https:\/\/allu.net\/sv\/wp-json\/wp\/v2\/pages\/1494\/revisions"}],"predecessor-version":[{"id":26205,"href":"https:\/\/allu.net\/sv\/wp-json\/wp\/v2\/pages\/1494\/revisions\/26205"}],"wp:featuredmedia":[{"embeddable":true,"href":"https:\/\/allu.net\/sv\/wp-json\/wp\/v2\/media\/161"}],"wp:attachment":[{"href":"https:\/\/allu.net\/sv\/wp-json\/wp\/v2\/media?parent=1494"}],"curies":[{"name":"wp","href":"https:\/\/api.w.org\/{rel}","templated":true}]}}