{"id":1401,"date":"2024-08-30T11:29:55","date_gmt":"2024-08-30T08:29:55","guid":{"rendered":"http:\/\/allu.nipro.pro-linuxpl.com\/?page_id=1401"},"modified":"2024-09-05T08:24:53","modified_gmt":"2024-09-05T05:24:53","slug":"nyheter","status":"publish","type":"page","link":"https:\/\/allu.net\/sv\/nyheter\/","title":{"rendered":"Nyheter"},"content":{"rendered":"<?xml encoding=\"utf-8\" ?><section class=\"block block-jumbotron block-padding-top-0 block-padding-bottom-2\">\r\n\t\t<div class=\"jumbotron-container d-flex align-items-end justify-content-center jumbotron-container-basic\" style=\"background-image: url('https:\/\/allu.net\/wp-content\/uploads\/ALLU-production-factory-jpg.avif');\">\r\n\t\t\t<div class=\"jumbotron-content container align-items-top justify-content-center\">\r\n\t\t\t\t<div class=\"row\">\r\n\t\t\t\t\t<div class=\"col-12 col-md jumbotron-title text-center text-md-end align-self-center\">\r\n\t\t\t\t\t\t<h1 class=\"text-uppercase\">Nyheter<\/h1>\r\n\t\t\t\t\t<\/div>\r\n\t\t\t\t\t<div class=\"col-auto jumbotron-divider\"><\/div>\r\n\t\t\t\t\t<div class=\"col-12 col-md jumbotron-content text-center text-md-start align-self-center\">\r\n\t\t\t\t\t\t<div class=\"jumbotron-text\">H&aring;ll dig uppdaterad med de senaste innovationerna, branschinsikterna och ALLU:s milstolpar. <\/div>\r\n\t\t\t\t\t\t\t\t\t\t\t<\/div>\r\n\t\t\t\t<\/div>\r\n\t\t\t<\/div>\r\n\t\t<\/div>\r\n\t\t<div class=\"cp-jumbotron__breadcrumbs\">\r\n\t\t\t\t\t<\/div>\r\n\t<\/section><section class=\"block block-products-menu block-padding-top-3 block-padding-bottom-2 bg-allu-lightgray cp-latest-news\" data-component=\"ellipsed\" data-component-init=\"force\">\r\n    <div class=\"container\">\r\n        <h2 class=\"text-center mb-4\">Senaste nytt<\/h2>\r\n        <div class=\"row latest-news__items\" id=\"news-container\">\r\n                    <div class=\"col-md-4 latest-news__item mb-4 p-2\">\r\n                <div class=\"bg-allu-white h-100 p-3 d-flex flex-column justify-content-start\">\r\n                    <div>\r\n                        <p class=\"text-muted mb-3 mt-1\">03\/24\/2026<\/p>\r\n                    <\/div>\r\n                                            <div class=\"latest-news__thumbnail mb-3\">\r\n                            <a href=\"https:\/\/allu.net\/allu-at-conexpo-con-agg-2026\/\" title=\"ALLU at CONEXPO\/CON\/AGG 2026\">\r\n                                <img decoding=\"async\" width=\"640\" height=\"334\" src=\"https:\/\/allu.net\/wp-content\/uploads\/ALLU-Conexpo-Booth-1024x535.avif\" class=\"img-fluid wp-post-image\" alt=\"ALLU's booth at CONEXPO 2026 with buckets on display.\" srcset=\"https:\/\/allu.net\/wp-content\/uploads\/ALLU-Conexpo-Booth-1024x535.avif 1024w, https:\/\/allu.net\/wp-content\/uploads\/ALLU-Conexpo-Booth-300x157.avif 300w, https:\/\/allu.net\/wp-content\/uploads\/ALLU-Conexpo-Booth-768x401.avif 768w, https:\/\/allu.net\/wp-content\/uploads\/ALLU-Conexpo-Booth.avif 1200w\" sizes=\"auto, (max-width: 640px) 100vw, 640px\" loading=\"lazy\">                            <\/a>\r\n                        <\/div>\r\n                                        <div class=\"latest-news__content d-flex flex-column h-100 justify-content-between\">\r\n                            <div>\r\n                                <h3 class=\"h5 pb-2 fw-bold\"><a href=\"https:\/\/allu.net\/allu-at-conexpo-con-agg-2026\/\" class=\"link-underline link-underline-opacity-0\" title=\"ALLU at CONEXPO\/CON\/AGG 2026\">ALLU at CONEXPO\/CON\/AGG 2026<\/a><\/h3>\r\n                                <p>ALLU joined over 2,000 exhibitors and&nbsp;140,000 attendees from 128 countries in Las Vegas, NV for CONEXPO\/CON\/AGG 2026. The&nbsp;week offered many&hellip;<\/p>\r\n                            <\/div>\r\n                            <div>\r\n                                <a href=\"https:\/\/allu.net\/allu-at-conexpo-con-agg-2026\/\" class=\"btn btn-outline-secondary btn-sm\">Read More<i class=\"fa-solid fa-angle-right ms-2\"><\/i><\/a>\r\n                            <\/div>\r\n                    <\/div>\r\n                <\/div>\r\n            <\/div>\r\n                    <div class=\"col-md-4 latest-news__item mb-4 p-2\">\r\n                <div class=\"bg-allu-white h-100 p-3 d-flex flex-column justify-content-start\">\r\n                    <div>\r\n                        <p class=\"text-muted mb-3 mt-1\">02\/26\/2026<\/p>\r\n                    <\/div>\r\n                                            <div class=\"latest-news__thumbnail mb-3\">\r\n                            <a href=\"https:\/\/allu.net\/allu-showcases-advanced-material-processing-solutions-at-conexpo-con-agg\/\" title=\"ALLU Showcases Advanced Material Processing Solutions at CONEXPO-CON\/AGG\">\r\n                                <img decoding=\"async\" width=\"640\" height=\"334\" src=\"https:\/\/allu.net\/wp-content\/uploads\/ALLU-Asphalt-Bucket-at-Conexpo-feb-news-1024x535.avif\" class=\"img-fluid wp-post-image\" alt=\"ALLU Asphalt Bucket at Conexpo.\" srcset=\"https:\/\/allu.net\/wp-content\/uploads\/ALLU-Asphalt-Bucket-at-Conexpo-feb-news-1024x535.avif 1024w, https:\/\/allu.net\/wp-content\/uploads\/ALLU-Asphalt-Bucket-at-Conexpo-feb-news-300x157.avif 300w, https:\/\/allu.net\/wp-content\/uploads\/ALLU-Asphalt-Bucket-at-Conexpo-feb-news-768x401.avif 768w, https:\/\/allu.net\/wp-content\/uploads\/ALLU-Asphalt-Bucket-at-Conexpo-feb-news.avif 1200w\" sizes=\"auto, (max-width: 640px) 100vw, 640px\" loading=\"lazy\">                            <\/a>\r\n                        <\/div>\r\n                                        <div class=\"latest-news__content d-flex flex-column h-100 justify-content-between\">\r\n                            <div>\r\n                                <h3 class=\"h5 pb-2 fw-bold\"><a href=\"https:\/\/allu.net\/allu-showcases-advanced-material-processing-solutions-at-conexpo-con-agg\/\" class=\"link-underline link-underline-opacity-0\" title=\"ALLU Showcases Advanced Material Processing Solutions at CONEXPO-CON\/AGG\">ALLU Showcases Advanced Material Processing Solutions at CONEXPO-CON\/AGG<\/a><\/h3>\r\n                                <p>ALLU will participate in CONEXPO-CON\/AGG 2026 in Las Vegas, showcasing its latest innovations at the largest construction show in North&hellip;<\/p>\r\n                            <\/div>\r\n                            <div>\r\n                                <a href=\"https:\/\/allu.net\/allu-showcases-advanced-material-processing-solutions-at-conexpo-con-agg\/\" class=\"btn btn-outline-secondary btn-sm\">Read More<i class=\"fa-solid fa-angle-right ms-2\"><\/i><\/a>\r\n                            <\/div>\r\n                    <\/div>\r\n                <\/div>\r\n            <\/div>\r\n                    <div class=\"col-md-4 latest-news__item mb-4 p-2\">\r\n                <div class=\"bg-allu-white h-100 p-3 d-flex flex-column justify-content-start\">\r\n                    <div>\r\n                        <p class=\"text-muted mb-3 mt-1\">02\/03\/2026<\/p>\r\n                    <\/div>\r\n                                            <div class=\"latest-news__thumbnail mb-3\">\r\n                            <a href=\"https:\/\/allu.net\/allu-celebrates-40-years-of-innovation\/\" title=\"ALLU Celebrates 40 Years of Innovation\">\r\n                                <img decoding=\"async\" width=\"640\" height=\"373\" src=\"https:\/\/allu.net\/wp-content\/uploads\/ALLU-40-years-news-january-1024x596.avif\" class=\"img-fluid wp-post-image\" alt=\"ALLU 40 years of excellence.\" srcset=\"https:\/\/allu.net\/wp-content\/uploads\/ALLU-40-years-news-january-1024x596.avif 1024w, https:\/\/allu.net\/wp-content\/uploads\/ALLU-40-years-news-january-300x175.avif 300w, https:\/\/allu.net\/wp-content\/uploads\/ALLU-40-years-news-january-768x447.avif 768w, https:\/\/allu.net\/wp-content\/uploads\/ALLU-40-years-news-january-1536x894.avif 1536w, https:\/\/allu.net\/wp-content\/uploads\/ALLU-40-years-news-january-2048x1192.avif 2048w\" sizes=\"auto, (max-width: 640px) 100vw, 640px\" loading=\"lazy\">                            <\/a>\r\n                        <\/div>\r\n                                        <div class=\"latest-news__content d-flex flex-column h-100 justify-content-between\">\r\n                            <div>\r\n                                <h3 class=\"h5 pb-2 fw-bold\"><a href=\"https:\/\/allu.net\/allu-celebrates-40-years-of-innovation\/\" class=\"link-underline link-underline-opacity-0\" title=\"ALLU Celebrates 40 Years of Innovation\">ALLU Celebrates 40 Years of Innovation<\/a><\/h3>\r\n                                <p>Since its founding in late 1985, ALLU has combined practical innovation and engineering expertise to transform material processing. From the&hellip;<\/p>\r\n                            <\/div>\r\n                            <div>\r\n                                <a href=\"https:\/\/allu.net\/allu-celebrates-40-years-of-innovation\/\" class=\"btn btn-outline-secondary btn-sm\">Read More<i class=\"fa-solid fa-angle-right ms-2\"><\/i><\/a>\r\n                            <\/div>\r\n                    <\/div>\r\n                <\/div>\r\n            <\/div>\r\n                <\/div>\r\n            <\/div>\r\n<\/section><script>\r\n    jQuery(document).ready(function($) {\r\n        $('#load-more').on('click', function() {\r\n            var button = $(this);\r\n            var page = button.data('page');\r\n            var newPage = page + 1;\r\n            var ajaxurl = button.data('url');\r\n\r\n            $.ajax({\r\n                url: ajaxurl,\r\n                type: 'post',\r\n                data: {\r\n                    page: page,\r\n                    action: 'load_more_news'\r\n                },\r\n                error: function(response) {\r\n                    console.log(response);\r\n                },\r\n                success: function(response) {\r\n                    $('#news-container').append(response);\r\n                    button.data('page', newPage);\r\n                }\r\n            });\r\n        });\r\n    });\r\n<\/script><p>\r\n\n\n\t<section id=\"posts-per-year\" class=\"bg-white py-5\">\n\t\t<div class=\"container\">\n\t\t\t<div class=\"row\">\n\t\t\t\t<div class=\"col col-lg-3\">\n\t\t\t\t\t<div id=\"post-filter\">\n\t\t\t\t\t\t<h3>Filter by Year<\/h3>\n\t\t\t\t\t\t\t\t\t\t\t\t<hr \/>\n\t\t\t\t\t\t<h3>Filtrera p\u00e5 kategori<\/h3>\n\t\t\t\t\t\t\t\t\t\t\t\t\t<label class=\"cb-container\">\n\t\t\t\t\t\t\t\t<input type=\"checkbox\" name=\"category\" value=\"Nyheter (SV)\"> Nyheter (SV)\t\t\t\t\t\t\t\t<span class=\"checkmark\"><\/span>\n\t\t\t\t\t\t\t<\/label>\n\t\t\t\t\t\t\t\t\t\t\t\t\t<label class=\"cb-container\">\n\t\t\t\t\t\t\t\t<input type=\"checkbox\" name=\"category\" value=\"Okategoriserad\"> Okategoriserad\t\t\t\t\t\t\t\t<span class=\"checkmark\"><\/span>\n\t\t\t\t\t\t\t<\/label>\n\t\t\t\t\t\t\t\t\t\t\t\t\t<label class=\"cb-container\">\n\t\t\t\t\t\t\t\t<input type=\"checkbox\" name=\"category\" value=\"Pressmeddelande (SV)\"> Pressmeddelande (SV)\t\t\t\t\t\t\t\t<span class=\"checkmark\"><\/span>\n\t\t\t\t\t\t\t<\/label>\n\t\t\t\t\t\t\t\t\t\t\t<\/div>\n\t\t\t\t<\/div>\n\t\t\t\t<div class=\"col col-lg-9\">\n\t\t\t\t\t<div id=\"post-list\">\n\t\t\t\t\t\t<h3>Posts<\/h3>\n\t\t\t\t\t\t<ul id=\"post-titles\">\n\t\t\t\t\t\t\t\t\t\t\t\t\t\t\t\t<li><time datetime=\"2023-04-27T18:36:00+03:00\" itemprop=\"datePublished\">27 april 2023<\/time> <a href=\"https:\/\/allu.net\/sv\/allu-presenterar-nya-veloci-sorteringsskopor\/\">ALLU Sverige presenterar \u2013 Nya ALLU Veloci<\/a><\/li>\n\t\t\t\t\t\t\t\t\t\t\t\t\t\t\t\t\t<li><time datetime=\"2023-02-22T17:23:00+02:00\" itemprop=\"datePublished\">22 februari 2023<\/time> <a href=\"https:\/\/allu.net\/sv\/nya-allu-variabla-trummor\/\">Nya ALLU Variabla Trummor<\/a><\/li>\n\t\t\t\t\t\t\t\t\t\t\t\t\t\t\t\t\t<li><time datetime=\"2022-12-08T11:50:00+02:00\" itemprop=\"datePublished\">8 december 2022<\/time> <a href=\"https:\/\/allu.net\/sv\/allu-staller-ut-pa-conexpo-2023-2\/\">ALLU st\u00e4ller ut p\u00e5 CONEXPO 2023<\/a><\/li>\n\t\t\t\t\t\t\t\t\t\t\t\t\t\t\t\t\t<li><time datetime=\"2022-11-07T19:16:00+02:00\" itemprop=\"datePublished\">7 november 2022<\/time> <a href=\"https:\/\/allu.net\/sv\/allu-och-partners-pa-bauma-2022\/\">ALLU och partners p\u00e5 BAUMA 2022<\/a><\/li>\n\t\t\t\t\t\t\t\t\t\t\t\t\t\t\t\t\t<li><time datetime=\"2022-10-10T19:57:00+03:00\" itemprop=\"datePublished\">10 oktober 2022<\/time> <a href=\"https:\/\/allu.net\/sv\/allu-i-samarbete-med-partners-pa-bauma-2022-2\/\">ALLU samarbetar med partners p\u00e5 BAUMA 2022<\/a><\/li>\n\t\t\t\t\t\t\t\t\t\t\t\t\t\t\t\t\t<li><time datetime=\"2022-10-04T18:14:56+03:00\" itemprop=\"datePublished\">4 oktober 2022<\/time> <a href=\"https:\/\/allu.net\/sv\/allu-ar-glada-att-presentera-daniel-lexander-som-ny-dealer-manager-for-sydostasien\/\">ALLU \u00e4r glada att presentera Daniel Lexander, ny dealer manager f\u00f6r Sydostasien<\/a><\/li>\n\t\t\t\t\t\t\t\t\t\t\t\t\t\t\t\t\t<li><time datetime=\"2021-03-01T18:29:19+02:00\" itemprop=\"datePublished\">1 mars 2021<\/time> <a href=\"https:\/\/allu.net\/sv\/allu-startar-utvecklingsbolag\/\">Allu startar utvecklingsbolag<\/a><\/li>\n\t\t\t\t\t\t\t\t\t\t\t\t\t\t\t\t\t<li><time datetime=\"2021-03-01T18:27:10+02:00\" itemprop=\"datePublished\">1 mars 2021<\/time> <a href=\"https:\/\/allu.net\/sv\/ny-kross-och-siktskopa\/\">Ny kross- och siktskopa<\/a><\/li>\n\t\t\t\t\t\t\t\t\t\t\t\t\t\t\t\t\t<li><time datetime=\"2021-03-01T18:25:14+02:00\" itemprop=\"datePublished\">1 mars 2021<\/time> <a href=\"https:\/\/allu.net\/sv\/allu-crusher-lanseras-i-sverige\/\">Allu Crusher lanseras i Sverige<\/a><\/li>\n\t\t\t\t\t\t\t\t\t\t\t\t\t\t\t\t\t<li><time datetime=\"2021-03-01T18:17:13+02:00\" itemprop=\"datePublished\">1 mars 2021<\/time> <a href=\"https:\/\/allu.net\/sv\/samarbete-for-atervinning-av-betong\/\">Samarbete f\u00f6r \u00e5tervinning av betong<\/a><\/li>\n\t\t\t\t\t\t\t\t\t\t\t\t\t\t<\/ul>\n\t\t\t\t\t\t<div class=\"text-center py-5\">\n\t\t\t\t\t\t\t<button id=\"load-more-news\" data-paged=\"1\" class=\"btn btn-outline-allu-darkgray\">\n\t\t\t\t\t\t\t\t<span id=\"loadspinner\" class=\"spinner-border text-secondary spinner-border-sm\" role=\"status\" aria-hidden=\"true\"><\/span>\n\t\t\t\t\t\t\t\t<span id=\"loadtext\">Load more<\/span>\n\t\t\t\t\t\t\t<\/button>\n\t\t\t\t\t\t<\/div>\n\t\t\t\t\t<\/div>\n\t\t\t\t<\/div>\n\t\t\t<\/div>\n\t\t<\/div>\n\t<\/section>\t\n    \n<\/p>\n","protected":false},"excerpt":{"rendered":"","protected":false},"author":4,"featured_media":0,"parent":0,"menu_order":0,"comment_status":"closed","ping_status":"closed","template":"","meta":{"_acf_changed":false,"footnotes":""},"class_list":["post-1401","page","type-page","status-publish","hentry"],"acf":[],"yoast_head":"<!-- This site is optimized with the Yoast SEO Premium plugin v27.2 (Yoast SEO v27.2) - https:\/\/yoast.com\/product\/yoast-seo-premium-wordpress\/ -->\n<title>Nyheter - ALLU Sverige<\/title>\n<meta name=\"description\" content=\"ALLU Nyheter \u00e4r platsen f\u00f6r alla nyheter och pressreleaser r\u00f6rande f\u00f6retaget ALLU samt v\u00e5ra produkter. Se senaste pressreleasen.\" \/>\n<meta name=\"robots\" content=\"index, follow, max-snippet:-1, max-image-preview:large, max-video-preview:-1\" \/>\n<link rel=\"canonical\" href=\"https:\/\/allu.net\/sv\/nyheter\/\" \/>\n<meta property=\"og:locale\" content=\"sv_SE\" \/>\n<meta property=\"og:type\" content=\"article\" \/>\n<meta property=\"og:title\" content=\"Nyheter - ALLU Sverige\" \/>\n<meta property=\"og:description\" content=\"ALLU Nyheter \u00e4r platsen f\u00f6r alla nyheter och pressreleaser r\u00f6rande f\u00f6retaget ALLU samt v\u00e5ra produkter. Se senaste pressreleasen.\" \/>\n<meta property=\"og:url\" content=\"https:\/\/allu.net\/sv\/nyheter\/\" \/>\n<meta property=\"og:site_name\" content=\"ALLU Sverige\" \/>\n<meta property=\"article:publisher\" content=\"https:\/\/www.facebook.com\/ALLUGLOBAL\/\" \/>\n<meta property=\"article:modified_time\" content=\"2024-09-05T05:24:53+00:00\" \/>\n<meta property=\"og:image\" content=\"https:\/\/allu.net\/wp-content\/uploads\/ALLU-Website-slide-for-Screening-bucket-and-crushing-scaled.avif\" \/>\n\t<meta property=\"og:image:width\" content=\"2560\" \/>\n\t<meta property=\"og:image:height\" content=\"1231\" \/>\n\t<meta property=\"og:image:type\" content=\"image\/jpeg\" \/>\n<meta name=\"twitter:card\" content=\"summary_large_image\" \/>\n<meta name=\"twitter:site\" content=\"@AlluGroup\" \/>\n<meta name=\"twitter:label1\" content=\"Ber\u00e4knad l\u00e4stid\" \/>\n\t<meta name=\"twitter:data1\" content=\"1 minut\" \/>\n<script type=\"application\/ld+json\" class=\"yoast-schema-graph\">{\"@context\":\"https:\/\/schema.org\",\"@graph\":[{\"@type\":\"WebPage\",\"@id\":\"https:\/\/allu.net\/sv\/nyheter\/\",\"url\":\"https:\/\/allu.net\/sv\/nyheter\/\",\"name\":\"Nyheter - ALLU Sverige\",\"isPartOf\":{\"@id\":\"https:\/\/allu.net\/sv\/#website\"},\"datePublished\":\"2024-08-30T08:29:55+00:00\",\"dateModified\":\"2024-09-05T05:24:53+00:00\",\"description\":\"ALLU Nyheter \u00e4r platsen f\u00f6r alla nyheter och pressreleaser r\u00f6rande f\u00f6retaget ALLU samt v\u00e5ra produkter. Se senaste pressreleasen.\",\"breadcrumb\":{\"@id\":\"https:\/\/allu.net\/sv\/nyheter\/#breadcrumb\"},\"inLanguage\":\"sv-SE\",\"potentialAction\":[{\"@type\":\"ReadAction\",\"target\":[\"https:\/\/allu.net\/sv\/nyheter\/\"]}]},{\"@type\":\"BreadcrumbList\",\"@id\":\"https:\/\/allu.net\/sv\/nyheter\/#breadcrumb\",\"itemListElement\":[{\"@type\":\"ListItem\",\"position\":1,\"name\":\"ALLU\",\"item\":\"https:\/\/allu.net\/sv\/\"},{\"@type\":\"ListItem\",\"position\":2,\"name\":\"Nyheter\"}]},{\"@type\":\"WebSite\",\"@id\":\"https:\/\/allu.net\/sv\/#website\",\"url\":\"https:\/\/allu.net\/sv\/\",\"name\":\"ALLU\",\"description\":\"One Step Ahead\",\"publisher\":{\"@id\":\"https:\/\/allu.net\/sv\/#organization\"},\"potentialAction\":[{\"@type\":\"SearchAction\",\"target\":{\"@type\":\"EntryPoint\",\"urlTemplate\":\"https:\/\/allu.net\/sv\/?s={search_term_string}\"},\"query-input\":{\"@type\":\"PropertyValueSpecification\",\"valueRequired\":true,\"valueName\":\"search_term_string\"}}],\"inLanguage\":\"sv-SE\"},{\"@type\":\"Organization\",\"@id\":\"https:\/\/allu.net\/sv\/#organization\",\"name\":\"ALLU Group\",\"url\":\"https:\/\/allu.net\/sv\/\",\"logo\":{\"@type\":\"ImageObject\",\"inLanguage\":\"sv-SE\",\"@id\":\"https:\/\/allu.net\/sv\/#\/schema\/logo\/image\/\",\"url\":\"https:\/\/allu.net\/wp-content\/uploads\/ALLU-Logo-black-web.png\",\"contentUrl\":\"https:\/\/allu.net\/wp-content\/uploads\/ALLU-Logo-black-web.png\",\"width\":1723,\"height\":677,\"caption\":\"ALLU Group\"},\"image\":{\"@id\":\"https:\/\/allu.net\/sv\/#\/schema\/logo\/image\/\"},\"sameAs\":[\"https:\/\/www.facebook.com\/ALLUGLOBAL\/\",\"https:\/\/x.com\/AlluGroup\"]}]}<\/script>\n<!-- \/ Yoast SEO Premium plugin. -->","yoast_head_json":{"title":"Nyheter - ALLU Sverige","description":"ALLU Nyheter \u00e4r platsen f\u00f6r alla nyheter och pressreleaser r\u00f6rande f\u00f6retaget ALLU samt v\u00e5ra produkter. Se senaste pressreleasen.","robots":{"index":"index","follow":"follow","max-snippet":"max-snippet:-1","max-image-preview":"max-image-preview:large","max-video-preview":"max-video-preview:-1"},"canonical":"https:\/\/allu.net\/sv\/nyheter\/","og_locale":"sv_SE","og_type":"article","og_title":"Nyheter - ALLU Sverige","og_description":"ALLU Nyheter \u00e4r platsen f\u00f6r alla nyheter och pressreleaser r\u00f6rande f\u00f6retaget ALLU samt v\u00e5ra produkter. Se senaste pressreleasen.","og_url":"https:\/\/allu.net\/sv\/nyheter\/","og_site_name":"ALLU Sverige","article_publisher":"https:\/\/www.facebook.com\/ALLUGLOBAL\/","article_modified_time":"2024-09-05T05:24:53+00:00","og_image":[{"width":2560,"height":1231,"url":"https:\/\/allu.net\/wp-content\/uploads\/ALLU-Website-slide-for-Screening-bucket-and-crushing-scaled.avif","type":"image\/jpeg"}],"twitter_card":"summary_large_image","twitter_site":"@AlluGroup","twitter_misc":{"Ber\u00e4knad l\u00e4stid":"1 minut"},"schema":{"@context":"https:\/\/schema.org","@graph":[{"@type":"WebPage","@id":"https:\/\/allu.net\/sv\/nyheter\/","url":"https:\/\/allu.net\/sv\/nyheter\/","name":"Nyheter - ALLU Sverige","isPartOf":{"@id":"https:\/\/allu.net\/sv\/#website"},"datePublished":"2024-08-30T08:29:55+00:00","dateModified":"2024-09-05T05:24:53+00:00","description":"ALLU Nyheter \u00e4r platsen f\u00f6r alla nyheter och pressreleaser r\u00f6rande f\u00f6retaget ALLU samt v\u00e5ra produkter. Se senaste pressreleasen.","breadcrumb":{"@id":"https:\/\/allu.net\/sv\/nyheter\/#breadcrumb"},"inLanguage":"sv-SE","potentialAction":[{"@type":"ReadAction","target":["https:\/\/allu.net\/sv\/nyheter\/"]}]},{"@type":"BreadcrumbList","@id":"https:\/\/allu.net\/sv\/nyheter\/#breadcrumb","itemListElement":[{"@type":"ListItem","position":1,"name":"ALLU","item":"https:\/\/allu.net\/sv\/"},{"@type":"ListItem","position":2,"name":"Nyheter"}]},{"@type":"WebSite","@id":"https:\/\/allu.net\/sv\/#website","url":"https:\/\/allu.net\/sv\/","name":"ALLU","description":"One Step Ahead","publisher":{"@id":"https:\/\/allu.net\/sv\/#organization"},"potentialAction":[{"@type":"SearchAction","target":{"@type":"EntryPoint","urlTemplate":"https:\/\/allu.net\/sv\/?s={search_term_string}"},"query-input":{"@type":"PropertyValueSpecification","valueRequired":true,"valueName":"search_term_string"}}],"inLanguage":"sv-SE"},{"@type":"Organization","@id":"https:\/\/allu.net\/sv\/#organization","name":"ALLU Group","url":"https:\/\/allu.net\/sv\/","logo":{"@type":"ImageObject","inLanguage":"sv-SE","@id":"https:\/\/allu.net\/sv\/#\/schema\/logo\/image\/","url":"https:\/\/allu.net\/wp-content\/uploads\/ALLU-Logo-black-web.png","contentUrl":"https:\/\/allu.net\/wp-content\/uploads\/ALLU-Logo-black-web.png","width":1723,"height":677,"caption":"ALLU Group"},"image":{"@id":"https:\/\/allu.net\/sv\/#\/schema\/logo\/image\/"},"sameAs":["https:\/\/www.facebook.com\/ALLUGLOBAL\/","https:\/\/x.com\/AlluGroup"]}]}},"_links":{"self":[{"href":"https:\/\/allu.net\/sv\/wp-json\/wp\/v2\/pages\/1401","targetHints":{"allow":["GET"]}}],"collection":[{"href":"https:\/\/allu.net\/sv\/wp-json\/wp\/v2\/pages"}],"about":[{"href":"https:\/\/allu.net\/sv\/wp-json\/wp\/v2\/types\/page"}],"author":[{"embeddable":true,"href":"https:\/\/allu.net\/sv\/wp-json\/wp\/v2\/users\/4"}],"replies":[{"embeddable":true,"href":"https:\/\/allu.net\/sv\/wp-json\/wp\/v2\/comments?post=1401"}],"version-history":[{"count":0,"href":"https:\/\/allu.net\/sv\/wp-json\/wp\/v2\/pages\/1401\/revisions"}],"wp:attachment":[{"href":"https:\/\/allu.net\/sv\/wp-json\/wp\/v2\/media?parent=1401"}],"curies":[{"name":"wp","href":"https:\/\/api.w.org\/{rel}","templated":true}]}}