{"id":3792,"date":"2021-07-27T09:33:59","date_gmt":"2021-07-27T06:33:59","guid":{"rendered":"https:\/\/allu.net\/?page_id=3792"},"modified":"2024-09-05T16:20:44","modified_gmt":"2024-09-05T13:20:44","slug":"carrieres","status":"publish","type":"page","link":"https:\/\/allu.net\/fr\/carrieres\/","title":{"rendered":"Carri\u00e8res"},"content":{"rendered":"<?xml encoding=\"utf-8\" ?><section class=\"block block-jumbotron block-padding-top-0 block-padding-bottom-2\">\r\n\t\t<div class=\"jumbotron-container d-flex align-items-end justify-content-center jumbotron-container-basic\" style=\"background-image: url('https:\/\/allu.net\/wp-content\/uploads\/2021\/07\/ALLU-Tracker-horizontal-scaled.avif');\">\r\n\t\t\t<div class=\"jumbotron-content container align-items-top justify-content-center\">\r\n\t\t\t\t<div class=\"row\">\r\n\t\t\t\t\t<div class=\"col-12 col-md jumbotron-title text-center text-md-end align-self-center\">\r\n\t\t\t\t\t\t<h1 class=\"text-uppercase\">Carri&egrave;res<\/h1>\r\n\t\t\t\t\t<\/div>\r\n\t\t\t\t\t<div class=\"col-auto jumbotron-divider\"><\/div>\r\n\t\t\t\t\t<div class=\"col-12 col-md jumbotron-content text-center text-md-start align-self-center\">\r\n\t\t\t\t\t\t<div class=\"jumbotron-text\">ALLU is a Global family-owned company that offers a world of opportunities for both professionals and graduates<\/div>\r\n\t\t\t\t\t\t\t\t\t\t\t<\/div>\r\n\t\t\t\t<\/div>\r\n\t\t\t<\/div>\r\n\t\t<\/div>\r\n\t\t<div class=\"cp-jumbotron__breadcrumbs\">\r\n\t\t\t\t\t<\/div>\r\n\t<\/section><div class=\"wp-block-group uk-container uk-container-small\"><div class=\"wp-block-group__inner-container is-layout-flow wp-block-group-is-layout-flow container\">\n<div style=\"height:30px\" aria-hidden=\"true\" class=\"wp-block-spacer\"><\/div>\n\n\n\n<h2 class=\"wp-block-heading has-text-align-center\" id=\"h-rejoignez-la-famille-allu\">Rejoignez la famille ALLU<\/h2>\n\n\n\n<p class=\"has-text-align-center uk-text-large has-text-color\" style=\"color:#5a5a5a\">ALLU est une entreprise familiale qui offre d&rsquo;innombrables opportunit&eacute;s autant pour les professionnels que pour les &eacute;tudiants. Vous pouvez b&eacute;n&eacute;ficier d&rsquo;excellentes formations , d&rsquo;accompagnement, de flexibilit&eacute; pour exprimer pleinement votre potentiel ainsi que de r&eacute;compenses et avantages sociaux que nous savons incomparables.<\/p>\n\n\n\n<div style=\"height:60px\" aria-hidden=\"true\" class=\"wp-block-spacer\"><\/div>\n<\/div><\/div><div class=\"wp-block-group has-white-color has-text-color has-background\" style=\"background-color:#41413f\"><div class=\"wp-block-group__inner-container is-layout-flow wp-block-group-is-layout-flow container\">\n<div class=\"wp-block-group uk-container\"><div class=\"wp-block-group__inner-container is-layout-flow wp-block-group-is-layout-flow\">\n<div style=\"height:60px\" aria-hidden=\"true\" class=\"wp-block-spacer\"><\/div>\n\n\n\n<h3 class=\"wp-block-heading uk-margin-remove-top has-white-color has-text-color\" id=\"h-envoyez-nous-votre-cv\">Envoyez-nous votre CV<\/h3>\n\n\n\n<p class=\"max-width-750 links-color-primary links-underline has-white-color has-text-color\">Nous recherchons en permanence des personnes talentueuses afin de rejoindre la famille ALLU Si vous ne trouvez pas de poste dans notre liste d&rsquo;opportunit&eacute;s, envoyez-nous un E-mail avec votre CV ainsi qu&rsquo;une lettre de motivation &agrave; <a href=\"mailto:rekrytointi@allu.net\">rekrytointi@allu.net<\/a> et nous ne manquerons pas de prendre contact avec vous d&egrave;s qu&rsquo;une opportunit&eacute; verra le jour.<\/p>\n\n\n\n<div style=\"height:41px\" aria-hidden=\"true\" class=\"wp-block-spacer\"><\/div>\n<\/div><\/div>\n<\/div><\/div>\n","protected":false},"excerpt":{"rendered":"<p>Rejoignez la famille ALLU ALLU est une entreprise familiale qui offre d&rsquo;innombrables opportunit&eacute;s autant pour les professionnels que pour les &eacute;tudiants. Vous pouvez b&eacute;n&eacute;ficier d&rsquo;excellentes formations , d&rsquo;accompagnement, de flexibilit&eacute; pour exprimer pleinement votre potentiel ainsi que de r&eacute;compenses et avantages sociaux que nous savons incomparables. Envoyez-nous votre CV Nous recherchons en permanence des personnes [&hellip;]<\/p>\n","protected":false},"author":4,"featured_media":0,"parent":0,"menu_order":0,"comment_status":"closed","ping_status":"closed","template":"","meta":{"_acf_changed":false,"footnotes":""},"class_list":["post-3792","page","type-page","status-publish","hentry"],"acf":[],"yoast_head":"<!-- This site is optimized with the Yoast SEO Premium plugin v27.3 (Yoast SEO v27.3) - https:\/\/yoast.com\/product\/yoast-seo-premium-wordpress\/ -->\n<title>Carri\u00e8res - ALLU France<\/title>\n<meta name=\"description\" content=\"Bienvenue dans la famille ALLU ! Venez d\u00e9couvrir toutes les opportunit\u00e9s qu&#039;ALLU vous propose et envoyez nous votre CV\" \/>\n<meta name=\"robots\" content=\"index, follow, max-snippet:-1, max-image-preview:large, max-video-preview:-1\" \/>\n<link rel=\"canonical\" href=\"https:\/\/allu.net\/fr\/carrieres\/\" \/>\n<meta property=\"og:locale\" content=\"fr_FR\" \/>\n<meta property=\"og:type\" content=\"article\" \/>\n<meta property=\"og:title\" content=\"Carri\u00e8res - ALLU France\" \/>\n<meta property=\"og:description\" content=\"Bienvenue dans la famille ALLU ! Venez d\u00e9couvrir toutes les opportunit\u00e9s qu&#039;ALLU vous propose et envoyez nous votre CV\" \/>\n<meta property=\"og:url\" content=\"https:\/\/allu.net\/fr\/carrieres\/\" \/>\n<meta property=\"og:site_name\" content=\"ALLU France\" \/>\n<meta property=\"article:publisher\" content=\"https:\/\/www.facebook.com\/ALLUGLOBAL\/\" \/>\n<meta property=\"article:modified_time\" content=\"2024-09-05T13:20:44+00:00\" \/>\n<meta property=\"og:image\" content=\"https:\/\/allu.net\/wp-content\/uploads\/ALLU-Website-slide-for-Screening-bucket-and-crushing-scaled.avif\" \/>\n\t<meta property=\"og:image:width\" content=\"2560\" \/>\n\t<meta property=\"og:image:height\" content=\"1231\" \/>\n\t<meta property=\"og:image:type\" content=\"image\/jpeg\" \/>\n<meta name=\"twitter:card\" content=\"summary_large_image\" \/>\n<meta name=\"twitter:site\" content=\"@AlluGroup\" \/>\n<meta name=\"twitter:label1\" content=\"Dur\u00e9e de lecture estim\u00e9e\" \/>\n\t<meta name=\"twitter:data1\" content=\"1 minute\" \/>\n<script type=\"application\/ld+json\" class=\"yoast-schema-graph\">{\"@context\":\"https:\\\/\\\/schema.org\",\"@graph\":[{\"@type\":\"WebPage\",\"@id\":\"https:\\\/\\\/allu.net\\\/fr\\\/carrieres\\\/\",\"url\":\"https:\\\/\\\/allu.net\\\/fr\\\/carrieres\\\/\",\"name\":\"Carri\u00e8res - ALLU France\",\"isPartOf\":{\"@id\":\"https:\\\/\\\/allu.net\\\/fr\\\/#website\"},\"datePublished\":\"2021-07-27T06:33:59+00:00\",\"dateModified\":\"2024-09-05T13:20:44+00:00\",\"description\":\"Bienvenue dans la famille ALLU ! Venez d\u00e9couvrir toutes les opportunit\u00e9s qu'ALLU vous propose et envoyez nous votre CV\",\"breadcrumb\":{\"@id\":\"https:\\\/\\\/allu.net\\\/fr\\\/carrieres\\\/#breadcrumb\"},\"inLanguage\":\"fr-FR\",\"potentialAction\":[{\"@type\":\"ReadAction\",\"target\":[\"https:\\\/\\\/allu.net\\\/fr\\\/carrieres\\\/\"]}]},{\"@type\":\"BreadcrumbList\",\"@id\":\"https:\\\/\\\/allu.net\\\/fr\\\/carrieres\\\/#breadcrumb\",\"itemListElement\":[{\"@type\":\"ListItem\",\"position\":1,\"name\":\"ALLU\",\"item\":\"https:\\\/\\\/allu.net\\\/fr\\\/\"},{\"@type\":\"ListItem\",\"position\":2,\"name\":\"Carri\u00e8res\"}]},{\"@type\":\"WebSite\",\"@id\":\"https:\\\/\\\/allu.net\\\/fr\\\/#website\",\"url\":\"https:\\\/\\\/allu.net\\\/fr\\\/\",\"name\":\"ALLU\",\"description\":\"One Step Ahead\",\"publisher\":{\"@id\":\"https:\\\/\\\/allu.net\\\/fr\\\/#organization\"},\"potentialAction\":[{\"@type\":\"SearchAction\",\"target\":{\"@type\":\"EntryPoint\",\"urlTemplate\":\"https:\\\/\\\/allu.net\\\/fr\\\/?s={search_term_string}\"},\"query-input\":{\"@type\":\"PropertyValueSpecification\",\"valueRequired\":true,\"valueName\":\"search_term_string\"}}],\"inLanguage\":\"fr-FR\"},{\"@type\":\"Organization\",\"@id\":\"https:\\\/\\\/allu.net\\\/fr\\\/#organization\",\"name\":\"ALLU Group\",\"url\":\"https:\\\/\\\/allu.net\\\/fr\\\/\",\"logo\":{\"@type\":\"ImageObject\",\"inLanguage\":\"fr-FR\",\"@id\":\"https:\\\/\\\/allu.net\\\/fr\\\/#\\\/schema\\\/logo\\\/image\\\/\",\"url\":\"https:\\\/\\\/allu.net\\\/wp-content\\\/uploads\\\/ALLU-Logo-black-web.png\",\"contentUrl\":\"https:\\\/\\\/allu.net\\\/wp-content\\\/uploads\\\/ALLU-Logo-black-web.png\",\"width\":1723,\"height\":677,\"caption\":\"ALLU Group\"},\"image\":{\"@id\":\"https:\\\/\\\/allu.net\\\/fr\\\/#\\\/schema\\\/logo\\\/image\\\/\"},\"sameAs\":[\"https:\\\/\\\/www.facebook.com\\\/ALLUGLOBAL\\\/\",\"https:\\\/\\\/x.com\\\/AlluGroup\"]}]}<\/script>\n<!-- \/ Yoast SEO Premium plugin. -->","yoast_head_json":{"title":"Carri\u00e8res - ALLU France","description":"Bienvenue dans la famille ALLU ! Venez d\u00e9couvrir toutes les opportunit\u00e9s qu'ALLU vous propose et envoyez nous votre CV","robots":{"index":"index","follow":"follow","max-snippet":"max-snippet:-1","max-image-preview":"max-image-preview:large","max-video-preview":"max-video-preview:-1"},"canonical":"https:\/\/allu.net\/fr\/carrieres\/","og_locale":"fr_FR","og_type":"article","og_title":"Carri\u00e8res - ALLU France","og_description":"Bienvenue dans la famille ALLU ! Venez d\u00e9couvrir toutes les opportunit\u00e9s qu'ALLU vous propose et envoyez nous votre CV","og_url":"https:\/\/allu.net\/fr\/carrieres\/","og_site_name":"ALLU France","article_publisher":"https:\/\/www.facebook.com\/ALLUGLOBAL\/","article_modified_time":"2024-09-05T13:20:44+00:00","og_image":[{"width":2560,"height":1231,"url":"https:\/\/allu.net\/wp-content\/uploads\/ALLU-Website-slide-for-Screening-bucket-and-crushing-scaled.avif","type":"image\/jpeg"}],"twitter_card":"summary_large_image","twitter_site":"@AlluGroup","twitter_misc":{"Dur\u00e9e de lecture estim\u00e9e":"1 minute"},"schema":{"@context":"https:\/\/schema.org","@graph":[{"@type":"WebPage","@id":"https:\/\/allu.net\/fr\/carrieres\/","url":"https:\/\/allu.net\/fr\/carrieres\/","name":"Carri\u00e8res - ALLU France","isPartOf":{"@id":"https:\/\/allu.net\/fr\/#website"},"datePublished":"2021-07-27T06:33:59+00:00","dateModified":"2024-09-05T13:20:44+00:00","description":"Bienvenue dans la famille ALLU ! Venez d\u00e9couvrir toutes les opportunit\u00e9s qu'ALLU vous propose et envoyez nous votre CV","breadcrumb":{"@id":"https:\/\/allu.net\/fr\/carrieres\/#breadcrumb"},"inLanguage":"fr-FR","potentialAction":[{"@type":"ReadAction","target":["https:\/\/allu.net\/fr\/carrieres\/"]}]},{"@type":"BreadcrumbList","@id":"https:\/\/allu.net\/fr\/carrieres\/#breadcrumb","itemListElement":[{"@type":"ListItem","position":1,"name":"ALLU","item":"https:\/\/allu.net\/fr\/"},{"@type":"ListItem","position":2,"name":"Carri\u00e8res"}]},{"@type":"WebSite","@id":"https:\/\/allu.net\/fr\/#website","url":"https:\/\/allu.net\/fr\/","name":"ALLU","description":"One Step Ahead","publisher":{"@id":"https:\/\/allu.net\/fr\/#organization"},"potentialAction":[{"@type":"SearchAction","target":{"@type":"EntryPoint","urlTemplate":"https:\/\/allu.net\/fr\/?s={search_term_string}"},"query-input":{"@type":"PropertyValueSpecification","valueRequired":true,"valueName":"search_term_string"}}],"inLanguage":"fr-FR"},{"@type":"Organization","@id":"https:\/\/allu.net\/fr\/#organization","name":"ALLU Group","url":"https:\/\/allu.net\/fr\/","logo":{"@type":"ImageObject","inLanguage":"fr-FR","@id":"https:\/\/allu.net\/fr\/#\/schema\/logo\/image\/","url":"https:\/\/allu.net\/wp-content\/uploads\/ALLU-Logo-black-web.png","contentUrl":"https:\/\/allu.net\/wp-content\/uploads\/ALLU-Logo-black-web.png","width":1723,"height":677,"caption":"ALLU Group"},"image":{"@id":"https:\/\/allu.net\/fr\/#\/schema\/logo\/image\/"},"sameAs":["https:\/\/www.facebook.com\/ALLUGLOBAL\/","https:\/\/x.com\/AlluGroup"]}]}},"_links":{"self":[{"href":"https:\/\/allu.net\/fr\/wp-json\/wp\/v2\/pages\/3792","targetHints":{"allow":["GET"]}}],"collection":[{"href":"https:\/\/allu.net\/fr\/wp-json\/wp\/v2\/pages"}],"about":[{"href":"https:\/\/allu.net\/fr\/wp-json\/wp\/v2\/types\/page"}],"author":[{"embeddable":true,"href":"https:\/\/allu.net\/fr\/wp-json\/wp\/v2\/users\/4"}],"replies":[{"embeddable":true,"href":"https:\/\/allu.net\/fr\/wp-json\/wp\/v2\/comments?post=3792"}],"version-history":[{"count":0,"href":"https:\/\/allu.net\/fr\/wp-json\/wp\/v2\/pages\/3792\/revisions"}],"wp:attachment":[{"href":"https:\/\/allu.net\/fr\/wp-json\/wp\/v2\/media?parent=3792"}],"curies":[{"name":"wp","href":"https:\/\/api.w.org\/{rel}","templated":true}]}}