{"id":1463,"date":"2021-02-19T07:34:55","date_gmt":"2021-02-19T05:34:55","guid":{"rendered":"http:\/\/allu.nipro.pro-linuxpl.com\/?page_id=1463"},"modified":"2025-09-15T18:49:57","modified_gmt":"2025-09-15T15:49:57","slug":"sav","status":"publish","type":"page","link":"https:\/\/allu.net\/fr\/sav\/","title":{"rendered":"Service ALLU"},"content":{"rendered":"<?xml encoding=\"utf-8\" ?><section>\r\n\t\t<div class=\"yt-embed position-relative d-flex flex-column align-items-center justify-content-center\" style=\"background-size: cover; background-position: center center;\">\r\n\r\n\t\t\t\t\t\t<video class=\"jumbo-video\" muted autoplay loop webkit-playsinline playsinline>\r\n\t\t\t\t<source src=\"https:\/\/allu.net\/wp-content\/uploads\/ALLU-Betoni-Support_Tyhja.mp4\" type=\"video\/webm\">\r\n\t\t\t\t<source src=\"https:\/\/allu.net\/wp-content\/uploads\/ALLU-Betoni-Support_Tyhja.mp4\" type=\"video\/mp4\">\r\n\t\t\t\tYour browser does not support the video tag.\r\n\t\t\t<\/source><\/source><\/video>\r\n\t\t\t\t\t\t<div class=\"yt-embed-overlay\"><\/div>\r\n\r\n\t\t\t<div class=\"jumbotron-container-video-outer mt-auto\">\r\n\t\t\t\t<div class=\"jumbotron-content container position-relative d-flex align-items-end justify-content-center jumbotron-container-video\">\r\n\t\t\t\t\t<div class=\"row\">\r\n\t\t\t\t\t\t<div class=\"col-12 col-md jumbotron-title text-center text-md-end align-self-center\">\r\n\t\t\t\t\t\t\t<h1 class=\"text-uppercase\">SAV et pi&egrave;ces d&eacute;tach&eacute;es<\/h1>\r\n\t\t\t\t\t\t<\/div>\r\n\t\t\t\t\t\t<div class=\"col-auto jumbotron-divider\"><\/div>\r\n\t\t\t\t\t\t<div class=\"col-12 col-md jumbotron-content text-center text-md-start align-self-center\">\r\n\t\t\t\t\t\t\t<div class=\"jumbotron-text\">Le SAV ALLU fournit des pi&egrave;ces d&eacute;tach&eacute;es d&rsquo;origine dans le monde entier&nbsp;; une excellente disponibilit&eacute; des pi&egrave;ces et des d&eacute;lais de livraison rapides permettent de garantir une productivit&eacute; maximale.<\/div>\r\n\t\t\t\t\t\t\t\t\t\t\t\t\t\t\t<div class=\"jumbotron-buttons mt-4\">\r\n\t\t\t\t\t\t\t\t\t\t\t\t\t\t\t\t\t\t\t\t\t\t\t\t\t\t\t\t\t<a href=\"https:\/\/allu.net\/fr\/aide-et-foire-aux-questions\/\" class=\"btn me-2 mb-2 btn-primary btn-lg\">Aide et FAQ<\/a>\r\n\t\t\t\t\t\t\t\t\t\t\t\t\t\t\t\t\t\t\t\t\t\t\t\t\t\t\t\t\t<a href=\"https:\/\/allu.net\/fr\/produits\/\" class=\"btn me-2 mb-2 btn-outline-primary btn-lg\">Voir les produits<\/a>\r\n\t\t\t\t\t\t\t\t\t\t\t\t\t\t\t\t\t<\/div>\r\n\t\t\t\t\t\t\t\t\t\t\t\t\t<\/div>\r\n\t\t\t\t\t<\/div>\r\n\t\t\t\t<\/div>\r\n\t\t\t<\/div>\r\n\r\n\t\t<\/div>\r\n\t<\/section><div style=\"height:60px\" aria-hidden=\"true\" class=\"wp-block-spacer\"><\/div><div class=\"wp-block-group\"><div class=\"wp-block-group__inner-container is-layout-constrained wp-block-group-is-layout-constrained container\">\n<div class=\"wp-block-columns is-layout-flex wp-container-core-columns-is-layout-9d6595d7 wp-block-columns-is-layout-flex\">\n<div class=\"wp-block-column margin-medium-bottom is-layout-flow wp-block-column-is-layout-flow\" style=\"flex-basis:66.66%\">\n<h2 class=\"wp-block-heading\" id=\"h-sav-allu\">SAV ALLU<\/h2>\n\n\n\n<p>Notre &eacute;quipe internationale est &agrave; votre disposition pour vous apporter toute l&rsquo;aide dont vous avez besoin. Lorsqu&rsquo;il s&rsquo;agit de tirer le meilleur parti de votre &eacute;quipement et de vos pi&egrave;ces d&eacute;tach&eacute;es, il vous suffit de nous appeler ou de nous envoyer un mail. <\/p>\n\n\n\n<p>Vous avez besoin d&rsquo;aide&nbsp;? Remplissez le formulaire ci-dessous ou contactez-nous directement. Veuillez indiquer dans votre message le mod&egrave;le et le num&eacute;ro de s&eacute;rie de votre engin ALLU. Nous pourrons ainsi trouver rapidement les bonnes pi&egrave;ces ou instructions correspondant &agrave; votre cas.<\/p>\n<\/div>\n\n\n\n<div class=\"wp-block-column text-start text-md-end is-layout-flow wp-block-column-is-layout-flow\" style=\"flex-basis:33.33%\">\n<h3 class=\"wp-block-heading\" id=\"h-coordonnees\">Coordonn&eacute;es<\/h3>\n\n\n\n<p class=\"allu-contact-paragraph m-text-left\"><a href=\"mailto:support@allu.net\">support@allu.net<\/a><br>Appeler le SAV ALLU<br>(GMT+2, 8&nbsp;h &ndash; 16&nbsp;h) &nbsp;<br><a href=\"tel:+358%2040%20840%207400\">+358 40 840 7400<\/a><\/p>\n\n\n\n<p class=\"allu-contact-paragraph m-text-left\">SAV Am&eacute;rique<br>(heure de l&rsquo;Est, 8&nbsp;h &ndash; 20&nbsp;h) <br><a href=\"tel:+358%2040%20840%207400\">+<\/a><a href=\"tel:+%201-201-310-3282\"> 1-201-310-3282<\/a><\/p>\n<\/div>\n<\/div>\n\n\n\n<div style=\"height:5px\" aria-hidden=\"true\" class=\"wp-block-spacer\"><\/div>\n\n\n\n<div class=\"wpcf7 no-js\" id=\"wpcf7-f1766-o1\" lang=\"fr-FR\" dir=\"ltr\" data-wpcf7-id=\"1766\">\n<div class=\"screen-reader-response\"><p role=\"status\" aria-live=\"polite\" aria-atomic=\"true\"><\/p> <ul><\/ul><\/div>\n<form action=\"\/fr\/wp-json\/wp\/v2\/pages\/1463#wpcf7-f1766-o1\" method=\"post\" class=\"wpcf7-form init\" aria-label=\"Formulaire de contact\" novalidate=\"novalidate\" data-status=\"init\">\n<fieldset class=\"hidden-fields-container\"><input type=\"hidden\" name=\"_wpcf7\" value=\"1766\" \/><input type=\"hidden\" name=\"_wpcf7_version\" value=\"6.1.5\" \/><input type=\"hidden\" name=\"_wpcf7_locale\" value=\"fr_FR\" \/><input type=\"hidden\" name=\"_wpcf7_unit_tag\" value=\"wpcf7-f1766-o1\" \/><input type=\"hidden\" name=\"_wpcf7_container_post\" value=\"0\" \/><input type=\"hidden\" name=\"_wpcf7_posted_data_hash\" value=\"\" \/><input type=\"hidden\" name=\"_wpcf7_recaptcha_response\" value=\"\" \/>\n<\/fieldset>\n<div class=\"bg-allu-lightgray p-4\">\n\t<div class=\"cp-page-support-item\">\n\t\t<h3>Coordonn\u00e9es\n\t\t<\/h3>\n\t\t<div class=\"cp-page-contact-item__field allu-label-field\">\n\t\t\t<p><label for=\"your-name\">Nom complet*<\/label><span class=\"wpcf7-form-control-wrap\" data-name=\"your-name\"><input size=\"40\" maxlength=\"400\" class=\"wpcf7-form-control wpcf7-text wpcf7-validates-as-required uk-input\" id=\"your-name\" aria-required=\"true\" aria-invalid=\"false\" value=\"\" type=\"text\" name=\"your-name\" \/><\/span>\n\t\t\t<\/p>\n\t\t<\/div>\n\t\t<div class=\"cp-page-contact-item__field allu-label-field\">\n\t\t\t<p><label for=\"email\">Email*<\/label><span class=\"wpcf7-form-control-wrap\" data-name=\"your-email\"><input size=\"40\" maxlength=\"400\" class=\"wpcf7-form-control wpcf7-email wpcf7-validates-as-required wpcf7-text wpcf7-validates-as-email uk-input\" id=\"email\" aria-required=\"true\" aria-invalid=\"false\" value=\"\" type=\"email\" name=\"your-email\" \/><\/span>\n\t\t\t<\/p>\n\t\t<\/div>\n\t\t<div class=\"cp-page-contact-item__field allu-label-field\">\n\t\t\t<p><label for=\"phone\">Num\u00e9ro de t\u00e9l\u00e9phone<\/label><span class=\"wpcf7-form-control-wrap\" data-name=\"phone\"><input size=\"40\" maxlength=\"400\" class=\"wpcf7-form-control wpcf7-text uk-input\" id=\"phone\" aria-invalid=\"false\" value=\"\" type=\"text\" name=\"phone\" \/><\/span>\n\t\t\t<\/p>\n\t\t<\/div>\n\t\t<div class=\"cp-page-contact-item__field allu-label-field\">\n\t\t\t<p><label for=\"country\">Pays*<\/label><br \/>\n<span class=\"wpcf7-form-control-wrap\" data-name=\"Country\"><select class=\"wpcf7-form-control wpcf7-select wpcf7-validates-as-required uk-input\" id=\"Country\" aria-required=\"true\" aria-invalid=\"false\" name=\"Country\"><option value=\"\u2014Veuillez choisir une option\u2014\">\u2014Veuillez choisir une option\u2014<\/option><option value=\"Argentine\">Argentine<\/option><option value=\"Australie\">Australie<\/option><option value=\"Autriche\">Autriche<\/option><option value=\"Bi\u00e9lorussie\">Bi\u00e9lorussie<\/option><option value=\"Belgique\">Belgique<\/option><option value=\"Br\u00e9sil\">Br\u00e9sil<\/option><option value=\"Bulgarie\">Bulgarie<\/option><option value=\"Canada\">Canada<\/option><option value=\"Chine\">Chine<\/option><option value=\"Colombie\">Colombie<\/option><option value=\"R\u00e9publique tch\u00e8que\">R\u00e9publique tch\u00e8que<\/option><option value=\"Danemark\">Danemark<\/option><option value=\"Estonie\">Estonie<\/option><option value=\"Finlande\">Finlande<\/option><option value=\"France\">France<\/option><option value=\"G\u00e9orgie\">G\u00e9orgie<\/option><option value=\"Allemagne\">Allemagne<\/option><option value=\"Gr\u00e8ce\">Gr\u00e8ce<\/option><option value=\"Hongrie\">Hongrie<\/option><option value=\"Islande\">Islande<\/option><option value=\"Indon\u00e9sie\">Indon\u00e9sie<\/option><option value=\"Irlande\">Irlande<\/option><option value=\"Isra\u00ebl\">Isra\u00ebl<\/option><option value=\"Italie\">Italie<\/option><option value=\"Japon\">Japon<\/option><option value=\"Lettonie\">Lettonie<\/option><option value=\"Lituanie\">Lituanie<\/option><option value=\"Malaisie\">Malaisie<\/option><option value=\"Pays-Bas\">Pays-Bas<\/option><option value=\"Nouvelle-Z\u00e9lande\">Nouvelle-Z\u00e9lande<\/option><option value=\"Norv\u00e8ge\">Norv\u00e8ge<\/option><option value=\"Oman\">Oman<\/option><option value=\"P\u00e9rou\">P\u00e9rou<\/option><option value=\"Philippines\">Philippines<\/option><option value=\"Pologne\">Pologne<\/option><option value=\"Portugal\">Portugal<\/option><option value=\"Roumanie\">Roumanie<\/option><option value=\"Russie\">Russie<\/option><option value=\"Arabie saoudite\">Arabie saoudite<\/option><option value=\"Singapour\">Singapour<\/option><option value=\"Slovaquie\">Slovaquie<\/option><option value=\"Slov\u00e9nie\">Slov\u00e9nie<\/option><option value=\"Afrique du Sud\">Afrique du Sud<\/option><option value=\"Cor\u00e9e du Sud\">Cor\u00e9e du Sud<\/option><option value=\"Espagne\">Espagne<\/option><option value=\"Su\u00e8de\">Su\u00e8de<\/option><option value=\"Suisse\">Suisse<\/option><option value=\"Ta\u00efwan\">Ta\u00efwan<\/option><option value=\"Tha\u00eflande\">Tha\u00eflande<\/option><option value=\"Turquie\">Turquie<\/option><option value=\"Ukraine\">Ukraine<\/option><option value=\"Royaume-Uni\">Royaume-Uni<\/option><option value=\"\u00c9tats-Unis d\u2019Am\u00e9rique\">\u00c9tats-Unis d\u2019Am\u00e9rique<\/option><option value=\"Vi\u00eat Nam\">Vi\u00eat Nam<\/option><option value=\"Autre\">Autre<\/option><\/select><\/span>\n\t\t\t<\/p>\n\t\t<\/div>\n\t\t<div class=\"cp-page-support-item\">\n\t\t\t<h3>Message\n\t\t\t<\/h3>\n\t\t\t<div class=\"cp-page-contact-item__field allu-label-field\">\n\t\t\t\t<p><label for=\"your-message\">Comme puis-je vous aider ?<\/label><span class=\"wpcf7-form-control-wrap\" data-name=\"your-message\"><textarea cols=\"100\" rows=\"3\" maxlength=\"2000\" class=\"wpcf7-form-control wpcf7-textarea uk-textarea\" id=\"your-message\" aria-invalid=\"false\" name=\"your-message\"><\/textarea><\/span>\n\t\t\t\t<\/p>\n\t\t\t<\/div>\n\t\t<\/div>\n\t\t<div class=\"cp-page-support__bottom\">\n\t\t\t<legend class=\"uk-legend\">*Champs obligatoires\n\t\t\t<\/legend>\n\t\t\t<div class=\"cp-page-support__submit\">\n\t\t\t\t<p><input class=\"wpcf7-form-control wpcf7-submit has-spinner uk-button uk-button-primary\" type=\"submit\" value=\"Envoyer\" \/>\n\t\t\t\t<\/p>\n\t\t\t<\/div>\n\t\t<\/div>\n\t<\/div>\n<\/div><div class=\"wpcf7-response-output\" aria-hidden=\"true\"><\/div>\n<\/form>\n<\/div>\n\n\n\n\n<div style=\"height:75px\" aria-hidden=\"true\" class=\"wp-block-spacer\"><\/div>\n\n\n\n<h3 class=\"wp-block-heading\" id=\"h-pieces-detachees\">Pi&egrave;ces d&eacute;tach&eacute;es<\/h3>\n\n\n\n<p>Le SAV ALLU fournit des pi&egrave;ces d&eacute;tach&eacute;es d&rsquo;origine dans le monde entier&nbsp;; une excellente disponibilit&eacute; des pi&egrave;ces et des d&eacute;lais de livraison rapides permettent de garantir une productivit&eacute; maximale.<br><\/p>\n\n\n\n<h3 class=\"wp-block-heading\" id=\"h-service-et-entretien\">Service et entretien<\/h3>\n\n\n\n<p>Conservez votre &eacute;quipement ALLU en parfait &eacute;tat. Il doit toujours &ecirc;tre pr&ecirc;t &agrave; fonctionner. ALLU et son r&eacute;seau de distributeurs peuvent fournir un service rapide et professionnel pour l&rsquo;entretien planifi&eacute; et les r&eacute;parations impr&eacute;vues.<br><\/p>\n\n\n\n<h3 class=\"wp-block-heading\" id=\"h-service-technique\">Service technique<\/h3>\n\n\n\n<p>En cas de probl&egrave;me technique, le client doit pouvoir recevoir de l&rsquo;aide rapidement, avec professionnalisme.<br><\/p>\n\n\n\n<h3 class=\"wp-block-heading\" id=\"h-formation\">Formation<\/h3>\n\n\n\n<p>Le succ&egrave;s de votre entreprise d&eacute;pend des comp&eacute;tences de vos op&eacute;rateurs. Les bons op&eacute;rateurs traitent le maximum de mat&eacute;riaux en un minimum de temps. Ils utilisent les engins en toute s&eacute;curit&eacute; et savent comment r&eacute;duire une usure inutile. Apprenez des conseils et des techniques pour mieux entretenir votre &eacute;quipement et pour effectuer des t&acirc;ches de maintenance planifi&eacute;es en toute s&ucirc;ret&eacute; et efficacit&eacute;.<\/p>\n\n\n\n<div style=\"height:80px\" aria-hidden=\"true\" class=\"wp-block-spacer\"><\/div>\n<\/div><\/div>\n","protected":false},"excerpt":{"rendered":"<p>SAV ALLU Notre &eacute;quipe internationale est &agrave; votre disposition pour vous apporter toute l&rsquo;aide dont vous avez besoin. Lorsqu&rsquo;il s&rsquo;agit de tirer le meilleur parti de votre &eacute;quipement et de vos pi&egrave;ces d&eacute;tach&eacute;es, il vous suffit de nous appeler ou de nous envoyer un mail. Vous avez besoin d&rsquo;aide&nbsp;? Remplissez le formulaire ci-dessous ou contactez-nous [&hellip;]<\/p>\n","protected":false},"author":4,"featured_media":0,"parent":0,"menu_order":0,"comment_status":"closed","ping_status":"closed","template":"","meta":{"_acf_changed":false,"footnotes":""},"class_list":["post-1463","page","type-page","status-publish","hentry"],"acf":[],"yoast_head":"<!-- This site is optimized with the Yoast SEO Premium plugin v27.2 (Yoast SEO v27.2) - https:\/\/yoast.com\/product\/yoast-seo-premium-wordpress\/ -->\n<title>Service ALLU - ALLU France<\/title>\n<meta name=\"description\" content=\"Chez ALLU, nous voulons que vous puissiez tirer le meilleur parti de votre \u00e9quipement et de vos pi\u00e8ces d\u00e9tach\u00e9es ALLU. Pi\u00e8ces d\u00e9tach\u00e9es et accessoires d\u2019origine. Contactez-nous\u00a0!\" \/>\n<meta name=\"robots\" content=\"index, follow, max-snippet:-1, max-image-preview:large, max-video-preview:-1\" \/>\n<link rel=\"canonical\" href=\"https:\/\/allu.net\/fr\/sav\/\" \/>\n<meta property=\"og:locale\" content=\"fr_FR\" \/>\n<meta property=\"og:type\" content=\"article\" \/>\n<meta property=\"og:title\" content=\"Service ALLU - ALLU France\" \/>\n<meta property=\"og:description\" content=\"Chez ALLU, nous voulons que vous puissiez tirer le meilleur parti de votre \u00e9quipement et de vos pi\u00e8ces d\u00e9tach\u00e9es ALLU. Pi\u00e8ces d\u00e9tach\u00e9es et accessoires d\u2019origine. Contactez-nous\u00a0!\" \/>\n<meta property=\"og:url\" content=\"https:\/\/allu.net\/fr\/sav\/\" \/>\n<meta property=\"og:site_name\" content=\"ALLU France\" \/>\n<meta property=\"article:publisher\" content=\"https:\/\/www.facebook.com\/ALLUGLOBAL\/\" \/>\n<meta property=\"article:modified_time\" content=\"2025-09-15T15:49:57+00:00\" \/>\n<meta property=\"og:image\" content=\"https:\/\/allu.net\/wp-content\/uploads\/ALLU-Website-slide-for-Screening-bucket-and-crushing-scaled.avif\" \/>\n\t<meta property=\"og:image:width\" content=\"2560\" \/>\n\t<meta property=\"og:image:height\" content=\"1231\" \/>\n\t<meta property=\"og:image:type\" content=\"image\/jpeg\" \/>\n<meta name=\"twitter:card\" content=\"summary_large_image\" \/>\n<meta name=\"twitter:site\" content=\"@AlluGroup\" \/>\n<meta name=\"twitter:label1\" content=\"Dur\u00e9e de lecture estim\u00e9e\" \/>\n\t<meta name=\"twitter:data1\" content=\"2 minutes\" \/>\n<script type=\"application\/ld+json\" class=\"yoast-schema-graph\">{\"@context\":\"https:\/\/schema.org\",\"@graph\":[{\"@type\":\"WebPage\",\"@id\":\"https:\/\/allu.net\/fr\/sav\/\",\"url\":\"https:\/\/allu.net\/fr\/sav\/\",\"name\":\"Service ALLU - ALLU France\",\"isPartOf\":{\"@id\":\"https:\/\/allu.net\/fr\/#website\"},\"datePublished\":\"2021-02-19T05:34:55+00:00\",\"dateModified\":\"2025-09-15T15:49:57+00:00\",\"description\":\"Chez ALLU, nous voulons que vous puissiez tirer le meilleur parti de votre \u00e9quipement et de vos pi\u00e8ces d\u00e9tach\u00e9es ALLU. Pi\u00e8ces d\u00e9tach\u00e9es et accessoires d\u2019origine. Contactez-nous\u00a0!\",\"breadcrumb\":{\"@id\":\"https:\/\/allu.net\/fr\/sav\/#breadcrumb\"},\"inLanguage\":\"fr-FR\",\"potentialAction\":[{\"@type\":\"ReadAction\",\"target\":[\"https:\/\/allu.net\/fr\/sav\/\"]}]},{\"@type\":\"BreadcrumbList\",\"@id\":\"https:\/\/allu.net\/fr\/sav\/#breadcrumb\",\"itemListElement\":[{\"@type\":\"ListItem\",\"position\":1,\"name\":\"ALLU\",\"item\":\"https:\/\/allu.net\/fr\/\"},{\"@type\":\"ListItem\",\"position\":2,\"name\":\"Service ALLU\"}]},{\"@type\":\"WebSite\",\"@id\":\"https:\/\/allu.net\/fr\/#website\",\"url\":\"https:\/\/allu.net\/fr\/\",\"name\":\"ALLU\",\"description\":\"One Step Ahead\",\"publisher\":{\"@id\":\"https:\/\/allu.net\/fr\/#organization\"},\"potentialAction\":[{\"@type\":\"SearchAction\",\"target\":{\"@type\":\"EntryPoint\",\"urlTemplate\":\"https:\/\/allu.net\/fr\/?s={search_term_string}\"},\"query-input\":{\"@type\":\"PropertyValueSpecification\",\"valueRequired\":true,\"valueName\":\"search_term_string\"}}],\"inLanguage\":\"fr-FR\"},{\"@type\":\"Organization\",\"@id\":\"https:\/\/allu.net\/fr\/#organization\",\"name\":\"ALLU Group\",\"url\":\"https:\/\/allu.net\/fr\/\",\"logo\":{\"@type\":\"ImageObject\",\"inLanguage\":\"fr-FR\",\"@id\":\"https:\/\/allu.net\/fr\/#\/schema\/logo\/image\/\",\"url\":\"https:\/\/allu.net\/wp-content\/uploads\/ALLU-Logo-black-web.png\",\"contentUrl\":\"https:\/\/allu.net\/wp-content\/uploads\/ALLU-Logo-black-web.png\",\"width\":1723,\"height\":677,\"caption\":\"ALLU Group\"},\"image\":{\"@id\":\"https:\/\/allu.net\/fr\/#\/schema\/logo\/image\/\"},\"sameAs\":[\"https:\/\/www.facebook.com\/ALLUGLOBAL\/\",\"https:\/\/x.com\/AlluGroup\"]}]}<\/script>\n<!-- \/ Yoast SEO Premium plugin. -->","yoast_head_json":{"title":"Service ALLU - ALLU France","description":"Chez ALLU, nous voulons que vous puissiez tirer le meilleur parti de votre \u00e9quipement et de vos pi\u00e8ces d\u00e9tach\u00e9es ALLU. Pi\u00e8ces d\u00e9tach\u00e9es et accessoires d\u2019origine. Contactez-nous\u00a0!","robots":{"index":"index","follow":"follow","max-snippet":"max-snippet:-1","max-image-preview":"max-image-preview:large","max-video-preview":"max-video-preview:-1"},"canonical":"https:\/\/allu.net\/fr\/sav\/","og_locale":"fr_FR","og_type":"article","og_title":"Service ALLU - ALLU France","og_description":"Chez ALLU, nous voulons que vous puissiez tirer le meilleur parti de votre \u00e9quipement et de vos pi\u00e8ces d\u00e9tach\u00e9es ALLU. Pi\u00e8ces d\u00e9tach\u00e9es et accessoires d\u2019origine. Contactez-nous\u00a0!","og_url":"https:\/\/allu.net\/fr\/sav\/","og_site_name":"ALLU France","article_publisher":"https:\/\/www.facebook.com\/ALLUGLOBAL\/","article_modified_time":"2025-09-15T15:49:57+00:00","og_image":[{"width":2560,"height":1231,"url":"https:\/\/allu.net\/wp-content\/uploads\/ALLU-Website-slide-for-Screening-bucket-and-crushing-scaled.avif","type":"image\/jpeg"}],"twitter_card":"summary_large_image","twitter_site":"@AlluGroup","twitter_misc":{"Dur\u00e9e de lecture estim\u00e9e":"2 minutes"},"schema":{"@context":"https:\/\/schema.org","@graph":[{"@type":"WebPage","@id":"https:\/\/allu.net\/fr\/sav\/","url":"https:\/\/allu.net\/fr\/sav\/","name":"Service ALLU - ALLU France","isPartOf":{"@id":"https:\/\/allu.net\/fr\/#website"},"datePublished":"2021-02-19T05:34:55+00:00","dateModified":"2025-09-15T15:49:57+00:00","description":"Chez ALLU, nous voulons que vous puissiez tirer le meilleur parti de votre \u00e9quipement et de vos pi\u00e8ces d\u00e9tach\u00e9es ALLU. Pi\u00e8ces d\u00e9tach\u00e9es et accessoires d\u2019origine. Contactez-nous\u00a0!","breadcrumb":{"@id":"https:\/\/allu.net\/fr\/sav\/#breadcrumb"},"inLanguage":"fr-FR","potentialAction":[{"@type":"ReadAction","target":["https:\/\/allu.net\/fr\/sav\/"]}]},{"@type":"BreadcrumbList","@id":"https:\/\/allu.net\/fr\/sav\/#breadcrumb","itemListElement":[{"@type":"ListItem","position":1,"name":"ALLU","item":"https:\/\/allu.net\/fr\/"},{"@type":"ListItem","position":2,"name":"Service ALLU"}]},{"@type":"WebSite","@id":"https:\/\/allu.net\/fr\/#website","url":"https:\/\/allu.net\/fr\/","name":"ALLU","description":"One Step Ahead","publisher":{"@id":"https:\/\/allu.net\/fr\/#organization"},"potentialAction":[{"@type":"SearchAction","target":{"@type":"EntryPoint","urlTemplate":"https:\/\/allu.net\/fr\/?s={search_term_string}"},"query-input":{"@type":"PropertyValueSpecification","valueRequired":true,"valueName":"search_term_string"}}],"inLanguage":"fr-FR"},{"@type":"Organization","@id":"https:\/\/allu.net\/fr\/#organization","name":"ALLU Group","url":"https:\/\/allu.net\/fr\/","logo":{"@type":"ImageObject","inLanguage":"fr-FR","@id":"https:\/\/allu.net\/fr\/#\/schema\/logo\/image\/","url":"https:\/\/allu.net\/wp-content\/uploads\/ALLU-Logo-black-web.png","contentUrl":"https:\/\/allu.net\/wp-content\/uploads\/ALLU-Logo-black-web.png","width":1723,"height":677,"caption":"ALLU Group"},"image":{"@id":"https:\/\/allu.net\/fr\/#\/schema\/logo\/image\/"},"sameAs":["https:\/\/www.facebook.com\/ALLUGLOBAL\/","https:\/\/x.com\/AlluGroup"]}]}},"_links":{"self":[{"href":"https:\/\/allu.net\/fr\/wp-json\/wp\/v2\/pages\/1463","targetHints":{"allow":["GET"]}}],"collection":[{"href":"https:\/\/allu.net\/fr\/wp-json\/wp\/v2\/pages"}],"about":[{"href":"https:\/\/allu.net\/fr\/wp-json\/wp\/v2\/types\/page"}],"author":[{"embeddable":true,"href":"https:\/\/allu.net\/fr\/wp-json\/wp\/v2\/users\/4"}],"replies":[{"embeddable":true,"href":"https:\/\/allu.net\/fr\/wp-json\/wp\/v2\/comments?post=1463"}],"version-history":[{"count":8,"href":"https:\/\/allu.net\/fr\/wp-json\/wp\/v2\/pages\/1463\/revisions"}],"predecessor-version":[{"id":28788,"href":"https:\/\/allu.net\/fr\/wp-json\/wp\/v2\/pages\/1463\/revisions\/28788"}],"wp:attachment":[{"href":"https:\/\/allu.net\/fr\/wp-json\/wp\/v2\/media?parent=1463"}],"curies":[{"name":"wp","href":"https:\/\/api.w.org\/{rel}","templated":true}]}}