{"id":1458,"date":"2024-08-30T12:57:23","date_gmt":"2024-08-30T09:57:23","guid":{"rendered":"http:\/\/allu.nipro.pro-linuxpl.com\/?page_id=1458"},"modified":"2025-05-06T14:32:48","modified_gmt":"2025-05-06T11:32:48","slug":"entreprise","status":"publish","type":"page","link":"https:\/\/allu.net\/fr\/entreprise\/","title":{"rendered":"Entreprise"},"content":{"rendered":"<?xml encoding=\"utf-8\" ?><section class=\"block block-jumbotron block-padding-top-0 block-padding-bottom-2\">\r\n\t\t<div class=\"jumbotron-container d-flex align-items-end justify-content-center jumbotron-container-basic\" style=\"background-image: url('https:\/\/allu.net\/wp-content\/uploads\/ALLU-company-scaled.avif');\">\r\n\t\t\t<div class=\"jumbotron-content container align-items-top justify-content-center\">\r\n\t\t\t\t<div class=\"row\">\r\n\t\t\t\t\t<div class=\"col-12 col-md jumbotron-title text-center text-md-end align-self-center\">\r\n\t\t\t\t\t\t<h1 class=\"text-uppercase\">Entreprise<\/h1>\r\n\t\t\t\t\t<\/div>\r\n\t\t\t\t\t<div class=\"col-auto jumbotron-divider\"><\/div>\r\n\t\t\t\t\t<div class=\"col-12 col-md jumbotron-content text-center text-md-start align-self-center\">\r\n\t\t\t\t\t\t<div class=\"jumbotron-text\">ALLU, l&agrave; o&ugrave; l'innovation et l'excellence se rencontrent pour apporter la solution aux besoins de votre projet.<\/div>\r\n\t\t\t\t\t\t\t\t\t\t\t<\/div>\r\n\t\t\t\t<\/div>\r\n\t\t\t<\/div>\r\n\t\t<\/div>\r\n\t\t<div class=\"cp-jumbotron__breadcrumbs\">\r\n\t\t\t\t\t<\/div>\r\n\t<\/section><div style=\"height:60px\" aria-hidden=\"true\" class=\"wp-block-spacer\"><\/div><div class=\"wp-block-group uk-container\"><div class=\"wp-block-group__inner-container is-layout-flow wp-block-group-is-layout-flow container\">\n<div class=\"wp-block-columns m-reverse-columns is-layout-flex wp-container-core-columns-is-layout-9d6595d7 wp-block-columns-is-layout-flex\">\n<div class=\"wp-block-column is-vertically-aligned-center m-text-center is-layout-flow wp-block-column-is-layout-flow\" style=\"flex-basis:50%\">\n<p>ALLU, o&ugrave; l&rsquo;innovation et l&rsquo;excellence se rencontrent pour apporter la solution aux besoins de votre projet. Fort de d&eacute;cennies d&rsquo;exp&eacute;rience, ALLU transforme des secteurs d&rsquo;activit&eacute; tels que la construction, l&rsquo;exploitation mini&egrave;re et l&rsquo;industrie environnementale.<\/p>\n\n\n\n<p>ALLU est sp&eacute;cialis&eacute; dans la conception et la fabrication d&rsquo;&eacute;quipements durables et efficaces qui augmentent l&rsquo;utilit&eacute; de vos pelleteuses, chargeuses et autres engins de terrassement.<\/p>\n\n\n\n<p>Chez ALLU, le succ&egrave;s de nos clients et de nos revendeurs est notre motivation. En tant que notre client, vous pourrez toujours compter sur notre support tout au long du cycle de vie de votre &eacute;quipement ALLU. En collaboration avec nos revendeurs, nous fournissons l&rsquo;expertise dont vous avez besoin, y compris en mati&egrave;re d&rsquo;assistance technique et de formation.<\/p>\n<\/div>\n\n\n\n<div class=\"wp-block-column is-layout-flow wp-block-column-is-layout-flow\" style=\"flex-basis:50%\">\n<figure class=\"wp-block-embed is-type-video is-provider-youtube wp-block-embed-youtube wp-embed-aspect-16-9 wp-has-aspect-ratio\"><div class=\"wp-block-embed__wrapper\">\n<iframe loading=\"lazy\" title=\"ALLU - ONE STEP AHEAD\" width=\"640\" height=\"360\" src=\"https:\/\/www.youtube.com\/embed\/9ttIPykXevA?feature=oembed\" frameborder=\"0\" allow=\"accelerometer; autoplay; clipboard-write; encrypted-media; gyroscope; picture-in-picture; web-share\" referrerpolicy=\"strict-origin-when-cross-origin\" allowfullscreen><\/iframe>\n<\/div><\/figure>\n<\/div>\n<\/div>\n\n\n\n<div style=\"height:20px\" aria-hidden=\"true\" class=\"wp-block-spacer\"><\/div>\n\n\n\n<div class=\"wp-block-columns is-layout-flex wp-container-core-columns-is-layout-9d6595d7 wp-block-columns-is-layout-flex\">\n<div class=\"wp-block-column is-layout-flow wp-block-column-is-layout-flow\">\n<p>ALLU est une entreprise familiale fond&eacute;e en 1985 en Finlande. Le si&egrave;ge social d&rsquo;ALLU est le centre du D&eacute;veloppement de produits, du Marketing, du Support et de la Fabrication. ALLU a commenc&eacute; son parcours en &eacute;tant l&rsquo;une des premi&egrave;res entreprises finlandaises &agrave; se concentrer sur les technologies environnementales. Depuis, ALLU a continu&eacute; de cro&icirc;tre, &eacute;largissant sa pr&eacute;sence dans le monde entier et &eacute;tablissant un solide r&eacute;seau de revendeurs.<\/p>\n\n\n\n<p>Le parcours d&rsquo;ALLU se poursuit, en s&rsquo;adaptant et en innovant pour r&eacute;pondre aux besoins de ses clients. En collaboration avec nos revendeurs et nos clients, nous continuerons &agrave; transformer des secteurs d&rsquo;activit&eacute; partout dans le monde, en gardant toujours une longueur d&rsquo;avance.<\/p>\n<\/div>\n\n\n\n<div class=\"wp-block-column is-layout-flow wp-block-column-is-layout-flow\">\n<figure class=\"wp-block-image size-large\"><img decoding=\"async\" width=\"1024\" height=\"706\" src=\"https:\/\/allu.net\/wp-content\/uploads\/ALLU-production-factory-in-Pennala-Finland-1024x706.avif\" alt=\"ALLU-production-factory-in-Pennala-Finland\" class=\"wp-image-7267\" loading=\"lazy\" srcset=\"https:\/\/allu.net\/wp-content\/uploads\/ALLU-production-factory-in-Pennala-Finland-1024x706.avif 1024w, https:\/\/allu.net\/wp-content\/uploads\/ALLU-production-factory-in-Pennala-Finland-300x207.avif 300w, https:\/\/allu.net\/wp-content\/uploads\/ALLU-production-factory-in-Pennala-Finland-768x530.avif 768w, https:\/\/allu.net\/wp-content\/uploads\/ALLU-production-factory-in-Pennala-Finland-jpg.avif 1082w\" sizes=\"auto, (max-width: 1024px) 100vw, 1024px\" \/><\/figure>\n<\/div>\n<\/div>\n\n\n\n<div style=\"height:70px\" aria-hidden=\"true\" class=\"wp-block-spacer\"><\/div>\n<\/div><\/div><div id=\"code-of-conduct\" class=\"wp-block-group has-background\" style=\"background-color:#1d1d1c\"><div class=\"wp-block-group__inner-container is-layout-flow wp-block-group-is-layout-flow container\">\n<div style=\"height:70px\" aria-hidden=\"true\" class=\"wp-block-spacer\"><\/div>\n\n\n\n<h2 class=\"wp-block-heading has-text-align-center uk-margin-large-bottom has-white-color has-text-color\" id=\"h-les-valeurs-qui-nous-guident\">Les valeurs qui nous guident<\/h2>\n\n\n\n<div class=\"wp-block-group uk-container\"><div class=\"wp-block-group__inner-container is-layout-flow wp-block-group-is-layout-flow\">\n<div class=\"wp-block-columns is-layout-flex wp-container-core-columns-is-layout-9d6595d7 wp-block-columns-is-layout-flex\">\n<div class=\"wp-block-column is-layout-flow wp-block-column-is-layout-flow\"><div class=\"wp-block-image\">\n<figure class=\"aligncenter size-large\"><img decoding=\"async\" src=\"https:\/\/www.allu.net\/wp-content\/uploads\/2021\/07\/icon-company-value-1-svg.png\" alt=\"\" loading=\"lazy\"><\/figure>\n<\/div>\n\n\n<h2 class=\"wp-block-heading has-text-align-center uk-text-normal uk-margin-small-top has-text-color\" id=\"h-client\" style=\"color:#ffd500\">Client <\/h2>\n\n\n\n<p class=\"has-text-align-center has-white-color has-text-color\">Les besoins de nos clients sont importants pour nous. Leur succ&egrave;s est au c&oelig;ur de nos d&eacute;cisions quotidiennes.<\/p>\n\n\n\n<div style=\"height:30px\" aria-hidden=\"true\" class=\"wp-block-spacer\"><\/div>\n<\/div>\n\n\n\n<div class=\"wp-block-column is-layout-flow wp-block-column-is-layout-flow\"><div class=\"wp-block-image\">\n<figure class=\"aligncenter size-large\"><img decoding=\"async\" src=\"https:\/\/www.allu.net\/wp-content\/uploads\/2021\/07\/icon-company-value-2-svg.png\" alt=\"\" loading=\"lazy\"><\/figure>\n<\/div>\n\n\n<h2 class=\"wp-block-heading has-text-align-center uk-text-normal uk-margin-small-top has-text-color\" id=\"h-securite\" style=\"color:#ffd500\">S&eacute;curit&eacute;<\/h2>\n\n\n\n<p class=\"has-text-align-center has-white-color has-text-color\">Nous agissons chaque jour pour assurer la s&eacute;curit&eacute; de nos partenaires et la n&ocirc;tre.<\/p>\n\n\n\n<div style=\"height:30px\" aria-hidden=\"true\" class=\"wp-block-spacer\"><\/div>\n<\/div>\n\n\n\n<div class=\"wp-block-column is-vertically-aligned-top is-layout-flow wp-block-column-is-layout-flow\"><div class=\"wp-block-image\">\n<figure class=\"aligncenter size-full\"><img decoding=\"async\" width=\"150\" height=\"150\" src=\"https:\/\/allu.net\/wp-content\/uploads\/Together-icon.png\" alt=\"\" class=\"wp-image-6638\" loading=\"lazy\"><\/figure>\n<\/div>\n\n\n<h2 class=\"wp-block-heading has-text-align-center uk-text-normal uk-margin-small-top has-text-color\" id=\"h-ensemble\" style=\"color:#ffd500\">Ensemble<\/h2>\n\n\n\n<p class=\"has-text-align-center has-white-color has-text-color\">Nous sommes ouverts, clairs et adroits. Le partenariat est notre fa&ccedil;on de travailler.<\/p>\n\n\n\n<div style=\"height:50px\" aria-hidden=\"true\" class=\"wp-block-spacer\"><\/div>\n<\/div>\n<\/div>\n<\/div><\/div>\n\n\n\n<div style=\"height:50px\" aria-hidden=\"true\" class=\"wp-block-spacer\"><\/div>\n<\/div><\/div><div style=\"height:100px\" aria-hidden=\"true\" class=\"wp-block-spacer\"><\/div><div id=\"mission-and-vision\" class=\"wp-block-group has-background\" style=\"background-color:#ffd500\"><div class=\"wp-block-group__inner-container is-layout-flow wp-block-group-is-layout-flow container\">\n<div style=\"height:100px\" aria-hidden=\"true\" class=\"wp-block-spacer\"><\/div>\n\n\n\n<div class=\"wp-block-columns is-layout-flex wp-container-core-columns-is-layout-9d6595d7 wp-block-columns-is-layout-flex\">\n<div class=\"wp-block-column is-layout-flow wp-block-column-is-layout-flow\" style=\"flex-basis:66.66%\">\n<h2 class=\"wp-block-heading\" id=\"h-code-de-conduite\">CODE DE CONDUITE<\/h2>\n\n\n\n<p class=\"uk-text-large\">Le code de conduite interne et des partenaires commerciaux d&rsquo;ALLU d&eacute;finit les principes &eacute;thiques que nous, en tant qu&rsquo;entreprise et nos partenaires commerciaux, devons suivre.<\/p>\n\n\n\n<div style=\"height:30px\" aria-hidden=\"true\" class=\"wp-block-spacer\"><\/div>\n<\/div>\n\n\n\n<div class=\"wp-block-column is-vertically-aligned-bottom is-layout-flow wp-block-column-is-layout-flow\" style=\"flex-basis:33.3%\">\n<div class=\"wp-block-buttons is-layout-flex wp-block-buttons-is-layout-flex\">\n<div class=\"wp-block-button btn-outline uk-text-right is-style-outline is-style-outline--1\"><a class=\"wp-block-button__link wp-element-button\" href=\"https:\/\/allu.net\/wp-content\/uploads\/ALLU-code-of-conduct_French-02-25.pdf\" target=\"_blank\" rel=\"noreferrer noopener\">CODE DE CONDUITE ALLU<\/a><\/div>\n<\/div>\n\n\n\n<div style=\"height:30px\" aria-hidden=\"true\" class=\"wp-block-spacer\"><\/div>\n\n\n\n<div class=\"wp-block-buttons is-layout-flex wp-block-buttons-is-layout-flex\">\n<div class=\"wp-block-button btn-outline uk-text-right is-style-outline is-style-outline--2\"><a class=\"wp-block-button__link wp-element-button\" href=\"\/wp-content\/uploads\/Code-of-conduct-external_French.pdf\" target=\"_blank\" rel=\"noreferrer noopener\">partenaires commerciaux<\/a><\/div>\n<\/div>\n<\/div>\n<\/div>\n\n\n\n<div style=\"height:50px\" aria-hidden=\"true\" class=\"wp-block-spacer\"><\/div>\n<\/div><\/div><div id=\"allu-history\" class=\"wp-block-group uk-container\"><div class=\"wp-block-group__inner-container is-layout-flow wp-block-group-is-layout-flow container\">\n<div style=\"height:100px\" aria-hidden=\"true\" class=\"wp-block-spacer\"><\/div>\n\n\n\n<div class=\"wp-block-columns is-layout-flex wp-container-core-columns-is-layout-9d6595d7 wp-block-columns-is-layout-flex\">\n<div class=\"wp-block-column is-layout-flow wp-block-column-is-layout-flow\">\n<h2 class=\"wp-block-heading uk-margin-top-remove\" id=\"h-canal-de-denonciation\"><strong>Canal de d&eacute;nonciation<\/strong><\/h2>\n\n\n\n<p>ALLU propose un canal de d&eacute;nonciation. Un espace s&ucirc;r pour signaler des pr&eacute;occupations concernant des actes r&eacute;pr&eacute;hensibles par ALLU ou des activit&eacute;s non conformes aux principes &eacute;thiques d&rsquo;ALLU. Un signalement d&rsquo;alerte peut &ecirc;tre effectu&eacute; par un employ&eacute; actuel ou ancien salari&eacute; d&rsquo;ALLU, un candidat &agrave; un emploi, un fournisseur, un client ou un partenaire commercial. Si possible, nous vous conseillons d&rsquo;en parler principalement avec le directeur de filiale. Ce canal n&rsquo;est pas destin&eacute; aux r&eacute;clamations au titre de la garantie.<\/p>\n\n\n\n<p><\/p>\n\n\n\n<div style=\"height:30px\" aria-hidden=\"true\" class=\"wp-block-spacer\"><\/div>\n\n\n\n<div class=\"wp-block-buttons is-layout-flex wp-block-buttons-is-layout-flex\">\n<div class=\"wp-block-button\"><a class=\"wp-block-button__link wp-element-button\" href=\"https:\/\/allu.net\/fr\/canal-de-denonciation\/\">Apprendre encore plus<\/a><\/div>\n<\/div>\n<\/div>\n<\/div>\n\n\n\n<div style=\"height:70px\" aria-hidden=\"true\" class=\"wp-block-spacer\"><\/div>\n<\/div><\/div><div id=\"carrers\" class=\"wp-block-group has-background\" style=\"background-color:#ffd500\"><div class=\"wp-block-group__inner-container is-layout-flow wp-block-group-is-layout-flow container\">\n<div style=\"height:100px\" aria-hidden=\"true\" class=\"wp-block-spacer\"><\/div>\n\n\n\n<div class=\"wp-block-columns is-layout-flex wp-container-core-columns-is-layout-9d6595d7 wp-block-columns-is-layout-flex\">\n<div class=\"wp-block-column is-layout-flow wp-block-column-is-layout-flow\">\n<h2 class=\"wp-block-heading\" id=\"h-carrieres-chez-allu\">Carri&egrave;res chez ALLU<\/h2>\n\n\n\n<p>Chez ALLU, nous sommes une famille. Nos employ&eacute;s sont inspir&eacute;s et cr&eacute;ent une fa&ccedil;on de travailler en &eacute;quipe tirant le meilleur de chacun. Nous avons cr&eacute;&eacute; un lieu de travail accueillant, avec une bonne culture, des &eacute;quipes et des performances anim&eacute;s, des clients au coeur de l&rsquo;ensemble des pr&eacute;occupations accompagn&eacute;s par des employ&eacute;s talentueux.&nbsp;<\/p>\n\n\n\n<div style=\"height:10px\" aria-hidden=\"true\" class=\"wp-block-spacer\"><\/div>\n\n\n\n<div class=\"wp-block-buttons is-layout-flex wp-block-buttons-is-layout-flex\">\n<div class=\"wp-block-button btn-outline is-style-outline is-style-outline--3\"><a class=\"wp-block-button__link wp-element-button\" href=\"https:\/\/allu.net\/fr\/carrieres\/\">Voir les opportunit&eacute;s<\/a><\/div>\n<\/div>\n\n\n\n<div style=\"height:30px\" aria-hidden=\"true\" class=\"wp-block-spacer\"><\/div>\n<\/div>\n\n\n\n<div class=\"wp-block-column is-layout-flow wp-block-column-is-layout-flow\"><div class=\"wp-block-image is-resized\">\n<figure class=\"aligncenter size-large\"><img decoding=\"async\" src=\"https:\/\/www.allu.net\/wp-content\/uploads\/2021\/03\/Using_ALLU_App-scaled.jpg\" alt=\"\" loading=\"lazy\"><\/figure>\n<\/div><\/div>\n<\/div>\n\n\n\n<div style=\"height:50px\" aria-hidden=\"true\" class=\"wp-block-spacer\"><\/div>\n<\/div><\/div>\n","protected":false},"excerpt":{"rendered":"<p>ALLU, o&ugrave; l&rsquo;innovation et l&rsquo;excellence se rencontrent pour apporter la solution aux besoins de votre projet. Fort de d&eacute;cennies d&rsquo;exp&eacute;rience, ALLU transforme des secteurs d&rsquo;activit&eacute; tels que la construction, l&rsquo;exploitation mini&egrave;re et l&rsquo;industrie environnementale. ALLU est sp&eacute;cialis&eacute; dans la conception et la fabrication d&rsquo;&eacute;quipements durables et efficaces qui augmentent l&rsquo;utilit&eacute; de vos pelleteuses, chargeuses et [&hellip;]<\/p>\n","protected":false},"author":4,"featured_media":7832,"parent":0,"menu_order":0,"comment_status":"closed","ping_status":"closed","template":"","meta":{"_acf_changed":false,"footnotes":""},"class_list":["post-1458","page","type-page","status-publish","has-post-thumbnail","hentry"],"acf":[],"yoast_head":"<!-- This site is optimized with the Yoast SEO Premium plugin v27.2 (Yoast SEO v27.2) - https:\/\/yoast.com\/product\/yoast-seo-premium-wordpress\/ -->\n<title>Entreprise - ALLU France<\/title>\n<meta name=\"description\" content=\"ALLU con\u00e7oit et distribue des \u00e9quipements hydrauliques r\u00e9pondant aux besoins des clients. Ils s&#039;adaptent \u00e0 tous types d&#039;engins et de chantiers\" \/>\n<meta name=\"robots\" content=\"index, follow, max-snippet:-1, max-image-preview:large, max-video-preview:-1\" \/>\n<link rel=\"canonical\" href=\"https:\/\/allu.net\/fr\/entreprise\/\" \/>\n<meta property=\"og:locale\" content=\"fr_FR\" \/>\n<meta property=\"og:type\" content=\"article\" \/>\n<meta property=\"og:title\" content=\"Entreprise - ALLU France\" \/>\n<meta property=\"og:description\" content=\"ALLU con\u00e7oit et distribue des \u00e9quipements hydrauliques r\u00e9pondant aux besoins des clients. Ils s&#039;adaptent \u00e0 tous types d&#039;engins et de chantiers\" \/>\n<meta property=\"og:url\" content=\"https:\/\/allu.net\/fr\/entreprise\/\" \/>\n<meta property=\"og:site_name\" content=\"ALLU France\" \/>\n<meta property=\"article:publisher\" content=\"https:\/\/www.facebook.com\/ALLUGLOBAL\/\" \/>\n<meta property=\"article:modified_time\" content=\"2025-05-06T11:32:48+00:00\" \/>\n<meta property=\"og:image\" content=\"https:\/\/allu.net\/wp-content\/uploads\/ALLU-company-scaled.avif\" \/>\n\t<meta property=\"og:image:width\" content=\"2560\" \/>\n\t<meta property=\"og:image:height\" content=\"864\" \/>\n\t<meta property=\"og:image:type\" content=\"image\/jpeg\" \/>\n<meta name=\"twitter:card\" content=\"summary_large_image\" \/>\n<meta name=\"twitter:site\" content=\"@AlluGroup\" \/>\n<meta name=\"twitter:label1\" content=\"Dur\u00e9e de lecture estim\u00e9e\" \/>\n\t<meta name=\"twitter:data1\" content=\"4 minutes\" \/>\n<script type=\"application\/ld+json\" class=\"yoast-schema-graph\">{\"@context\":\"https:\/\/schema.org\",\"@graph\":[{\"@type\":\"WebPage\",\"@id\":\"https:\/\/allu.net\/fr\/entreprise\/\",\"url\":\"https:\/\/allu.net\/fr\/entreprise\/\",\"name\":\"Entreprise - ALLU France\",\"isPartOf\":{\"@id\":\"https:\/\/allu.net\/fr\/#website\"},\"primaryImageOfPage\":{\"@id\":\"https:\/\/allu.net\/fr\/entreprise\/#primaryimage\"},\"image\":{\"@id\":\"https:\/\/allu.net\/fr\/entreprise\/#primaryimage\"},\"thumbnailUrl\":\"https:\/\/allu.net\/wp-content\/uploads\/ALLU-company-scaled.avif\",\"datePublished\":\"2024-08-30T09:57:23+00:00\",\"dateModified\":\"2025-05-06T11:32:48+00:00\",\"description\":\"ALLU con\u00e7oit et distribue des \u00e9quipements hydrauliques r\u00e9pondant aux besoins des clients. Ils s'adaptent \u00e0 tous types d'engins et de chantiers\",\"breadcrumb\":{\"@id\":\"https:\/\/allu.net\/fr\/entreprise\/#breadcrumb\"},\"inLanguage\":\"fr-FR\",\"potentialAction\":[{\"@type\":\"ReadAction\",\"target\":[\"https:\/\/allu.net\/fr\/entreprise\/\"]}]},{\"@type\":\"ImageObject\",\"inLanguage\":\"fr-FR\",\"@id\":\"https:\/\/allu.net\/fr\/entreprise\/#primaryimage\",\"url\":\"https:\/\/allu.net\/wp-content\/uploads\/ALLU-company-scaled.avif\",\"contentUrl\":\"https:\/\/allu.net\/wp-content\/uploads\/ALLU-company-scaled.avif\",\"width\":2560,\"height\":864},{\"@type\":\"BreadcrumbList\",\"@id\":\"https:\/\/allu.net\/fr\/entreprise\/#breadcrumb\",\"itemListElement\":[{\"@type\":\"ListItem\",\"position\":1,\"name\":\"ALLU\",\"item\":\"https:\/\/allu.net\/fr\/\"},{\"@type\":\"ListItem\",\"position\":2,\"name\":\"Entreprise\"}]},{\"@type\":\"WebSite\",\"@id\":\"https:\/\/allu.net\/fr\/#website\",\"url\":\"https:\/\/allu.net\/fr\/\",\"name\":\"ALLU\",\"description\":\"One Step Ahead\",\"publisher\":{\"@id\":\"https:\/\/allu.net\/fr\/#organization\"},\"potentialAction\":[{\"@type\":\"SearchAction\",\"target\":{\"@type\":\"EntryPoint\",\"urlTemplate\":\"https:\/\/allu.net\/fr\/?s={search_term_string}\"},\"query-input\":{\"@type\":\"PropertyValueSpecification\",\"valueRequired\":true,\"valueName\":\"search_term_string\"}}],\"inLanguage\":\"fr-FR\"},{\"@type\":\"Organization\",\"@id\":\"https:\/\/allu.net\/fr\/#organization\",\"name\":\"ALLU Group\",\"url\":\"https:\/\/allu.net\/fr\/\",\"logo\":{\"@type\":\"ImageObject\",\"inLanguage\":\"fr-FR\",\"@id\":\"https:\/\/allu.net\/fr\/#\/schema\/logo\/image\/\",\"url\":\"https:\/\/allu.net\/wp-content\/uploads\/ALLU-Logo-black-web.png\",\"contentUrl\":\"https:\/\/allu.net\/wp-content\/uploads\/ALLU-Logo-black-web.png\",\"width\":1723,\"height\":677,\"caption\":\"ALLU Group\"},\"image\":{\"@id\":\"https:\/\/allu.net\/fr\/#\/schema\/logo\/image\/\"},\"sameAs\":[\"https:\/\/www.facebook.com\/ALLUGLOBAL\/\",\"https:\/\/x.com\/AlluGroup\"]}]}<\/script>\n<!-- \/ Yoast SEO Premium plugin. -->","yoast_head_json":{"title":"Entreprise - ALLU France","description":"ALLU con\u00e7oit et distribue des \u00e9quipements hydrauliques r\u00e9pondant aux besoins des clients. Ils s'adaptent \u00e0 tous types d'engins et de chantiers","robots":{"index":"index","follow":"follow","max-snippet":"max-snippet:-1","max-image-preview":"max-image-preview:large","max-video-preview":"max-video-preview:-1"},"canonical":"https:\/\/allu.net\/fr\/entreprise\/","og_locale":"fr_FR","og_type":"article","og_title":"Entreprise - ALLU France","og_description":"ALLU con\u00e7oit et distribue des \u00e9quipements hydrauliques r\u00e9pondant aux besoins des clients. Ils s'adaptent \u00e0 tous types d'engins et de chantiers","og_url":"https:\/\/allu.net\/fr\/entreprise\/","og_site_name":"ALLU France","article_publisher":"https:\/\/www.facebook.com\/ALLUGLOBAL\/","article_modified_time":"2025-05-06T11:32:48+00:00","og_image":[{"width":2560,"height":864,"url":"https:\/\/allu.net\/wp-content\/uploads\/ALLU-company-scaled.avif","type":"image\/jpeg"}],"twitter_card":"summary_large_image","twitter_site":"@AlluGroup","twitter_misc":{"Dur\u00e9e de lecture estim\u00e9e":"4 minutes"},"schema":{"@context":"https:\/\/schema.org","@graph":[{"@type":"WebPage","@id":"https:\/\/allu.net\/fr\/entreprise\/","url":"https:\/\/allu.net\/fr\/entreprise\/","name":"Entreprise - ALLU France","isPartOf":{"@id":"https:\/\/allu.net\/fr\/#website"},"primaryImageOfPage":{"@id":"https:\/\/allu.net\/fr\/entreprise\/#primaryimage"},"image":{"@id":"https:\/\/allu.net\/fr\/entreprise\/#primaryimage"},"thumbnailUrl":"https:\/\/allu.net\/wp-content\/uploads\/ALLU-company-scaled.avif","datePublished":"2024-08-30T09:57:23+00:00","dateModified":"2025-05-06T11:32:48+00:00","description":"ALLU con\u00e7oit et distribue des \u00e9quipements hydrauliques r\u00e9pondant aux besoins des clients. Ils s'adaptent \u00e0 tous types d'engins et de chantiers","breadcrumb":{"@id":"https:\/\/allu.net\/fr\/entreprise\/#breadcrumb"},"inLanguage":"fr-FR","potentialAction":[{"@type":"ReadAction","target":["https:\/\/allu.net\/fr\/entreprise\/"]}]},{"@type":"ImageObject","inLanguage":"fr-FR","@id":"https:\/\/allu.net\/fr\/entreprise\/#primaryimage","url":"https:\/\/allu.net\/wp-content\/uploads\/ALLU-company-scaled.avif","contentUrl":"https:\/\/allu.net\/wp-content\/uploads\/ALLU-company-scaled.avif","width":2560,"height":864},{"@type":"BreadcrumbList","@id":"https:\/\/allu.net\/fr\/entreprise\/#breadcrumb","itemListElement":[{"@type":"ListItem","position":1,"name":"ALLU","item":"https:\/\/allu.net\/fr\/"},{"@type":"ListItem","position":2,"name":"Entreprise"}]},{"@type":"WebSite","@id":"https:\/\/allu.net\/fr\/#website","url":"https:\/\/allu.net\/fr\/","name":"ALLU","description":"One Step Ahead","publisher":{"@id":"https:\/\/allu.net\/fr\/#organization"},"potentialAction":[{"@type":"SearchAction","target":{"@type":"EntryPoint","urlTemplate":"https:\/\/allu.net\/fr\/?s={search_term_string}"},"query-input":{"@type":"PropertyValueSpecification","valueRequired":true,"valueName":"search_term_string"}}],"inLanguage":"fr-FR"},{"@type":"Organization","@id":"https:\/\/allu.net\/fr\/#organization","name":"ALLU Group","url":"https:\/\/allu.net\/fr\/","logo":{"@type":"ImageObject","inLanguage":"fr-FR","@id":"https:\/\/allu.net\/fr\/#\/schema\/logo\/image\/","url":"https:\/\/allu.net\/wp-content\/uploads\/ALLU-Logo-black-web.png","contentUrl":"https:\/\/allu.net\/wp-content\/uploads\/ALLU-Logo-black-web.png","width":1723,"height":677,"caption":"ALLU Group"},"image":{"@id":"https:\/\/allu.net\/fr\/#\/schema\/logo\/image\/"},"sameAs":["https:\/\/www.facebook.com\/ALLUGLOBAL\/","https:\/\/x.com\/AlluGroup"]}]}},"_links":{"self":[{"href":"https:\/\/allu.net\/fr\/wp-json\/wp\/v2\/pages\/1458","targetHints":{"allow":["GET"]}}],"collection":[{"href":"https:\/\/allu.net\/fr\/wp-json\/wp\/v2\/pages"}],"about":[{"href":"https:\/\/allu.net\/fr\/wp-json\/wp\/v2\/types\/page"}],"author":[{"embeddable":true,"href":"https:\/\/allu.net\/fr\/wp-json\/wp\/v2\/users\/4"}],"replies":[{"embeddable":true,"href":"https:\/\/allu.net\/fr\/wp-json\/wp\/v2\/comments?post=1458"}],"version-history":[{"count":3,"href":"https:\/\/allu.net\/fr\/wp-json\/wp\/v2\/pages\/1458\/revisions"}],"predecessor-version":[{"id":26192,"href":"https:\/\/allu.net\/fr\/wp-json\/wp\/v2\/pages\/1458\/revisions\/26192"}],"wp:featuredmedia":[{"embeddable":true,"href":"https:\/\/allu.net\/fr\/wp-json\/wp\/v2\/media\/7832"}],"wp:attachment":[{"href":"https:\/\/allu.net\/fr\/wp-json\/wp\/v2\/media?parent=1458"}],"curies":[{"name":"wp","href":"https:\/\/api.w.org\/{rel}","templated":true}]}}