{"id":1446,"date":"2021-02-22T10:31:43","date_gmt":"2021-02-22T08:31:43","guid":{"rendered":"http:\/\/allu.nipro.pro-linuxpl.com\/?page_id=1446"},"modified":"2025-07-18T11:09:22","modified_gmt":"2025-07-18T08:09:22","slug":"contactez-nous","status":"publish","type":"page","link":"https:\/\/allu.net\/fr\/contactez-nous\/","title":{"rendered":"Contact"},"content":{"rendered":"<?xml encoding=\"utf-8\" ?><section class=\"block block-jumbotron block-padding-top-0 block-padding-bottom-3\">\r\n\t\t<div class=\"jumbotron-container d-flex align-items-end justify-content-center jumbotron-container-basic\" style=\"background-image: url('https:\/\/allu.net\/wp-content\/uploads\/ALLU_Contact-us_Web-Banner-2000x400-1.avif');\">\r\n\t\t\t<div class=\"jumbotron-content container align-items-top justify-content-center\">\r\n\t\t\t\t<div class=\"row\">\r\n\t\t\t\t\t<div class=\"col-12 col-md jumbotron-title text-center text-md-end align-self-center\">\r\n\t\t\t\t\t\t<h1 class=\"text-uppercase\">Contactez-nous<\/h1>\r\n\t\t\t\t\t<\/div>\r\n\t\t\t\t\t<div class=\"col-auto jumbotron-divider\"><\/div>\r\n\t\t\t\t\t<div class=\"col-12 col-md jumbotron-content text-center text-md-start align-self-center\">\r\n\t\t\t\t\t\t<div class=\"jumbotron-text\">Notre &eacute;quipe du service client se fera un plaisir de r&eacute;pondre &agrave; vos questions ou d'organiser une d&eacute;monstration dans les plus brefs d&eacute;lais.\r\n\r\n<\/div>\r\n\t\t\t\t\t\t\t\t\t\t\t\t\t<div class=\"jumbotron-buttons mt-4\">\r\n\t\t\t\t\t\t\t\t\t\t\t\t\t\t\t\t\t\t\t\t\t\t\t\t\t\t<a href=\"https:\/\/allu.net\/fr\/sav\/\" class=\"btn me-2 mb-2 btn-primary btn-lg\">Service <\/a>\r\n\t\t\t\t\t\t\t\t\t\t\t\t\t\t\t\t\t\t\t\t\t\t\t\t\t\t<a href=\"https:\/\/allu.net\/fr\/produits\/\" class=\"btn me-2 mb-2 btn-outline-primary btn-lg\">Voir produits<\/a>\r\n\t\t\t\t\t\t\t\t\t\t\t\t\t\t\t<\/div>\r\n\t\t\t\t\t\t\t\t\t\t\t<\/div>\r\n\t\t\t\t<\/div>\r\n\t\t\t<\/div>\r\n\t\t<\/div>\r\n\t\t<div class=\"cp-jumbotron__breadcrumbs\">\r\n\t\t\t\t\t<\/div>\r\n\t<\/section><section class=\"block block-form-block block-padding-top-0 block-padding-bottom-2\">\n    <div class=\"container\">\n        <div class=\"row\">\n            <div class=\"col-lg-4 mb-5\">\n                <div class=\"dealer-info\">\n                    \n                                    <div class=\"card h-100\">\n                        <div class=\"card-body text-start p-4 d-flex flex-column\">\n                            <div>\n                                <h4 class=\"card-title\">ALLU GROUP<\/h4>\n                            <\/div>\n                            <div class=\"\">\n                                <p class=\"card-text\">\n                                                                                                                                                            <span class=\"d-block mb-3\"><i class=\"fas fa-map-marker-alt me-2\"><\/i>Jokim&auml;entie 1, 16320 Pennala, FINLAND<\/span>\n                                                                                                                                                                <span class=\"d-block mb-3\"><i class=\"fas fa-phone-alt me-2\"><\/i>+358 3 882 140<\/span>\n                                                                                                                                                                <span class=\"d-block mb-3\"><i class=\"fas fa-envelope me-2\"><\/i><a href=\"mailto:info@allu.net\" class=\"contact-link\">info@allu.net<\/a><\/span>\n                                                                                                                                                                <span class=\"d-block mb-3\"><i class=\"fas fa-globe me-2\"><\/i><a href=\"https:\/\/www.allu.net\" target=\"_blank\" class=\"contact-link\">www.allu.net<\/a><\/span>\n                                                                                                            <\/p>\n                            <\/div>\n                        <\/div>\n                    <\/div>\n                                \n                <\/div>\n            <\/div>\n            <div class=\"col-lg-8\">\n                <div class=\"contact-form\">\n                    \n<div class=\"wpcf7 no-js\" id=\"wpcf7-f1771-o1\" lang=\"fr-FR\" dir=\"ltr\" data-wpcf7-id=\"1771\">\n<div class=\"screen-reader-response\"><p role=\"status\" aria-live=\"polite\" aria-atomic=\"true\"><\/p> <ul><\/ul><\/div>\n<form action=\"\/fr\/wp-json\/wp\/v2\/pages\/1446#wpcf7-f1771-o1\" method=\"post\" class=\"wpcf7-form init\" aria-label=\"Formulaire de contact\" novalidate=\"novalidate\" data-status=\"init\">\n<fieldset class=\"hidden-fields-container\"><input type=\"hidden\" name=\"_wpcf7\" value=\"1771\" \/><input type=\"hidden\" name=\"_wpcf7_version\" value=\"6.1.5\" \/><input type=\"hidden\" name=\"_wpcf7_locale\" value=\"fr_FR\" \/><input type=\"hidden\" name=\"_wpcf7_unit_tag\" value=\"wpcf7-f1771-o1\" \/><input type=\"hidden\" name=\"_wpcf7_container_post\" value=\"0\" \/><input type=\"hidden\" name=\"_wpcf7_posted_data_hash\" value=\"\" \/><input type=\"hidden\" name=\"_wpcf7_recaptcha_response\" value=\"\" \/>\n<\/fieldset>\n<div class=\"cp-page-contact-form__cols\">\n\t<div class=\"cp-page-contact-form__col\">\n\t\t<div class=\"cp-page-contact-item__field allu-label-field\">\n\t\t\t<p><label for=\"your-name\">Nom complet*<\/label><span class=\"wpcf7-form-control-wrap\" data-name=\"your-name\"><input size=\"40\" maxlength=\"400\" class=\"wpcf7-form-control wpcf7-text wpcf7-validates-as-required uk-input\" id=\"your-name\" aria-required=\"true\" aria-invalid=\"false\" value=\"\" type=\"text\" name=\"your-name\" \/><\/span>\n\t\t\t<\/p>\n\t\t<\/div>\n\t\t<div class=\"cp-page-contact-item__field allu-label-field\">\n\t\t\t<p><label for=\"email\">Email*<\/label><span class=\"wpcf7-form-control-wrap\" data-name=\"your-email\"><input size=\"40\" maxlength=\"400\" class=\"wpcf7-form-control wpcf7-email wpcf7-validates-as-required wpcf7-text wpcf7-validates-as-email uk-input\" id=\"email\" aria-required=\"true\" aria-invalid=\"false\" value=\"\" type=\"email\" name=\"your-email\" \/><\/span>\n\t\t\t<\/p>\n\t\t<\/div>\n\t\t<div class=\"cp-page-contact-item__field allu-label-field\">\n\t\t\t<p><label for=\"phone\">Num\u00e9ro de t\u00e9l\u00e9phone<\/label><span class=\"wpcf7-form-control-wrap\" data-name=\"phone\"><input size=\"40\" maxlength=\"400\" class=\"wpcf7-form-control wpcf7-tel wpcf7-text wpcf7-validates-as-tel uk-input\" id=\"phone\" aria-invalid=\"false\" value=\"\" type=\"tel\" name=\"phone\" \/><\/span>\n\t\t\t<\/p>\n\t\t<\/div>\n\t\t<div class=\"cp-page-contact-item__field allu-label-field\">\n\t\t\t<p><label for=\"phone\">Entreprise<\/label><span class=\"wpcf7-form-control-wrap\" data-name=\"company\"><input size=\"40\" maxlength=\"400\" class=\"wpcf7-form-control wpcf7-text uk-input\" aria-invalid=\"false\" value=\"\" type=\"text\" name=\"company\" \/><\/span>\n\t\t\t<\/p>\n\t\t<\/div>\n\t\t<div class=\"cp-page-contact-item__field allu-label-field\">\n\t\t\t<p><label for=\"Product Series\">Serie de produits <\/label><span class=\"wpcf7-form-control-wrap\" data-name=\"Product\"><input size=\"40\" maxlength=\"250\" class=\"wpcf7-form-control wpcf7-text uk-input\" aria-invalid=\"false\" value=\"\" type=\"text\" name=\"Product\" \/><\/span>\n\t\t\t<\/p>\n\t\t<\/div>\n\t<\/div>\n\t<div class=\"cp-page-contact-form__col\">\n\t\t<div class=\"cp-page-contact-item__field allu-label-field\">\n\t\t\t<p><label for=\"phone\">Pays*<\/label><span class=\"wpcf7-form-control-wrap\" data-name=\"Country\"><select class=\"wpcf7-form-control wpcf7-select wpcf7-validates-as-required uk-input\" aria-required=\"true\" aria-invalid=\"false\" name=\"Country\"><option value=\"\u2014Veuillez choisir une option\u2014\">\u2014Veuillez choisir une option\u2014<\/option><option value=\"Argentine\">Argentine<\/option><option value=\"Australie\">Australie<\/option><option value=\"Autriche\">Autriche<\/option><option value=\"Bi\u00e9lorussie\">Bi\u00e9lorussie<\/option><option value=\"Belgique\">Belgique<\/option><option value=\"Br\u00e9sil\">Br\u00e9sil<\/option><option value=\"Bulgarie\">Bulgarie<\/option><option value=\"Canada\">Canada<\/option><option value=\"Chine\">Chine<\/option><option value=\"Colombie\">Colombie<\/option><option value=\"R\u00e9publique tch\u00e8que\">R\u00e9publique tch\u00e8que<\/option><option value=\"Danemark\">Danemark<\/option><option value=\"Estonie\">Estonie<\/option><option value=\"Finlande\">Finlande<\/option><option value=\"France\">France<\/option><option value=\"G\u00e9orgie\">G\u00e9orgie<\/option><option value=\"Allemagne\">Allemagne<\/option><option value=\"Gr\u00e8ce\">Gr\u00e8ce<\/option><option value=\"Hongrie\">Hongrie<\/option><option value=\"Islande\">Islande<\/option><option value=\"Indon\u00e9sie\">Indon\u00e9sie<\/option><option value=\"Irlande\">Irlande<\/option><option value=\"Isra\u00ebl\">Isra\u00ebl<\/option><option value=\"Italie\">Italie<\/option><option value=\"Japon\">Japon<\/option><option value=\"Lettonie\">Lettonie<\/option><option value=\"Lituanie\">Lituanie<\/option><option value=\"Malaisie\">Malaisie<\/option><option value=\"Pays-Bas\">Pays-Bas<\/option><option value=\"Nouvelle-Z\u00e9lande\">Nouvelle-Z\u00e9lande<\/option><option value=\"Norv\u00e8ge\">Norv\u00e8ge<\/option><option value=\"Oman\">Oman<\/option><option value=\"P\u00e9rou\">P\u00e9rou<\/option><option value=\"Philippines\">Philippines<\/option><option value=\"Pologne\">Pologne<\/option><option value=\"Portugal\">Portugal<\/option><option value=\"Roumanie\">Roumanie<\/option><option value=\"Russie\">Russie<\/option><option value=\"Arabie saoudite\">Arabie saoudite<\/option><option value=\"Singapour\">Singapour<\/option><option value=\"Slovaquie\">Slovaquie<\/option><option value=\"Slov\u00e9nie\">Slov\u00e9nie<\/option><option value=\"Afrique du Sud\">Afrique du Sud<\/option><option value=\"Cor\u00e9e du Sud\">Cor\u00e9e du Sud<\/option><option value=\"Espagne\">Espagne<\/option><option value=\"Su\u00e8de\">Su\u00e8de<\/option><option value=\"Suisse\">Suisse<\/option><option value=\"Ta\u00efwan\">Ta\u00efwan<\/option><option value=\"Tha\u00eflande\">Tha\u00eflande<\/option><option value=\"Turquie\">Turquie<\/option><option value=\"Ukraine\">Ukraine<\/option><option value=\"Royaume-Uni\">Royaume-Uni<\/option><option value=\"\u00c9tats-Unis d\u2019Am\u00e9rique\">\u00c9tats-Unis d\u2019Am\u00e9rique<\/option><option value=\"Vi\u00eat Nam\">Vi\u00eat Nam<\/option><option value=\"Autre\">Autre<\/option><\/select><\/span>\n\t\t\t<\/p>\n\t\t<\/div>\n\t\t<div class=\"cp-page-contact-item__field allu-label-field\">\n\t\t\t<p><label for=\"your-message\">Comme puis-je vous aider?<\/label><span class=\"wpcf7-form-control-wrap\" data-name=\"your-message\"><textarea cols=\"100\" rows=\"3\" maxlength=\"2000\" class=\"wpcf7-form-control wpcf7-textarea uk-textarea\" id=\"your-message\" aria-invalid=\"false\" name=\"your-message\"><\/textarea><\/span>\n\t\t\t<\/p>\n\t\t<\/div>\n\t\t<div class=\"cp-page-contact__submit\">\n\t\t\t<p><input class=\"wpcf7-form-control wpcf7-submit has-spinner uk-button uk-button-primary\" type=\"submit\" value=\"Envoyer\" \/>\n\t\t\t<\/p>\n\t\t<\/div>\n\t\t<div class=\"cp-page-contact-item__field\">\n\t\t\t<p><span class=\"wpcf7-form-control-wrap\" data-name=\"acceptance-494\"><span class=\"wpcf7-form-control wpcf7-acceptance\"><span class=\"wpcf7-list-item\"><label><input type=\"checkbox\" name=\"acceptance-494\" value=\"1\" aria-invalid=\"false\" \/><span class=\"wpcf7-list-item-label\">J\u2019ai lu et j\u2019accepte la <a href=\"\/privacy-policy\/\">Politique de confidentialit\u00e9<\/a><\/span><\/label><\/span><\/span><\/span>\n\t\t\t<\/p>\n\t\t<\/div>\n\t<\/div>\n<\/div><div class=\"wpcf7-response-output\" aria-hidden=\"true\"><\/div>\n<\/form>\n<\/div>\n                <\/div>\n            <\/div>\n        <\/div>\n    <\/div>\n<\/section><div class=\"wp-block-group has-background\" style=\"background-color:#f4f4f4\"><div class=\"wp-block-group__inner-container is-layout-constrained wp-block-group-is-layout-constrained container\">\n<div style=\"height:40px\" aria-hidden=\"true\" class=\"wp-block-spacer\"><\/div>\n\n\n\n<h3 class=\"wp-block-heading\" id=\"h-allu-finland-oy-finance\">ALLU Finland Oy Finance <\/h3>\n\n\n\n<p>ALLU Finland Oy finance team contact details: <\/p>\n\n\n\n<p>ALLU Finland Oy<br>Jokim&auml;entie 1<br>16320 Pennala<\/p>\n\n\n\n<p><a href=\"mailto:ostolaskut@allu.net\">ostolaskut@allu.net <\/a><\/p>\n\n\n\n<div class=\"wp-block-buttons is-layout-flex wp-block-buttons-is-layout-flex\">\n<div class=\"wp-block-button\"><a class=\"wp-block-button__link wp-element-button\" href=\"https:\/\/allu.net\/wp-content\/uploads\/ALLU-Billing-info-0125.pdf\">Download invoice details <\/a><\/div>\n<\/div>\n\n\n\n<div style=\"height:40px\" aria-hidden=\"true\" class=\"wp-block-spacer\"><\/div>\n<\/div><\/div>\n","protected":false},"excerpt":{"rendered":"<p>ALLU Finland Oy Finance ALLU Finland Oy finance team contact details: ALLU Finland OyJokim&auml;entie 116320 Pennala ostolaskut@allu.net<\/p>\n","protected":false},"author":4,"featured_media":26401,"parent":0,"menu_order":0,"comment_status":"closed","ping_status":"closed","template":"","meta":{"_acf_changed":false,"footnotes":""},"class_list":["post-1446","page","type-page","status-publish","has-post-thumbnail","hentry"],"acf":[],"yoast_head":"<!-- This site is optimized with the Yoast SEO Premium plugin v27.3 (Yoast SEO v27.3) - https:\/\/yoast.com\/product\/yoast-seo-premium-wordpress\/ -->\n<title>Contactez-nous - ALLU France<\/title>\n<meta name=\"description\" content=\"Notre \u00e9quipe du service client se fera un plaisir de r\u00e9pondre \u00e0 vos questions ou d&#039;organiser une d\u00e9monstration dans les plus brefs d\u00e9lais.\" \/>\n<meta name=\"robots\" content=\"index, follow, max-snippet:-1, max-image-preview:large, max-video-preview:-1\" \/>\n<link rel=\"canonical\" href=\"https:\/\/allu.net\/fr\/contactez-nous\/\" \/>\n<meta property=\"og:locale\" content=\"fr_FR\" \/>\n<meta property=\"og:type\" content=\"article\" \/>\n<meta property=\"og:title\" content=\"Contact - ALLU France\" \/>\n<meta property=\"og:description\" content=\"Notre \u00e9quipe du service client se fera un plaisir de r\u00e9pondre \u00e0 vos questions ou d&#039;organiser une d\u00e9monstration dans les plus brefs d\u00e9lais.\" \/>\n<meta property=\"og:url\" content=\"https:\/\/allu.net\/fr\/contactez-nous\/\" \/>\n<meta property=\"og:site_name\" content=\"ALLU France\" \/>\n<meta property=\"article:publisher\" content=\"https:\/\/www.facebook.com\/ALLUGLOBAL\/\" \/>\n<meta property=\"article:modified_time\" content=\"2025-07-18T08:09:22+00:00\" \/>\n<meta property=\"og:image\" content=\"https:\/\/allu.net\/wp-content\/uploads\/ALLU-Bauma-71-scaled.avif\" \/>\n\t<meta property=\"og:image:width\" content=\"2560\" \/>\n\t<meta property=\"og:image:height\" content=\"1710\" \/>\n\t<meta property=\"og:image:type\" content=\"image\/jpeg\" \/>\n<meta name=\"twitter:card\" content=\"summary_large_image\" \/>\n<meta name=\"twitter:site\" content=\"@AlluGroup\" \/>\n<meta name=\"twitter:label1\" content=\"Dur\u00e9e de lecture estim\u00e9e\" \/>\n\t<meta name=\"twitter:data1\" content=\"1 minute\" \/>\n<script type=\"application\/ld+json\" class=\"yoast-schema-graph\">{\"@context\":\"https:\\\/\\\/schema.org\",\"@graph\":[{\"@type\":\"WebPage\",\"@id\":\"https:\\\/\\\/allu.net\\\/fr\\\/contactez-nous\\\/\",\"url\":\"https:\\\/\\\/allu.net\\\/fr\\\/contactez-nous\\\/\",\"name\":\"Contactez-nous - ALLU France\",\"isPartOf\":{\"@id\":\"https:\\\/\\\/allu.net\\\/fr\\\/#website\"},\"primaryImageOfPage\":{\"@id\":\"https:\\\/\\\/allu.net\\\/fr\\\/contactez-nous\\\/#primaryimage\"},\"image\":{\"@id\":\"https:\\\/\\\/allu.net\\\/fr\\\/contactez-nous\\\/#primaryimage\"},\"thumbnailUrl\":\"https:\\\/\\\/allu.net\\\/wp-content\\\/uploads\\\/ALLU-Bauma-71-scaled.avif\",\"datePublished\":\"2021-02-22T08:31:43+00:00\",\"dateModified\":\"2025-07-18T08:09:22+00:00\",\"description\":\"Notre \u00e9quipe du service client se fera un plaisir de r\u00e9pondre \u00e0 vos questions ou d'organiser une d\u00e9monstration dans les plus brefs d\u00e9lais.\",\"breadcrumb\":{\"@id\":\"https:\\\/\\\/allu.net\\\/fr\\\/contactez-nous\\\/#breadcrumb\"},\"inLanguage\":\"fr-FR\",\"potentialAction\":[{\"@type\":\"ReadAction\",\"target\":[\"https:\\\/\\\/allu.net\\\/fr\\\/contactez-nous\\\/\"]}]},{\"@type\":\"ImageObject\",\"inLanguage\":\"fr-FR\",\"@id\":\"https:\\\/\\\/allu.net\\\/fr\\\/contactez-nous\\\/#primaryimage\",\"url\":\"https:\\\/\\\/allu.net\\\/wp-content\\\/uploads\\\/ALLU-Bauma-71-scaled.avif\",\"contentUrl\":\"https:\\\/\\\/allu.net\\\/wp-content\\\/uploads\\\/ALLU-Bauma-71-scaled.avif\",\"width\":2560,\"height\":1710},{\"@type\":\"BreadcrumbList\",\"@id\":\"https:\\\/\\\/allu.net\\\/fr\\\/contactez-nous\\\/#breadcrumb\",\"itemListElement\":[{\"@type\":\"ListItem\",\"position\":1,\"name\":\"ALLU\",\"item\":\"https:\\\/\\\/allu.net\\\/fr\\\/\"},{\"@type\":\"ListItem\",\"position\":2,\"name\":\"Contact\"}]},{\"@type\":\"WebSite\",\"@id\":\"https:\\\/\\\/allu.net\\\/fr\\\/#website\",\"url\":\"https:\\\/\\\/allu.net\\\/fr\\\/\",\"name\":\"ALLU\",\"description\":\"One Step Ahead\",\"publisher\":{\"@id\":\"https:\\\/\\\/allu.net\\\/fr\\\/#organization\"},\"potentialAction\":[{\"@type\":\"SearchAction\",\"target\":{\"@type\":\"EntryPoint\",\"urlTemplate\":\"https:\\\/\\\/allu.net\\\/fr\\\/?s={search_term_string}\"},\"query-input\":{\"@type\":\"PropertyValueSpecification\",\"valueRequired\":true,\"valueName\":\"search_term_string\"}}],\"inLanguage\":\"fr-FR\"},{\"@type\":\"Organization\",\"@id\":\"https:\\\/\\\/allu.net\\\/fr\\\/#organization\",\"name\":\"ALLU Group\",\"url\":\"https:\\\/\\\/allu.net\\\/fr\\\/\",\"logo\":{\"@type\":\"ImageObject\",\"inLanguage\":\"fr-FR\",\"@id\":\"https:\\\/\\\/allu.net\\\/fr\\\/#\\\/schema\\\/logo\\\/image\\\/\",\"url\":\"https:\\\/\\\/allu.net\\\/wp-content\\\/uploads\\\/ALLU-Logo-black-web.png\",\"contentUrl\":\"https:\\\/\\\/allu.net\\\/wp-content\\\/uploads\\\/ALLU-Logo-black-web.png\",\"width\":1723,\"height\":677,\"caption\":\"ALLU Group\"},\"image\":{\"@id\":\"https:\\\/\\\/allu.net\\\/fr\\\/#\\\/schema\\\/logo\\\/image\\\/\"},\"sameAs\":[\"https:\\\/\\\/www.facebook.com\\\/ALLUGLOBAL\\\/\",\"https:\\\/\\\/x.com\\\/AlluGroup\"]}]}<\/script>\n<!-- \/ Yoast SEO Premium plugin. -->","yoast_head_json":{"title":"Contactez-nous - ALLU France","description":"Notre \u00e9quipe du service client se fera un plaisir de r\u00e9pondre \u00e0 vos questions ou d'organiser une d\u00e9monstration dans les plus brefs d\u00e9lais.","robots":{"index":"index","follow":"follow","max-snippet":"max-snippet:-1","max-image-preview":"max-image-preview:large","max-video-preview":"max-video-preview:-1"},"canonical":"https:\/\/allu.net\/fr\/contactez-nous\/","og_locale":"fr_FR","og_type":"article","og_title":"Contact - ALLU France","og_description":"Notre \u00e9quipe du service client se fera un plaisir de r\u00e9pondre \u00e0 vos questions ou d'organiser une d\u00e9monstration dans les plus brefs d\u00e9lais.","og_url":"https:\/\/allu.net\/fr\/contactez-nous\/","og_site_name":"ALLU France","article_publisher":"https:\/\/www.facebook.com\/ALLUGLOBAL\/","article_modified_time":"2025-07-18T08:09:22+00:00","og_image":[{"width":2560,"height":1710,"url":"https:\/\/allu.net\/wp-content\/uploads\/ALLU-Bauma-71-scaled.avif","type":"image\/jpeg"}],"twitter_card":"summary_large_image","twitter_site":"@AlluGroup","twitter_misc":{"Dur\u00e9e de lecture estim\u00e9e":"1 minute"},"schema":{"@context":"https:\/\/schema.org","@graph":[{"@type":"WebPage","@id":"https:\/\/allu.net\/fr\/contactez-nous\/","url":"https:\/\/allu.net\/fr\/contactez-nous\/","name":"Contactez-nous - ALLU France","isPartOf":{"@id":"https:\/\/allu.net\/fr\/#website"},"primaryImageOfPage":{"@id":"https:\/\/allu.net\/fr\/contactez-nous\/#primaryimage"},"image":{"@id":"https:\/\/allu.net\/fr\/contactez-nous\/#primaryimage"},"thumbnailUrl":"https:\/\/allu.net\/wp-content\/uploads\/ALLU-Bauma-71-scaled.avif","datePublished":"2021-02-22T08:31:43+00:00","dateModified":"2025-07-18T08:09:22+00:00","description":"Notre \u00e9quipe du service client se fera un plaisir de r\u00e9pondre \u00e0 vos questions ou d'organiser une d\u00e9monstration dans les plus brefs d\u00e9lais.","breadcrumb":{"@id":"https:\/\/allu.net\/fr\/contactez-nous\/#breadcrumb"},"inLanguage":"fr-FR","potentialAction":[{"@type":"ReadAction","target":["https:\/\/allu.net\/fr\/contactez-nous\/"]}]},{"@type":"ImageObject","inLanguage":"fr-FR","@id":"https:\/\/allu.net\/fr\/contactez-nous\/#primaryimage","url":"https:\/\/allu.net\/wp-content\/uploads\/ALLU-Bauma-71-scaled.avif","contentUrl":"https:\/\/allu.net\/wp-content\/uploads\/ALLU-Bauma-71-scaled.avif","width":2560,"height":1710},{"@type":"BreadcrumbList","@id":"https:\/\/allu.net\/fr\/contactez-nous\/#breadcrumb","itemListElement":[{"@type":"ListItem","position":1,"name":"ALLU","item":"https:\/\/allu.net\/fr\/"},{"@type":"ListItem","position":2,"name":"Contact"}]},{"@type":"WebSite","@id":"https:\/\/allu.net\/fr\/#website","url":"https:\/\/allu.net\/fr\/","name":"ALLU","description":"One Step Ahead","publisher":{"@id":"https:\/\/allu.net\/fr\/#organization"},"potentialAction":[{"@type":"SearchAction","target":{"@type":"EntryPoint","urlTemplate":"https:\/\/allu.net\/fr\/?s={search_term_string}"},"query-input":{"@type":"PropertyValueSpecification","valueRequired":true,"valueName":"search_term_string"}}],"inLanguage":"fr-FR"},{"@type":"Organization","@id":"https:\/\/allu.net\/fr\/#organization","name":"ALLU Group","url":"https:\/\/allu.net\/fr\/","logo":{"@type":"ImageObject","inLanguage":"fr-FR","@id":"https:\/\/allu.net\/fr\/#\/schema\/logo\/image\/","url":"https:\/\/allu.net\/wp-content\/uploads\/ALLU-Logo-black-web.png","contentUrl":"https:\/\/allu.net\/wp-content\/uploads\/ALLU-Logo-black-web.png","width":1723,"height":677,"caption":"ALLU Group"},"image":{"@id":"https:\/\/allu.net\/fr\/#\/schema\/logo\/image\/"},"sameAs":["https:\/\/www.facebook.com\/ALLUGLOBAL\/","https:\/\/x.com\/AlluGroup"]}]}},"_links":{"self":[{"href":"https:\/\/allu.net\/fr\/wp-json\/wp\/v2\/pages\/1446","targetHints":{"allow":["GET"]}}],"collection":[{"href":"https:\/\/allu.net\/fr\/wp-json\/wp\/v2\/pages"}],"about":[{"href":"https:\/\/allu.net\/fr\/wp-json\/wp\/v2\/types\/page"}],"author":[{"embeddable":true,"href":"https:\/\/allu.net\/fr\/wp-json\/wp\/v2\/users\/4"}],"replies":[{"embeddable":true,"href":"https:\/\/allu.net\/fr\/wp-json\/wp\/v2\/comments?post=1446"}],"version-history":[{"count":9,"href":"https:\/\/allu.net\/fr\/wp-json\/wp\/v2\/pages\/1446\/revisions"}],"predecessor-version":[{"id":28191,"href":"https:\/\/allu.net\/fr\/wp-json\/wp\/v2\/pages\/1446\/revisions\/28191"}],"wp:featuredmedia":[{"embeddable":true,"href":"https:\/\/allu.net\/fr\/wp-json\/wp\/v2\/media\/26401"}],"wp:attachment":[{"href":"https:\/\/allu.net\/fr\/wp-json\/wp\/v2\/media?parent=1446"}],"curies":[{"name":"wp","href":"https:\/\/api.w.org\/{rel}","templated":true}]}}