{"id":1380,"date":"2024-08-30T11:29:55","date_gmt":"2024-08-30T08:29:55","guid":{"rendered":"http:\/\/allu.nipro.pro-linuxpl.com\/?page_id=1380"},"modified":"2024-09-03T17:54:51","modified_gmt":"2024-09-03T14:54:51","slug":"actualites","status":"publish","type":"page","link":"https:\/\/allu.net\/fr\/actualites\/","title":{"rendered":"Actualit\u00e9s"},"content":{"rendered":"<?xml encoding=\"utf-8\" ?><section class=\"block block-jumbotron block-padding-top-0 block-padding-bottom-0\">\r\n\t\t<div class=\"jumbotron-container d-flex align-items-end justify-content-center jumbotron-container-basic\" style=\"background-image: url('https:\/\/allu.net\/wp-content\/uploads\/ALLU-production-factory-jpg.avif');\">\r\n\t\t\t<div class=\"jumbotron-content container align-items-top justify-content-center\">\r\n\t\t\t\t<div class=\"row\">\r\n\t\t\t\t\t<div class=\"col-12 col-md jumbotron-title text-center text-md-end align-self-center\">\r\n\t\t\t\t\t\t<h1 class=\"text-uppercase\">Actualit&eacute;s<\/h1>\r\n\t\t\t\t\t<\/div>\r\n\t\t\t\t\t<div class=\"col-auto jumbotron-divider\"><\/div>\r\n\t\t\t\t\t<div class=\"col-12 col-md jumbotron-content text-center text-md-start align-self-center\">\r\n\t\t\t\t\t\t<div class=\"jumbotron-text\">Soyez inform&eacute; des derni&egrave;res innovations, des tendances du domaine industriel et des &eacute;v&eacute;nements marquants de l'entreprise ALLU. Notre page d'actualit&eacute;s vous fournit des informations mises &agrave; jour sur les lancements de nouveaux produits, les &eacute;v&eacute;nements mondiaux et les avanc&eacute;es dans le domaine des solutions de traitement des mat&eacute;riaux.<\/div>\r\n\t\t\t\t\t\t\t\t\t\t\t<\/div>\r\n\t\t\t\t<\/div>\r\n\t\t\t<\/div>\r\n\t\t<\/div>\r\n\t\t<div class=\"cp-jumbotron__breadcrumbs\">\r\n\t\t\t\t\t<\/div>\r\n\t<\/section><section class=\"block block-products-menu block-padding-top-3 block-padding-bottom-2 bg-allu-lightgray cp-latest-news\" data-component=\"ellipsed\" data-component-init=\"force\">\r\n    <div class=\"container\">\r\n        <h2 class=\"text-center mb-4\">Latest News<\/h2>\r\n        <div class=\"row latest-news__items\" id=\"news-container\">\r\n                    <div class=\"col-md-4 latest-news__item mb-4 p-2\">\r\n                <div class=\"bg-allu-white h-100 p-3 d-flex flex-column justify-content-start\">\r\n                    <div>\r\n                        <p class=\"text-muted mb-3 mt-1\">03\/24\/2026<\/p>\r\n                    <\/div>\r\n                                            <div class=\"latest-news__thumbnail mb-3\">\r\n                            <a href=\"https:\/\/allu.net\/allu-at-conexpo-con-agg-2026\/\" title=\"ALLU at CONEXPO\/CON\/AGG 2026\">\r\n                                <img decoding=\"async\" width=\"640\" height=\"334\" src=\"https:\/\/allu.net\/wp-content\/uploads\/ALLU-Conexpo-Booth-1024x535.avif\" class=\"img-fluid wp-post-image\" alt=\"ALLU's booth at CONEXPO 2026 with buckets on display.\" srcset=\"https:\/\/allu.net\/wp-content\/uploads\/ALLU-Conexpo-Booth-1024x535.avif 1024w, https:\/\/allu.net\/wp-content\/uploads\/ALLU-Conexpo-Booth-300x157.avif 300w, https:\/\/allu.net\/wp-content\/uploads\/ALLU-Conexpo-Booth-768x401.avif 768w, https:\/\/allu.net\/wp-content\/uploads\/ALLU-Conexpo-Booth.avif 1200w\" sizes=\"auto, (max-width: 640px) 100vw, 640px\" loading=\"lazy\">                            <\/a>\r\n                        <\/div>\r\n                                        <div class=\"latest-news__content d-flex flex-column h-100 justify-content-between\">\r\n                            <div>\r\n                                <h3 class=\"h5 pb-2 fw-bold\"><a href=\"https:\/\/allu.net\/allu-at-conexpo-con-agg-2026\/\" class=\"link-underline link-underline-opacity-0\" title=\"ALLU at CONEXPO\/CON\/AGG 2026\">ALLU at CONEXPO\/CON\/AGG 2026<\/a><\/h3>\r\n                                <p>ALLU joined over 2,000 exhibitors and&nbsp;140,000 attendees from 128 countries in Las Vegas, NV for CONEXPO\/CON\/AGG 2026. The&nbsp;week offered many&hellip;<\/p>\r\n                            <\/div>\r\n                            <div>\r\n                                <a href=\"https:\/\/allu.net\/allu-at-conexpo-con-agg-2026\/\" class=\"btn btn-outline-secondary btn-sm\">Read More<i class=\"fa-solid fa-angle-right ms-2\"><\/i><\/a>\r\n                            <\/div>\r\n                    <\/div>\r\n                <\/div>\r\n            <\/div>\r\n                    <div class=\"col-md-4 latest-news__item mb-4 p-2\">\r\n                <div class=\"bg-allu-white h-100 p-3 d-flex flex-column justify-content-start\">\r\n                    <div>\r\n                        <p class=\"text-muted mb-3 mt-1\">02\/26\/2026<\/p>\r\n                    <\/div>\r\n                                            <div class=\"latest-news__thumbnail mb-3\">\r\n                            <a href=\"https:\/\/allu.net\/allu-showcases-advanced-material-processing-solutions-at-conexpo-con-agg\/\" title=\"ALLU Showcases Advanced Material Processing Solutions at CONEXPO-CON\/AGG\">\r\n                                <img decoding=\"async\" width=\"640\" height=\"334\" src=\"https:\/\/allu.net\/wp-content\/uploads\/ALLU-Asphalt-Bucket-at-Conexpo-feb-news-1024x535.avif\" class=\"img-fluid wp-post-image\" alt=\"ALLU Asphalt Bucket at Conexpo.\" srcset=\"https:\/\/allu.net\/wp-content\/uploads\/ALLU-Asphalt-Bucket-at-Conexpo-feb-news-1024x535.avif 1024w, https:\/\/allu.net\/wp-content\/uploads\/ALLU-Asphalt-Bucket-at-Conexpo-feb-news-300x157.avif 300w, https:\/\/allu.net\/wp-content\/uploads\/ALLU-Asphalt-Bucket-at-Conexpo-feb-news-768x401.avif 768w, https:\/\/allu.net\/wp-content\/uploads\/ALLU-Asphalt-Bucket-at-Conexpo-feb-news.avif 1200w\" sizes=\"auto, (max-width: 640px) 100vw, 640px\" loading=\"lazy\">                            <\/a>\r\n                        <\/div>\r\n                                        <div class=\"latest-news__content d-flex flex-column h-100 justify-content-between\">\r\n                            <div>\r\n                                <h3 class=\"h5 pb-2 fw-bold\"><a href=\"https:\/\/allu.net\/allu-showcases-advanced-material-processing-solutions-at-conexpo-con-agg\/\" class=\"link-underline link-underline-opacity-0\" title=\"ALLU Showcases Advanced Material Processing Solutions at CONEXPO-CON\/AGG\">ALLU Showcases Advanced Material Processing Solutions at CONEXPO-CON\/AGG<\/a><\/h3>\r\n                                <p>ALLU will participate in CONEXPO-CON\/AGG 2026 in Las Vegas, showcasing its latest innovations at the largest construction show in North&hellip;<\/p>\r\n                            <\/div>\r\n                            <div>\r\n                                <a href=\"https:\/\/allu.net\/allu-showcases-advanced-material-processing-solutions-at-conexpo-con-agg\/\" class=\"btn btn-outline-secondary btn-sm\">Read More<i class=\"fa-solid fa-angle-right ms-2\"><\/i><\/a>\r\n                            <\/div>\r\n                    <\/div>\r\n                <\/div>\r\n            <\/div>\r\n                    <div class=\"col-md-4 latest-news__item mb-4 p-2\">\r\n                <div class=\"bg-allu-white h-100 p-3 d-flex flex-column justify-content-start\">\r\n                    <div>\r\n                        <p class=\"text-muted mb-3 mt-1\">02\/03\/2026<\/p>\r\n                    <\/div>\r\n                                            <div class=\"latest-news__thumbnail mb-3\">\r\n                            <a href=\"https:\/\/allu.net\/allu-celebrates-40-years-of-innovation\/\" title=\"ALLU Celebrates 40 Years of Innovation\">\r\n                                <img decoding=\"async\" width=\"640\" height=\"373\" src=\"https:\/\/allu.net\/wp-content\/uploads\/ALLU-40-years-news-january-1024x596.avif\" class=\"img-fluid wp-post-image\" alt=\"ALLU 40 years of excellence.\" srcset=\"https:\/\/allu.net\/wp-content\/uploads\/ALLU-40-years-news-january-1024x596.avif 1024w, https:\/\/allu.net\/wp-content\/uploads\/ALLU-40-years-news-january-300x175.avif 300w, https:\/\/allu.net\/wp-content\/uploads\/ALLU-40-years-news-january-768x447.avif 768w, https:\/\/allu.net\/wp-content\/uploads\/ALLU-40-years-news-january-1536x894.avif 1536w, https:\/\/allu.net\/wp-content\/uploads\/ALLU-40-years-news-january-2048x1192.avif 2048w\" sizes=\"auto, (max-width: 640px) 100vw, 640px\" loading=\"lazy\">                            <\/a>\r\n                        <\/div>\r\n                                        <div class=\"latest-news__content d-flex flex-column h-100 justify-content-between\">\r\n                            <div>\r\n                                <h3 class=\"h5 pb-2 fw-bold\"><a href=\"https:\/\/allu.net\/allu-celebrates-40-years-of-innovation\/\" class=\"link-underline link-underline-opacity-0\" title=\"ALLU Celebrates 40 Years of Innovation\">ALLU Celebrates 40 Years of Innovation<\/a><\/h3>\r\n                                <p>Since its founding in late 1985, ALLU has combined practical innovation and engineering expertise to transform material processing. From the&hellip;<\/p>\r\n                            <\/div>\r\n                            <div>\r\n                                <a href=\"https:\/\/allu.net\/allu-celebrates-40-years-of-innovation\/\" class=\"btn btn-outline-secondary btn-sm\">Read More<i class=\"fa-solid fa-angle-right ms-2\"><\/i><\/a>\r\n                            <\/div>\r\n                    <\/div>\r\n                <\/div>\r\n            <\/div>\r\n                <\/div>\r\n            <\/div>\r\n<\/section><script>\r\n    jQuery(document).ready(function($) {\r\n        $('#load-more').on('click', function() {\r\n            var button = $(this);\r\n            var page = button.data('page');\r\n            var newPage = page + 1;\r\n            var ajaxurl = button.data('url');\r\n\r\n            $.ajax({\r\n                url: ajaxurl,\r\n                type: 'post',\r\n                data: {\r\n                    page: page,\r\n                    action: 'load_more_news'\r\n                },\r\n                error: function(response) {\r\n                    console.log(response);\r\n                },\r\n                success: function(response) {\r\n                    $('#news-container').append(response);\r\n                    button.data('page', newPage);\r\n                }\r\n            });\r\n        });\r\n    });\r\n<\/script><p>\r\n\n\n\t<section id=\"posts-per-year\" class=\"bg-white py-5\">\n\t\t<div class=\"container\">\n\t\t\t<div class=\"row\">\n\t\t\t\t<div class=\"col col-lg-3\">\n\t\t\t\t\t<div id=\"post-filter\">\n\t\t\t\t\t\t<h3>Filter by Year<\/h3>\n\t\t\t\t\t\t\t\t\t\t\t\t<hr \/>\n\t\t\t\t\t\t<h3>Filtrer par cat\u00e9gorie<\/h3>\n\t\t\t\t\t\t\t\t\t\t\t\t\t<label class=\"cb-container\">\n\t\t\t\t\t\t\t\t<input type=\"checkbox\" name=\"category\" value=\"Actualit\u00e9s\"> Actualit\u00e9s\t\t\t\t\t\t\t\t<span class=\"checkmark\"><\/span>\n\t\t\t\t\t\t\t<\/label>\n\t\t\t\t\t\t\t\t\t\t\t\t\t<label class=\"cb-container\">\n\t\t\t\t\t\t\t\t<input type=\"checkbox\" name=\"category\" value=\"Communiqu\u00e9s de presse (FR)\"> Communiqu\u00e9s de presse (FR)\t\t\t\t\t\t\t\t<span class=\"checkmark\"><\/span>\n\t\t\t\t\t\t\t<\/label>\n\t\t\t\t\t\t\t\t\t\t\t\t\t<label class=\"cb-container\">\n\t\t\t\t\t\t\t\t<input type=\"checkbox\" name=\"category\" value=\"Non cat\u00e9goris\u00e9\"> Non cat\u00e9goris\u00e9\t\t\t\t\t\t\t\t<span class=\"checkmark\"><\/span>\n\t\t\t\t\t\t\t<\/label>\n\t\t\t\t\t\t\t\t\t\t\t<\/div>\n\t\t\t\t<\/div>\n\t\t\t\t<div class=\"col col-lg-9\">\n\t\t\t\t\t<div id=\"post-list\">\n\t\t\t\t\t\t<h3>Posts<\/h3>\n\t\t\t\t\t\t<ul id=\"post-titles\">\n\t\t\t\t\t\t\t\t\t\t\t\t\t\t\t\t<li><time datetime=\"2023-05-10T12:07:07+03:00\" itemprop=\"datePublished\">10 mai 2023<\/time> <a href=\"https:\/\/allu.net\/fr\/le-nouveau-rotor-allu-vd\/\">Le nouveau rotor ALLU<\/a><\/li>\n\t\t\t\t\t\t\t\t\t\t\t\t\t\t\t\t\t<li><time datetime=\"2023-02-08T10:34:10+02:00\" itemprop=\"datePublished\">8 f\u00e9vrier 2023<\/time> <a href=\"https:\/\/allu.net\/fr\/presentation-de-la-nouvelle-serie-godets-cribleurs-allu-veloci-pour-petits-engins\/\">Pr\u00e9sentation de la nouvelle s\u00e9rie de godets cribleurs ALLU VELOCI<\/a><\/li>\n\t\t\t\t\t\t\t\t\t\t\t\t\t\t\t\t\t<li><time datetime=\"2022-12-08T10:54:26+02:00\" itemprop=\"datePublished\">8 d\u00e9cembre 2022<\/time> <a href=\"https:\/\/allu.net\/fr\/allu-sera-present-au-salon-conexpo-2023\/\">ALLU sera pr\u00e9sent au salon CONEXPO 2023<\/a><\/li>\n\t\t\t\t\t\t\t\t\t\t\t\t\t\t\t\t\t<li><time datetime=\"2022-10-05T15:37:02+03:00\" itemprop=\"datePublished\">5 octobre 2022<\/time> <a href=\"https:\/\/allu.net\/fr\/allu-france-au-salon-du-sommet-de-lelevage-a-aubiere\/\">ALLU France au salon de l&rsquo;\u00e9levage !<\/a><\/li>\n\t\t\t\t\t\t\t\t\t\t\t\t\t\t\t\t\t<li><time datetime=\"2022-10-04T11:44:26+03:00\" itemprop=\"datePublished\">4 octobre 2022<\/time> <a href=\"https:\/\/allu.net\/fr\/allu-vous-presente-le-nouveau-manager-asie-du-sud-est\/\">ALLU est ravi de vous pr\u00e9senter Daniel Alexander en tant que Manager pour l&rsquo;Asie du Sud Est<\/a><\/li>\n\t\t\t\t\t\t\t\t\t\t\t\t\t\t\t\t\t<li><time datetime=\"2022-09-28T11:00:00+03:00\" itemprop=\"datePublished\">28 septembre 2022<\/time> <a href=\"https:\/\/allu.net\/fr\/allu-france-au-salon-sim-a-marseille\/\">ALLU France au salon SIM \u00e0 Marseille !<\/a><\/li>\n\t\t\t\t\t\t\t\t\t\t\t\t\t\t\t\t\t<li><time datetime=\"2022-09-22T09:42:02+03:00\" itemprop=\"datePublished\">22 septembre 2022<\/time> <a href=\"https:\/\/allu.net\/fr\/allu-france-au-salon-du-sommet-de-lelevage\/\">ALLU France au Salon du Sommet de l&rsquo;\u00e9levage !<\/a><\/li>\n\t\t\t\t\t\t\t\t\t\t\t\t\t\t\t\t\t<li><time datetime=\"2022-09-20T13:00:00+03:00\" itemprop=\"datePublished\">20 septembre 2022<\/time> <a href=\"https:\/\/allu.net\/fr\/recyclage-des-dechets\/\">ALLU transforme vos r\u00e9f\u00e9rences en mati\u00e8re de recyclage et de durabilit\u00e9<\/a><\/li>\n\t\t\t\t\t\t\t\t\t\t\t\t\t\t\t\t\t<li><time datetime=\"2022-09-15T10:54:15+03:00\" itemprop=\"datePublished\">15 septembre 2022<\/time> <a href=\"https:\/\/allu.net\/fr\/allu-france-nouveau-commercial-sud-ouest\/\">ALLU France nouveau responsable commercial Sud Ouest<\/a><\/li>\n\t\t\t\t\t\t\t\t\t\t\t\t\t\t\t\t\t<li><time datetime=\"2021-03-01T16:42:45+02:00\" itemprop=\"datePublished\">1 mars 2021<\/time> <a href=\"https:\/\/allu.net\/fr\/gouter-au-godet-allu-cest-ladopter-2\/\">Go\u00fbter au godet Allu, c\u2019est l\u2019adopter!<\/a><\/li>\n\t\t\t\t\t\t\t\t\t\t\t\t\t\t<\/ul>\n\t\t\t\t\t\t<div class=\"text-center py-5\">\n\t\t\t\t\t\t\t<button id=\"load-more-news\" data-paged=\"1\" class=\"btn btn-outline-allu-darkgray\">\n\t\t\t\t\t\t\t\t<span id=\"loadspinner\" class=\"spinner-border text-secondary spinner-border-sm\" role=\"status\" aria-hidden=\"true\"><\/span>\n\t\t\t\t\t\t\t\t<span id=\"loadtext\">Load more<\/span>\n\t\t\t\t\t\t\t<\/button>\n\t\t\t\t\t\t<\/div>\n\t\t\t\t\t<\/div>\n\t\t\t\t<\/div>\n\t\t\t<\/div>\n\t\t<\/div>\n\t<\/section>\t\n    \n<\/p>\n","protected":false},"excerpt":{"rendered":"","protected":false},"author":4,"featured_media":0,"parent":0,"menu_order":0,"comment_status":"closed","ping_status":"closed","template":"","meta":{"_acf_changed":false,"footnotes":""},"class_list":["post-1380","page","type-page","status-publish","hentry"],"acf":[],"yoast_head":"<!-- This site is optimized with the Yoast SEO Premium plugin v27.3 (Yoast SEO v27.3) - https:\/\/yoast.com\/product\/yoast-seo-premium-wordpress\/ -->\n<title>Actualit\u00e9s - ALLU France<\/title>\n<meta name=\"description\" content=\"Vous trouverez sur cette page d&#039;actualit\u00e9s, toutes les derni\u00e8res informations, articles de presse concernant ALLU dans le monde\" \/>\n<meta name=\"robots\" content=\"index, follow, max-snippet:-1, max-image-preview:large, max-video-preview:-1\" \/>\n<link rel=\"canonical\" href=\"https:\/\/allu.net\/fr\/actualites\/\" \/>\n<meta property=\"og:locale\" content=\"fr_FR\" \/>\n<meta property=\"og:type\" content=\"article\" \/>\n<meta property=\"og:title\" content=\"Actualit\u00e9s - ALLU France\" \/>\n<meta property=\"og:description\" content=\"Vous trouverez sur cette page d&#039;actualit\u00e9s, toutes les derni\u00e8res informations, articles de presse concernant ALLU dans le monde\" \/>\n<meta property=\"og:url\" content=\"https:\/\/allu.net\/fr\/actualites\/\" \/>\n<meta property=\"og:site_name\" content=\"ALLU France\" \/>\n<meta property=\"article:publisher\" content=\"https:\/\/www.facebook.com\/ALLUGLOBAL\/\" \/>\n<meta property=\"article:modified_time\" content=\"2024-09-03T14:54:51+00:00\" \/>\n<meta property=\"og:image\" content=\"https:\/\/allu.net\/wp-content\/uploads\/ALLU-Website-slide-for-Screening-bucket-and-crushing-scaled.avif\" \/>\n\t<meta property=\"og:image:width\" content=\"2560\" \/>\n\t<meta property=\"og:image:height\" content=\"1231\" \/>\n\t<meta property=\"og:image:type\" content=\"image\/jpeg\" \/>\n<meta name=\"twitter:card\" content=\"summary_large_image\" \/>\n<meta name=\"twitter:site\" content=\"@AlluGroup\" \/>\n<meta name=\"twitter:label1\" content=\"Dur\u00e9e de lecture estim\u00e9e\" \/>\n\t<meta name=\"twitter:data1\" content=\"1 minute\" \/>\n<script type=\"application\/ld+json\" class=\"yoast-schema-graph\">{\"@context\":\"https:\\\/\\\/schema.org\",\"@graph\":[{\"@type\":\"WebPage\",\"@id\":\"https:\\\/\\\/allu.net\\\/fr\\\/actualites\\\/\",\"url\":\"https:\\\/\\\/allu.net\\\/fr\\\/actualites\\\/\",\"name\":\"Actualit\u00e9s - ALLU France\",\"isPartOf\":{\"@id\":\"https:\\\/\\\/allu.net\\\/fr\\\/#website\"},\"datePublished\":\"2024-08-30T08:29:55+00:00\",\"dateModified\":\"2024-09-03T14:54:51+00:00\",\"description\":\"Vous trouverez sur cette page d'actualit\u00e9s, toutes les derni\u00e8res informations, articles de presse concernant ALLU dans le monde\",\"breadcrumb\":{\"@id\":\"https:\\\/\\\/allu.net\\\/fr\\\/actualites\\\/#breadcrumb\"},\"inLanguage\":\"fr-FR\",\"potentialAction\":[{\"@type\":\"ReadAction\",\"target\":[\"https:\\\/\\\/allu.net\\\/fr\\\/actualites\\\/\"]}]},{\"@type\":\"BreadcrumbList\",\"@id\":\"https:\\\/\\\/allu.net\\\/fr\\\/actualites\\\/#breadcrumb\",\"itemListElement\":[{\"@type\":\"ListItem\",\"position\":1,\"name\":\"ALLU\",\"item\":\"https:\\\/\\\/allu.net\\\/fr\\\/\"},{\"@type\":\"ListItem\",\"position\":2,\"name\":\"Actualit\u00e9s\"}]},{\"@type\":\"WebSite\",\"@id\":\"https:\\\/\\\/allu.net\\\/fr\\\/#website\",\"url\":\"https:\\\/\\\/allu.net\\\/fr\\\/\",\"name\":\"ALLU\",\"description\":\"One Step Ahead\",\"publisher\":{\"@id\":\"https:\\\/\\\/allu.net\\\/fr\\\/#organization\"},\"potentialAction\":[{\"@type\":\"SearchAction\",\"target\":{\"@type\":\"EntryPoint\",\"urlTemplate\":\"https:\\\/\\\/allu.net\\\/fr\\\/?s={search_term_string}\"},\"query-input\":{\"@type\":\"PropertyValueSpecification\",\"valueRequired\":true,\"valueName\":\"search_term_string\"}}],\"inLanguage\":\"fr-FR\"},{\"@type\":\"Organization\",\"@id\":\"https:\\\/\\\/allu.net\\\/fr\\\/#organization\",\"name\":\"ALLU Group\",\"url\":\"https:\\\/\\\/allu.net\\\/fr\\\/\",\"logo\":{\"@type\":\"ImageObject\",\"inLanguage\":\"fr-FR\",\"@id\":\"https:\\\/\\\/allu.net\\\/fr\\\/#\\\/schema\\\/logo\\\/image\\\/\",\"url\":\"https:\\\/\\\/allu.net\\\/wp-content\\\/uploads\\\/ALLU-Logo-black-web.png\",\"contentUrl\":\"https:\\\/\\\/allu.net\\\/wp-content\\\/uploads\\\/ALLU-Logo-black-web.png\",\"width\":1723,\"height\":677,\"caption\":\"ALLU Group\"},\"image\":{\"@id\":\"https:\\\/\\\/allu.net\\\/fr\\\/#\\\/schema\\\/logo\\\/image\\\/\"},\"sameAs\":[\"https:\\\/\\\/www.facebook.com\\\/ALLUGLOBAL\\\/\",\"https:\\\/\\\/x.com\\\/AlluGroup\"]}]}<\/script>\n<!-- \/ Yoast SEO Premium plugin. -->","yoast_head_json":{"title":"Actualit\u00e9s - ALLU France","description":"Vous trouverez sur cette page d'actualit\u00e9s, toutes les derni\u00e8res informations, articles de presse concernant ALLU dans le monde","robots":{"index":"index","follow":"follow","max-snippet":"max-snippet:-1","max-image-preview":"max-image-preview:large","max-video-preview":"max-video-preview:-1"},"canonical":"https:\/\/allu.net\/fr\/actualites\/","og_locale":"fr_FR","og_type":"article","og_title":"Actualit\u00e9s - ALLU France","og_description":"Vous trouverez sur cette page d'actualit\u00e9s, toutes les derni\u00e8res informations, articles de presse concernant ALLU dans le monde","og_url":"https:\/\/allu.net\/fr\/actualites\/","og_site_name":"ALLU France","article_publisher":"https:\/\/www.facebook.com\/ALLUGLOBAL\/","article_modified_time":"2024-09-03T14:54:51+00:00","og_image":[{"width":2560,"height":1231,"url":"https:\/\/allu.net\/wp-content\/uploads\/ALLU-Website-slide-for-Screening-bucket-and-crushing-scaled.avif","type":"image\/jpeg"}],"twitter_card":"summary_large_image","twitter_site":"@AlluGroup","twitter_misc":{"Dur\u00e9e de lecture estim\u00e9e":"1 minute"},"schema":{"@context":"https:\/\/schema.org","@graph":[{"@type":"WebPage","@id":"https:\/\/allu.net\/fr\/actualites\/","url":"https:\/\/allu.net\/fr\/actualites\/","name":"Actualit\u00e9s - ALLU France","isPartOf":{"@id":"https:\/\/allu.net\/fr\/#website"},"datePublished":"2024-08-30T08:29:55+00:00","dateModified":"2024-09-03T14:54:51+00:00","description":"Vous trouverez sur cette page d'actualit\u00e9s, toutes les derni\u00e8res informations, articles de presse concernant ALLU dans le monde","breadcrumb":{"@id":"https:\/\/allu.net\/fr\/actualites\/#breadcrumb"},"inLanguage":"fr-FR","potentialAction":[{"@type":"ReadAction","target":["https:\/\/allu.net\/fr\/actualites\/"]}]},{"@type":"BreadcrumbList","@id":"https:\/\/allu.net\/fr\/actualites\/#breadcrumb","itemListElement":[{"@type":"ListItem","position":1,"name":"ALLU","item":"https:\/\/allu.net\/fr\/"},{"@type":"ListItem","position":2,"name":"Actualit\u00e9s"}]},{"@type":"WebSite","@id":"https:\/\/allu.net\/fr\/#website","url":"https:\/\/allu.net\/fr\/","name":"ALLU","description":"One Step Ahead","publisher":{"@id":"https:\/\/allu.net\/fr\/#organization"},"potentialAction":[{"@type":"SearchAction","target":{"@type":"EntryPoint","urlTemplate":"https:\/\/allu.net\/fr\/?s={search_term_string}"},"query-input":{"@type":"PropertyValueSpecification","valueRequired":true,"valueName":"search_term_string"}}],"inLanguage":"fr-FR"},{"@type":"Organization","@id":"https:\/\/allu.net\/fr\/#organization","name":"ALLU Group","url":"https:\/\/allu.net\/fr\/","logo":{"@type":"ImageObject","inLanguage":"fr-FR","@id":"https:\/\/allu.net\/fr\/#\/schema\/logo\/image\/","url":"https:\/\/allu.net\/wp-content\/uploads\/ALLU-Logo-black-web.png","contentUrl":"https:\/\/allu.net\/wp-content\/uploads\/ALLU-Logo-black-web.png","width":1723,"height":677,"caption":"ALLU Group"},"image":{"@id":"https:\/\/allu.net\/fr\/#\/schema\/logo\/image\/"},"sameAs":["https:\/\/www.facebook.com\/ALLUGLOBAL\/","https:\/\/x.com\/AlluGroup"]}]}},"_links":{"self":[{"href":"https:\/\/allu.net\/fr\/wp-json\/wp\/v2\/pages\/1380","targetHints":{"allow":["GET"]}}],"collection":[{"href":"https:\/\/allu.net\/fr\/wp-json\/wp\/v2\/pages"}],"about":[{"href":"https:\/\/allu.net\/fr\/wp-json\/wp\/v2\/types\/page"}],"author":[{"embeddable":true,"href":"https:\/\/allu.net\/fr\/wp-json\/wp\/v2\/users\/4"}],"replies":[{"embeddable":true,"href":"https:\/\/allu.net\/fr\/wp-json\/wp\/v2\/comments?post=1380"}],"version-history":[{"count":0,"href":"https:\/\/allu.net\/fr\/wp-json\/wp\/v2\/pages\/1380\/revisions"}],"wp:attachment":[{"href":"https:\/\/allu.net\/fr\/wp-json\/wp\/v2\/media?parent=1380"}],"curies":[{"name":"wp","href":"https:\/\/api.w.org\/{rel}","templated":true}]}}