{"id":3253,"date":"2021-07-27T09:33:59","date_gmt":"2021-07-27T06:33:59","guid":{"rendered":"http:\/\/allu.nipro.pro-linuxpl.com\/?page_id=3253"},"modified":"2025-10-01T23:01:31","modified_gmt":"2025-10-01T20:01:31","slug":"tyopaikat","status":"publish","type":"page","link":"https:\/\/allu.net\/fi\/tyopaikat\/","title":{"rendered":"Ty\u00f6paikat"},"content":{"rendered":"<?xml encoding=\"utf-8\" ?><section class=\"block block-jumbotron block-padding-top-0 block-padding-bottom-2\">\r\n\t\t<div class=\"jumbotron-container d-flex align-items-end justify-content-center jumbotron-container-basic\" style=\"background-image: url('https:\/\/allu.net\/wp-content\/uploads\/2021\/07\/ALLU-Tracker-horizontal-scaled.avif');\">\r\n\t\t\t<div class=\"jumbotron-content container align-items-top justify-content-center\">\r\n\t\t\t\t<div class=\"row\">\r\n\t\t\t\t\t<div class=\"col-12 col-md jumbotron-title text-center text-md-end align-self-center\">\r\n\t\t\t\t\t\t<h1 class=\"text-uppercase\">Ty&ouml;paikat<\/h1>\r\n\t\t\t\t\t<\/div>\r\n\t\t\t\t\t<div class=\"col-auto jumbotron-divider\"><\/div>\r\n\t\t\t\t\t<div class=\"col-12 col-md jumbotron-content text-center text-md-start align-self-center\">\r\n\t\t\t\t\t\t<div class=\"jumbotron-text\">ALLU on globaali perheyritys, joka tarjoaa lukuisia mahdollisuuksia sek&auml; ammattilaisille ett&auml; vastavalmistuneille.<\/div>\r\n\t\t\t\t\t\t\t\t\t\t\t\t\t<div class=\"jumbotron-buttons mt-4\">\r\n\t\t\t\t\t\t\t\t\t\t\t\t\t\t\t\t\t\t\t\t\t\t\t\t\t\t<a href=\"https:\/\/allu.net\/fi\/ota-yhteytta\/\" class=\"btn me-2 mb-2 btn-primary btn-lg\">Ota yhteytt&auml;<\/a>\r\n\t\t\t\t\t\t\t\t\t\t\t\t\t\t\t<\/div>\r\n\t\t\t\t\t\t\t\t\t\t\t<\/div>\r\n\t\t\t\t<\/div>\r\n\t\t\t<\/div>\r\n\t\t<\/div>\r\n\t\t<div class=\"cp-jumbotron__breadcrumbs\">\r\n\t\t\t\t\t<\/div>\r\n\t<\/section><div style=\"height:50px\" aria-hidden=\"true\" class=\"wp-block-spacer\"><\/div><div class=\"wp-block-group\"><div class=\"wp-block-group__inner-container is-layout-constrained wp-block-group-is-layout-constrained container\">\n<h2 class=\"wp-block-heading\" id=\"h-avoimet-tyopaikat\">Avoimet ty&ouml;paikat<\/h2>\n\n\n\n<div style=\"height:30px\" aria-hidden=\"true\" class=\"wp-block-spacer\"><\/div>\n<\/div><\/div><div style=\"height:100px\" aria-hidden=\"true\" class=\"wp-block-spacer\"><\/div><div class=\"wp-block-group\"><div class=\"wp-block-group__inner-container is-layout-flow wp-block-group-is-layout-flow container\">\n<div class=\"wp-block-columns is-layout-flex wp-container-core-columns-is-layout-9d6595d7 wp-block-columns-is-layout-flex\">\n<div class=\"wp-block-column is-layout-flow wp-block-column-is-layout-flow\">\n<h3 class=\"wp-block-heading uk-margin-remove-top\" id=\"h-laheta-meille-cv-si\">L&Auml;HET&Auml; MEILLE CV:SI<\/h3>\n\n\n\n<div style=\"height:20px\" aria-hidden=\"true\" class=\"wp-block-spacer\"><\/div>\n\n\n\n<p class=\"max-width-750 links-color-primary links-underline\">Etsimme jatkuvasti innokkaita tekij&ouml;it&auml; kasvavaan joukkoomme. Voit hakea ALLUlle t&ouml;ihin l&auml;hett&auml;m&auml;ll&auml; hakemuksen <a href=\"mailto:rekrytointi@allu.net\">rekrytointi@allu.net<\/a> tai katso avoimet paikat yl&auml;puolelta.<\/p>\n<\/div>\n\n\n\n<div class=\"wp-block-column is-layout-flow wp-block-column-is-layout-flow\"><\/div>\n<\/div>\n\n\n\n<div style=\"height:50px\" aria-hidden=\"true\" class=\"wp-block-spacer\"><\/div>\n<\/div><\/div><div style=\"height:80px\" aria-hidden=\"true\" class=\"wp-block-spacer\"><\/div>\n","protected":false},"excerpt":{"rendered":"<p>Avoimet ty&ouml;paikat L&Auml;HET&Auml; MEILLE CV:SI Etsimme jatkuvasti innokkaita tekij&ouml;it&auml; kasvavaan joukkoomme. Voit hakea ALLUlle t&ouml;ihin l&auml;hett&auml;m&auml;ll&auml; hakemuksen rekrytointi@allu.net tai katso avoimet paikat yl&auml;puolelta.<\/p>\n","protected":false},"author":4,"featured_media":0,"parent":0,"menu_order":0,"comment_status":"closed","ping_status":"closed","template":"","meta":{"_acf_changed":false,"footnotes":""},"class_list":["post-3253","page","type-page","status-publish","hentry"],"acf":[],"yoast_head":"<!-- This site is optimized with the Yoast SEO Premium plugin v27.3 (Yoast SEO v27.3) - https:\/\/yoast.com\/product\/yoast-seo-premium-wordpress\/ -->\n<title>Ty\u00f6paikat - ALLU Suomi<\/title>\n<meta name=\"description\" content=\"Tervetuloa ALLUn avoimet ty\u00f6paikat sivulle. T\u00e4\u00e4lt\u00e4 l\u00f6yd\u00e4t kaikki avoinna olevat ty\u00f6paikat, mutta voit my\u00f6s aina l\u00e4hett\u00e4\u00e4 meille cv:si.\" \/>\n<meta name=\"robots\" content=\"index, follow, max-snippet:-1, max-image-preview:large, max-video-preview:-1\" \/>\n<link rel=\"canonical\" href=\"https:\/\/allu.net\/fi\/tyopaikat\/\" \/>\n<meta property=\"og:locale\" content=\"fi_FI\" \/>\n<meta property=\"og:type\" content=\"article\" \/>\n<meta property=\"og:title\" content=\"Ty\u00f6paikat - ALLU Suomi\" \/>\n<meta property=\"og:description\" content=\"Tervetuloa ALLUn avoimet ty\u00f6paikat sivulle. T\u00e4\u00e4lt\u00e4 l\u00f6yd\u00e4t kaikki avoinna olevat ty\u00f6paikat, mutta voit my\u00f6s aina l\u00e4hett\u00e4\u00e4 meille cv:si.\" \/>\n<meta property=\"og:url\" content=\"https:\/\/allu.net\/fi\/tyopaikat\/\" \/>\n<meta property=\"og:site_name\" content=\"ALLU Suomi\" \/>\n<meta property=\"article:publisher\" content=\"https:\/\/www.facebook.com\/ALLUGLOBAL\/\" \/>\n<meta property=\"article:modified_time\" content=\"2025-10-01T20:01:31+00:00\" \/>\n<meta property=\"og:image\" content=\"https:\/\/allu.net\/wp-content\/uploads\/ALLU-Website-slide-for-Screening-bucket-and-crushing-scaled.avif\" \/>\n\t<meta property=\"og:image:width\" content=\"2560\" \/>\n\t<meta property=\"og:image:height\" content=\"1231\" \/>\n\t<meta property=\"og:image:type\" content=\"image\/jpeg\" \/>\n<meta name=\"twitter:card\" content=\"summary_large_image\" \/>\n<meta name=\"twitter:site\" content=\"@AlluGroup\" \/>\n<meta name=\"twitter:label1\" content=\"Arvioitu lukuaika\" \/>\n\t<meta name=\"twitter:data1\" content=\"1 minuutti\" \/>\n<script type=\"application\/ld+json\" class=\"yoast-schema-graph\">{\"@context\":\"https:\\\/\\\/schema.org\",\"@graph\":[{\"@type\":\"WebPage\",\"@id\":\"https:\\\/\\\/allu.net\\\/fi\\\/tyopaikat\\\/\",\"url\":\"https:\\\/\\\/allu.net\\\/fi\\\/tyopaikat\\\/\",\"name\":\"Ty\u00f6paikat - ALLU Suomi\",\"isPartOf\":{\"@id\":\"https:\\\/\\\/allu.net\\\/fi\\\/#website\"},\"datePublished\":\"2021-07-27T06:33:59+00:00\",\"dateModified\":\"2025-10-01T20:01:31+00:00\",\"description\":\"Tervetuloa ALLUn avoimet ty\u00f6paikat sivulle. T\u00e4\u00e4lt\u00e4 l\u00f6yd\u00e4t kaikki avoinna olevat ty\u00f6paikat, mutta voit my\u00f6s aina l\u00e4hett\u00e4\u00e4 meille cv:si.\",\"breadcrumb\":{\"@id\":\"https:\\\/\\\/allu.net\\\/fi\\\/tyopaikat\\\/#breadcrumb\"},\"inLanguage\":\"fi\",\"potentialAction\":[{\"@type\":\"ReadAction\",\"target\":[\"https:\\\/\\\/allu.net\\\/fi\\\/tyopaikat\\\/\"]}]},{\"@type\":\"BreadcrumbList\",\"@id\":\"https:\\\/\\\/allu.net\\\/fi\\\/tyopaikat\\\/#breadcrumb\",\"itemListElement\":[{\"@type\":\"ListItem\",\"position\":1,\"name\":\"ALLU\",\"item\":\"https:\\\/\\\/allu.net\\\/fi\\\/\"},{\"@type\":\"ListItem\",\"position\":2,\"name\":\"Ty\u00f6paikat\"}]},{\"@type\":\"WebSite\",\"@id\":\"https:\\\/\\\/allu.net\\\/fi\\\/#website\",\"url\":\"https:\\\/\\\/allu.net\\\/fi\\\/\",\"name\":\"ALLU\",\"description\":\"One Step Ahead\",\"publisher\":{\"@id\":\"https:\\\/\\\/allu.net\\\/fi\\\/#organization\"},\"potentialAction\":[{\"@type\":\"SearchAction\",\"target\":{\"@type\":\"EntryPoint\",\"urlTemplate\":\"https:\\\/\\\/allu.net\\\/fi\\\/?s={search_term_string}\"},\"query-input\":{\"@type\":\"PropertyValueSpecification\",\"valueRequired\":true,\"valueName\":\"search_term_string\"}}],\"inLanguage\":\"fi\"},{\"@type\":\"Organization\",\"@id\":\"https:\\\/\\\/allu.net\\\/fi\\\/#organization\",\"name\":\"ALLU Group\",\"url\":\"https:\\\/\\\/allu.net\\\/fi\\\/\",\"logo\":{\"@type\":\"ImageObject\",\"inLanguage\":\"fi\",\"@id\":\"https:\\\/\\\/allu.net\\\/fi\\\/#\\\/schema\\\/logo\\\/image\\\/\",\"url\":\"https:\\\/\\\/allu.net\\\/wp-content\\\/uploads\\\/ALLU-Logo-black-web.png\",\"contentUrl\":\"https:\\\/\\\/allu.net\\\/wp-content\\\/uploads\\\/ALLU-Logo-black-web.png\",\"width\":1723,\"height\":677,\"caption\":\"ALLU Group\"},\"image\":{\"@id\":\"https:\\\/\\\/allu.net\\\/fi\\\/#\\\/schema\\\/logo\\\/image\\\/\"},\"sameAs\":[\"https:\\\/\\\/www.facebook.com\\\/ALLUGLOBAL\\\/\",\"https:\\\/\\\/x.com\\\/AlluGroup\"]}]}<\/script>\n<!-- \/ Yoast SEO Premium plugin. -->","yoast_head_json":{"title":"Ty\u00f6paikat - ALLU Suomi","description":"Tervetuloa ALLUn avoimet ty\u00f6paikat sivulle. T\u00e4\u00e4lt\u00e4 l\u00f6yd\u00e4t kaikki avoinna olevat ty\u00f6paikat, mutta voit my\u00f6s aina l\u00e4hett\u00e4\u00e4 meille cv:si.","robots":{"index":"index","follow":"follow","max-snippet":"max-snippet:-1","max-image-preview":"max-image-preview:large","max-video-preview":"max-video-preview:-1"},"canonical":"https:\/\/allu.net\/fi\/tyopaikat\/","og_locale":"fi_FI","og_type":"article","og_title":"Ty\u00f6paikat - ALLU Suomi","og_description":"Tervetuloa ALLUn avoimet ty\u00f6paikat sivulle. T\u00e4\u00e4lt\u00e4 l\u00f6yd\u00e4t kaikki avoinna olevat ty\u00f6paikat, mutta voit my\u00f6s aina l\u00e4hett\u00e4\u00e4 meille cv:si.","og_url":"https:\/\/allu.net\/fi\/tyopaikat\/","og_site_name":"ALLU Suomi","article_publisher":"https:\/\/www.facebook.com\/ALLUGLOBAL\/","article_modified_time":"2025-10-01T20:01:31+00:00","og_image":[{"width":2560,"height":1231,"url":"https:\/\/allu.net\/wp-content\/uploads\/ALLU-Website-slide-for-Screening-bucket-and-crushing-scaled.avif","type":"image\/jpeg"}],"twitter_card":"summary_large_image","twitter_site":"@AlluGroup","twitter_misc":{"Arvioitu lukuaika":"1 minuutti"},"schema":{"@context":"https:\/\/schema.org","@graph":[{"@type":"WebPage","@id":"https:\/\/allu.net\/fi\/tyopaikat\/","url":"https:\/\/allu.net\/fi\/tyopaikat\/","name":"Ty\u00f6paikat - ALLU Suomi","isPartOf":{"@id":"https:\/\/allu.net\/fi\/#website"},"datePublished":"2021-07-27T06:33:59+00:00","dateModified":"2025-10-01T20:01:31+00:00","description":"Tervetuloa ALLUn avoimet ty\u00f6paikat sivulle. T\u00e4\u00e4lt\u00e4 l\u00f6yd\u00e4t kaikki avoinna olevat ty\u00f6paikat, mutta voit my\u00f6s aina l\u00e4hett\u00e4\u00e4 meille cv:si.","breadcrumb":{"@id":"https:\/\/allu.net\/fi\/tyopaikat\/#breadcrumb"},"inLanguage":"fi","potentialAction":[{"@type":"ReadAction","target":["https:\/\/allu.net\/fi\/tyopaikat\/"]}]},{"@type":"BreadcrumbList","@id":"https:\/\/allu.net\/fi\/tyopaikat\/#breadcrumb","itemListElement":[{"@type":"ListItem","position":1,"name":"ALLU","item":"https:\/\/allu.net\/fi\/"},{"@type":"ListItem","position":2,"name":"Ty\u00f6paikat"}]},{"@type":"WebSite","@id":"https:\/\/allu.net\/fi\/#website","url":"https:\/\/allu.net\/fi\/","name":"ALLU","description":"One Step Ahead","publisher":{"@id":"https:\/\/allu.net\/fi\/#organization"},"potentialAction":[{"@type":"SearchAction","target":{"@type":"EntryPoint","urlTemplate":"https:\/\/allu.net\/fi\/?s={search_term_string}"},"query-input":{"@type":"PropertyValueSpecification","valueRequired":true,"valueName":"search_term_string"}}],"inLanguage":"fi"},{"@type":"Organization","@id":"https:\/\/allu.net\/fi\/#organization","name":"ALLU Group","url":"https:\/\/allu.net\/fi\/","logo":{"@type":"ImageObject","inLanguage":"fi","@id":"https:\/\/allu.net\/fi\/#\/schema\/logo\/image\/","url":"https:\/\/allu.net\/wp-content\/uploads\/ALLU-Logo-black-web.png","contentUrl":"https:\/\/allu.net\/wp-content\/uploads\/ALLU-Logo-black-web.png","width":1723,"height":677,"caption":"ALLU Group"},"image":{"@id":"https:\/\/allu.net\/fi\/#\/schema\/logo\/image\/"},"sameAs":["https:\/\/www.facebook.com\/ALLUGLOBAL\/","https:\/\/x.com\/AlluGroup"]}]}},"_links":{"self":[{"href":"https:\/\/allu.net\/fi\/wp-json\/wp\/v2\/pages\/3253","targetHints":{"allow":["GET"]}}],"collection":[{"href":"https:\/\/allu.net\/fi\/wp-json\/wp\/v2\/pages"}],"about":[{"href":"https:\/\/allu.net\/fi\/wp-json\/wp\/v2\/types\/page"}],"author":[{"embeddable":true,"href":"https:\/\/allu.net\/fi\/wp-json\/wp\/v2\/users\/4"}],"replies":[{"embeddable":true,"href":"https:\/\/allu.net\/fi\/wp-json\/wp\/v2\/comments?post=3253"}],"version-history":[{"count":10,"href":"https:\/\/allu.net\/fi\/wp-json\/wp\/v2\/pages\/3253\/revisions"}],"predecessor-version":[{"id":28906,"href":"https:\/\/allu.net\/fi\/wp-json\/wp\/v2\/pages\/3253\/revisions\/28906"}],"wp:attachment":[{"href":"https:\/\/allu.net\/fi\/wp-json\/wp\/v2\/media?parent=3253"}],"curies":[{"name":"wp","href":"https:\/\/api.w.org\/{rel}","templated":true}]}}