{"id":1485,"date":"2021-02-19T07:34:55","date_gmt":"2021-02-19T05:34:55","guid":{"rendered":"http:\/\/allu.nipro.pro-linuxpl.com\/?page_id=1485"},"modified":"2025-07-16T18:32:24","modified_gmt":"2025-07-16T15:32:24","slug":"allu-tuotetuki","status":"publish","type":"page","link":"https:\/\/allu.net\/fi\/allu-tuotetuki\/","title":{"rendered":"Tuotetuki"},"content":{"rendered":"<?xml encoding=\"utf-8\" ?><section>\r\n\t\t<div class=\"yt-embed position-relative d-flex flex-column align-items-center justify-content-center\" style=\"background-size: cover; background-position: center center;\">\r\n\r\n\t\t\t\t\t\t<video class=\"jumbo-video\" muted autoplay loop webkit-playsinline playsinline>\r\n\t\t\t\t<source src=\"https:\/\/allu.net\/wp-content\/uploads\/ALLU-Betoni-Support_Tyhja.mp4\" type=\"video\/webm\">\r\n\t\t\t\t<source src=\"https:\/\/allu.net\/wp-content\/uploads\/ALLU-Betoni-Support_Tyhja.mp4\" type=\"video\/mp4\">\r\n\t\t\t\tYour browser does not support the video tag.\r\n\t\t\t<\/source><\/source><\/video>\r\n\t\t\t\t\t\t<div class=\"yt-embed-overlay\"><\/div>\r\n\r\n\t\t\t<div class=\"jumbotron-container-video-outer mt-auto\">\r\n\t\t\t\t<div class=\"jumbotron-content container position-relative d-flex align-items-end justify-content-center jumbotron-container-video\">\r\n\t\t\t\t\t<div class=\"row\">\r\n\t\t\t\t\t\t<div class=\"col-12 col-md jumbotron-title text-center text-md-end align-self-center\">\r\n\t\t\t\t\t\t\t<h1 class=\"text-uppercase\">Tuotetuki<\/h1>\r\n\t\t\t\t\t\t<\/div>\r\n\t\t\t\t\t\t<div class=\"col-auto jumbotron-divider\"><\/div>\r\n\t\t\t\t\t\t<div class=\"col-12 col-md jumbotron-content text-center text-md-start align-self-center\">\r\n\t\t\t\t\t\t\t<div class=\"jumbotron-text\">Toimitamme alkuper&auml;iset varaosat maailmanlaajuisesti &ndash; erinomainen saatavuus ja nopea toimitus takaavat maksimaalisen tuottavuuden.<\/div>\r\n\t\t\t\t\t\t\t\t\t\t\t\t\t\t\t<div class=\"jumbotron-buttons mt-4\">\r\n\t\t\t\t\t\t\t\t\t\t\t\t\t\t\t\t\t\t\t\t\t\t\t\t\t\t\t\t\t<a href=\"https:\/\/allu.net\/fi\/tuotteet\/\" class=\"btn me-2 mb-2 btn-primary btn-lg\">Katso tuotteet<\/a>\r\n\t\t\t\t\t\t\t\t\t\t\t\t\t\t\t\t\t\t\t\t\t\t\t\t\t\t\t\t\t<a href=\"https:\/\/www.realmachinery.fi\/ALLU-lisalaitteet\/ekauppa\/grALLU\/\" class=\"btn me-2 mb-2 btn-outline-primary btn-lg\">RealMachinery &ndash; Suomen jakelija<\/a>\r\n\t\t\t\t\t\t\t\t\t\t\t\t\t\t\t\t\t<\/div>\r\n\t\t\t\t\t\t\t\t\t\t\t\t\t<\/div>\r\n\t\t\t\t\t<\/div>\r\n\t\t\t\t<\/div>\r\n\t\t\t<\/div>\r\n\r\n\t\t<\/div>\r\n\t<\/section><div style=\"height:60px\" aria-hidden=\"true\" class=\"wp-block-spacer\"><\/div><div class=\"wp-block-group\"><div class=\"wp-block-group__inner-container is-layout-constrained wp-block-group-is-layout-constrained container\">\n<div class=\"wp-block-columns is-layout-flex wp-container-core-columns-is-layout-9d6595d7 wp-block-columns-is-layout-flex\">\n<div class=\"wp-block-column margin-medium-bottom is-layout-flow wp-block-column-is-layout-flow\" style=\"flex-basis:66.66%\">\n<h2 class=\"wp-block-heading\" id=\"h-allu-tuotetuki\">ALLU Tuotetuki<\/h2>\n\n\n\n<p>Tiimimme on valmiina auttamaan sinua kaikessa. Kun haluat saada parhaan hy&ouml;dyn irti laitteistasi ja varaosistasi, olemme vain puhelun tai s&auml;hk&ouml;postin p&auml;&auml;ss&auml;.<\/p>\n\n\n\n<p>Suomessa ALLU-seulontakauhat, lis&auml;osat ja varaosat myy <a href=\"https:\/\/www.realmachinery.fi\/ALLU-lisalaitteet\/ekauppa\/grALLU\/\">RealMachinery<\/a>. Laita s&auml;hk&ouml;postia&nbsp;<a href=\"mailto:varaosat@realmachinery.fi\">varaosat@realmachinery.fi<\/a>&nbsp;tai soita <a href=\"tel:+358400188354\">+358 (0)400 188 354<\/a>.<\/p>\n\n\n\n<p>T&auml;yt&auml; alla oleva lomake tai ota meihin suoraan yhteytt&auml; puhelimitse tai s&auml;hk&ouml;postitse. Ilmoitathan viestiss&auml;si ALLU-laitteesi mallin ja sarjanumeron, jotta voimme l&ouml;yt&auml;&auml; oikeat varaosat tai ohjeet nopeasti.<\/p>\n<\/div>\n\n\n\n<div class=\"wp-block-column text-start text-md-end is-layout-flow wp-block-column-is-layout-flow\" style=\"flex-basis:33.33%\">\n<h3 class=\"wp-block-heading\" id=\"h-yhteystiedot\">Yhteystiedot<\/h3>\n\n\n\n<p class=\"allu-contact-paragraph m-text-left\"><a href=\"mailto:support@allu.net\">support@allu.net<\/a><br>Soita ALLU Tuotetukeen<br>(GMT+2, 8am &ndash; 4pm)<br><a href=\"tel:+358%2040%20840%207400\">+358 40 840 7400<\/a><\/p>\n\n\n\n<p class=\"allu-contact-paragraph m-text-left\">Pohjois- ja Etel&auml;-Amerikka<br>(It&auml;inen aika, 8am &ndash; 8pm)<br><a href=\"tel:+358%2040%20840%207400\">+<\/a><a href=\"tel:+1-201-310-3282\"> 1-201-310-3282<\/a><\/p>\n<\/div>\n<\/div>\n\n\n\n<div style=\"height:5px\" aria-hidden=\"true\" class=\"wp-block-spacer\"><\/div>\n\n\n\n<div class=\"wpcf7 no-js\" id=\"wpcf7-f1743-o1\" lang=\"fi\" dir=\"ltr\" data-wpcf7-id=\"1743\">\n<div class=\"screen-reader-response\"><p role=\"status\" aria-live=\"polite\" aria-atomic=\"true\"><\/p> <ul><\/ul><\/div>\n<form action=\"\/fi\/wp-json\/wp\/v2\/pages\/1485#wpcf7-f1743-o1\" method=\"post\" class=\"wpcf7-form init\" aria-label=\"Yhteydenottolomake\" novalidate=\"novalidate\" data-status=\"init\">\n<fieldset class=\"hidden-fields-container\"><input type=\"hidden\" name=\"_wpcf7\" value=\"1743\" \/><input type=\"hidden\" name=\"_wpcf7_version\" value=\"6.1.5\" \/><input type=\"hidden\" name=\"_wpcf7_locale\" value=\"fi\" \/><input type=\"hidden\" name=\"_wpcf7_unit_tag\" value=\"wpcf7-f1743-o1\" \/><input type=\"hidden\" name=\"_wpcf7_container_post\" value=\"0\" \/><input type=\"hidden\" name=\"_wpcf7_posted_data_hash\" value=\"\" \/><input type=\"hidden\" name=\"_wpcf7_recaptcha_response\" value=\"\" \/>\n<\/fieldset>\n<div class=\"bg-allu-lightgray p-4\">\n\t<div class=\"cp-page-support-item\">\n\t\t<h3>Yhteystiedot\n\t\t<\/h3>\n\t\t<div class=\"cp-page-contact-item__field allu-label-field\">\n\t\t\t<p><label for=\"your-name\">Nimi*<\/label><span class=\"wpcf7-form-control-wrap\" data-name=\"your-name\"><input size=\"40\" maxlength=\"400\" class=\"wpcf7-form-control wpcf7-text wpcf7-validates-as-required uk-input\" id=\"your-name\" aria-required=\"true\" aria-invalid=\"false\" value=\"\" type=\"text\" name=\"your-name\" \/><\/span>\n\t\t\t<\/p>\n\t\t<\/div>\n\t\t<div class=\"cp-page-contact-item__field allu-label-field\">\n\t\t\t<p><label for=\"email\">S\u00e4hk\u00f6postiosoite*<\/label><span class=\"wpcf7-form-control-wrap\" data-name=\"your-email\"><input size=\"40\" maxlength=\"400\" class=\"wpcf7-form-control wpcf7-email wpcf7-validates-as-required wpcf7-text wpcf7-validates-as-email uk-input\" id=\"email\" aria-required=\"true\" aria-invalid=\"false\" value=\"\" type=\"email\" name=\"your-email\" \/><\/span>\n\t\t\t<\/p>\n\t\t<\/div>\n\t\t<div class=\"cp-page-contact-item__field allu-label-field\">\n\t\t\t<p><label for=\"phone\">Puhelinnumero<\/label><span class=\"wpcf7-form-control-wrap\" data-name=\"phone\"><input size=\"40\" maxlength=\"400\" class=\"wpcf7-form-control wpcf7-text uk-input\" id=\"phone\" aria-invalid=\"false\" value=\"\" type=\"text\" name=\"phone\" \/><\/span>\n\t\t\t<\/p>\n\t\t<\/div>\n\t\t<div class=\"cp-page-contact-item__field allu-label-field\">\n\t\t\t<p><label for=\"country\">Maa*<\/label><span class=\"wpcf7-form-control-wrap\" data-name=\"Country\"><select class=\"wpcf7-form-control wpcf7-select wpcf7-validates-as-required uk-input\" aria-required=\"true\" aria-invalid=\"false\" name=\"Country\"><option value=\"\">&#8212;Valitse vaihtoehto&#8212;<\/option><option value=\"Argentina\">Argentina<\/option><option value=\"Australia\">Australia<\/option><option value=\"Austria\">Austria<\/option><option value=\"Belarus\">Belarus<\/option><option value=\"Belgium\">Belgium<\/option><option value=\"Brazil\">Brazil<\/option><option value=\"Bulgaria\">Bulgaria<\/option><option value=\"Canada\">Canada<\/option><option value=\"China\">China<\/option><option value=\"Colombia\">Colombia<\/option><option value=\"Czech Republic\">Czech Republic<\/option><option value=\"Denmark\">Denmark<\/option><option value=\"Estonia\">Estonia<\/option><option value=\"Finland\">Finland<\/option><option value=\"France\">France<\/option><option value=\"Georgia\">Georgia<\/option><option value=\"Germany\">Germany<\/option><option value=\"Greece\">Greece<\/option><option value=\"Hungary\">Hungary<\/option><option value=\"Iceland\">Iceland<\/option><option value=\"Indonesia\">Indonesia<\/option><option value=\"Ireland\">Ireland<\/option><option value=\"Israel\">Israel<\/option><option value=\"Italy\">Italy<\/option><option value=\"Japan\">Japan<\/option><option value=\"Latvia\">Latvia<\/option><option value=\"Lithuania\">Lithuania<\/option><option value=\"Malaysia\">Malaysia<\/option><option value=\"Netherlands\">Netherlands<\/option><option value=\"New Zealand\">New Zealand<\/option><option value=\"Norway\">Norway<\/option><option value=\"Oman\">Oman<\/option><option value=\"Peru\">Peru<\/option><option value=\"Philippines\">Philippines<\/option><option value=\"Poland\">Poland<\/option><option value=\"Portugal\">Portugal<\/option><option value=\"Romania\">Romania<\/option><option value=\"Russia\">Russia<\/option><option value=\"Saudi Arabia\">Saudi Arabia<\/option><option value=\"Singapore\">Singapore<\/option><option value=\"Slovakia\">Slovakia<\/option><option value=\"Slovenia\">Slovenia<\/option><option value=\"South Africa\">South Africa<\/option><option value=\"South Korea\">South Korea<\/option><option value=\"Spain\">Spain<\/option><option value=\"Sweden\">Sweden<\/option><option value=\"Switzerland\">Switzerland<\/option><option value=\"Taiwan\">Taiwan<\/option><option value=\"Thailand\">Thailand<\/option><option value=\"Turkey\">Turkey<\/option><option value=\"Ukraine\">Ukraine<\/option><option value=\"United Kingdom\">United Kingdom<\/option><option value=\"United States of America\">United States of America<\/option><option value=\"Vietnam\">Vietnam<\/option><option value=\"Other\">Other<\/option><\/select><\/span>\n\t\t\t<\/p>\n\t\t<\/div>\n\t<\/div>\n\t<div class=\"cp-page-support-item\">\n\t\t<h3>Viesti\n\t\t<\/h3>\n\t\t<div class=\"cp-page-contact-item__field allu-label-field\">\n\t\t\t<p><label for=\"your-message\">Kuinka voimme auttaa?<\/label><span class=\"wpcf7-form-control-wrap\" data-name=\"your-message\"><textarea cols=\"100\" rows=\"3\" maxlength=\"2000\" class=\"wpcf7-form-control wpcf7-textarea uk-textarea\" id=\"your-message\" aria-invalid=\"false\" name=\"your-message\"><\/textarea><\/span>\n\t\t\t<\/p>\n\t\t<\/div>\n\t<\/div>\n\t<div class=\"cp-page-support__bottom\">\n\t\t<legend class=\"uk-legend\">*Pakolliset kent\u00e4t\n\t\t<\/legend>\n\t\t<div class=\"cp-page-support__submit\">\n\t\t\t<p><input class=\"wpcf7-form-control wpcf7-submit has-spinner uk-button uk-button-primary\" type=\"submit\" value=\"L\u00e4het\u00e4\" \/>\n\t\t\t<\/p>\n\t\t<\/div>\n\t<\/div>\n<\/div><div class=\"wpcf7-response-output\" aria-hidden=\"true\"><\/div>\n<\/form>\n<\/div>\n\n\n\n\n<div style=\"height:75px\" aria-hidden=\"true\" class=\"wp-block-spacer\"><\/div>\n\n\n\n<h3 class=\"wp-block-heading\" id=\"h-varaosat\">Varaosat<\/h3>\n\n\n\n<p>ALLU toimittaa alkuper&auml;iset varaosat maailmanlaajuisesti. Osien saatavuus on erinomainen ja toimitus nopea &ndash; n&auml;in varmistamme laitteidesi maksimaalisen tuottavuuden.<\/p>\n\n\n\n<h3 class=\"wp-block-heading\" id=\"h-huolto-ja-korjaukset\">Huolto ja Korjaukset<\/h3>\n\n\n\n<p>Pid&auml; ALLU-laitteesi huippukunnossa ja valmiina t&ouml;ihin. ALLU ja sen j&auml;lleenmyyj&auml;verkosto tarjoavat nopeaa ja ammattitaitoista huoltoa sek&auml; suunniteltuun kunnossapitoon ett&auml; yll&auml;tt&auml;viin korjauksiin.<\/p>\n\n\n\n<h3 class=\"wp-block-heading\" id=\"h-tekninen-tuki\">Tekninen tuki<\/h3>\n\n\n\n<p>Tekninen tuki auttaa teknisten ongelmien sattuessa. Meille on t&auml;rke&auml;&auml;, ett&auml; asiakas saa apua nopeasti ja ammattitaitoisesti.<\/p>\n\n\n\n<h3 class=\"wp-block-heading\" id=\"h-koulutus\">Koulutus<\/h3>\n\n\n\n<p>Yrityksesi menestys riippuu koneenkuljettajistasi. Hyv&auml;t kuljettajat k&auml;sittelev&auml;t mahdollisimman paljon materiaalia mahdollisimman lyhyess&auml; ajassa. He k&auml;ytt&auml;v&auml;t koneita turvallisesti ja osaavat v&auml;hent&auml;&auml; turhaa kulumista. Opi vinkkej&auml; ja tekniikoita laitteidesi parempaan kunnossapitoon sek&auml; suunniteltujen huoltot&ouml;iden suorittamiseen turvallisesti, tehokkaasti ja sujuvasti.<\/p>\n\n\n\n<div style=\"height:80px\" aria-hidden=\"true\" class=\"wp-block-spacer\"><\/div>\n<\/div><\/div>\n","protected":false},"excerpt":{"rendered":"<p>ALLU Tuotetuki Tiimimme on valmiina auttamaan sinua kaikessa. Kun haluat saada parhaan hy&ouml;dyn irti laitteistasi ja varaosistasi, olemme vain puhelun tai s&auml;hk&ouml;postin p&auml;&auml;ss&auml;. Suomessa ALLU-seulontakauhat, lis&auml;osat ja varaosat myy RealMachinery. Laita s&auml;hk&ouml;postia&nbsp;varaosat@realmachinery.fi&nbsp;tai soita +358 (0)400 188 354. T&auml;yt&auml; alla oleva lomake tai ota meihin suoraan yhteytt&auml; puhelimitse tai s&auml;hk&ouml;postitse. Ilmoitathan viestiss&auml;si ALLU-laitteesi mallin ja sarjanumeron, [&hellip;]<\/p>\n","protected":false},"author":4,"featured_media":22881,"parent":0,"menu_order":0,"comment_status":"closed","ping_status":"closed","template":"","meta":{"_acf_changed":false,"footnotes":""},"class_list":["post-1485","page","type-page","status-publish","has-post-thumbnail","hentry"],"acf":[],"yoast_head":"<!-- This site is optimized with the Yoast SEO Premium plugin v27.2 (Yoast SEO v27.2) - https:\/\/yoast.com\/product\/yoast-seo-premium-wordpress\/ -->\n<title>Tuotetuki - ALLU Suomi<\/title>\n<meta name=\"description\" content=\"Haluamme varmistaa, ett\u00e4 saat kaiken hy\u00f6dyn irti ALLU-laitteistasi k\u00e4ytt\u00e4m\u00e4ll\u00e4 alkuper\u00e4isi\u00e4 varaosia ja lis\u00e4varusteita. Ota yhteytt\u00e4!\" \/>\n<meta name=\"robots\" content=\"index, follow, max-snippet:-1, max-image-preview:large, max-video-preview:-1\" \/>\n<link rel=\"canonical\" href=\"https:\/\/allu.net\/fi\/allu-tuotetuki\/\" \/>\n<meta property=\"og:locale\" content=\"fi_FI\" \/>\n<meta property=\"og:type\" content=\"article\" \/>\n<meta property=\"og:title\" content=\"Tuotetuki - ALLU Suomi\" \/>\n<meta property=\"og:description\" content=\"Haluamme varmistaa, ett\u00e4 saat kaiken hy\u00f6dyn irti ALLU-laitteistasi k\u00e4ytt\u00e4m\u00e4ll\u00e4 alkuper\u00e4isi\u00e4 varaosia ja lis\u00e4varusteita. Ota yhteytt\u00e4!\" \/>\n<meta property=\"og:url\" content=\"https:\/\/allu.net\/fi\/allu-tuotetuki\/\" \/>\n<meta property=\"og:site_name\" content=\"ALLU Suomi\" \/>\n<meta property=\"article:publisher\" content=\"https:\/\/www.facebook.com\/ALLUGLOBAL\/\" \/>\n<meta property=\"article:modified_time\" content=\"2025-07-16T15:32:24+00:00\" \/>\n<meta property=\"og:image\" content=\"https:\/\/allu.net\/wp-content\/uploads\/Support.00_00_08_35.Still002-scaled.avif\" \/>\n\t<meta property=\"og:image:width\" content=\"2560\" \/>\n\t<meta property=\"og:image:height\" content=\"1440\" \/>\n\t<meta property=\"og:image:type\" content=\"image\/jpeg\" \/>\n<meta name=\"twitter:card\" content=\"summary_large_image\" \/>\n<meta name=\"twitter:site\" content=\"@AlluGroup\" \/>\n<meta name=\"twitter:label1\" content=\"Arvioitu lukuaika\" \/>\n\t<meta name=\"twitter:data1\" content=\"2 minuutti\" \/>\n<script type=\"application\/ld+json\" class=\"yoast-schema-graph\">{\"@context\":\"https:\/\/schema.org\",\"@graph\":[{\"@type\":\"WebPage\",\"@id\":\"https:\/\/allu.net\/fi\/allu-tuotetuki\/\",\"url\":\"https:\/\/allu.net\/fi\/allu-tuotetuki\/\",\"name\":\"Tuotetuki - ALLU Suomi\",\"isPartOf\":{\"@id\":\"https:\/\/allu.net\/fi\/#website\"},\"primaryImageOfPage\":{\"@id\":\"https:\/\/allu.net\/fi\/allu-tuotetuki\/#primaryimage\"},\"image\":{\"@id\":\"https:\/\/allu.net\/fi\/allu-tuotetuki\/#primaryimage\"},\"thumbnailUrl\":\"https:\/\/allu.net\/wp-content\/uploads\/Support.00_00_08_35.Still002-scaled.avif\",\"datePublished\":\"2021-02-19T05:34:55+00:00\",\"dateModified\":\"2025-07-16T15:32:24+00:00\",\"description\":\"Haluamme varmistaa, ett\u00e4 saat kaiken hy\u00f6dyn irti ALLU-laitteistasi k\u00e4ytt\u00e4m\u00e4ll\u00e4 alkuper\u00e4isi\u00e4 varaosia ja lis\u00e4varusteita. Ota yhteytt\u00e4!\",\"breadcrumb\":{\"@id\":\"https:\/\/allu.net\/fi\/allu-tuotetuki\/#breadcrumb\"},\"inLanguage\":\"fi\",\"potentialAction\":[{\"@type\":\"ReadAction\",\"target\":[\"https:\/\/allu.net\/fi\/allu-tuotetuki\/\"]}]},{\"@type\":\"ImageObject\",\"inLanguage\":\"fi\",\"@id\":\"https:\/\/allu.net\/fi\/allu-tuotetuki\/#primaryimage\",\"url\":\"https:\/\/allu.net\/wp-content\/uploads\/Support.00_00_08_35.Still002-scaled.avif\",\"contentUrl\":\"https:\/\/allu.net\/wp-content\/uploads\/Support.00_00_08_35.Still002-scaled.avif\",\"width\":2560,\"height\":1440,\"caption\":\"ALLU Support on-site\"},{\"@type\":\"BreadcrumbList\",\"@id\":\"https:\/\/allu.net\/fi\/allu-tuotetuki\/#breadcrumb\",\"itemListElement\":[{\"@type\":\"ListItem\",\"position\":1,\"name\":\"ALLU\",\"item\":\"https:\/\/allu.net\/fi\/\"},{\"@type\":\"ListItem\",\"position\":2,\"name\":\"Tuotetuki\"}]},{\"@type\":\"WebSite\",\"@id\":\"https:\/\/allu.net\/fi\/#website\",\"url\":\"https:\/\/allu.net\/fi\/\",\"name\":\"ALLU\",\"description\":\"One Step Ahead\",\"publisher\":{\"@id\":\"https:\/\/allu.net\/fi\/#organization\"},\"potentialAction\":[{\"@type\":\"SearchAction\",\"target\":{\"@type\":\"EntryPoint\",\"urlTemplate\":\"https:\/\/allu.net\/fi\/?s={search_term_string}\"},\"query-input\":{\"@type\":\"PropertyValueSpecification\",\"valueRequired\":true,\"valueName\":\"search_term_string\"}}],\"inLanguage\":\"fi\"},{\"@type\":\"Organization\",\"@id\":\"https:\/\/allu.net\/fi\/#organization\",\"name\":\"ALLU Group\",\"url\":\"https:\/\/allu.net\/fi\/\",\"logo\":{\"@type\":\"ImageObject\",\"inLanguage\":\"fi\",\"@id\":\"https:\/\/allu.net\/fi\/#\/schema\/logo\/image\/\",\"url\":\"https:\/\/allu.net\/wp-content\/uploads\/ALLU-Logo-black-web.png\",\"contentUrl\":\"https:\/\/allu.net\/wp-content\/uploads\/ALLU-Logo-black-web.png\",\"width\":1723,\"height\":677,\"caption\":\"ALLU Group\"},\"image\":{\"@id\":\"https:\/\/allu.net\/fi\/#\/schema\/logo\/image\/\"},\"sameAs\":[\"https:\/\/www.facebook.com\/ALLUGLOBAL\/\",\"https:\/\/x.com\/AlluGroup\"]}]}<\/script>\n<!-- \/ Yoast SEO Premium plugin. -->","yoast_head_json":{"title":"Tuotetuki - ALLU Suomi","description":"Haluamme varmistaa, ett\u00e4 saat kaiken hy\u00f6dyn irti ALLU-laitteistasi k\u00e4ytt\u00e4m\u00e4ll\u00e4 alkuper\u00e4isi\u00e4 varaosia ja lis\u00e4varusteita. Ota yhteytt\u00e4!","robots":{"index":"index","follow":"follow","max-snippet":"max-snippet:-1","max-image-preview":"max-image-preview:large","max-video-preview":"max-video-preview:-1"},"canonical":"https:\/\/allu.net\/fi\/allu-tuotetuki\/","og_locale":"fi_FI","og_type":"article","og_title":"Tuotetuki - ALLU Suomi","og_description":"Haluamme varmistaa, ett\u00e4 saat kaiken hy\u00f6dyn irti ALLU-laitteistasi k\u00e4ytt\u00e4m\u00e4ll\u00e4 alkuper\u00e4isi\u00e4 varaosia ja lis\u00e4varusteita. Ota yhteytt\u00e4!","og_url":"https:\/\/allu.net\/fi\/allu-tuotetuki\/","og_site_name":"ALLU Suomi","article_publisher":"https:\/\/www.facebook.com\/ALLUGLOBAL\/","article_modified_time":"2025-07-16T15:32:24+00:00","og_image":[{"width":2560,"height":1440,"url":"https:\/\/allu.net\/wp-content\/uploads\/Support.00_00_08_35.Still002-scaled.avif","type":"image\/jpeg"}],"twitter_card":"summary_large_image","twitter_site":"@AlluGroup","twitter_misc":{"Arvioitu lukuaika":"2 minuutti"},"schema":{"@context":"https:\/\/schema.org","@graph":[{"@type":"WebPage","@id":"https:\/\/allu.net\/fi\/allu-tuotetuki\/","url":"https:\/\/allu.net\/fi\/allu-tuotetuki\/","name":"Tuotetuki - ALLU Suomi","isPartOf":{"@id":"https:\/\/allu.net\/fi\/#website"},"primaryImageOfPage":{"@id":"https:\/\/allu.net\/fi\/allu-tuotetuki\/#primaryimage"},"image":{"@id":"https:\/\/allu.net\/fi\/allu-tuotetuki\/#primaryimage"},"thumbnailUrl":"https:\/\/allu.net\/wp-content\/uploads\/Support.00_00_08_35.Still002-scaled.avif","datePublished":"2021-02-19T05:34:55+00:00","dateModified":"2025-07-16T15:32:24+00:00","description":"Haluamme varmistaa, ett\u00e4 saat kaiken hy\u00f6dyn irti ALLU-laitteistasi k\u00e4ytt\u00e4m\u00e4ll\u00e4 alkuper\u00e4isi\u00e4 varaosia ja lis\u00e4varusteita. Ota yhteytt\u00e4!","breadcrumb":{"@id":"https:\/\/allu.net\/fi\/allu-tuotetuki\/#breadcrumb"},"inLanguage":"fi","potentialAction":[{"@type":"ReadAction","target":["https:\/\/allu.net\/fi\/allu-tuotetuki\/"]}]},{"@type":"ImageObject","inLanguage":"fi","@id":"https:\/\/allu.net\/fi\/allu-tuotetuki\/#primaryimage","url":"https:\/\/allu.net\/wp-content\/uploads\/Support.00_00_08_35.Still002-scaled.avif","contentUrl":"https:\/\/allu.net\/wp-content\/uploads\/Support.00_00_08_35.Still002-scaled.avif","width":2560,"height":1440,"caption":"ALLU Support on-site"},{"@type":"BreadcrumbList","@id":"https:\/\/allu.net\/fi\/allu-tuotetuki\/#breadcrumb","itemListElement":[{"@type":"ListItem","position":1,"name":"ALLU","item":"https:\/\/allu.net\/fi\/"},{"@type":"ListItem","position":2,"name":"Tuotetuki"}]},{"@type":"WebSite","@id":"https:\/\/allu.net\/fi\/#website","url":"https:\/\/allu.net\/fi\/","name":"ALLU","description":"One Step Ahead","publisher":{"@id":"https:\/\/allu.net\/fi\/#organization"},"potentialAction":[{"@type":"SearchAction","target":{"@type":"EntryPoint","urlTemplate":"https:\/\/allu.net\/fi\/?s={search_term_string}"},"query-input":{"@type":"PropertyValueSpecification","valueRequired":true,"valueName":"search_term_string"}}],"inLanguage":"fi"},{"@type":"Organization","@id":"https:\/\/allu.net\/fi\/#organization","name":"ALLU Group","url":"https:\/\/allu.net\/fi\/","logo":{"@type":"ImageObject","inLanguage":"fi","@id":"https:\/\/allu.net\/fi\/#\/schema\/logo\/image\/","url":"https:\/\/allu.net\/wp-content\/uploads\/ALLU-Logo-black-web.png","contentUrl":"https:\/\/allu.net\/wp-content\/uploads\/ALLU-Logo-black-web.png","width":1723,"height":677,"caption":"ALLU Group"},"image":{"@id":"https:\/\/allu.net\/fi\/#\/schema\/logo\/image\/"},"sameAs":["https:\/\/www.facebook.com\/ALLUGLOBAL\/","https:\/\/x.com\/AlluGroup"]}]}},"_links":{"self":[{"href":"https:\/\/allu.net\/fi\/wp-json\/wp\/v2\/pages\/1485","targetHints":{"allow":["GET"]}}],"collection":[{"href":"https:\/\/allu.net\/fi\/wp-json\/wp\/v2\/pages"}],"about":[{"href":"https:\/\/allu.net\/fi\/wp-json\/wp\/v2\/types\/page"}],"author":[{"embeddable":true,"href":"https:\/\/allu.net\/fi\/wp-json\/wp\/v2\/users\/4"}],"replies":[{"embeddable":true,"href":"https:\/\/allu.net\/fi\/wp-json\/wp\/v2\/comments?post=1485"}],"version-history":[{"count":7,"href":"https:\/\/allu.net\/fi\/wp-json\/wp\/v2\/pages\/1485\/revisions"}],"predecessor-version":[{"id":28057,"href":"https:\/\/allu.net\/fi\/wp-json\/wp\/v2\/pages\/1485\/revisions\/28057"}],"wp:featuredmedia":[{"embeddable":true,"href":"https:\/\/allu.net\/fi\/wp-json\/wp\/v2\/media\/22881"}],"wp:attachment":[{"href":"https:\/\/allu.net\/fi\/wp-json\/wp\/v2\/media?parent=1485"}],"curies":[{"name":"wp","href":"https:\/\/api.w.org\/{rel}","templated":true}]}}