{"id":1481,"date":"2024-08-30T12:57:23","date_gmt":"2024-08-30T09:57:23","guid":{"rendered":"http:\/\/allu.nipro.pro-linuxpl.com\/?page_id=1481"},"modified":"2025-05-06T14:31:00","modified_gmt":"2025-05-06T11:31:00","slug":"yhtio","status":"publish","type":"page","link":"https:\/\/allu.net\/fi\/yhtio\/","title":{"rendered":"Yritys"},"content":{"rendered":"<?xml encoding=\"utf-8\" ?><section class=\"block block-jumbotron block-padding-top-0 block-padding-bottom-0\">\r\n\t\t<div class=\"jumbotron-container d-flex align-items-end justify-content-center jumbotron-container-basic\" style=\"background-image: url('https:\/\/allu.net\/wp-content\/uploads\/ALLU-company-scaled.avif');\">\r\n\t\t\t<div class=\"jumbotron-content container align-items-top justify-content-center\">\r\n\t\t\t\t<div class=\"row\">\r\n\t\t\t\t\t<div class=\"col-12 col-md jumbotron-title text-center text-md-end align-self-center\">\r\n\t\t\t\t\t\t<h1 class=\"text-uppercase\">Yritys<\/h1>\r\n\t\t\t\t\t<\/div>\r\n\t\t\t\t\t<div class=\"col-auto jumbotron-divider\"><\/div>\r\n\t\t\t\t\t<div class=\"col-12 col-md jumbotron-content text-center text-md-start align-self-center\">\r\n\t\t\t\t\t\t<div class=\"jumbotron-text\">ALLU on erikoistunut suunnittelemaan ja valmistamaan kest&auml;vi&auml; ja tehokkaita lis&auml;laitteita kaivinkoneisiin. <\/div>\r\n\t\t\t\t\t\t\t\t\t\t\t<\/div>\r\n\t\t\t\t<\/div>\r\n\t\t\t<\/div>\r\n\t\t<\/div>\r\n\t\t<div class=\"cp-jumbotron__breadcrumbs\">\r\n\t\t\t\t\t<\/div>\r\n\t<\/section><div style=\"height:60px\" aria-hidden=\"true\" class=\"wp-block-spacer\"><\/div><div class=\"wp-block-group uk-container\"><div class=\"wp-block-group__inner-container is-layout-flow wp-block-group-is-layout-flow container\">\n<div class=\"wp-block-columns is-layout-flex wp-container-core-columns-is-layout-9d6595d7 wp-block-columns-is-layout-flex\">\n<div class=\"wp-block-column is-vertically-aligned-center m-text-center is-layout-flow wp-block-column-is-layout-flow\" style=\"flex-basis:50%\">\n<p>ALLU:n huippuosaamisen avulla voimme tarjota innovatiivisia ratkaisuja asiakkaidemme tarpeisiin. Vuosikymmenten kokemuksella ALLU on muokannut k&auml;yt&auml;nt&ouml;j&auml; rakennus-, kaivos- ja ymp&auml;rist&ouml;teollisuudessa.<\/p>\n\n\n\n<p>ALLU on erikoistunut suunnittelemaan ja valmistamaan kest&auml;vi&auml; ja tehokkaita laitteita, jotka tehostavat kaivinkoneiden, py&ouml;r&auml;kuormaajien ja muiden maansiirtokoneiden k&auml;ytt&ouml;&auml;.<\/p>\n\n\n\n<p>ALLU:lla meit&auml; ohjaa asiakkaidemme ja j&auml;lleenmyyjiemme menestys. Asiakkaanamme voit aina luottaa tukeemme koko ALLU-laitteistosi elinkaaren ajan. Yhdess&auml; j&auml;lleenmyyjiemme kanssa tarjoamme tarvitsemasi asiantuntija-avun, koulutus ja tekninen tuki mukaan lukien.<\/p>\n<\/div>\n\n\n\n<div class=\"wp-block-column is-layout-flow wp-block-column-is-layout-flow\" style=\"flex-basis:50%\">\n<figure class=\"wp-block-embed is-type-video is-provider-youtube wp-block-embed-youtube wp-embed-aspect-16-9 wp-has-aspect-ratio\"><div class=\"wp-block-embed__wrapper\">\n<iframe loading=\"lazy\" title=\"ALLU - ONE STEP AHEAD\" width=\"640\" height=\"360\" src=\"https:\/\/www.youtube.com\/embed\/9ttIPykXevA?feature=oembed\" frameborder=\"0\" allow=\"accelerometer; autoplay; clipboard-write; encrypted-media; gyroscope; picture-in-picture; web-share\" referrerpolicy=\"strict-origin-when-cross-origin\" allowfullscreen><\/iframe>\n<\/div><\/figure>\n<\/div>\n<\/div>\n\n\n\n<div style=\"height:20px\" aria-hidden=\"true\" class=\"wp-block-spacer\"><\/div>\n\n\n\n<div class=\"wp-block-columns is-layout-flex wp-container-core-columns-is-layout-9d6595d7 wp-block-columns-is-layout-flex\">\n<div class=\"wp-block-column is-layout-flow wp-block-column-is-layout-flow\">\n<p>ALLU on vuonna 1985 perustettu suomalainen perheyritys. Tuotekehitys, markkinointi, tuotetuki ja tuotanto on keskitetty ALLU:n p&auml;&auml;konttoriin Pennalaan. ALLU oli 90-luvun taitteessa Suomen ensimm&auml;isi&auml; ymp&auml;rist&ouml;teknologiaan keskittyvi&auml; yrityksi&auml;. ALLU jatkaa kasvuaan ja laajenee vahvan globaalin j&auml;lleenmyyj&auml;verkoston avulla.<\/p>\n\n\n\n<p>ALLU:n matka ketter&auml;n&auml;, innovatiivisena ja asiakkaiden tarpeita arvostavana yrityksen&auml; jatkuu. Yhdess&auml; asiakkaidemme ja j&auml;lleenmyyjiemme kanssa jatkamme toimialamme kehitt&auml;mist&auml; kaikkialla maailmassa, ollen aina askeleen edell&auml;.<\/p>\n<\/div>\n\n\n\n<div class=\"wp-block-column is-layout-flow wp-block-column-is-layout-flow\">\n<figure class=\"wp-block-image size-large\"><img decoding=\"async\" width=\"1024\" height=\"706\" src=\"https:\/\/allu.net\/wp-content\/uploads\/ALLU-production-factory-in-Pennala-Finland-1024x706.avif\" alt=\"ALLU-production-factory-in-Pennala-Finland\" class=\"wp-image-7267\" loading=\"lazy\" srcset=\"https:\/\/allu.net\/wp-content\/uploads\/ALLU-production-factory-in-Pennala-Finland-1024x706.avif 1024w, https:\/\/allu.net\/wp-content\/uploads\/ALLU-production-factory-in-Pennala-Finland-300x207.avif 300w, https:\/\/allu.net\/wp-content\/uploads\/ALLU-production-factory-in-Pennala-Finland-768x530.avif 768w, https:\/\/allu.net\/wp-content\/uploads\/ALLU-production-factory-in-Pennala-Finland-jpg.avif 1082w\" sizes=\"auto, (max-width: 1024px) 100vw, 1024px\" \/><\/figure>\n<\/div>\n<\/div>\n<\/div><\/div><div style=\"height:70px\" aria-hidden=\"true\" class=\"wp-block-spacer\"><\/div><div id=\"code-of-conduct\" class=\"wp-block-group has-background\" style=\"background-color:#1d1d1c\"><div class=\"wp-block-group__inner-container is-layout-flow wp-block-group-is-layout-flow container\">\n<div style=\"height:70px\" aria-hidden=\"true\" class=\"wp-block-spacer\"><\/div>\n\n\n\n<h2 class=\"wp-block-heading has-text-align-center uk-margin-large-bottom has-white-color has-text-color\" id=\"h-arvot-jotka-ohjaavat-meita\">ARVOT JOTKA OHJAAVAT MEIT&Auml;<\/h2>\n\n\n\n<div class=\"wp-block-group uk-container\"><div class=\"wp-block-group__inner-container is-layout-flow wp-block-group-is-layout-flow\">\n<div class=\"wp-block-columns is-layout-flex wp-container-core-columns-is-layout-9d6595d7 wp-block-columns-is-layout-flex\">\n<div class=\"wp-block-column is-layout-flow wp-block-column-is-layout-flow\"><div class=\"wp-block-image\">\n<figure class=\"aligncenter size-large\"><img decoding=\"async\" src=\"https:\/\/www.allu.net\/wp-content\/uploads\/2021\/07\/icon-company-value-1-svg.png\" alt=\"\" loading=\"lazy\"><\/figure>\n<\/div>\n\n\n<h2 class=\"wp-block-heading has-text-align-center uk-text-normal uk-margin-small-top has-text-color\" id=\"h-asiakas\" style=\"color:#ffd500\">ASIAKAS<\/h2>\n\n\n\n<p class=\"has-text-align-center has-white-color has-text-color\">Arvostamme asiakkaiden tarpeita. Heid&auml;n menestyksens&auml; on p&auml;ivitt&auml;isen p&auml;&auml;t&ouml;ksentekomme ytimess&auml;.<\/p>\n\n\n\n<div style=\"height:30px\" aria-hidden=\"true\" class=\"wp-block-spacer\"><\/div>\n<\/div>\n\n\n\n<div class=\"wp-block-column is-layout-flow wp-block-column-is-layout-flow\"><div class=\"wp-block-image\">\n<figure class=\"aligncenter size-large\"><img decoding=\"async\" src=\"https:\/\/www.allu.net\/wp-content\/uploads\/2021\/07\/icon-company-value-2-svg.png\" alt=\"\" loading=\"lazy\"><\/figure>\n<\/div>\n\n\n<h2 class=\"wp-block-heading has-text-align-center uk-text-normal uk-margin-small-top has-text-color\" id=\"h-turvallisuus\" style=\"color:#ffd500\">TURVALLISUUS<\/h2>\n\n\n\n<p class=\"has-text-align-center has-white-color has-text-color\">Toimimme joka p&auml;iv&auml; pit&auml;&auml;ksemme itsemme ja kumppanimme turvassa.<\/p>\n\n\n\n<div style=\"height:30px\" aria-hidden=\"true\" class=\"wp-block-spacer\"><\/div>\n<\/div>\n\n\n\n<div class=\"wp-block-column is-vertically-aligned-top is-layout-flow wp-block-column-is-layout-flow\"><div class=\"wp-block-image\">\n<figure class=\"aligncenter size-full\"><img decoding=\"async\" width=\"150\" height=\"150\" src=\"https:\/\/allu.net\/wp-content\/uploads\/Together-icon.png\" alt=\"\" class=\"wp-image-6638\" loading=\"lazy\"><\/figure>\n<\/div>\n\n\n<h2 class=\"wp-block-heading has-text-align-center uk-text-normal uk-margin-small-top has-text-color\" id=\"h-yhdessa\" style=\"color:#ffd500\">YHDESS&Auml;<\/h2>\n\n\n\n<p class=\"has-text-align-center has-white-color has-text-color\">Olemme avoimia, selkeit&auml; ja ketteri&auml;. Kumppanuus on tapamme toimia.<\/p>\n\n\n\n<div style=\"height:50px\" aria-hidden=\"true\" class=\"wp-block-spacer\"><\/div>\n<\/div>\n<\/div>\n<\/div><\/div>\n\n\n\n<div style=\"height:50px\" aria-hidden=\"true\" class=\"wp-block-spacer\"><\/div>\n<\/div><\/div><div style=\"height:100px\" aria-hidden=\"true\" class=\"wp-block-spacer\"><\/div><div id=\"mission-and-vision\" class=\"wp-block-group has-background\" style=\"background-color:#ffd500\"><div class=\"wp-block-group__inner-container is-layout-flow wp-block-group-is-layout-flow container\">\n<div style=\"height:100px\" aria-hidden=\"true\" class=\"wp-block-spacer\"><\/div>\n\n\n\n<div class=\"wp-block-group uk-container\"><div class=\"wp-block-group__inner-container is-layout-flow wp-block-group-is-layout-flow\">\n<div class=\"wp-block-columns is-layout-flex wp-container-core-columns-is-layout-9d6595d7 wp-block-columns-is-layout-flex\">\n<div class=\"wp-block-column is-layout-flow wp-block-column-is-layout-flow\" style=\"flex-basis:60%\">\n<h2 class=\"wp-block-heading\" id=\"h-eettiset-periaatteet\">EETTISET PERIAATTEET<\/h2>\n\n\n\n<p>ALLU:n sis&auml;iset, sek&auml; liikekumppaneitamme koskevat toimintaohjeet m&auml;&auml;ritt&auml;v&auml;t ne eettiset periaatteet, joita meid&auml;n yrityksen&auml; ja liikekumppaneidemme toiminnassaan on noudatettava.<\/p>\n\n\n\n<div style=\"height:30px\" aria-hidden=\"true\" class=\"wp-block-spacer\"><\/div>\n<\/div>\n\n\n\n<div class=\"wp-block-column is-vertically-aligned-bottom is-layout-flow wp-block-column-is-layout-flow\">\n<div class=\"wp-block-buttons is-content-justification-center is-layout-flex wp-container-core-buttons-is-layout-16018d1d wp-block-buttons-is-layout-flex\">\n<div class=\"wp-block-button btn-outline uk-text-right is-style-outline is-style-outline--1\"><a class=\"wp-block-button__link wp-element-button\" href=\"https:\/\/allu.net\/wp-content\/uploads\/ALLU-Internal-Code-of-Conduct-FI-02-2025.pdf\" target=\"_blank\" rel=\"noreferrer noopener\">  EETTISET OHJEET  <\/a><\/div>\n<\/div>\n\n\n\n<div style=\"height:30px\" aria-hidden=\"true\" class=\"wp-block-spacer\"><\/div>\n\n\n\n<div class=\"wp-block-buttons is-content-justification-center is-layout-flex wp-container-core-buttons-is-layout-16018d1d wp-block-buttons-is-layout-flex\">\n<div class=\"wp-block-button btn-outline uk-text-right is-style-outline is-style-outline--2\"><a class=\"wp-block-button__link wp-element-button\" href=\"\/wp-content\/uploads\/Code-of-conduct-external_Finnish.pdf\" target=\"_blank\" rel=\"noreferrer noopener\">Ohjeet liikekumppaneille<\/a><\/div>\n<\/div>\n\n\n\n<div style=\"height:50px\" aria-hidden=\"true\" class=\"wp-block-spacer\"><\/div>\n<\/div>\n<\/div>\n<\/div><\/div>\n\n\n\n<div style=\"height:50px\" aria-hidden=\"true\" class=\"wp-block-spacer\"><\/div>\n<\/div><\/div><div id=\"allu-history\" class=\"wp-block-group uk-container\"><div class=\"wp-block-group__inner-container is-layout-flow wp-block-group-is-layout-flow container\">\n<div style=\"height:100px\" aria-hidden=\"true\" class=\"wp-block-spacer\"><\/div>\n\n\n\n<div class=\"wp-block-columns is-layout-flex wp-container-core-columns-is-layout-9d6595d7 wp-block-columns-is-layout-flex\">\n<div class=\"wp-block-column is-layout-flow wp-block-column-is-layout-flow\" style=\"flex-basis:100%\">\n<h2 class=\"wp-block-heading uk-margin-top-remove\" id=\"h-whistleblowing-kanava\">Whistleblowing-kanava<\/h2>\n\n\n\n<p>ALLU tarjoaa ilmoituskanavan, joka on turvallinen tapa ilmoittaa v&auml;&auml;rink&auml;yt&ouml;ksist&auml; tai toiminnasta, joka ei vastaa ALLU:n eettisi&auml; periaatteita. Ilmoituksen voi tehd&auml; ALLU:n nykyinen tai entinen ty&ouml;ntekij&auml;, ty&ouml;nhakija, toimittaja, asiakas tai liikekumppani. Mik&auml;li mahdollista, suosittelemme kuitenkin ensisijaisesti ottamaan yhteytt&auml; ALLU:n vastaavaan esihenkil&ouml;&ouml;n ja keskustelemaan h&auml;nen kanssaan. T&auml;m&auml; kanava ei ole tarkoitettu takuuvaatimuksille.<\/p>\n\n\n\n<div style=\"height:30px\" aria-hidden=\"true\" class=\"wp-block-spacer\"><\/div>\n\n\n\n<div class=\"wp-block-buttons is-layout-flex wp-block-buttons-is-layout-flex\">\n<div class=\"wp-block-button\"><a class=\"wp-block-button__link wp-element-button\" href=\"https:\/\/allu.net\/fi\/whistleblowing-kanava\/\">Lue Lis&auml;&auml;<\/a><\/div>\n<\/div>\n<\/div>\n<\/div>\n\n\n\n<div style=\"height:70px\" aria-hidden=\"true\" class=\"wp-block-spacer\"><\/div>\n<\/div><\/div><div id=\"carrers\" class=\"wp-block-group has-background\" style=\"background-color:#ffd500\"><div class=\"wp-block-group__inner-container is-layout-flow wp-block-group-is-layout-flow container\">\n<div style=\"height:100px\" aria-hidden=\"true\" class=\"wp-block-spacer\"><\/div>\n\n\n\n<div class=\"wp-block-group uk-container\"><div class=\"wp-block-group__inner-container is-layout-flow wp-block-group-is-layout-flow\">\n<div class=\"wp-block-columns is-layout-flex wp-container-core-columns-is-layout-9d6595d7 wp-block-columns-is-layout-flex\">\n<div class=\"wp-block-column is-layout-flow wp-block-column-is-layout-flow\">\n<h2 class=\"wp-block-heading\" id=\"h-tyopaikat\">TY&Ouml;PAIKAT<\/h2>\n\n\n\n<p>Kansainv&auml;linen ymp&auml;rist&ouml;, monenlaisia ty&ouml;teht&auml;vi&auml;, inspiroivia haasteita, rehti tiimihenki, keksinn&ouml;llisi&auml; asiakastarvel&auml;ht&ouml;isi&auml; ratkaisuja ja yhdess&auml; tekemisen toimintakulttuuri. T&auml;t&auml; kaikkea on ALLU. Menesty&auml;ksemme muuttuvassa maailmassa tarvitsemme osaajia monenlaisiin teht&auml;viin. Osaava ja motivoitunut henkil&ouml;st&ouml; sek&auml; sen hyvinvointi on ALLU:n menestymisen kannalta erityisen t&auml;rke&auml;&auml;.&nbsp;<\/p>\n\n\n\n<p>Kaipaamme innokkaita tekij&ouml;it&auml; kasvavaan joukkoomme.<\/p>\n\n\n\n<div style=\"height:10px\" aria-hidden=\"true\" class=\"wp-block-spacer\"><\/div>\n\n\n\n<div class=\"wp-block-buttons is-layout-flex wp-block-buttons-is-layout-flex\">\n<div class=\"wp-block-button btn-outline is-style-outline is-style-outline--3\"><a class=\"wp-block-button__link wp-element-button\" href=\"https:\/\/allu.net\/fi\/tyopaikat\/\">KATSO AVOIMET TY&Ouml;PAIKAT<\/a><\/div>\n<\/div>\n\n\n\n<div style=\"height:30px\" aria-hidden=\"true\" class=\"wp-block-spacer\"><\/div>\n<\/div>\n\n\n\n<div class=\"wp-block-column is-layout-flow wp-block-column-is-layout-flow\"><div class=\"wp-block-image is-resized\">\n<figure class=\"aligncenter size-large\"><img decoding=\"async\" src=\"https:\/\/www.allu.net\/wp-content\/uploads\/2021\/03\/Using_ALLU_App-scaled.jpg\" alt=\"\" loading=\"lazy\"><\/figure>\n<\/div><\/div>\n<\/div>\n<\/div><\/div>\n\n\n\n<div style=\"height:50px\" aria-hidden=\"true\" class=\"wp-block-spacer\"><\/div>\n<\/div><\/div>\n","protected":false},"excerpt":{"rendered":"<p>ALLU:n huippuosaamisen avulla voimme tarjota innovatiivisia ratkaisuja asiakkaidemme tarpeisiin. Vuosikymmenten kokemuksella ALLU on muokannut k&auml;yt&auml;nt&ouml;j&auml; rakennus-, kaivos- ja ymp&auml;rist&ouml;teollisuudessa. ALLU on erikoistunut suunnittelemaan ja valmistamaan kest&auml;vi&auml; ja tehokkaita laitteita, jotka tehostavat kaivinkoneiden, py&ouml;r&auml;kuormaajien ja muiden maansiirtokoneiden k&auml;ytt&ouml;&auml;. ALLU:lla meit&auml; ohjaa asiakkaidemme ja j&auml;lleenmyyjiemme menestys. Asiakkaanamme voit aina luottaa tukeemme koko ALLU-laitteistosi elinkaaren ajan. Yhdess&auml; j&auml;lleenmyyjiemme [&hellip;]<\/p>\n","protected":false},"author":4,"featured_media":161,"parent":0,"menu_order":0,"comment_status":"closed","ping_status":"closed","template":"","meta":{"_acf_changed":false,"footnotes":""},"class_list":["post-1481","page","type-page","status-publish","has-post-thumbnail","hentry"],"acf":[],"yoast_head":"<!-- This site is optimized with the Yoast SEO Premium plugin v27.2 (Yoast SEO v27.2) - https:\/\/yoast.com\/product\/yoast-seo-premium-wordpress\/ -->\n<title>Yritys - ALLU Suomi<\/title>\n<meta name=\"description\" content=\"ALLU, jossa innovaatio ja huippuosaaminen kohtaavat tarjotakseen ratkaisuja projektisi tarpeisiin. Vuosikymmenten kokemuksella ALLU on muuttanut ja muokannut k\u00e4yt\u00e4nt\u00f6j\u00e4 muun muassa rakennus-, kaivos- ja ymp\u00e4rist\u00f6teollisuudessa.\" \/>\n<meta name=\"robots\" content=\"index, follow, max-snippet:-1, max-image-preview:large, max-video-preview:-1\" \/>\n<link rel=\"canonical\" href=\"https:\/\/allu.net\/fi\/yhtio\/\" \/>\n<meta property=\"og:locale\" content=\"fi_FI\" \/>\n<meta property=\"og:type\" content=\"article\" \/>\n<meta property=\"og:title\" content=\"Yritys - ALLU Suomi\" \/>\n<meta property=\"og:description\" content=\"ALLU, jossa innovaatio ja huippuosaaminen kohtaavat tarjotakseen ratkaisuja projektisi tarpeisiin. Vuosikymmenten kokemuksella ALLU on muuttanut ja muokannut k\u00e4yt\u00e4nt\u00f6j\u00e4 muun muassa rakennus-, kaivos- ja ymp\u00e4rist\u00f6teollisuudessa.\" \/>\n<meta property=\"og:url\" content=\"https:\/\/allu.net\/fi\/yhtio\/\" \/>\n<meta property=\"og:site_name\" content=\"ALLU Suomi\" \/>\n<meta property=\"article:publisher\" content=\"https:\/\/www.facebook.com\/ALLUGLOBAL\/\" \/>\n<meta property=\"article:modified_time\" content=\"2025-05-06T11:31:00+00:00\" \/>\n<meta property=\"og:image\" content=\"https:\/\/allu.net\/wp-content\/uploads\/2021\/02\/page-company-1-jpg.avif\" \/>\n\t<meta property=\"og:image:width\" content=\"500\" \/>\n\t<meta property=\"og:image:height\" content=\"500\" \/>\n\t<meta property=\"og:image:type\" content=\"image\/jpeg\" \/>\n<meta name=\"twitter:card\" content=\"summary_large_image\" \/>\n<meta name=\"twitter:site\" content=\"@AlluGroup\" \/>\n<meta name=\"twitter:label1\" content=\"Arvioitu lukuaika\" \/>\n\t<meta name=\"twitter:data1\" content=\"3 minuutti\" \/>\n<script type=\"application\/ld+json\" class=\"yoast-schema-graph\">{\"@context\":\"https:\/\/schema.org\",\"@graph\":[{\"@type\":\"WebPage\",\"@id\":\"https:\/\/allu.net\/fi\/yhtio\/\",\"url\":\"https:\/\/allu.net\/fi\/yhtio\/\",\"name\":\"Yritys - ALLU Suomi\",\"isPartOf\":{\"@id\":\"https:\/\/allu.net\/fi\/#website\"},\"primaryImageOfPage\":{\"@id\":\"https:\/\/allu.net\/fi\/yhtio\/#primaryimage\"},\"image\":{\"@id\":\"https:\/\/allu.net\/fi\/yhtio\/#primaryimage\"},\"thumbnailUrl\":\"https:\/\/allu.net\/wp-content\/uploads\/2021\/02\/page-company-1-jpg.avif\",\"datePublished\":\"2024-08-30T09:57:23+00:00\",\"dateModified\":\"2025-05-06T11:31:00+00:00\",\"description\":\"ALLU, jossa innovaatio ja huippuosaaminen kohtaavat tarjotakseen ratkaisuja projektisi tarpeisiin. Vuosikymmenten kokemuksella ALLU on muuttanut ja muokannut k\u00e4yt\u00e4nt\u00f6j\u00e4 muun muassa rakennus-, kaivos- ja ymp\u00e4rist\u00f6teollisuudessa.\",\"breadcrumb\":{\"@id\":\"https:\/\/allu.net\/fi\/yhtio\/#breadcrumb\"},\"inLanguage\":\"fi\",\"potentialAction\":[{\"@type\":\"ReadAction\",\"target\":[\"https:\/\/allu.net\/fi\/yhtio\/\"]}]},{\"@type\":\"ImageObject\",\"inLanguage\":\"fi\",\"@id\":\"https:\/\/allu.net\/fi\/yhtio\/#primaryimage\",\"url\":\"https:\/\/allu.net\/wp-content\/uploads\/2021\/02\/page-company-1-jpg.avif\",\"contentUrl\":\"https:\/\/allu.net\/wp-content\/uploads\/2021\/02\/page-company-1-jpg.avif\",\"width\":500,\"height\":500},{\"@type\":\"BreadcrumbList\",\"@id\":\"https:\/\/allu.net\/fi\/yhtio\/#breadcrumb\",\"itemListElement\":[{\"@type\":\"ListItem\",\"position\":1,\"name\":\"ALLU\",\"item\":\"https:\/\/allu.net\/fi\/\"},{\"@type\":\"ListItem\",\"position\":2,\"name\":\"Yritys\"}]},{\"@type\":\"WebSite\",\"@id\":\"https:\/\/allu.net\/fi\/#website\",\"url\":\"https:\/\/allu.net\/fi\/\",\"name\":\"ALLU\",\"description\":\"One Step Ahead\",\"publisher\":{\"@id\":\"https:\/\/allu.net\/fi\/#organization\"},\"potentialAction\":[{\"@type\":\"SearchAction\",\"target\":{\"@type\":\"EntryPoint\",\"urlTemplate\":\"https:\/\/allu.net\/fi\/?s={search_term_string}\"},\"query-input\":{\"@type\":\"PropertyValueSpecification\",\"valueRequired\":true,\"valueName\":\"search_term_string\"}}],\"inLanguage\":\"fi\"},{\"@type\":\"Organization\",\"@id\":\"https:\/\/allu.net\/fi\/#organization\",\"name\":\"ALLU Group\",\"url\":\"https:\/\/allu.net\/fi\/\",\"logo\":{\"@type\":\"ImageObject\",\"inLanguage\":\"fi\",\"@id\":\"https:\/\/allu.net\/fi\/#\/schema\/logo\/image\/\",\"url\":\"https:\/\/allu.net\/wp-content\/uploads\/ALLU-Logo-black-web.png\",\"contentUrl\":\"https:\/\/allu.net\/wp-content\/uploads\/ALLU-Logo-black-web.png\",\"width\":1723,\"height\":677,\"caption\":\"ALLU Group\"},\"image\":{\"@id\":\"https:\/\/allu.net\/fi\/#\/schema\/logo\/image\/\"},\"sameAs\":[\"https:\/\/www.facebook.com\/ALLUGLOBAL\/\",\"https:\/\/x.com\/AlluGroup\"]}]}<\/script>\n<!-- \/ Yoast SEO Premium plugin. -->","yoast_head_json":{"title":"Yritys - ALLU Suomi","description":"ALLU, jossa innovaatio ja huippuosaaminen kohtaavat tarjotakseen ratkaisuja projektisi tarpeisiin. Vuosikymmenten kokemuksella ALLU on muuttanut ja muokannut k\u00e4yt\u00e4nt\u00f6j\u00e4 muun muassa rakennus-, kaivos- ja ymp\u00e4rist\u00f6teollisuudessa.","robots":{"index":"index","follow":"follow","max-snippet":"max-snippet:-1","max-image-preview":"max-image-preview:large","max-video-preview":"max-video-preview:-1"},"canonical":"https:\/\/allu.net\/fi\/yhtio\/","og_locale":"fi_FI","og_type":"article","og_title":"Yritys - ALLU Suomi","og_description":"ALLU, jossa innovaatio ja huippuosaaminen kohtaavat tarjotakseen ratkaisuja projektisi tarpeisiin. Vuosikymmenten kokemuksella ALLU on muuttanut ja muokannut k\u00e4yt\u00e4nt\u00f6j\u00e4 muun muassa rakennus-, kaivos- ja ymp\u00e4rist\u00f6teollisuudessa.","og_url":"https:\/\/allu.net\/fi\/yhtio\/","og_site_name":"ALLU Suomi","article_publisher":"https:\/\/www.facebook.com\/ALLUGLOBAL\/","article_modified_time":"2025-05-06T11:31:00+00:00","og_image":[{"width":500,"height":500,"url":"https:\/\/allu.net\/wp-content\/uploads\/2021\/02\/page-company-1-jpg.avif","type":"image\/jpeg"}],"twitter_card":"summary_large_image","twitter_site":"@AlluGroup","twitter_misc":{"Arvioitu lukuaika":"3 minuutti"},"schema":{"@context":"https:\/\/schema.org","@graph":[{"@type":"WebPage","@id":"https:\/\/allu.net\/fi\/yhtio\/","url":"https:\/\/allu.net\/fi\/yhtio\/","name":"Yritys - ALLU Suomi","isPartOf":{"@id":"https:\/\/allu.net\/fi\/#website"},"primaryImageOfPage":{"@id":"https:\/\/allu.net\/fi\/yhtio\/#primaryimage"},"image":{"@id":"https:\/\/allu.net\/fi\/yhtio\/#primaryimage"},"thumbnailUrl":"https:\/\/allu.net\/wp-content\/uploads\/2021\/02\/page-company-1-jpg.avif","datePublished":"2024-08-30T09:57:23+00:00","dateModified":"2025-05-06T11:31:00+00:00","description":"ALLU, jossa innovaatio ja huippuosaaminen kohtaavat tarjotakseen ratkaisuja projektisi tarpeisiin. Vuosikymmenten kokemuksella ALLU on muuttanut ja muokannut k\u00e4yt\u00e4nt\u00f6j\u00e4 muun muassa rakennus-, kaivos- ja ymp\u00e4rist\u00f6teollisuudessa.","breadcrumb":{"@id":"https:\/\/allu.net\/fi\/yhtio\/#breadcrumb"},"inLanguage":"fi","potentialAction":[{"@type":"ReadAction","target":["https:\/\/allu.net\/fi\/yhtio\/"]}]},{"@type":"ImageObject","inLanguage":"fi","@id":"https:\/\/allu.net\/fi\/yhtio\/#primaryimage","url":"https:\/\/allu.net\/wp-content\/uploads\/2021\/02\/page-company-1-jpg.avif","contentUrl":"https:\/\/allu.net\/wp-content\/uploads\/2021\/02\/page-company-1-jpg.avif","width":500,"height":500},{"@type":"BreadcrumbList","@id":"https:\/\/allu.net\/fi\/yhtio\/#breadcrumb","itemListElement":[{"@type":"ListItem","position":1,"name":"ALLU","item":"https:\/\/allu.net\/fi\/"},{"@type":"ListItem","position":2,"name":"Yritys"}]},{"@type":"WebSite","@id":"https:\/\/allu.net\/fi\/#website","url":"https:\/\/allu.net\/fi\/","name":"ALLU","description":"One Step Ahead","publisher":{"@id":"https:\/\/allu.net\/fi\/#organization"},"potentialAction":[{"@type":"SearchAction","target":{"@type":"EntryPoint","urlTemplate":"https:\/\/allu.net\/fi\/?s={search_term_string}"},"query-input":{"@type":"PropertyValueSpecification","valueRequired":true,"valueName":"search_term_string"}}],"inLanguage":"fi"},{"@type":"Organization","@id":"https:\/\/allu.net\/fi\/#organization","name":"ALLU Group","url":"https:\/\/allu.net\/fi\/","logo":{"@type":"ImageObject","inLanguage":"fi","@id":"https:\/\/allu.net\/fi\/#\/schema\/logo\/image\/","url":"https:\/\/allu.net\/wp-content\/uploads\/ALLU-Logo-black-web.png","contentUrl":"https:\/\/allu.net\/wp-content\/uploads\/ALLU-Logo-black-web.png","width":1723,"height":677,"caption":"ALLU Group"},"image":{"@id":"https:\/\/allu.net\/fi\/#\/schema\/logo\/image\/"},"sameAs":["https:\/\/www.facebook.com\/ALLUGLOBAL\/","https:\/\/x.com\/AlluGroup"]}]}},"_links":{"self":[{"href":"https:\/\/allu.net\/fi\/wp-json\/wp\/v2\/pages\/1481","targetHints":{"allow":["GET"]}}],"collection":[{"href":"https:\/\/allu.net\/fi\/wp-json\/wp\/v2\/pages"}],"about":[{"href":"https:\/\/allu.net\/fi\/wp-json\/wp\/v2\/types\/page"}],"author":[{"embeddable":true,"href":"https:\/\/allu.net\/fi\/wp-json\/wp\/v2\/users\/4"}],"replies":[{"embeddable":true,"href":"https:\/\/allu.net\/fi\/wp-json\/wp\/v2\/comments?post=1481"}],"version-history":[{"count":5,"href":"https:\/\/allu.net\/fi\/wp-json\/wp\/v2\/pages\/1481\/revisions"}],"predecessor-version":[{"id":26191,"href":"https:\/\/allu.net\/fi\/wp-json\/wp\/v2\/pages\/1481\/revisions\/26191"}],"wp:featuredmedia":[{"embeddable":true,"href":"https:\/\/allu.net\/fi\/wp-json\/wp\/v2\/media\/161"}],"wp:attachment":[{"href":"https:\/\/allu.net\/fi\/wp-json\/wp\/v2\/media?parent=1481"}],"curies":[{"name":"wp","href":"https:\/\/api.w.org\/{rel}","templated":true}]}}