{"id":1445,"date":"2021-02-22T10:31:43","date_gmt":"2021-02-22T08:31:43","guid":{"rendered":"http:\/\/allu.nipro.pro-linuxpl.com\/?page_id=1445"},"modified":"2025-07-18T10:57:21","modified_gmt":"2025-07-18T07:57:21","slug":"ota-yhteytta","status":"publish","type":"page","link":"https:\/\/allu.net\/fi\/ota-yhteytta\/","title":{"rendered":"Ota yhteytt\u00e4"},"content":{"rendered":"<?xml encoding=\"utf-8\" ?><section class=\"block block-jumbotron block-padding-top-0 block-padding-bottom-3\">\r\n\t\t<div class=\"jumbotron-container d-flex align-items-end justify-content-center jumbotron-container-basic\" style=\"background-image: url('https:\/\/allu.net\/wp-content\/uploads\/ALLU_Contact-us_Web-Banner-2000x400-1.avif');\">\r\n\t\t\t<div class=\"jumbotron-content container align-items-top justify-content-center\">\r\n\t\t\t\t<div class=\"row\">\r\n\t\t\t\t\t<div class=\"col-12 col-md jumbotron-title text-center text-md-end align-self-center\">\r\n\t\t\t\t\t\t<h1 class=\"text-uppercase\">Ota yhteytt&auml;<\/h1>\r\n\t\t\t\t\t<\/div>\r\n\t\t\t\t\t<div class=\"col-auto jumbotron-divider\"><\/div>\r\n\t\t\t\t\t<div class=\"col-12 col-md jumbotron-content text-center text-md-start align-self-center\">\r\n\t\t\t\t\t\t<div class=\"jumbotron-text\">Asiakaspalvelutiimimme on valmis vastaamaan kyselyihisi tai j&auml;rjest&auml;m&auml;&auml;n demon mahdollisimman pian.<\/div>\r\n\t\t\t\t\t\t\t\t\t\t\t\t\t<div class=\"jumbotron-buttons mt-4\">\r\n\t\t\t\t\t\t\t\t\t\t\t\t\t\t\t\t\t\t\t\t\t\t\t\t\t\t<a href=\"https:\/\/www.realmachinery.fi\/ALLU-lisalaitteet\/ekauppa\/grALLU\/\" class=\"btn me-2 mb-2 btn-primary btn-lg\">RealMachinery &ndash; Jakelija Suomessa<\/a>\r\n\t\t\t\t\t\t\t\t\t\t\t\t\t\t\t\t\t\t\t\t\t\t\t\t\t\t<a href=\"https:\/\/allu.net\/fi\/allu-tuotetuki\/\" class=\"btn me-2 mb-2 btn-outline-primary btn-lg\">ALLU Tuotetuki <\/a>\r\n\t\t\t\t\t\t\t\t\t\t\t\t\t\t\t<\/div>\r\n\t\t\t\t\t\t\t\t\t\t\t<\/div>\r\n\t\t\t\t<\/div>\r\n\t\t\t<\/div>\r\n\t\t<\/div>\r\n\t\t<div class=\"cp-jumbotron__breadcrumbs\">\r\n\t\t\t\t\t<\/div>\r\n\t<\/section><section class=\"block block-form-block block-padding-top-0 block-padding-bottom-2\">\n    <div class=\"container\">\n        <div class=\"row\">\n            <div class=\"col-lg-4 mb-5\">\n                <div class=\"dealer-info\">\n                    \n                                    <div class=\"card h-100\">\n                        <div class=\"card-body text-start p-4 d-flex flex-column\">\n                            <div>\n                                <h4 class=\"card-title\">ALLU GROUP<\/h4>\n                            <\/div>\n                            <div class=\"\">\n                                <p class=\"card-text\">\n                                                                                                                                                            <span class=\"d-block mb-3\"><i class=\"fas fa-map-marker-alt me-2\"><\/i>Jokim&auml;entie 1, 16320 Pennala, FINLAND<\/span>\n                                                                                                                                                                <span class=\"d-block mb-3\"><i class=\"fas fa-phone-alt me-2\"><\/i>+358 3 882 140<\/span>\n                                                                                                                                                                <span class=\"d-block mb-3\"><i class=\"fas fa-envelope me-2\"><\/i><a href=\"mailto:info@allu.net\" class=\"contact-link\">info@allu.net<\/a><\/span>\n                                                                                                                                                                <span class=\"d-block mb-3\"><i class=\"fas fa-globe me-2\"><\/i><a href=\"https:\/\/www.allu.net\" target=\"_blank\" class=\"contact-link\">www.allu.net<\/a><\/span>\n                                                                                                            <\/p>\n                            <\/div>\n                        <\/div>\n                    <\/div>\n                                \n                <\/div>\n            <\/div>\n            <div class=\"col-lg-8\">\n                <div class=\"contact-form\">\n                    \n<div class=\"wpcf7 no-js\" id=\"wpcf7-f1748-o1\" lang=\"fi\" dir=\"ltr\" data-wpcf7-id=\"1748\">\n<div class=\"screen-reader-response\"><p role=\"status\" aria-live=\"polite\" aria-atomic=\"true\"><\/p> <ul><\/ul><\/div>\n<form action=\"\/fi\/wp-json\/wp\/v2\/pages\/1445#wpcf7-f1748-o1\" method=\"post\" class=\"wpcf7-form init\" aria-label=\"Yhteydenottolomake\" novalidate=\"novalidate\" data-status=\"init\">\n<fieldset class=\"hidden-fields-container\"><input type=\"hidden\" name=\"_wpcf7\" value=\"1748\" \/><input type=\"hidden\" name=\"_wpcf7_version\" value=\"6.1.5\" \/><input type=\"hidden\" name=\"_wpcf7_locale\" value=\"fi\" \/><input type=\"hidden\" name=\"_wpcf7_unit_tag\" value=\"wpcf7-f1748-o1\" \/><input type=\"hidden\" name=\"_wpcf7_container_post\" value=\"0\" \/><input type=\"hidden\" name=\"_wpcf7_posted_data_hash\" value=\"\" \/><input type=\"hidden\" name=\"_wpcf7_recaptcha_response\" value=\"\" \/>\n<\/fieldset>\n<div class=\"cp-page-contact-form__cols\">\n\t<div class=\"cp-page-contact-form__col\">\n\t\t<div class=\"cp-page-contact-item__field allu-label-field\">\n\t\t\t<p><label for=\"your-name\">Nimi*<\/label><span class=\"wpcf7-form-control-wrap\" data-name=\"your-name\"><input size=\"40\" maxlength=\"400\" class=\"wpcf7-form-control wpcf7-text wpcf7-validates-as-required uk-input\" id=\"your-name\" aria-required=\"true\" aria-invalid=\"false\" value=\"\" type=\"text\" name=\"your-name\" \/><\/span>\n\t\t\t<\/p>\n\t\t<\/div>\n\t\t<div class=\"cp-page-contact-item__field allu-label-field\">\n\t\t\t<p><label for=\"email\">S\u00e4hk\u00f6postiosoite*<\/label><span class=\"wpcf7-form-control-wrap\" data-name=\"your-email\"><input size=\"40\" maxlength=\"400\" class=\"wpcf7-form-control wpcf7-email wpcf7-validates-as-required wpcf7-text wpcf7-validates-as-email uk-input\" id=\"email\" aria-required=\"true\" aria-invalid=\"false\" value=\"\" type=\"email\" name=\"your-email\" \/><\/span>\n\t\t\t<\/p>\n\t\t<\/div>\n\t\t<div class=\"cp-page-contact-item__field allu-label-field\">\n\t\t\t<p><label for=\"phone\">Puhelinnumero<\/label><span class=\"wpcf7-form-control-wrap\" data-name=\"phone\"><input size=\"40\" maxlength=\"400\" class=\"wpcf7-form-control wpcf7-tel wpcf7-text wpcf7-validates-as-tel uk-input\" id=\"phone\" aria-invalid=\"false\" value=\"\" type=\"tel\" name=\"phone\" \/><\/span>\n\t\t\t<\/p>\n\t\t<\/div>\n\t\t<div class=\"cp-page-contact-item__field allu-label-field\">\n\t\t\t<p><label for=\"phone\">Yritys<\/label><span class=\"wpcf7-form-control-wrap\" data-name=\"company\"><input size=\"40\" maxlength=\"400\" class=\"wpcf7-form-control wpcf7-text uk-input\" aria-invalid=\"false\" value=\"\" type=\"text\" name=\"company\" \/><\/span>\n\t\t\t<\/p>\n\t\t<\/div>\n\t\t<div class=\"cp-page-contact-item__field allu-label-field\">\n\t\t\t<p><label for=\"Product Series\">Tuotesarja <\/label><span class=\"wpcf7-form-control-wrap\" data-name=\"Product\"><input size=\"40\" maxlength=\"250\" class=\"wpcf7-form-control wpcf7-text uk-input\" aria-invalid=\"false\" value=\"\" type=\"text\" name=\"Product\" \/><\/span>\n\t\t\t<\/p>\n\t\t<\/div>\n\t<\/div>\n\t<div class=\"cp-page-contact-form__col\">\n\t\t<div class=\"cp-page-contact-item__field allu-label-field\">\n\t\t\t<p><label for=\"phone\">Maa*<\/label><span class=\"wpcf7-form-control-wrap\" data-name=\"Country\"><select class=\"wpcf7-form-control wpcf7-select wpcf7-validates-as-required uk-input\" aria-required=\"true\" aria-invalid=\"false\" name=\"Country\"><option value=\"\">&#8212;Valitse vaihtoehto&#8212;<\/option><option value=\"Argentina\">Argentina<\/option><option value=\"Australia\">Australia<\/option><option value=\"Austria\">Austria<\/option><option value=\"Belarus\">Belarus<\/option><option value=\"Belgium\">Belgium<\/option><option value=\"Brazil\">Brazil<\/option><option value=\"Bulgaria\">Bulgaria<\/option><option value=\"Canada\">Canada<\/option><option value=\"China\">China<\/option><option value=\"Colombia\">Colombia<\/option><option value=\"Czech Republic\">Czech Republic<\/option><option value=\"Denmark\">Denmark<\/option><option value=\"Estonia\">Estonia<\/option><option value=\"Finland\">Finland<\/option><option value=\"France\">France<\/option><option value=\"Georgia\">Georgia<\/option><option value=\"Germany\">Germany<\/option><option value=\"Greece\">Greece<\/option><option value=\"Hungary\">Hungary<\/option><option value=\"Iceland\">Iceland<\/option><option value=\"Indonesia\">Indonesia<\/option><option value=\"Ireland\">Ireland<\/option><option value=\"Israel\">Israel<\/option><option value=\"Italy\">Italy<\/option><option value=\"Japan\">Japan<\/option><option value=\"Latvia\">Latvia<\/option><option value=\"Lithuania\">Lithuania<\/option><option value=\"Malaysia\">Malaysia<\/option><option value=\"Netherlands\">Netherlands<\/option><option value=\"New Zealand\">New Zealand<\/option><option value=\"Norway\">Norway<\/option><option value=\"Oman\">Oman<\/option><option value=\"Peru\">Peru<\/option><option value=\"Philippines\">Philippines<\/option><option value=\"Poland\">Poland<\/option><option value=\"Portugal\">Portugal<\/option><option value=\"Romania\">Romania<\/option><option value=\"Russia\">Russia<\/option><option value=\"Saudi Arabia\">Saudi Arabia<\/option><option value=\"Singapore\">Singapore<\/option><option value=\"Slovakia\">Slovakia<\/option><option value=\"Slovenia\">Slovenia<\/option><option value=\"South Africa\">South Africa<\/option><option value=\"South Korea\">South Korea<\/option><option value=\"Spain\">Spain<\/option><option value=\"Sweden\">Sweden<\/option><option value=\"Switzerland\">Switzerland<\/option><option value=\"Taiwan\">Taiwan<\/option><option value=\"Thailand\">Thailand<\/option><option value=\"Turkey\">Turkey<\/option><option value=\"Ukraine\">Ukraine<\/option><option value=\"United Kingdom\">United Kingdom<\/option><option value=\"United States of America\">United States of America<\/option><option value=\"Vietnam\">Vietnam<\/option><option value=\"Other\">Other<\/option><\/select><\/span>\n\t\t\t<\/p>\n\t\t<\/div>\n\t\t<div class=\"cp-page-contact-item__field allu-label-field\">\n\t\t\t<p><label for=\"your-message\">Kuinka voimme auttaa?<\/label><span class=\"wpcf7-form-control-wrap\" data-name=\"your-message\"><textarea cols=\"100\" rows=\"3\" maxlength=\"2000\" class=\"wpcf7-form-control wpcf7-textarea uk-textarea\" id=\"your-message\" aria-invalid=\"false\" name=\"your-message\"><\/textarea><\/span>\n\t\t\t<\/p>\n\t\t<\/div>\n\t\t<div class=\"cp-page-contact__submit\">\n\t\t\t<p><input class=\"wpcf7-form-control wpcf7-submit has-spinner uk-button uk-button-primary\" type=\"submit\" value=\"L\u00e4het\u00e4\" \/>\n\t\t\t<\/p>\n\t\t<\/div>\n\t\t<div class=\"cp-page-contact-item__field\">\n\t\t\t<p><span class=\"wpcf7-form-control-wrap\" data-name=\"acceptance-494\"><span class=\"wpcf7-form-control wpcf7-acceptance\"><span class=\"wpcf7-list-item\"><label><input type=\"checkbox\" name=\"acceptance-494\" value=\"1\" aria-invalid=\"false\" \/><span class=\"wpcf7-list-item-label\">Olen lukenut ja hyv\u00e4ksyn <a href=\"\/privacy-policy\/\">tietosuojak\u00e4yt\u00e4nn\u00f6t<\/a><\/span><\/label><\/span><\/span><\/span>\n\t\t\t<\/p>\n\t\t<\/div>\n\t<\/div>\n<\/div><div class=\"wpcf7-response-output\" aria-hidden=\"true\"><\/div>\n<\/form>\n<\/div>\n                <\/div>\n            <\/div>\n        <\/div>\n    <\/div>\n<\/section><div class=\"wp-block-group has-background\" style=\"background-color:#f4f4f4\"><div class=\"wp-block-group__inner-container is-layout-constrained wp-block-group-is-layout-constrained container\">\n<div style=\"height:40px\" aria-hidden=\"true\" class=\"wp-block-spacer\"><\/div>\n\n\n\n<h3 class=\"wp-block-heading\" id=\"h-allu-finland-oy-finance\">ALLU Finland Oy Finance <\/h3>\n\n\n\n<p>ALLU Finland Oy laskutuksen yhteystiedot:<\/p>\n\n\n\n<p>ALLU Finland Oy<br>Jokim&auml;entie 1<br>16320 Pennala<\/p>\n\n\n\n<p><a href=\"mailto:ostolaskut@allu.net\">ostolaskut@allu.net <\/a><\/p>\n\n\n\n<div class=\"wp-block-buttons is-layout-flex wp-block-buttons-is-layout-flex\">\n<div class=\"wp-block-button\"><a class=\"wp-block-button__link wp-element-button\" href=\"https:\/\/allu.net\/wp-content\/uploads\/ALLU-Billing-info-0125.pdf\">Lataa laskutusohjeet<\/a><\/div>\n<\/div>\n\n\n\n<div style=\"height:40px\" aria-hidden=\"true\" class=\"wp-block-spacer\"><\/div>\n<\/div><\/div><p><\/p>\n","protected":false},"excerpt":{"rendered":"<p>ALLU Finland Oy Finance ALLU Finland Oy laskutuksen yhteystiedot: ALLU Finland OyJokim&auml;entie 116320 Pennala ostolaskut@allu.net<\/p>\n","protected":false},"author":4,"featured_media":26400,"parent":0,"menu_order":0,"comment_status":"closed","ping_status":"closed","template":"","meta":{"_acf_changed":false,"footnotes":""},"class_list":["post-1445","page","type-page","status-publish","has-post-thumbnail","hentry"],"acf":[],"yoast_head":"<!-- This site is optimized with the Yoast SEO Premium plugin v27.3 (Yoast SEO v27.3) - https:\/\/yoast.com\/product\/yoast-seo-premium-wordpress\/ -->\n<title>Ota yhteytt\u00e4 - ALLU Suomi<\/title>\n<meta name=\"description\" content=\"T\u00e4lt\u00e4 sivulta l\u00f6yd\u00e4t yhteystiedot ALLUn myyntitiimiin ja asiakastukeen. ALLUlta ratkaisut materiaalin k\u00e4sittelyn eri vaiheisiin.\" \/>\n<meta name=\"robots\" content=\"index, follow, max-snippet:-1, max-image-preview:large, max-video-preview:-1\" \/>\n<link rel=\"canonical\" href=\"https:\/\/allu.net\/fi\/ota-yhteytta\/\" \/>\n<meta property=\"og:locale\" content=\"fi_FI\" \/>\n<meta property=\"og:type\" content=\"article\" \/>\n<meta property=\"og:title\" content=\"Ota yhteytt\u00e4 - ALLU Suomi\" \/>\n<meta property=\"og:description\" content=\"T\u00e4lt\u00e4 sivulta l\u00f6yd\u00e4t yhteystiedot ALLUn myyntitiimiin ja asiakastukeen. ALLUlta ratkaisut materiaalin k\u00e4sittelyn eri vaiheisiin.\" \/>\n<meta property=\"og:url\" content=\"https:\/\/allu.net\/fi\/ota-yhteytta\/\" \/>\n<meta property=\"og:site_name\" content=\"ALLU Suomi\" \/>\n<meta property=\"article:publisher\" content=\"https:\/\/www.facebook.com\/ALLUGLOBAL\/\" \/>\n<meta property=\"article:modified_time\" content=\"2025-07-18T07:57:21+00:00\" \/>\n<meta property=\"og:image\" content=\"https:\/\/allu.net\/wp-content\/uploads\/ALLU-Bauma-71-scaled.avif\" \/>\n\t<meta property=\"og:image:width\" content=\"2560\" \/>\n\t<meta property=\"og:image:height\" content=\"1710\" \/>\n\t<meta property=\"og:image:type\" content=\"image\/jpeg\" \/>\n<meta name=\"twitter:card\" content=\"summary_large_image\" \/>\n<meta name=\"twitter:site\" content=\"@AlluGroup\" \/>\n<meta name=\"twitter:label1\" content=\"Arvioitu lukuaika\" \/>\n\t<meta name=\"twitter:data1\" content=\"1 minuutti\" \/>\n<script type=\"application\/ld+json\" class=\"yoast-schema-graph\">{\"@context\":\"https:\\\/\\\/schema.org\",\"@graph\":[{\"@type\":\"WebPage\",\"@id\":\"https:\\\/\\\/allu.net\\\/fi\\\/ota-yhteytta\\\/\",\"url\":\"https:\\\/\\\/allu.net\\\/fi\\\/ota-yhteytta\\\/\",\"name\":\"Ota yhteytt\u00e4 - ALLU Suomi\",\"isPartOf\":{\"@id\":\"https:\\\/\\\/allu.net\\\/fi\\\/#website\"},\"primaryImageOfPage\":{\"@id\":\"https:\\\/\\\/allu.net\\\/fi\\\/ota-yhteytta\\\/#primaryimage\"},\"image\":{\"@id\":\"https:\\\/\\\/allu.net\\\/fi\\\/ota-yhteytta\\\/#primaryimage\"},\"thumbnailUrl\":\"https:\\\/\\\/allu.net\\\/wp-content\\\/uploads\\\/ALLU-Bauma-71-scaled.avif\",\"datePublished\":\"2021-02-22T08:31:43+00:00\",\"dateModified\":\"2025-07-18T07:57:21+00:00\",\"description\":\"T\u00e4lt\u00e4 sivulta l\u00f6yd\u00e4t yhteystiedot ALLUn myyntitiimiin ja asiakastukeen. ALLUlta ratkaisut materiaalin k\u00e4sittelyn eri vaiheisiin.\",\"breadcrumb\":{\"@id\":\"https:\\\/\\\/allu.net\\\/fi\\\/ota-yhteytta\\\/#breadcrumb\"},\"inLanguage\":\"fi\",\"potentialAction\":[{\"@type\":\"ReadAction\",\"target\":[\"https:\\\/\\\/allu.net\\\/fi\\\/ota-yhteytta\\\/\"]}]},{\"@type\":\"ImageObject\",\"inLanguage\":\"fi\",\"@id\":\"https:\\\/\\\/allu.net\\\/fi\\\/ota-yhteytta\\\/#primaryimage\",\"url\":\"https:\\\/\\\/allu.net\\\/wp-content\\\/uploads\\\/ALLU-Bauma-71-scaled.avif\",\"contentUrl\":\"https:\\\/\\\/allu.net\\\/wp-content\\\/uploads\\\/ALLU-Bauma-71-scaled.avif\",\"width\":2560,\"height\":1710},{\"@type\":\"BreadcrumbList\",\"@id\":\"https:\\\/\\\/allu.net\\\/fi\\\/ota-yhteytta\\\/#breadcrumb\",\"itemListElement\":[{\"@type\":\"ListItem\",\"position\":1,\"name\":\"ALLU\",\"item\":\"https:\\\/\\\/allu.net\\\/fi\\\/\"},{\"@type\":\"ListItem\",\"position\":2,\"name\":\"Ota yhteytt\u00e4\"}]},{\"@type\":\"WebSite\",\"@id\":\"https:\\\/\\\/allu.net\\\/fi\\\/#website\",\"url\":\"https:\\\/\\\/allu.net\\\/fi\\\/\",\"name\":\"ALLU\",\"description\":\"One Step Ahead\",\"publisher\":{\"@id\":\"https:\\\/\\\/allu.net\\\/fi\\\/#organization\"},\"potentialAction\":[{\"@type\":\"SearchAction\",\"target\":{\"@type\":\"EntryPoint\",\"urlTemplate\":\"https:\\\/\\\/allu.net\\\/fi\\\/?s={search_term_string}\"},\"query-input\":{\"@type\":\"PropertyValueSpecification\",\"valueRequired\":true,\"valueName\":\"search_term_string\"}}],\"inLanguage\":\"fi\"},{\"@type\":\"Organization\",\"@id\":\"https:\\\/\\\/allu.net\\\/fi\\\/#organization\",\"name\":\"ALLU Group\",\"url\":\"https:\\\/\\\/allu.net\\\/fi\\\/\",\"logo\":{\"@type\":\"ImageObject\",\"inLanguage\":\"fi\",\"@id\":\"https:\\\/\\\/allu.net\\\/fi\\\/#\\\/schema\\\/logo\\\/image\\\/\",\"url\":\"https:\\\/\\\/allu.net\\\/wp-content\\\/uploads\\\/ALLU-Logo-black-web.png\",\"contentUrl\":\"https:\\\/\\\/allu.net\\\/wp-content\\\/uploads\\\/ALLU-Logo-black-web.png\",\"width\":1723,\"height\":677,\"caption\":\"ALLU Group\"},\"image\":{\"@id\":\"https:\\\/\\\/allu.net\\\/fi\\\/#\\\/schema\\\/logo\\\/image\\\/\"},\"sameAs\":[\"https:\\\/\\\/www.facebook.com\\\/ALLUGLOBAL\\\/\",\"https:\\\/\\\/x.com\\\/AlluGroup\"]}]}<\/script>\n<!-- \/ Yoast SEO Premium plugin. -->","yoast_head_json":{"title":"Ota yhteytt\u00e4 - ALLU Suomi","description":"T\u00e4lt\u00e4 sivulta l\u00f6yd\u00e4t yhteystiedot ALLUn myyntitiimiin ja asiakastukeen. ALLUlta ratkaisut materiaalin k\u00e4sittelyn eri vaiheisiin.","robots":{"index":"index","follow":"follow","max-snippet":"max-snippet:-1","max-image-preview":"max-image-preview:large","max-video-preview":"max-video-preview:-1"},"canonical":"https:\/\/allu.net\/fi\/ota-yhteytta\/","og_locale":"fi_FI","og_type":"article","og_title":"Ota yhteytt\u00e4 - ALLU Suomi","og_description":"T\u00e4lt\u00e4 sivulta l\u00f6yd\u00e4t yhteystiedot ALLUn myyntitiimiin ja asiakastukeen. ALLUlta ratkaisut materiaalin k\u00e4sittelyn eri vaiheisiin.","og_url":"https:\/\/allu.net\/fi\/ota-yhteytta\/","og_site_name":"ALLU Suomi","article_publisher":"https:\/\/www.facebook.com\/ALLUGLOBAL\/","article_modified_time":"2025-07-18T07:57:21+00:00","og_image":[{"width":2560,"height":1710,"url":"https:\/\/allu.net\/wp-content\/uploads\/ALLU-Bauma-71-scaled.avif","type":"image\/jpeg"}],"twitter_card":"summary_large_image","twitter_site":"@AlluGroup","twitter_misc":{"Arvioitu lukuaika":"1 minuutti"},"schema":{"@context":"https:\/\/schema.org","@graph":[{"@type":"WebPage","@id":"https:\/\/allu.net\/fi\/ota-yhteytta\/","url":"https:\/\/allu.net\/fi\/ota-yhteytta\/","name":"Ota yhteytt\u00e4 - ALLU Suomi","isPartOf":{"@id":"https:\/\/allu.net\/fi\/#website"},"primaryImageOfPage":{"@id":"https:\/\/allu.net\/fi\/ota-yhteytta\/#primaryimage"},"image":{"@id":"https:\/\/allu.net\/fi\/ota-yhteytta\/#primaryimage"},"thumbnailUrl":"https:\/\/allu.net\/wp-content\/uploads\/ALLU-Bauma-71-scaled.avif","datePublished":"2021-02-22T08:31:43+00:00","dateModified":"2025-07-18T07:57:21+00:00","description":"T\u00e4lt\u00e4 sivulta l\u00f6yd\u00e4t yhteystiedot ALLUn myyntitiimiin ja asiakastukeen. ALLUlta ratkaisut materiaalin k\u00e4sittelyn eri vaiheisiin.","breadcrumb":{"@id":"https:\/\/allu.net\/fi\/ota-yhteytta\/#breadcrumb"},"inLanguage":"fi","potentialAction":[{"@type":"ReadAction","target":["https:\/\/allu.net\/fi\/ota-yhteytta\/"]}]},{"@type":"ImageObject","inLanguage":"fi","@id":"https:\/\/allu.net\/fi\/ota-yhteytta\/#primaryimage","url":"https:\/\/allu.net\/wp-content\/uploads\/ALLU-Bauma-71-scaled.avif","contentUrl":"https:\/\/allu.net\/wp-content\/uploads\/ALLU-Bauma-71-scaled.avif","width":2560,"height":1710},{"@type":"BreadcrumbList","@id":"https:\/\/allu.net\/fi\/ota-yhteytta\/#breadcrumb","itemListElement":[{"@type":"ListItem","position":1,"name":"ALLU","item":"https:\/\/allu.net\/fi\/"},{"@type":"ListItem","position":2,"name":"Ota yhteytt\u00e4"}]},{"@type":"WebSite","@id":"https:\/\/allu.net\/fi\/#website","url":"https:\/\/allu.net\/fi\/","name":"ALLU","description":"One Step Ahead","publisher":{"@id":"https:\/\/allu.net\/fi\/#organization"},"potentialAction":[{"@type":"SearchAction","target":{"@type":"EntryPoint","urlTemplate":"https:\/\/allu.net\/fi\/?s={search_term_string}"},"query-input":{"@type":"PropertyValueSpecification","valueRequired":true,"valueName":"search_term_string"}}],"inLanguage":"fi"},{"@type":"Organization","@id":"https:\/\/allu.net\/fi\/#organization","name":"ALLU Group","url":"https:\/\/allu.net\/fi\/","logo":{"@type":"ImageObject","inLanguage":"fi","@id":"https:\/\/allu.net\/fi\/#\/schema\/logo\/image\/","url":"https:\/\/allu.net\/wp-content\/uploads\/ALLU-Logo-black-web.png","contentUrl":"https:\/\/allu.net\/wp-content\/uploads\/ALLU-Logo-black-web.png","width":1723,"height":677,"caption":"ALLU Group"},"image":{"@id":"https:\/\/allu.net\/fi\/#\/schema\/logo\/image\/"},"sameAs":["https:\/\/www.facebook.com\/ALLUGLOBAL\/","https:\/\/x.com\/AlluGroup"]}]}},"_links":{"self":[{"href":"https:\/\/allu.net\/fi\/wp-json\/wp\/v2\/pages\/1445","targetHints":{"allow":["GET"]}}],"collection":[{"href":"https:\/\/allu.net\/fi\/wp-json\/wp\/v2\/pages"}],"about":[{"href":"https:\/\/allu.net\/fi\/wp-json\/wp\/v2\/types\/page"}],"author":[{"embeddable":true,"href":"https:\/\/allu.net\/fi\/wp-json\/wp\/v2\/users\/4"}],"replies":[{"embeddable":true,"href":"https:\/\/allu.net\/fi\/wp-json\/wp\/v2\/comments?post=1445"}],"version-history":[{"count":4,"href":"https:\/\/allu.net\/fi\/wp-json\/wp\/v2\/pages\/1445\/revisions"}],"predecessor-version":[{"id":28183,"href":"https:\/\/allu.net\/fi\/wp-json\/wp\/v2\/pages\/1445\/revisions\/28183"}],"wp:featuredmedia":[{"embeddable":true,"href":"https:\/\/allu.net\/fi\/wp-json\/wp\/v2\/media\/26400"}],"wp:attachment":[{"href":"https:\/\/allu.net\/fi\/wp-json\/wp\/v2\/media?parent=1445"}],"curies":[{"name":"wp","href":"https:\/\/api.w.org\/{rel}","templated":true}]}}