{"id":4395,"date":"2024-08-30T11:29:55","date_gmt":"2024-08-30T08:29:55","guid":{"rendered":"https:\/\/allu.net\/?page_id=4395"},"modified":"2024-09-04T10:51:08","modified_gmt":"2024-09-04T07:51:08","slug":"nachricht","status":"publish","type":"page","link":"https:\/\/allu.net\/de\/nachricht\/","title":{"rendered":"Nachricht"},"content":{"rendered":"<?xml encoding=\"utf-8\" ?><section class=\"block block-jumbotron block-padding-top-0 block-padding-bottom-0\">\r\n\t\t<div class=\"jumbotron-container d-flex align-items-end justify-content-center jumbotron-container-basic\" style=\"background-image: url('https:\/\/allu.net\/wp-content\/uploads\/ALLU-production-factory-jpg.avif');\">\r\n\t\t\t<div class=\"jumbotron-content container align-items-top justify-content-center\">\r\n\t\t\t\t<div class=\"row\">\r\n\t\t\t\t\t<div class=\"col-12 col-md jumbotron-title text-center text-md-end align-self-center\">\r\n\t\t\t\t\t\t<h1 class=\"text-uppercase\">Nachricht<\/h1>\r\n\t\t\t\t\t<\/div>\r\n\t\t\t\t\t<div class=\"col-auto jumbotron-divider\"><\/div>\r\n\t\t\t\t\t<div class=\"col-12 col-md jumbotron-content text-center text-md-start align-self-center\">\r\n\t\t\t\t\t\t<div class=\"jumbotron-text\">Bleiben Sie auf dem Laufenden mit den neuesten Innovationen, Brancheneinblicken und Unternehmensmeilensteinen von ALLU. <\/div>\r\n\t\t\t\t\t\t\t\t\t\t\t<\/div>\r\n\t\t\t\t<\/div>\r\n\t\t\t<\/div>\r\n\t\t<\/div>\r\n\t\t<div class=\"cp-jumbotron__breadcrumbs\">\r\n\t\t\t\t\t<\/div>\r\n\t<\/section><section class=\"block block-products-menu block-padding-top-3 block-padding-bottom-2 bg-allu-lightgray cp-latest-news\" data-component=\"ellipsed\" data-component-init=\"force\">\r\n    <div class=\"container\">\r\n        <h2 class=\"text-center mb-4\">neueste Nachrichten<\/h2>\r\n        <div class=\"row latest-news__items\" id=\"news-container\">\r\n                    <div class=\"col-md-4 latest-news__item mb-4 p-2\">\r\n                <div class=\"bg-allu-white h-100 p-3 d-flex flex-column justify-content-start\">\r\n                    <div>\r\n                        <p class=\"text-muted mb-3 mt-1\">03\/24\/2026<\/p>\r\n                    <\/div>\r\n                                            <div class=\"latest-news__thumbnail mb-3\">\r\n                            <a href=\"https:\/\/allu.net\/allu-at-conexpo-con-agg-2026\/\" title=\"ALLU at CONEXPO\/CON\/AGG 2026\">\r\n                                <img decoding=\"async\" width=\"640\" height=\"334\" src=\"https:\/\/allu.net\/wp-content\/uploads\/ALLU-Conexpo-Booth-1024x535.avif\" class=\"img-fluid wp-post-image\" alt=\"ALLU's booth at CONEXPO 2026 with buckets on display.\" srcset=\"https:\/\/allu.net\/wp-content\/uploads\/ALLU-Conexpo-Booth-1024x535.avif 1024w, https:\/\/allu.net\/wp-content\/uploads\/ALLU-Conexpo-Booth-300x157.avif 300w, https:\/\/allu.net\/wp-content\/uploads\/ALLU-Conexpo-Booth-768x401.avif 768w, https:\/\/allu.net\/wp-content\/uploads\/ALLU-Conexpo-Booth.avif 1200w\" sizes=\"auto, (max-width: 640px) 100vw, 640px\" loading=\"lazy\">                            <\/a>\r\n                        <\/div>\r\n                                        <div class=\"latest-news__content d-flex flex-column h-100 justify-content-between\">\r\n                            <div>\r\n                                <h3 class=\"h5 pb-2 fw-bold\"><a href=\"https:\/\/allu.net\/allu-at-conexpo-con-agg-2026\/\" class=\"link-underline link-underline-opacity-0\" title=\"ALLU at CONEXPO\/CON\/AGG 2026\">ALLU at CONEXPO\/CON\/AGG 2026<\/a><\/h3>\r\n                                <p>ALLU joined over 2,000 exhibitors and&nbsp;140,000 attendees from 128 countries in Las Vegas, NV for CONEXPO\/CON\/AGG 2026. The&nbsp;week offered many&hellip;<\/p>\r\n                            <\/div>\r\n                            <div>\r\n                                <a href=\"https:\/\/allu.net\/allu-at-conexpo-con-agg-2026\/\" class=\"btn btn-outline-secondary btn-sm\">Weiterlesen<i class=\"fa-solid fa-angle-right ms-2\"><\/i><\/a>\r\n                            <\/div>\r\n                    <\/div>\r\n                <\/div>\r\n            <\/div>\r\n                    <div class=\"col-md-4 latest-news__item mb-4 p-2\">\r\n                <div class=\"bg-allu-white h-100 p-3 d-flex flex-column justify-content-start\">\r\n                    <div>\r\n                        <p class=\"text-muted mb-3 mt-1\">02\/26\/2026<\/p>\r\n                    <\/div>\r\n                                            <div class=\"latest-news__thumbnail mb-3\">\r\n                            <a href=\"https:\/\/allu.net\/allu-showcases-advanced-material-processing-solutions-at-conexpo-con-agg\/\" title=\"ALLU Showcases Advanced Material Processing Solutions at CONEXPO-CON\/AGG\">\r\n                                <img decoding=\"async\" width=\"640\" height=\"334\" src=\"https:\/\/allu.net\/wp-content\/uploads\/ALLU-Asphalt-Bucket-at-Conexpo-feb-news-1024x535.avif\" class=\"img-fluid wp-post-image\" alt=\"ALLU Asphalt Bucket at Conexpo.\" srcset=\"https:\/\/allu.net\/wp-content\/uploads\/ALLU-Asphalt-Bucket-at-Conexpo-feb-news-1024x535.avif 1024w, https:\/\/allu.net\/wp-content\/uploads\/ALLU-Asphalt-Bucket-at-Conexpo-feb-news-300x157.avif 300w, https:\/\/allu.net\/wp-content\/uploads\/ALLU-Asphalt-Bucket-at-Conexpo-feb-news-768x401.avif 768w, https:\/\/allu.net\/wp-content\/uploads\/ALLU-Asphalt-Bucket-at-Conexpo-feb-news.avif 1200w\" sizes=\"auto, (max-width: 640px) 100vw, 640px\" loading=\"lazy\">                            <\/a>\r\n                        <\/div>\r\n                                        <div class=\"latest-news__content d-flex flex-column h-100 justify-content-between\">\r\n                            <div>\r\n                                <h3 class=\"h5 pb-2 fw-bold\"><a href=\"https:\/\/allu.net\/allu-showcases-advanced-material-processing-solutions-at-conexpo-con-agg\/\" class=\"link-underline link-underline-opacity-0\" title=\"ALLU Showcases Advanced Material Processing Solutions at CONEXPO-CON\/AGG\">ALLU Showcases Advanced Material Processing Solutions at CONEXPO-CON\/AGG<\/a><\/h3>\r\n                                <p>ALLU will participate in CONEXPO-CON\/AGG 2026 in Las Vegas, showcasing its latest innovations at the largest construction show in North&hellip;<\/p>\r\n                            <\/div>\r\n                            <div>\r\n                                <a href=\"https:\/\/allu.net\/allu-showcases-advanced-material-processing-solutions-at-conexpo-con-agg\/\" class=\"btn btn-outline-secondary btn-sm\">Weiterlesen<i class=\"fa-solid fa-angle-right ms-2\"><\/i><\/a>\r\n                            <\/div>\r\n                    <\/div>\r\n                <\/div>\r\n            <\/div>\r\n                    <div class=\"col-md-4 latest-news__item mb-4 p-2\">\r\n                <div class=\"bg-allu-white h-100 p-3 d-flex flex-column justify-content-start\">\r\n                    <div>\r\n                        <p class=\"text-muted mb-3 mt-1\">02\/03\/2026<\/p>\r\n                    <\/div>\r\n                                            <div class=\"latest-news__thumbnail mb-3\">\r\n                            <a href=\"https:\/\/allu.net\/allu-celebrates-40-years-of-innovation\/\" title=\"ALLU Celebrates 40 Years of Innovation\">\r\n                                <img decoding=\"async\" width=\"640\" height=\"373\" src=\"https:\/\/allu.net\/wp-content\/uploads\/ALLU-40-years-news-january-1024x596.avif\" class=\"img-fluid wp-post-image\" alt=\"ALLU 40 years of excellence.\" srcset=\"https:\/\/allu.net\/wp-content\/uploads\/ALLU-40-years-news-january-1024x596.avif 1024w, https:\/\/allu.net\/wp-content\/uploads\/ALLU-40-years-news-january-300x175.avif 300w, https:\/\/allu.net\/wp-content\/uploads\/ALLU-40-years-news-january-768x447.avif 768w, https:\/\/allu.net\/wp-content\/uploads\/ALLU-40-years-news-january-1536x894.avif 1536w, https:\/\/allu.net\/wp-content\/uploads\/ALLU-40-years-news-january-2048x1192.avif 2048w\" sizes=\"auto, (max-width: 640px) 100vw, 640px\" loading=\"lazy\">                            <\/a>\r\n                        <\/div>\r\n                                        <div class=\"latest-news__content d-flex flex-column h-100 justify-content-between\">\r\n                            <div>\r\n                                <h3 class=\"h5 pb-2 fw-bold\"><a href=\"https:\/\/allu.net\/allu-celebrates-40-years-of-innovation\/\" class=\"link-underline link-underline-opacity-0\" title=\"ALLU Celebrates 40 Years of Innovation\">ALLU Celebrates 40 Years of Innovation<\/a><\/h3>\r\n                                <p>Since its founding in late 1985, ALLU has combined practical innovation and engineering expertise to transform material processing. From the&hellip;<\/p>\r\n                            <\/div>\r\n                            <div>\r\n                                <a href=\"https:\/\/allu.net\/allu-celebrates-40-years-of-innovation\/\" class=\"btn btn-outline-secondary btn-sm\">Weiterlesen<i class=\"fa-solid fa-angle-right ms-2\"><\/i><\/a>\r\n                            <\/div>\r\n                    <\/div>\r\n                <\/div>\r\n            <\/div>\r\n                <\/div>\r\n            <\/div>\r\n<\/section><script>\r\n    jQuery(document).ready(function($) {\r\n        $('#load-more').on('click', function() {\r\n            var button = $(this);\r\n            var page = button.data('page');\r\n            var newPage = page + 1;\r\n            var ajaxurl = button.data('url');\r\n\r\n            $.ajax({\r\n                url: ajaxurl,\r\n                type: 'post',\r\n                data: {\r\n                    page: page,\r\n                    action: 'load_more_news'\r\n                },\r\n                error: function(response) {\r\n                    console.log(response);\r\n                },\r\n                success: function(response) {\r\n                    $('#news-container').append(response);\r\n                    button.data('page', newPage);\r\n                }\r\n            });\r\n        });\r\n    });\r\n<\/script><p>\r\n\n\n\t<section id=\"posts-per-year\" class=\"bg-white py-5\">\n\t\t<div class=\"container\">\n\t\t\t<div class=\"row\">\n\t\t\t\t<div class=\"col col-lg-3\">\n\t\t\t\t\t<div id=\"post-filter\">\n\t\t\t\t\t\t<h3>Filter by Year<\/h3>\n\t\t\t\t\t\t\t\t\t\t\t\t<hr \/>\n\t\t\t\t\t\t<h3>Nach Kategorie filtern<\/h3>\n\t\t\t\t\t\t\t\t\t\t\t\t\t<label class=\"cb-container\">\n\t\t\t\t\t\t\t\t<input type=\"checkbox\" name=\"category\" value=\"Nachrichten (DE)\"> Nachrichten (DE)\t\t\t\t\t\t\t\t<span class=\"checkmark\"><\/span>\n\t\t\t\t\t\t\t<\/label>\n\t\t\t\t\t\t\t\t\t\t\t\t\t<label class=\"cb-container\">\n\t\t\t\t\t\t\t\t<input type=\"checkbox\" name=\"category\" value=\"Pressemeldungen (DE)\"> Pressemeldungen (DE)\t\t\t\t\t\t\t\t<span class=\"checkmark\"><\/span>\n\t\t\t\t\t\t\t<\/label>\n\t\t\t\t\t\t\t\t\t\t\t\t\t<label class=\"cb-container\">\n\t\t\t\t\t\t\t\t<input type=\"checkbox\" name=\"category\" value=\"Uncategorized\"> Uncategorized\t\t\t\t\t\t\t\t<span class=\"checkmark\"><\/span>\n\t\t\t\t\t\t\t<\/label>\n\t\t\t\t\t\t\t\t\t\t\t<\/div>\n\t\t\t\t<\/div>\n\t\t\t\t<div class=\"col col-lg-9\">\n\t\t\t\t\t<div id=\"post-list\">\n\t\t\t\t\t\t<h3>Posts<\/h3>\n\t\t\t\t\t\t<ul id=\"post-titles\">\n\t\t\t\t\t\t\t\t\t\t\t\t\t\t\t\t<li><time datetime=\"2023-07-27T13:25:18+03:00\" itemprop=\"datePublished\">27. Juli 2023<\/time> <a href=\"https:\/\/allu.net\/de\/allu-auf-der-nordbau-23-vom-6-10-september\/\">ALLU AUF DER NORDBAU 23 VOM 6.-10.September<\/a><\/li>\n\t\t\t\t\t\t\t\t\t\t\t\t\t\t\t\t\t<li><time datetime=\"2023-07-27T13:13:40+03:00\" itemprop=\"datePublished\">27. Juli 2023<\/time> <a href=\"https:\/\/allu.net\/de\/allu-auf-der-steinexpo-vom-23-26-8-2023\/\">ALLU AUF DER STEINEXPO VOM 23.-26.8.2023<\/a><\/li>\n\t\t\t\t\t\t\t\t\t\t\t\t\t\t\t\t\t<li><time datetime=\"2022-11-07T16:38:03+02:00\" itemprop=\"datePublished\">7. November 2022<\/time> <a href=\"https:\/\/allu.net\/de\/allu-bauma-2022\/\">ALLU BAUMA 2022<\/a><\/li>\n\t\t\t\t\t\t\t\t\t\t\t\t\t\t\t\t\t<li><time datetime=\"2022-10-11T12:58:28+03:00\" itemprop=\"datePublished\">11. Oktober 2022<\/time> <a href=\"https:\/\/allu.net\/de\/einfuhrung-der-neuen-allu-veloci-siebschaufeln\/\"><strong>EINF\u00dcHRUNG DER NEUEN ALLU VELOCI SIEBSCHAUFELN.<\/strong><\/a><\/li>\n\t\t\t\t\t\t\t\t\t\t\t\t\t\t\t\t\t<li><time datetime=\"2022-10-11T12:49:17+03:00\" itemprop=\"datePublished\">11. Oktober 2022<\/time> <a href=\"https:\/\/allu.net\/de\/bauma-2022-allu-starkt-sein-partnernetzwerk\/\"><strong>BAUMA 2022 &#8211; ALLU ST\u00c4RKT SEIN PARTNERNETZWERK.<\/strong><\/a><\/li>\n\t\t\t\t\t\t\t\t\t\t\t\t\t\t\t\t\t<li><time datetime=\"2022-10-10T11:00:00+03:00\" itemprop=\"datePublished\">10. Oktober 2022<\/time> <a href=\"https:\/\/allu.net\/de\/allu-kooperiert-mit-partnern-auf-der-bauma\/\">ALLU kooperiert mit Partnern auf der BAUMA<\/a><\/li>\n\t\t\t\t\t\t\t\t\t\t\t\t\t\t\t\t\t<li><time datetime=\"2022-10-04T12:30:00+03:00\" itemprop=\"datePublished\">4. Oktober 2022<\/time> <a href=\"https:\/\/allu.net\/de\/allu-freut-sich-daniel-lexander-vorzustellen-unseren-neuen-handlermanager-fur-sudostasien\/\">ALLU FREUT SICH, DANIEL LEXANDER VORZUSTELLEN, UNSEREN NEUEN H\u00c4NDLERMANAGER F\u00dcR S\u00dcDOSTASIEN<\/a><\/li>\n\t\t\t\t\t\t\t\t\t\t\t\t\t\t\t\t\t<li><time datetime=\"2022-09-14T12:36:00+03:00\" itemprop=\"datePublished\">14. September 2022<\/time> <a href=\"https:\/\/allu.net\/de\/laurent-cousin-steigt-als-vertriebsleiter-bei-allu-france-ein\/\">LAURENT COUSIN STEIGT ALS VERTRIEBSLEITER BEI ALLU FRANCE EIN.<\/a><\/li>\n\t\t\t\t\t\t\t\t\t\t\t\t\t\t\t\t\t<li><time datetime=\"2022-05-10T12:49:00+03:00\" itemprop=\"datePublished\">10. Mai 2022<\/time> <a href=\"https:\/\/allu.net\/de\/einfuhrung-des-neuen-allu-raptor\/\"><strong>EINF\u00dcHRUNG DES NEUEN ALLU RAPTOR<\/strong><\/a><\/li>\n\t\t\t\t\t\t\t\t\t\t\t\t\t\t\t\t\t<li><time datetime=\"2022-02-24T17:36:00+02:00\" itemprop=\"datePublished\">24. Februar 2022<\/time> <a href=\"https:\/\/allu.net\/de\/merja-vanska-steigt-bei-allu-finnland-als-finance-controller-finanzprufer-ein\/\">Merja V\u00e4nsk\u00e4 steigt bei ALLU Finnland als Finance Controller\/Finanzpr\u00fcfer ein.<\/a><\/li>\n\t\t\t\t\t\t\t\t\t\t\t\t\t\t<\/ul>\n\t\t\t\t\t\t<div class=\"text-center py-5\">\n\t\t\t\t\t\t\t<button id=\"load-more-news\" data-paged=\"1\" class=\"btn btn-outline-allu-darkgray\">\n\t\t\t\t\t\t\t\t<span id=\"loadspinner\" class=\"spinner-border text-secondary spinner-border-sm\" role=\"status\" aria-hidden=\"true\"><\/span>\n\t\t\t\t\t\t\t\t<span id=\"loadtext\">Load more<\/span>\n\t\t\t\t\t\t\t<\/button>\n\t\t\t\t\t\t<\/div>\n\t\t\t\t\t<\/div>\n\t\t\t\t<\/div>\n\t\t\t<\/div>\n\t\t<\/div>\n\t<\/section>\t\n    \n<\/p>\n","protected":false},"excerpt":{"rendered":"","protected":false},"author":4,"featured_media":0,"parent":0,"menu_order":0,"comment_status":"closed","ping_status":"closed","template":"","meta":{"_acf_changed":false,"footnotes":""},"class_list":["post-4395","page","type-page","status-publish","hentry"],"acf":[],"yoast_head":"<!-- This site is optimized with the Yoast SEO Premium plugin v27.2 (Yoast SEO v27.2) - https:\/\/yoast.com\/product\/yoast-seo-premium-wordpress\/ -->\n<title>Nachricht - ALLU Deutschland<\/title>\n<meta name=\"robots\" content=\"index, follow, max-snippet:-1, max-image-preview:large, max-video-preview:-1\" \/>\n<link rel=\"canonical\" href=\"https:\/\/allu.net\/de\/nachricht\/\" \/>\n<meta property=\"og:locale\" content=\"de_DE\" \/>\n<meta property=\"og:type\" content=\"article\" \/>\n<meta property=\"og:title\" content=\"Nachricht - ALLU Deutschland\" \/>\n<meta property=\"og:url\" content=\"https:\/\/allu.net\/de\/nachricht\/\" \/>\n<meta property=\"og:site_name\" content=\"ALLU Deutschland\" \/>\n<meta property=\"article:publisher\" content=\"https:\/\/www.facebook.com\/ALLUGLOBAL\/\" \/>\n<meta property=\"article:modified_time\" content=\"2024-09-04T07:51:08+00:00\" \/>\n<meta property=\"og:image\" content=\"https:\/\/allu.net\/wp-content\/uploads\/ALLU-Website-slide-for-Screening-bucket-and-crushing-scaled.avif\" \/>\n\t<meta property=\"og:image:width\" content=\"2560\" \/>\n\t<meta property=\"og:image:height\" content=\"1231\" \/>\n\t<meta property=\"og:image:type\" content=\"image\/jpeg\" \/>\n<meta name=\"twitter:card\" content=\"summary_large_image\" \/>\n<meta name=\"twitter:site\" content=\"@AlluGroup\" \/>\n<meta name=\"twitter:label1\" content=\"Gesch\u00e4tzte Lesezeit\" \/>\n\t<meta name=\"twitter:data1\" content=\"1\u00a0Minute\" \/>\n<script type=\"application\/ld+json\" class=\"yoast-schema-graph\">{\"@context\":\"https:\/\/schema.org\",\"@graph\":[{\"@type\":\"WebPage\",\"@id\":\"https:\/\/allu.net\/de\/nachricht\/\",\"url\":\"https:\/\/allu.net\/de\/nachricht\/\",\"name\":\"Nachricht - ALLU Deutschland\",\"isPartOf\":{\"@id\":\"https:\/\/allu.net\/de\/#website\"},\"datePublished\":\"2024-08-30T08:29:55+00:00\",\"dateModified\":\"2024-09-04T07:51:08+00:00\",\"breadcrumb\":{\"@id\":\"https:\/\/allu.net\/de\/nachricht\/#breadcrumb\"},\"inLanguage\":\"de\",\"potentialAction\":[{\"@type\":\"ReadAction\",\"target\":[\"https:\/\/allu.net\/de\/nachricht\/\"]}]},{\"@type\":\"BreadcrumbList\",\"@id\":\"https:\/\/allu.net\/de\/nachricht\/#breadcrumb\",\"itemListElement\":[{\"@type\":\"ListItem\",\"position\":1,\"name\":\"ALLU\",\"item\":\"https:\/\/allu.net\/de\/\"},{\"@type\":\"ListItem\",\"position\":2,\"name\":\"Nachricht\"}]},{\"@type\":\"WebSite\",\"@id\":\"https:\/\/allu.net\/de\/#website\",\"url\":\"https:\/\/allu.net\/de\/\",\"name\":\"ALLU\",\"description\":\"One Step Ahead\",\"publisher\":{\"@id\":\"https:\/\/allu.net\/de\/#organization\"},\"potentialAction\":[{\"@type\":\"SearchAction\",\"target\":{\"@type\":\"EntryPoint\",\"urlTemplate\":\"https:\/\/allu.net\/de\/?s={search_term_string}\"},\"query-input\":{\"@type\":\"PropertyValueSpecification\",\"valueRequired\":true,\"valueName\":\"search_term_string\"}}],\"inLanguage\":\"de\"},{\"@type\":\"Organization\",\"@id\":\"https:\/\/allu.net\/de\/#organization\",\"name\":\"ALLU Group\",\"url\":\"https:\/\/allu.net\/de\/\",\"logo\":{\"@type\":\"ImageObject\",\"inLanguage\":\"de\",\"@id\":\"https:\/\/allu.net\/de\/#\/schema\/logo\/image\/\",\"url\":\"https:\/\/allu.net\/wp-content\/uploads\/ALLU-Logo-black-web.png\",\"contentUrl\":\"https:\/\/allu.net\/wp-content\/uploads\/ALLU-Logo-black-web.png\",\"width\":1723,\"height\":677,\"caption\":\"ALLU Group\"},\"image\":{\"@id\":\"https:\/\/allu.net\/de\/#\/schema\/logo\/image\/\"},\"sameAs\":[\"https:\/\/www.facebook.com\/ALLUGLOBAL\/\",\"https:\/\/x.com\/AlluGroup\"]}]}<\/script>\n<!-- \/ Yoast SEO Premium plugin. -->","yoast_head_json":{"title":"Nachricht - ALLU Deutschland","robots":{"index":"index","follow":"follow","max-snippet":"max-snippet:-1","max-image-preview":"max-image-preview:large","max-video-preview":"max-video-preview:-1"},"canonical":"https:\/\/allu.net\/de\/nachricht\/","og_locale":"de_DE","og_type":"article","og_title":"Nachricht - ALLU Deutschland","og_url":"https:\/\/allu.net\/de\/nachricht\/","og_site_name":"ALLU Deutschland","article_publisher":"https:\/\/www.facebook.com\/ALLUGLOBAL\/","article_modified_time":"2024-09-04T07:51:08+00:00","og_image":[{"width":2560,"height":1231,"url":"https:\/\/allu.net\/wp-content\/uploads\/ALLU-Website-slide-for-Screening-bucket-and-crushing-scaled.avif","type":"image\/jpeg"}],"twitter_card":"summary_large_image","twitter_site":"@AlluGroup","twitter_misc":{"Gesch\u00e4tzte Lesezeit":"1\u00a0Minute"},"schema":{"@context":"https:\/\/schema.org","@graph":[{"@type":"WebPage","@id":"https:\/\/allu.net\/de\/nachricht\/","url":"https:\/\/allu.net\/de\/nachricht\/","name":"Nachricht - ALLU Deutschland","isPartOf":{"@id":"https:\/\/allu.net\/de\/#website"},"datePublished":"2024-08-30T08:29:55+00:00","dateModified":"2024-09-04T07:51:08+00:00","breadcrumb":{"@id":"https:\/\/allu.net\/de\/nachricht\/#breadcrumb"},"inLanguage":"de","potentialAction":[{"@type":"ReadAction","target":["https:\/\/allu.net\/de\/nachricht\/"]}]},{"@type":"BreadcrumbList","@id":"https:\/\/allu.net\/de\/nachricht\/#breadcrumb","itemListElement":[{"@type":"ListItem","position":1,"name":"ALLU","item":"https:\/\/allu.net\/de\/"},{"@type":"ListItem","position":2,"name":"Nachricht"}]},{"@type":"WebSite","@id":"https:\/\/allu.net\/de\/#website","url":"https:\/\/allu.net\/de\/","name":"ALLU","description":"One Step Ahead","publisher":{"@id":"https:\/\/allu.net\/de\/#organization"},"potentialAction":[{"@type":"SearchAction","target":{"@type":"EntryPoint","urlTemplate":"https:\/\/allu.net\/de\/?s={search_term_string}"},"query-input":{"@type":"PropertyValueSpecification","valueRequired":true,"valueName":"search_term_string"}}],"inLanguage":"de"},{"@type":"Organization","@id":"https:\/\/allu.net\/de\/#organization","name":"ALLU Group","url":"https:\/\/allu.net\/de\/","logo":{"@type":"ImageObject","inLanguage":"de","@id":"https:\/\/allu.net\/de\/#\/schema\/logo\/image\/","url":"https:\/\/allu.net\/wp-content\/uploads\/ALLU-Logo-black-web.png","contentUrl":"https:\/\/allu.net\/wp-content\/uploads\/ALLU-Logo-black-web.png","width":1723,"height":677,"caption":"ALLU Group"},"image":{"@id":"https:\/\/allu.net\/de\/#\/schema\/logo\/image\/"},"sameAs":["https:\/\/www.facebook.com\/ALLUGLOBAL\/","https:\/\/x.com\/AlluGroup"]}]}},"_links":{"self":[{"href":"https:\/\/allu.net\/de\/wp-json\/wp\/v2\/pages\/4395","targetHints":{"allow":["GET"]}}],"collection":[{"href":"https:\/\/allu.net\/de\/wp-json\/wp\/v2\/pages"}],"about":[{"href":"https:\/\/allu.net\/de\/wp-json\/wp\/v2\/types\/page"}],"author":[{"embeddable":true,"href":"https:\/\/allu.net\/de\/wp-json\/wp\/v2\/users\/4"}],"replies":[{"embeddable":true,"href":"https:\/\/allu.net\/de\/wp-json\/wp\/v2\/comments?post=4395"}],"version-history":[{"count":0,"href":"https:\/\/allu.net\/de\/wp-json\/wp\/v2\/pages\/4395\/revisions"}],"wp:attachment":[{"href":"https:\/\/allu.net\/de\/wp-json\/wp\/v2\/media?parent=4395"}],"curies":[{"name":"wp","href":"https:\/\/api.w.org\/{rel}","templated":true}]}}