{"id":1467,"date":"2021-02-19T07:34:55","date_gmt":"2021-02-19T05:34:55","guid":{"rendered":"http:\/\/allu.nipro.pro-linuxpl.com\/?page_id=1467"},"modified":"2025-07-16T18:18:53","modified_gmt":"2025-07-16T15:18:53","slug":"support","status":"publish","type":"page","link":"https:\/\/allu.net\/de\/support\/","title":{"rendered":"Support und Ersatzteile"},"content":{"rendered":"<?xml encoding=\"utf-8\" ?><section>\r\n\t\t<div class=\"yt-embed position-relative d-flex flex-column align-items-center justify-content-center\" style=\"background-size: cover; background-position: center center;\">\r\n\r\n\t\t\t\t\t\t<video class=\"jumbo-video\" muted autoplay loop webkit-playsinline playsinline>\r\n\t\t\t\t<source src=\"https:\/\/allu.net\/wp-content\/uploads\/ALLU-Betoni-Support_Tyhja.mp4\" type=\"video\/webm\">\r\n\t\t\t\t<source src=\"https:\/\/allu.net\/wp-content\/uploads\/ALLU-Betoni-Support_Tyhja.mp4\" type=\"video\/mp4\">\r\n\t\t\t\tYour browser does not support the video tag.\r\n\t\t\t<\/source><\/source><\/video>\r\n\t\t\t\t\t\t<div class=\"yt-embed-overlay\"><\/div>\r\n\r\n\t\t\t<div class=\"jumbotron-container-video-outer mt-auto\">\r\n\t\t\t\t<div class=\"jumbotron-content container position-relative d-flex align-items-end justify-content-center jumbotron-container-video\">\r\n\t\t\t\t\t<div class=\"row\">\r\n\t\t\t\t\t\t<div class=\"col-12 col-md jumbotron-title text-center text-md-end align-self-center\">\r\n\t\t\t\t\t\t\t<h1 class=\"text-uppercase\">Support und Ersatzteile<\/h1>\r\n\t\t\t\t\t\t<\/div>\r\n\t\t\t\t\t\t<div class=\"col-auto jumbotron-divider\"><\/div>\r\n\t\t\t\t\t\t<div class=\"col-12 col-md jumbotron-content text-center text-md-start align-self-center\">\r\n\t\t\t\t\t\t\t<div class=\"jumbotron-text\">Der ALLU-Support bietet weltweit Original-Ersatzteile mit hervorragender Verf&uuml;gbarkeit und kurzen Lieferzeiten&nbsp;&ndash; f&uuml;r maximale Produktivit&auml;t.<\/div>\r\n\t\t\t\t\t\t\t\t\t\t\t\t\t\t\t<div class=\"jumbotron-buttons mt-4\">\r\n\t\t\t\t\t\t\t\t\t\t\t\t\t\t\t\t\t\t\t\t\t\t\t\t\t\t\t\t\t<a href=\"https:\/\/allu.net\/de\/hilfe-und-haufig-gestellte-fragen\/\" class=\"btn me-2 mb-2 btn-primary btn-lg\">Hilfe und FAQ<\/a>\r\n\t\t\t\t\t\t\t\t\t\t\t\t\t\t\t\t\t\t\t\t\t\t\t\t\t\t\t\t\t<a href=\"https:\/\/allu.net\/de\/produkte\/\" class=\"btn me-2 mb-2 btn-outline-primary btn-lg\">Produkte ansehen<\/a>\r\n\t\t\t\t\t\t\t\t\t\t\t\t\t\t\t\t\t<\/div>\r\n\t\t\t\t\t\t\t\t\t\t\t\t\t<\/div>\r\n\t\t\t\t\t<\/div>\r\n\t\t\t\t<\/div>\r\n\t\t\t<\/div>\r\n\r\n\t\t<\/div>\r\n\t<\/section><div style=\"height:60px\" aria-hidden=\"true\" class=\"wp-block-spacer\"><\/div><div class=\"wp-block-group\"><div class=\"wp-block-group__inner-container is-layout-constrained wp-block-group-is-layout-constrained container\">\n<div class=\"wp-block-columns is-layout-flex wp-container-core-columns-is-layout-9d6595d7 wp-block-columns-is-layout-flex\">\n<div class=\"wp-block-column margin-medium-bottom is-layout-flow wp-block-column-is-layout-flow\" style=\"flex-basis:66.66%\">\n<h2 class=\"wp-block-heading\" id=\"h-allu-support\">ALLU-Support<\/h2>\n\n\n\n<p>Unser globales Team steht Ihnen mit Rat und Tat zur Seite. Ein Anruf oder eine E-Mail gen&uuml;gt und wir helfen Ihnen, das Beste aus Ihren Ger&auml;ten und Ersatzteilen herauszuholen. <\/p>\n\n\n\n<p>Wenn Sie Unterst&uuml;tzung ben&ouml;tigen, f&uuml;llen Sie bitte das Formular aus oder kontaktieren Sie uns direkt. Bitte geben Sie in Ihrer Nachricht das Modell und die Seriennummer Ihrer ALLU-Maschine an, damit wir schnell die richtigen Teile oder Anweisungen f&uuml;r Sie finden k&ouml;nnen.<\/p>\n<\/div>\n\n\n\n<div class=\"wp-block-column text-start text-md-end is-layout-flow wp-block-column-is-layout-flow\" style=\"flex-basis:33.33%\">\n<h3 class=\"wp-block-heading\" id=\"h-kontaktinformationen\">Kontaktinformationen<\/h3>\n\n\n\n<p class=\"allu-contact-paragraph m-text-left\"><a href=\"mailto:support@allu.net\">support@allu.net<\/a><br>ALLU-Support anrufen<br>(GMT+2, 8:00 &ndash; 16:00 Uhr) &nbsp;<br><a href=\"tel:+358%2040%20840%207400\">+358 40 840 7400<\/a><\/p>\n\n\n\n<p class=\"allu-contact-paragraph m-text-left\">Support f&uuml;r Nord- und S&uuml;damerika<br>(Ostk&uuml;stenzeit, 8:00 &ndash; 20:00 Uhr) <br><a href=\"tel:+358%2040%20840%207400\">+<\/a><a href=\"tel:+1-201-310-3282\"> 1-201-310-3282<\/a><\/p>\n<\/div>\n<\/div>\n\n\n\n<div style=\"height:5px\" aria-hidden=\"true\" class=\"wp-block-spacer\"><\/div>\n\n\n\n<div class=\"wpcf7 no-js\" id=\"wpcf7-f27582-o1\" lang=\"de-DE\" dir=\"ltr\" data-wpcf7-id=\"27582\">\n<div class=\"screen-reader-response\"><p role=\"status\" aria-live=\"polite\" aria-atomic=\"true\"><\/p> <ul><\/ul><\/div>\n<form action=\"\/de\/wp-json\/wp\/v2\/pages\/1467#wpcf7-f27582-o1\" method=\"post\" class=\"wpcf7-form init\" aria-label=\"Kontaktformular\" novalidate=\"novalidate\" data-status=\"init\">\n<fieldset class=\"hidden-fields-container\"><input type=\"hidden\" name=\"_wpcf7\" value=\"27582\" \/><input type=\"hidden\" name=\"_wpcf7_version\" value=\"6.1.5\" \/><input type=\"hidden\" name=\"_wpcf7_locale\" value=\"de_DE\" \/><input type=\"hidden\" name=\"_wpcf7_unit_tag\" value=\"wpcf7-f27582-o1\" \/><input type=\"hidden\" name=\"_wpcf7_container_post\" value=\"0\" \/><input type=\"hidden\" name=\"_wpcf7_posted_data_hash\" value=\"\" \/><input type=\"hidden\" name=\"_wpcf7_recaptcha_response\" value=\"\" \/>\n<\/fieldset>\n<div class=\"bg-allu-lightgray p-4\">\n\t<div class=\"cp-page-support-item\">\n\t\t<h3> Kontaktangaben\n\t\t<\/h3>\n\t\t<div class=\"cp-page-contact-item__field allu-label-field\">\n\t\t\t<p><label for=\"yname\">Vollst\u00e4ndiger Name*<\/label><span class=\"wpcf7-form-control-wrap\" data-name=\"yname\"><input size=\"40\" maxlength=\"400\" class=\"wpcf7-form-control wpcf7-text wpcf7-validates-as-required uk-input\" id=\"yname\" autocomplete=\"off\" aria-required=\"true\" aria-invalid=\"false\" value=\"\" type=\"text\" name=\"yname\" \/><\/span>\n\t\t\t<\/p>\n\t\t<\/div>\n\t\t<div class=\"cp-page-contact-item__field allu-label-field\">\n\t\t\t<p><label for=\"email\">E-Mail*<\/label><span class=\"wpcf7-form-control-wrap\" data-name=\"your-email\"><input size=\"40\" maxlength=\"400\" class=\"wpcf7-form-control wpcf7-email wpcf7-validates-as-required wpcf7-text wpcf7-validates-as-email uk-input\" id=\"email\" aria-required=\"true\" aria-invalid=\"false\" value=\"\" type=\"email\" name=\"your-email\" \/><\/span>\n\t\t\t<\/p>\n\t\t<\/div>\n\t\t<div class=\"cp-page-contact-item__field allu-label-field\">\n\t\t\t<p><label for=\"phone\">Rufnummer<\/label><span class=\"wpcf7-form-control-wrap\" data-name=\"phone\"><input size=\"40\" maxlength=\"400\" class=\"wpcf7-form-control wpcf7-text uk-input\" id=\"phone\" aria-invalid=\"false\" value=\"\" type=\"text\" name=\"phone\" \/><\/span>\n\t\t\t<\/p>\n\t\t<\/div>\n\t\t<div class=\"cp-page-contact-item__field allu-label-field\">\n\t\t\t<p><label for=\"country\">Country*<\/label><span class=\"wpcf7-form-control-wrap\" data-name=\"Country\"><select class=\"wpcf7-form-control wpcf7-select wpcf7-validates-as-required uk-input\" aria-required=\"true\" aria-invalid=\"false\" name=\"Country\"><option value=\"\">&#8211; Bitte ausw\u00e4hlen &#8211;<\/option><option value=\"Argentina\">Argentina<\/option><option value=\"Australia\">Australia<\/option><option value=\"Austria\">Austria<\/option><option value=\"Belarus\">Belarus<\/option><option value=\"Belgium\">Belgium<\/option><option value=\"Brazil\">Brazil<\/option><option value=\"Bulgaria\">Bulgaria<\/option><option value=\"Canada\">Canada<\/option><option value=\"China\">China<\/option><option value=\"Colombia\">Colombia<\/option><option value=\"Czech Republic\">Czech Republic<\/option><option value=\"Denmark\">Denmark<\/option><option value=\"Estonia\">Estonia<\/option><option value=\"Finland\">Finland<\/option><option value=\"France\">France<\/option><option value=\"Georgia\">Georgia<\/option><option value=\"Germany\">Germany<\/option><option value=\"Greece\">Greece<\/option><option value=\"Hungary\">Hungary<\/option><option value=\"Iceland\">Iceland<\/option><option value=\"Indonesia\">Indonesia<\/option><option value=\"Ireland\">Ireland<\/option><option value=\"Israel\">Israel<\/option><option value=\"Italy\">Italy<\/option><option value=\"Japan\">Japan<\/option><option value=\"Latvia\">Latvia<\/option><option value=\"Lithuania\">Lithuania<\/option><option value=\"Malaysia\">Malaysia<\/option><option value=\"Netherlands\">Netherlands<\/option><option value=\"New Zealand\">New Zealand<\/option><option value=\"Norway\">Norway<\/option><option value=\"Oman\">Oman<\/option><option value=\"Peru\">Peru<\/option><option value=\"Philippines\">Philippines<\/option><option value=\"Poland\">Poland<\/option><option value=\"Portugal\">Portugal<\/option><option value=\"Romania\">Romania<\/option><option value=\"Russia\">Russia<\/option><option value=\"Saudi Arabia\">Saudi Arabia<\/option><option value=\"Singapore\">Singapore<\/option><option value=\"Slovakia\">Slovakia<\/option><option value=\"Slovenia\">Slovenia<\/option><option value=\"South Africa\">South Africa<\/option><option value=\"South Korea\">South Korea<\/option><option value=\"Spain\">Spain<\/option><option value=\"Sweden\">Sweden<\/option><option value=\"Switzerland\">Switzerland<\/option><option value=\"Taiwan\">Taiwan<\/option><option value=\"Thailand\">Thailand<\/option><option value=\"Turkey\">Turkey<\/option><option value=\"Ukraine\">Ukraine<\/option><option value=\"United Kingdom\">United Kingdom<\/option><option value=\"United States of America\">United States of America<\/option><option value=\"Vietnam\">Vietnam<\/option><option value=\"Other\">Other<\/option><\/select><\/span>\n\t\t\t<\/p>\n\t\t<\/div>\n\t<\/div>\n\t<div class=\"cp-page-support-item\">\n\t\t<h3>Nachricht\n\t\t<\/h3>\n\t\t<div class=\"cp-page-contact-item__field allu-label-field\">\n\t\t\t<p><label for=\"your-message\">Wie k\u00f6nnen wir helfen?<\/label><span class=\"wpcf7-form-control-wrap\" data-name=\"your-message\"><textarea cols=\"100\" rows=\"3\" maxlength=\"2000\" class=\"wpcf7-form-control wpcf7-textarea uk-textarea\" id=\"your-message\" aria-invalid=\"false\" name=\"your-message\"><\/textarea><\/span>\n\t\t\t<\/p>\n\t\t<\/div>\n\t<\/div>\n\t<div class=\"cp-page-support__bottom\">\n\t\t<legend class=\"uk-legend\">*Obligatorische Felder\n\t\t<\/legend>\n\t\t<div class=\"cp-page-support__submit\">\n\t\t\t<p><input class=\"wpcf7-form-control wpcf7-submit has-spinner uk-button uk-button-primary\" type=\"submit\" value=\"Senden Sie\" \/>\n\t\t\t<\/p>\n\t\t<\/div>\n\t<\/div>\n<\/div><div class=\"wpcf7-response-output\" aria-hidden=\"true\"><\/div>\n<\/form>\n<\/div>\n\n\n\n\n<div style=\"height:75px\" aria-hidden=\"true\" class=\"wp-block-spacer\"><\/div>\n\n\n\n<h3 class=\"wp-block-heading\" id=\"h-ersatzteile\">Ersatzteile<\/h3>\n\n\n\n<p>Der ALLU-Support bietet weltweit Original-Ersatzteile mit hervorragender Verf&uuml;gbarkeit und kurzen Lieferzeiten&nbsp;&ndash; f&uuml;r maximale Produktivit&auml;t.<br><\/p>\n\n\n\n<h3 class=\"wp-block-heading\" id=\"h-service-und-wartung\">Service und Wartung<\/h3>\n\n\n\n<p>Halten Sie Ihre ALLU-Ger&auml;te in Bestform und einsatzbereit. Sowohl f&uuml;r geplante Wartungsarbeiten als auch f&uuml;r unvorhergesehene Reparaturen bieten ALLU und sein H&auml;ndlernetz einen schnellen und professionellen Service.<br><\/p>\n\n\n\n<h3 class=\"wp-block-heading\" id=\"h-technischer-support\">Technischer Support<\/h3>\n\n\n\n<p>Unterst&uuml;tzung bei technischen Problemen: Es ist wichtig, dass der Kunde bei Problemen schnelle und professionelle Hilfe erh&auml;lt.<br><\/p>\n\n\n\n<h3 class=\"wp-block-heading\" id=\"h-schulung\">Schulung<\/h3>\n\n\n\n<p>Der Erfolg Ihres Unternehmens h&auml;ngt von den F&auml;higkeiten Ihrer Maschinenf&uuml;hrer ab. Gute Maschinenf&uuml;hrer verarbeiten die maximale Materialmenge in der k&uuml;rzest m&ouml;glichen Zeit. Sie bedienen ihre Maschinen sicher und wissen, wie sich unn&ouml;tiger Verschlei&szlig; vermeiden l&auml;sst. Wir zeigen Ihnen Tipps und Techniken zur besseren Wartung Ihrer Ger&auml;te und zur sicheren, effektiven und effizienten Durchf&uuml;hrung geplanter Wartungsaufgaben.<\/p>\n\n\n\n<div style=\"height:80px\" aria-hidden=\"true\" class=\"wp-block-spacer\"><\/div>\n<\/div><\/div>\n","protected":false},"excerpt":{"rendered":"<p>ALLU-Support Unser globales Team steht Ihnen mit Rat und Tat zur Seite. Ein Anruf oder eine E-Mail gen&uuml;gt und wir helfen Ihnen, das Beste aus Ihren Ger&auml;ten und Ersatzteilen herauszuholen. Wenn Sie Unterst&uuml;tzung ben&ouml;tigen, f&uuml;llen Sie bitte das Formular aus oder kontaktieren Sie uns direkt. Bitte geben Sie in Ihrer Nachricht das Modell und die [&hellip;]<\/p>\n","protected":false},"author":4,"featured_media":0,"parent":0,"menu_order":0,"comment_status":"closed","ping_status":"closed","template":"","meta":{"_acf_changed":false,"footnotes":""},"class_list":["post-1467","page","type-page","status-publish","hentry"],"acf":[],"yoast_head":"<!-- This site is optimized with the Yoast SEO Premium plugin v27.2 (Yoast SEO v27.2) - https:\/\/yoast.com\/product\/yoast-seo-premium-wordpress\/ -->\n<title>Support und Ersatzteile - ALLU Deutschland<\/title>\n<meta name=\"description\" content=\"Wir bei ALLU m\u00f6chten sicherstellen, dass Sie die Vorteile Ihrer ALLU-Ger\u00e4te und -Ersatzteile in vollem Umfang nutzen k\u00f6nnen. Original-Ersatzteile und -Zubeh\u00f6r. Sprechen Sie uns an!\" \/>\n<meta name=\"robots\" content=\"index, follow, max-snippet:-1, max-image-preview:large, max-video-preview:-1\" \/>\n<link rel=\"canonical\" href=\"https:\/\/allu.net\/de\/support\/\" \/>\n<meta property=\"og:locale\" content=\"de_DE\" \/>\n<meta property=\"og:type\" content=\"article\" \/>\n<meta property=\"og:title\" content=\"Support und Ersatzteile - ALLU Deutschland\" \/>\n<meta property=\"og:description\" content=\"Wir bei ALLU m\u00f6chten sicherstellen, dass Sie die Vorteile Ihrer ALLU-Ger\u00e4te und -Ersatzteile in vollem Umfang nutzen k\u00f6nnen. Original-Ersatzteile und -Zubeh\u00f6r. Sprechen Sie uns an!\" \/>\n<meta property=\"og:url\" content=\"https:\/\/allu.net\/de\/support\/\" \/>\n<meta property=\"og:site_name\" content=\"ALLU Deutschland\" \/>\n<meta property=\"article:publisher\" content=\"https:\/\/www.facebook.com\/ALLUGLOBAL\/\" \/>\n<meta property=\"article:modified_time\" content=\"2025-07-16T15:18:53+00:00\" \/>\n<meta property=\"og:image\" content=\"https:\/\/allu.net\/wp-content\/uploads\/ALLU-Website-slide-for-Screening-bucket-and-crushing-scaled.avif\" \/>\n\t<meta property=\"og:image:width\" content=\"2560\" \/>\n\t<meta property=\"og:image:height\" content=\"1231\" \/>\n\t<meta property=\"og:image:type\" content=\"image\/jpeg\" \/>\n<meta name=\"twitter:card\" content=\"summary_large_image\" \/>\n<meta name=\"twitter:site\" content=\"@AlluGroup\" \/>\n<meta name=\"twitter:label1\" content=\"Gesch\u00e4tzte Lesezeit\" \/>\n\t<meta name=\"twitter:data1\" content=\"1\u00a0Minute\" \/>\n<script type=\"application\/ld+json\" class=\"yoast-schema-graph\">{\"@context\":\"https:\/\/schema.org\",\"@graph\":[{\"@type\":\"WebPage\",\"@id\":\"https:\/\/allu.net\/de\/support\/\",\"url\":\"https:\/\/allu.net\/de\/support\/\",\"name\":\"Support und Ersatzteile - ALLU Deutschland\",\"isPartOf\":{\"@id\":\"https:\/\/allu.net\/de\/#website\"},\"datePublished\":\"2021-02-19T05:34:55+00:00\",\"dateModified\":\"2025-07-16T15:18:53+00:00\",\"description\":\"Wir bei ALLU m\u00f6chten sicherstellen, dass Sie die Vorteile Ihrer ALLU-Ger\u00e4te und -Ersatzteile in vollem Umfang nutzen k\u00f6nnen. Original-Ersatzteile und -Zubeh\u00f6r. Sprechen Sie uns an!\",\"breadcrumb\":{\"@id\":\"https:\/\/allu.net\/de\/support\/#breadcrumb\"},\"inLanguage\":\"de\",\"potentialAction\":[{\"@type\":\"ReadAction\",\"target\":[\"https:\/\/allu.net\/de\/support\/\"]}]},{\"@type\":\"BreadcrumbList\",\"@id\":\"https:\/\/allu.net\/de\/support\/#breadcrumb\",\"itemListElement\":[{\"@type\":\"ListItem\",\"position\":1,\"name\":\"ALLU\",\"item\":\"https:\/\/allu.net\/de\/\"},{\"@type\":\"ListItem\",\"position\":2,\"name\":\"Support und Ersatzteile\"}]},{\"@type\":\"WebSite\",\"@id\":\"https:\/\/allu.net\/de\/#website\",\"url\":\"https:\/\/allu.net\/de\/\",\"name\":\"ALLU\",\"description\":\"One Step Ahead\",\"publisher\":{\"@id\":\"https:\/\/allu.net\/de\/#organization\"},\"potentialAction\":[{\"@type\":\"SearchAction\",\"target\":{\"@type\":\"EntryPoint\",\"urlTemplate\":\"https:\/\/allu.net\/de\/?s={search_term_string}\"},\"query-input\":{\"@type\":\"PropertyValueSpecification\",\"valueRequired\":true,\"valueName\":\"search_term_string\"}}],\"inLanguage\":\"de\"},{\"@type\":\"Organization\",\"@id\":\"https:\/\/allu.net\/de\/#organization\",\"name\":\"ALLU Group\",\"url\":\"https:\/\/allu.net\/de\/\",\"logo\":{\"@type\":\"ImageObject\",\"inLanguage\":\"de\",\"@id\":\"https:\/\/allu.net\/de\/#\/schema\/logo\/image\/\",\"url\":\"https:\/\/allu.net\/wp-content\/uploads\/ALLU-Logo-black-web.png\",\"contentUrl\":\"https:\/\/allu.net\/wp-content\/uploads\/ALLU-Logo-black-web.png\",\"width\":1723,\"height\":677,\"caption\":\"ALLU Group\"},\"image\":{\"@id\":\"https:\/\/allu.net\/de\/#\/schema\/logo\/image\/\"},\"sameAs\":[\"https:\/\/www.facebook.com\/ALLUGLOBAL\/\",\"https:\/\/x.com\/AlluGroup\"]}]}<\/script>\n<!-- \/ Yoast SEO Premium plugin. -->","yoast_head_json":{"title":"Support und Ersatzteile - ALLU Deutschland","description":"Wir bei ALLU m\u00f6chten sicherstellen, dass Sie die Vorteile Ihrer ALLU-Ger\u00e4te und -Ersatzteile in vollem Umfang nutzen k\u00f6nnen. Original-Ersatzteile und -Zubeh\u00f6r. Sprechen Sie uns an!","robots":{"index":"index","follow":"follow","max-snippet":"max-snippet:-1","max-image-preview":"max-image-preview:large","max-video-preview":"max-video-preview:-1"},"canonical":"https:\/\/allu.net\/de\/support\/","og_locale":"de_DE","og_type":"article","og_title":"Support und Ersatzteile - ALLU Deutschland","og_description":"Wir bei ALLU m\u00f6chten sicherstellen, dass Sie die Vorteile Ihrer ALLU-Ger\u00e4te und -Ersatzteile in vollem Umfang nutzen k\u00f6nnen. Original-Ersatzteile und -Zubeh\u00f6r. Sprechen Sie uns an!","og_url":"https:\/\/allu.net\/de\/support\/","og_site_name":"ALLU Deutschland","article_publisher":"https:\/\/www.facebook.com\/ALLUGLOBAL\/","article_modified_time":"2025-07-16T15:18:53+00:00","og_image":[{"width":2560,"height":1231,"url":"https:\/\/allu.net\/wp-content\/uploads\/ALLU-Website-slide-for-Screening-bucket-and-crushing-scaled.avif","type":"image\/jpeg"}],"twitter_card":"summary_large_image","twitter_site":"@AlluGroup","twitter_misc":{"Gesch\u00e4tzte Lesezeit":"1\u00a0Minute"},"schema":{"@context":"https:\/\/schema.org","@graph":[{"@type":"WebPage","@id":"https:\/\/allu.net\/de\/support\/","url":"https:\/\/allu.net\/de\/support\/","name":"Support und Ersatzteile - ALLU Deutschland","isPartOf":{"@id":"https:\/\/allu.net\/de\/#website"},"datePublished":"2021-02-19T05:34:55+00:00","dateModified":"2025-07-16T15:18:53+00:00","description":"Wir bei ALLU m\u00f6chten sicherstellen, dass Sie die Vorteile Ihrer ALLU-Ger\u00e4te und -Ersatzteile in vollem Umfang nutzen k\u00f6nnen. Original-Ersatzteile und -Zubeh\u00f6r. Sprechen Sie uns an!","breadcrumb":{"@id":"https:\/\/allu.net\/de\/support\/#breadcrumb"},"inLanguage":"de","potentialAction":[{"@type":"ReadAction","target":["https:\/\/allu.net\/de\/support\/"]}]},{"@type":"BreadcrumbList","@id":"https:\/\/allu.net\/de\/support\/#breadcrumb","itemListElement":[{"@type":"ListItem","position":1,"name":"ALLU","item":"https:\/\/allu.net\/de\/"},{"@type":"ListItem","position":2,"name":"Support und Ersatzteile"}]},{"@type":"WebSite","@id":"https:\/\/allu.net\/de\/#website","url":"https:\/\/allu.net\/de\/","name":"ALLU","description":"One Step Ahead","publisher":{"@id":"https:\/\/allu.net\/de\/#organization"},"potentialAction":[{"@type":"SearchAction","target":{"@type":"EntryPoint","urlTemplate":"https:\/\/allu.net\/de\/?s={search_term_string}"},"query-input":{"@type":"PropertyValueSpecification","valueRequired":true,"valueName":"search_term_string"}}],"inLanguage":"de"},{"@type":"Organization","@id":"https:\/\/allu.net\/de\/#organization","name":"ALLU Group","url":"https:\/\/allu.net\/de\/","logo":{"@type":"ImageObject","inLanguage":"de","@id":"https:\/\/allu.net\/de\/#\/schema\/logo\/image\/","url":"https:\/\/allu.net\/wp-content\/uploads\/ALLU-Logo-black-web.png","contentUrl":"https:\/\/allu.net\/wp-content\/uploads\/ALLU-Logo-black-web.png","width":1723,"height":677,"caption":"ALLU Group"},"image":{"@id":"https:\/\/allu.net\/de\/#\/schema\/logo\/image\/"},"sameAs":["https:\/\/www.facebook.com\/ALLUGLOBAL\/","https:\/\/x.com\/AlluGroup"]}]}},"_links":{"self":[{"href":"https:\/\/allu.net\/de\/wp-json\/wp\/v2\/pages\/1467","targetHints":{"allow":["GET"]}}],"collection":[{"href":"https:\/\/allu.net\/de\/wp-json\/wp\/v2\/pages"}],"about":[{"href":"https:\/\/allu.net\/de\/wp-json\/wp\/v2\/types\/page"}],"author":[{"embeddable":true,"href":"https:\/\/allu.net\/de\/wp-json\/wp\/v2\/users\/4"}],"replies":[{"embeddable":true,"href":"https:\/\/allu.net\/de\/wp-json\/wp\/v2\/comments?post=1467"}],"version-history":[{"count":10,"href":"https:\/\/allu.net\/de\/wp-json\/wp\/v2\/pages\/1467\/revisions"}],"predecessor-version":[{"id":28055,"href":"https:\/\/allu.net\/de\/wp-json\/wp\/v2\/pages\/1467\/revisions\/28055"}],"wp:attachment":[{"href":"https:\/\/allu.net\/de\/wp-json\/wp\/v2\/media?parent=1467"}],"curies":[{"name":"wp","href":"https:\/\/api.w.org\/{rel}","templated":true}]}}